{"id":23216,"date":"2024-02-22T11:56:10","date_gmt":"2024-02-22T03:56:10","guid":{"rendered":"https:\/\/harmoor.com\/product\/amelie-23\/"},"modified":"2024-02-22T11:56:10","modified_gmt":"2024-02-22T03:56:10","slug":"amelie-23","status":"publish","type":"product","link":"https:\/\/harmoor.com\/fr\/product\/amelie-23\/","title":{"rendered":"Amelie 23"},"content":{"rendered":"<div class=\"row\">\n<div class=\"col-xl-5 col-lg-5 col-md-6 col-sm-12 col-12\"><img fetchpriority=\"high\" decoding=\"async\" class=\"alignnone size-full wp-image-12104\" src=\"https:\/\/harmoor.com\/wp-content\/uploads\/2024\/02\/chair-amelie-23-3.webp\" alt=\"chaise amelie 11\" width=\"458\" height=\"315\"><\/div>\n<div class=\"col-xl-7 col-lg-7 col-md-6 col-sm-12 col-12\">\n<h2><span style=\"vertical-align: inherit;\"><span style=\"vertical-align: inherit;\">MARQUE<\/span><\/span><\/h2>\n<p>Avec une histoire d&rsquo;entreprise riche qui remonte \u00e0 1998, Harmoor a commenc\u00e9 comme une petite usine de meubles. Nous avons ouvert notre usine au Vietnam en 2018 et sommes devenus l&rsquo;une des plus grandes usines de meubles en plastique au Vietnam. Actuellement, Harmoor est un fabricant et un fournisseur de meubles de table et de chaise avec de nombreux mod\u00e8les de premier plan au Vi\u00eat Nam et dans le monde.<\/p>\n<p><img decoding=\"async\" class=\"mt-4\" src=\"https:\/\/harmoor.com\/wp-content\/uploads\/2023\/07\/single-product.webp\" alt=\"monoproduit\" width=\"190\" height=\"30\"><\/div>\n<\/div>\n<div class=\"row\">\n<div class=\"col-xl-4 col-lg-4 col-md-4 col-sm-12 col-12 mb-4\">\n<h2><span style=\"vertical-align: inherit;\"><span style=\"vertical-align: inherit;\"><span style=\"vertical-align: inherit;\"><span style=\"vertical-align: inherit;\"><span style=\"vertical-align: inherit;\"><span style=\"vertical-align: inherit;\">INFORMATIONS SUR LES PRODUITS<\/span><\/span><\/span><\/span><\/span><\/span><\/h2>\n<ul>\n<li>Nom du produit : Chaise Amelie 23<\/li>\n<li>Mat\u00e9riau : Cadre en acier + plastique PP + rembourrage<\/li>\n<li>Style de design : Italie<\/li>\n<li>Lieu d&rsquo;origin : Vietnam<\/li>\n<\/ul>\n<\/div>\n<div class=\"col-xl-4 col-lg-4 col-md-4 col-sm-12 col-12 mb-4\">\n<h2><span style=\"vertical-align: inherit;\"><span style=\"vertical-align: inherit;\"><span style=\"vertical-align: inherit;\"><span style=\"vertical-align: inherit;\"><span style=\"vertical-align: inherit;\"><span style=\"vertical-align: inherit;\">TAILLE<\/span><\/span><\/span><\/span><\/span><\/span><\/h2>\n<ul>\n<li>Hauteur : 83 cm<\/li>\n<li>Largeur : 43 cm<\/li>\n<li>Profondeur : 53cm<\/li>\n<\/ul>\n<\/div>\n<div class=\"col-xl-4 col-lg-4 col-md-4 col-sm-12 col-12 mb-4\">\n<h2><span style=\"vertical-align: inherit;\"><span style=\"vertical-align: inherit;\"><span style=\"vertical-align: inherit;\"><span style=\"vertical-align: inherit;\"><span style=\"vertical-align: inherit;\"><span style=\"vertical-align: inherit;\">ESPACE UTILISABLE<\/span><\/span><\/span><\/span><\/span><\/span><\/h2>\n<ul>\n<li>Caf\u00e9<\/li>\n<li>Restaurant<\/li>\n<li>Salle \u00e0 manger<\/li>\n<li>Salon&#8230;.<\/li>\n<\/ul>\n<\/div>\n<\/div>\n","protected":false},"excerpt":{"rendered":"<p>La chaise Amelie 23 est un exemple de modernit\u00e9 et de confort, avec un design unique et un rembourrage \u00e9l\u00e9gant. Avec ses lignes douces et son mat\u00e9riau durable, Amelie 23 n&rsquo;est pas seulement un \u00e9l\u00e9ment de mobilier moderne, mais aussi un point focal parfait pour les espaces de vie. La combinaison d&rsquo;un design moderne et d&rsquo;un rembourrage moelleux cr\u00e9e une exp\u00e9rience d&rsquo;assise confortable et relaxante. Amelie 23 est plus qu&rsquo;une simple chaise, c&rsquo;est un chef-d&rsquo;\u0153uvre artistique qui met en valeur la sophistication et le souci du d\u00e9tail dans tous ses aspects.<\/p>\n","protected":false},"featured_media":22632,"comment_status":"open","ping_status":"closed","template":"","meta":[],"product_cat":[1632],"product_tag":[1236,1253,1469,1471],"class_list":{"0":"post-23216","1":"product","2":"type-product","3":"status-publish","4":"has-post-thumbnail","6":"product_brand-amelie-fr","7":"product_cat-amelie-fr","8":"product_tag-chaise-a-cafe","9":"product_tag-chaise-de-restaurant","10":"product_tag-chaise-de-salle-a-manger","11":"product_tag-chaise-de-salon","14":"first","15":"instock","16":"shipping-taxable","17":"product-type-simple"},"_links":{"self":[{"href":"https:\/\/harmoor.com\/fr\/wp-json\/wp\/v2\/product\/23216","targetHints":{"allow":["GET"]}}],"collection":[{"href":"https:\/\/harmoor.com\/fr\/wp-json\/wp\/v2\/product"}],"about":[{"href":"https:\/\/harmoor.com\/fr\/wp-json\/wp\/v2\/types\/product"}],"replies":[{"embeddable":true,"href":"https:\/\/harmoor.com\/fr\/wp-json\/wp\/v2\/comments?post=23216"}],"version-history":[{"count":0,"href":"https:\/\/harmoor.com\/fr\/wp-json\/wp\/v2\/product\/23216\/revisions"}],"wp:featuredmedia":[{"embeddable":true,"href":"https:\/\/harmoor.com\/fr\/wp-json\/wp\/v2\/media\/22632"}],"wp:attachment":[{"href":"https:\/\/harmoor.com\/fr\/wp-json\/wp\/v2\/media?parent=23216"}],"wp:term":[{"taxonomy":"product_cat","embeddable":true,"href":"https:\/\/harmoor.com\/fr\/wp-json\/wp\/v2\/product_cat?post=23216"},{"taxonomy":"product_tag","embeddable":true,"href":"https:\/\/harmoor.com\/fr\/wp-json\/wp\/v2\/product_tag?post=23216"}],"curies":[{"name":"wp","href":"https:\/\/api.w.org\/{rel}","templated":true}]}}