{"id":23208,"date":"2024-02-22T11:14:30","date_gmt":"2024-02-22T03:14:30","guid":{"rendered":"https:\/\/harmoor.com\/product\/newport-3057\/"},"modified":"2024-03-16T09:54:42","modified_gmt":"2024-03-16T01:54:42","slug":"newport-3057","status":"publish","type":"product","link":"https:\/\/harmoor.com\/fr\/product\/newport-3057\/","title":{"rendered":"Newport 3057"},"content":{"rendered":"<div class=\"row\">\n<div class=\"col-xl-5 col-lg-5 col-md-6 col-sm-12 col-12\"><img fetchpriority=\"high\" decoding=\"async\" class=\"alignnone size-full wp-image-12104\" src=\"https:\/\/harmoor.com\/wp-content\/uploads\/2024\/02\/newport-3057-2.webp\" alt=\"tableau lary 21\" width=\"458\" height=\"315\"><\/div>\n<div class=\"col-xl-7 col-lg-7 col-md-6 col-sm-12 col-12\">\n<h2><span style=\"vertical-align: inherit;\"><span style=\"vertical-align: inherit;\">MARQUE<\/span><\/span><\/h2>\n<p>Avec une histoire d&rsquo;entreprise riche qui remonte \u00e0 1998, Harmoor a commenc\u00e9 comme une petite usine de meubles. Nous avons ouvert notre usine au Vietnam en 2018 et sommes devenus l&rsquo;une des plus grandes usines de meubles en plastique au Vietnam. Actuellement, Harmoor est un fabricant et un fournisseur de meubles de table et de chaise avec de nombreux mod\u00e8les de premier plan au Vi\u00eat Nam et dans le monde.<\/p>\n<p><img decoding=\"async\" class=\"mt-4\" src=\"https:\/\/harmoor.com\/wp-content\/uploads\/2023\/07\/single-product.webp\" alt=\"monoproduit\" width=\"190\" height=\"30\"><\/div>\n<\/div>\n<div class=\"row\">\n<div class=\"col-xl-4 col-lg-4 col-md-4 col-sm-12 col-12 mb-4\">\n<h2><span style=\"vertical-align: inherit;\"><span style=\"vertical-align: inherit;\">INFORMATIONS SUR LES PRODUITS<\/span><\/span><\/h2>\n<ul>\n<li>Nom du produit : Table Newport 3057<\/li>\n<li>Plateau de table : <\/li>\n<li>Installation : <\/li>\n<li>Style de conception: Italie<\/li>\n<li>Lieu d&rsquo;origine : Vietnam<\/li>\n<\/ul>\n<\/div>\n<div class=\"col-xl-4 col-lg-4 col-md-4 col-sm-12 col-12 mb-4\">\n<h2><span style=\"vertical-align: inherit;\"><span style=\"vertical-align: inherit;\">TAILLE<\/span><\/span><\/h2>\n<p><strong>Option 1<\/strong><\/p>\n<ul>\n<li>Hauteur : 180 cm<\/li>\n<li>Largeur : 80 cm<\/li>\n<\/ul>\n<p><strong>Option 2<\/strong><\/p>\n<ul>\n<li>Hauteur : 120 cm<\/li>\n<li>Largeur : 80 cm<\/li>\n<\/ul>\n<\/div>\n<div class=\"col-xl-4 col-lg-4 col-md-4 col-sm-12 col-12 mb-4\">\n<h2><span style=\"vertical-align: inherit;\"><span style=\"vertical-align: inherit;\">ESPACE UTILISABLE<\/span><\/span><\/h2>\n<ul>\n<li>Restaurant<\/li>\n<li>Salle \u00e0 manger<\/li>\n<li>Ext\u00e9rieur<\/li>\n<li>&#8230;.<\/li>\n<\/ul>\n<\/div>\n<\/div>\n","protected":false},"excerpt":{"rendered":"<p>La table Newport 3057 est un symbole de modernit\u00e9 et de polyvalence, avec un design unique qui convient aussi bien aux espaces ext\u00e9rieurs qu&rsquo;int\u00e9rieurs. Avec ses lignes \u00e9l\u00e9gantes et ses mat\u00e9riaux r\u00e9sistants aux intemp\u00e9ries, la table n&rsquo;est pas seulement une pi\u00e8ce remarquable pour la d\u00e9coration ext\u00e9rieure, mais aussi un choix parfait pour les espaces de vie contemporains. Le design flexible du Newport 3057 satisfait les pr\u00e9f\u00e9rences esth\u00e9tiques tout en r\u00e9pondant aux divers besoins d&rsquo;utilisation, offrant ainsi une exp\u00e9rience confortable et agr\u00e9able \u00e0 tous.<\/p>\n","protected":false},"featured_media":22605,"comment_status":"open","ping_status":"closed","template":"","meta":[],"product_cat":[2028],"product_tag":[1669,2030,2029],"class_list":{"0":"post-23208","1":"product","2":"type-product","3":"status-publish","4":"has-post-thumbnail","6":"product_brand-newport-fr","7":"product_cat-newport-fr","8":"product_tag-tables-a-manger","9":"product_tag-tables-dexterieur","10":"product_tag-tables-de-restaurant","13":"first","14":"instock","15":"shipping-taxable","16":"product-type-simple"},"_links":{"self":[{"href":"https:\/\/harmoor.com\/fr\/wp-json\/wp\/v2\/product\/23208","targetHints":{"allow":["GET"]}}],"collection":[{"href":"https:\/\/harmoor.com\/fr\/wp-json\/wp\/v2\/product"}],"about":[{"href":"https:\/\/harmoor.com\/fr\/wp-json\/wp\/v2\/types\/product"}],"replies":[{"embeddable":true,"href":"https:\/\/harmoor.com\/fr\/wp-json\/wp\/v2\/comments?post=23208"}],"version-history":[{"count":1,"href":"https:\/\/harmoor.com\/fr\/wp-json\/wp\/v2\/product\/23208\/revisions"}],"predecessor-version":[{"id":23209,"href":"https:\/\/harmoor.com\/fr\/wp-json\/wp\/v2\/product\/23208\/revisions\/23209"}],"wp:featuredmedia":[{"embeddable":true,"href":"https:\/\/harmoor.com\/fr\/wp-json\/wp\/v2\/media\/22605"}],"wp:attachment":[{"href":"https:\/\/harmoor.com\/fr\/wp-json\/wp\/v2\/media?parent=23208"}],"wp:term":[{"taxonomy":"product_cat","embeddable":true,"href":"https:\/\/harmoor.com\/fr\/wp-json\/wp\/v2\/product_cat?post=23208"},{"taxonomy":"product_tag","embeddable":true,"href":"https:\/\/harmoor.com\/fr\/wp-json\/wp\/v2\/product_tag?post=23208"}],"curies":[{"name":"wp","href":"https:\/\/api.w.org\/{rel}","templated":true}]}}