{"id":23203,"date":"2024-02-21T15:37:20","date_gmt":"2024-02-21T07:37:20","guid":{"rendered":"https:\/\/harmoor.com\/product\/newport-3056\/"},"modified":"2024-02-21T15:37:20","modified_gmt":"2024-02-21T07:37:20","slug":"newport-3056","status":"publish","type":"product","link":"https:\/\/harmoor.com\/fr\/product\/newport-3056\/","title":{"rendered":"Newport 3056"},"content":{"rendered":"<div class=\"row\">\n<div class=\"col-xl-5 col-lg-5 col-md-6 col-sm-12 col-12\"><img fetchpriority=\"high\" decoding=\"async\" class=\"alignnone size-full wp-image-12104\" src=\"https:\/\/harmoor.com\/wp-content\/uploads\/2024\/02\/newport-3056-2.webp\" alt=\"tableau lary 21\" width=\"458\" height=\"315\"><\/div>\n<div class=\"col-xl-7 col-lg-7 col-md-6 col-sm-12 col-12\">\n<h2><span style=\"vertical-align: inherit;\"><span style=\"vertical-align: inherit;\">MARQUE<\/span><\/span><\/h2>\n<p>Avec une histoire d&rsquo;entreprise riche qui remonte \u00e0 1998, Harmoor a commenc\u00e9 comme une petite usine de meubles. Nous avons ouvert notre usine au Vietnam en 2018 et sommes devenus l&rsquo;une des plus grandes usines de meubles en plastique au Vietnam. Actuellement, Harmoor est un fabricant et un fournisseur de meubles de table et de chaise avec de nombreux mod\u00e8les de premier plan au Vi\u00eat Nam et dans le monde.<\/p>\n<p><img decoding=\"async\" class=\"mt-4\" src=\"https:\/\/harmoor.com\/wp-content\/uploads\/2023\/07\/single-product.webp\" alt=\"monoproduit\" width=\"190\" height=\"30\"><\/div>\n<\/div>\n<div class=\"row\">\n<div class=\"col-xl-4 col-lg-4 col-md-4 col-sm-12 col-12 mb-4\">\n<h2><span style=\"vertical-align: inherit;\"><span style=\"vertical-align: inherit;\">INFORMATIONS SUR LES PRODUITS<\/span><\/span><\/h2>\n<ul>\n<li>Nom du produit : Table Newport 3056<\/li>\n<li>Plateau de table : PP<\/li>\n<li>Installation: PP<\/li>\n<li>Style de conception: Italie<\/li>\n<li>Lieu d&rsquo;origine : Vietnam<\/li>\n<\/ul>\n<\/div>\n<div class=\"col-xl-4 col-lg-4 col-md-4 col-sm-12 col-12 mb-4\">\n<h2><span style=\"vertical-align: inherit;\"><span style=\"vertical-align: inherit;\">TAILLE<\/span><\/span><\/h2>\n<p><strong>Option 1<\/strong><\/p>\n<ul>\n<li>Hauteur : 180 cm<\/li>\n<li>Largeur : 80 cm<\/li>\n<\/ul>\n<p><strong>Option 2<\/strong><\/p>\n<ul>\n<li>Hauteur : 120 cm<\/li>\n<li>Largeur : 80 cm<\/li>\n<\/ul>\n<\/div>\n<div class=\"col-xl-4 col-lg-4 col-md-4 col-sm-12 col-12 mb-4\">\n<h2><span style=\"vertical-align: inherit;\"><span style=\"vertical-align: inherit;\">ESPACE UTILISABLE<\/span><\/span><\/h2>\n<ul>\n<li>Restaurant<\/li>\n<li>Salle \u00e0 manger<\/li>\n<li>Ext\u00e9rieur<\/li>\n<li>&#8230;.<\/li>\n<\/ul>\n<\/div>\n<\/div>\n","protected":false},"excerpt":{"rendered":"<p>Le bureau Newport 3056 est une ic\u00f4ne de modernit\u00e9 et de sophistication, avec un design unique et un mat\u00e9riau plastique de premi\u00e8re qualit\u00e9. Avec ses lignes \u00e9l\u00e9gantes et contemporaines, le bureau n&rsquo;est pas seulement un meuble, mais aussi un point focal parfait pour les espaces de travail ou de loisirs. Le plastique de haute qualit\u00e9 garantit \u00e0 la fois la durabilit\u00e9 et l&rsquo;esth\u00e9tique, et constitue une solution l\u00e9g\u00e8re et facile \u00e0 entretenir. Newport 3056 n&rsquo;est pas seulement un espace de travail efficace, mais aussi un symbole de style et de classe dans la d\u00e9coration int\u00e9rieure.<\/p>\n","protected":false},"featured_media":22564,"comment_status":"open","ping_status":"closed","template":"","meta":[],"product_cat":[2028],"product_tag":[1669,2030,2029],"class_list":{"0":"post-23203","1":"product","2":"type-product","3":"status-publish","4":"has-post-thumbnail","6":"product_brand-newport-fr","7":"product_cat-newport-fr","8":"product_tag-tables-a-manger","9":"product_tag-tables-dexterieur","10":"product_tag-tables-de-restaurant","13":"first","14":"instock","15":"shipping-taxable","16":"product-type-simple"},"_links":{"self":[{"href":"https:\/\/harmoor.com\/fr\/wp-json\/wp\/v2\/product\/23203","targetHints":{"allow":["GET"]}}],"collection":[{"href":"https:\/\/harmoor.com\/fr\/wp-json\/wp\/v2\/product"}],"about":[{"href":"https:\/\/harmoor.com\/fr\/wp-json\/wp\/v2\/types\/product"}],"replies":[{"embeddable":true,"href":"https:\/\/harmoor.com\/fr\/wp-json\/wp\/v2\/comments?post=23203"}],"version-history":[{"count":0,"href":"https:\/\/harmoor.com\/fr\/wp-json\/wp\/v2\/product\/23203\/revisions"}],"wp:featuredmedia":[{"embeddable":true,"href":"https:\/\/harmoor.com\/fr\/wp-json\/wp\/v2\/media\/22564"}],"wp:attachment":[{"href":"https:\/\/harmoor.com\/fr\/wp-json\/wp\/v2\/media?parent=23203"}],"wp:term":[{"taxonomy":"product_cat","embeddable":true,"href":"https:\/\/harmoor.com\/fr\/wp-json\/wp\/v2\/product_cat?post=23203"},{"taxonomy":"product_tag","embeddable":true,"href":"https:\/\/harmoor.com\/fr\/wp-json\/wp\/v2\/product_tag?post=23203"}],"curies":[{"name":"wp","href":"https:\/\/api.w.org\/{rel}","templated":true}]}}