{"id":23190,"date":"2024-02-21T12:56:11","date_gmt":"2024-02-21T04:56:11","guid":{"rendered":"https:\/\/harmoor.com\/product\/venus-3061\/"},"modified":"2024-02-21T12:56:11","modified_gmt":"2024-02-21T04:56:11","slug":"venus-3061","status":"publish","type":"product","link":"https:\/\/harmoor.com\/fr\/product\/venus-3061\/","title":{"rendered":"Venus 3061"},"content":{"rendered":"<div class=\"row\">\n<div class=\"col-xl-5 col-lg-5 col-md-6 col-sm-12 col-12\"><img fetchpriority=\"high\" decoding=\"async\" class=\"alignnone size-full wp-image-12104\" src=\"https:\/\/harmoor.com\/wp-content\/uploads\/2024\/02\/chair-venus-3061-1.webp\" alt=\"chaise gaia 53\" width=\"458\" height=\"315\"><\/div>\n<div class=\"col-xl-7 col-lg-7 col-md-6 col-sm-12 col-12\">\n<h2><span style=\"vertical-align: inherit;\"><span style=\"vertical-align: inherit;\">MARQUE<\/span><\/span><\/h2>\n<p>Avec une histoire d&rsquo;entreprise riche qui remonte \u00e0 1998, Harmoor a commenc\u00e9 comme une petite usine de meubles. Nous avons ouvert notre usine au Vietnam en 2018 et sommes devenus l&rsquo;une des plus grandes usines de meubles en plastique au Vietnam. Actuellement, Harmoor est un fabricant et un fournisseur de meubles de table et de chaise avec de nombreux mod\u00e8les de premier plan au Vi\u00eat Nam et dans le monde.<\/p>\n<p><img decoding=\"async\" class=\"mt-4\" src=\"https:\/\/harmoor.com\/wp-content\/uploads\/2023\/07\/single-product.webp\" alt=\"monoproduit\" width=\"190\" height=\"30\"><\/div>\n<\/div>\n<div class=\"row\">\n<div class=\"col-xl-4 col-lg-4 col-md-4 col-sm-12 col-12 mb-4\">\n<h2><span style=\"vertical-align: inherit;\"><span style=\"vertical-align: inherit;\">INFORMATIONS SUR LES PRODUITS<\/span><\/span><\/h2>\n<ul>\n<li>Nom du produit : Chaise Venus 3061<\/li>\n<li>Assise et dossier: PP<\/li>\n<li>Cadre: PP<\/li>\n<li>Style de conception: Italie<\/li>\n<li>Lieu d&rsquo;origine : Vietnam<\/li>\n<\/ul>\n<\/div>\n<div class=\"col-xl-4 col-lg-4 col-md-4 col-sm-12 col-12 mb-4\">\n<h2><span style=\"vertical-align: inherit;\"><span style=\"vertical-align: inherit;\">TAILLE<\/span><\/span><\/h2>\n<ul>\n<li>Longueur : 58,6 cm<\/li>\n<li>Largeur : 44,4 cm<\/li>\n<li>Hauteur : 81,2 cm<\/li>\n<li>Hauteur du si\u00e8ge: 45cm<\/li>\n<li>Emballage : 4pcs\/ctn<\/li>\n<li>Poids : 4,24 kg<\/li>\n<\/ul>\n<\/div>\n<div class=\"col-xl-4 col-lg-4 col-md-4 col-sm-12 col-12 mb-4\">\n<h2><span style=\"vertical-align: inherit;\"><span style=\"vertical-align: inherit;\">ESPACE UTILISABLE<\/span><\/span><\/h2>\n<ul>\n<li>Caf\u00e9<\/li>\n<li>Restaurant<\/li>\n<li>Salle \u00e0 manger<\/li>\n<li>Salon&#8230;.<\/li>\n<\/ul>\n<\/div>\n<\/div>\n","protected":false},"excerpt":{"rendered":"<p>La chaise Venus 3061 red\u00e9finit l&rsquo;\u00e9l\u00e9gance et le confort gr\u00e2ce \u00e0 son design unique et \u00e0 sa construction enti\u00e8rement en plastique. Fabriqu\u00e9e avec pr\u00e9cision, cette chaise pr\u00e9sente une esth\u00e9tique \u00e9tonnante caract\u00e9ris\u00e9e par des courbes subtiles et des lignes raffin\u00e9es. Le mat\u00e9riau enti\u00e8rement en plastique contribue non seulement \u00e0 sa beaut\u00e9, mais garantit \u00e9galement sa durabilit\u00e9 et sa facilit\u00e9 d&rsquo;entretien. Le Venus 3061 combine harmonieusement forme et fonction, offrant non seulement une solution d&rsquo;assise, mais aussi une pi\u00e8ce d&rsquo;art pour n&rsquo;importe quel espace. Avec son design de bon go\u00fbt et sa composition r\u00e9sistante, cette chaise est un symbole de sophistication, ce qui en fait un choix id\u00e9al pour ceux qui recherchent \u00e0 la fois du style et de la substance dans leur mobilier.<\/p>\n","protected":false},"featured_media":22522,"comment_status":"open","ping_status":"closed","template":"","meta":[],"product_cat":[2018],"product_tag":[1236,1253,1634,1471],"class_list":{"0":"post-23190","1":"product","2":"type-product","3":"status-publish","4":"has-post-thumbnail","6":"product_brand-venus-fr","7":"product_cat-venus-fr","8":"product_tag-chaise-a-cafe","9":"product_tag-chaise-de-restaurant","10":"product_tag-chaise-de-salle-a-manger-fr","11":"product_tag-chaise-de-salon","14":"first","15":"instock","16":"shipping-taxable","17":"product-type-simple"},"_links":{"self":[{"href":"https:\/\/harmoor.com\/fr\/wp-json\/wp\/v2\/product\/23190","targetHints":{"allow":["GET"]}}],"collection":[{"href":"https:\/\/harmoor.com\/fr\/wp-json\/wp\/v2\/product"}],"about":[{"href":"https:\/\/harmoor.com\/fr\/wp-json\/wp\/v2\/types\/product"}],"replies":[{"embeddable":true,"href":"https:\/\/harmoor.com\/fr\/wp-json\/wp\/v2\/comments?post=23190"}],"version-history":[{"count":0,"href":"https:\/\/harmoor.com\/fr\/wp-json\/wp\/v2\/product\/23190\/revisions"}],"wp:featuredmedia":[{"embeddable":true,"href":"https:\/\/harmoor.com\/fr\/wp-json\/wp\/v2\/media\/22522"}],"wp:attachment":[{"href":"https:\/\/harmoor.com\/fr\/wp-json\/wp\/v2\/media?parent=23190"}],"wp:term":[{"taxonomy":"product_cat","embeddable":true,"href":"https:\/\/harmoor.com\/fr\/wp-json\/wp\/v2\/product_cat?post=23190"},{"taxonomy":"product_tag","embeddable":true,"href":"https:\/\/harmoor.com\/fr\/wp-json\/wp\/v2\/product_tag?post=23190"}],"curies":[{"name":"wp","href":"https:\/\/api.w.org\/{rel}","templated":true}]}}