{"id":23161,"date":"2024-02-21T12:31:13","date_gmt":"2024-02-21T04:31:13","guid":{"rendered":"https:\/\/harmoor.com\/?post_type=product&#038;p=23161"},"modified":"2024-03-14T12:09:04","modified_gmt":"2024-03-14T04:09:04","slug":"venus-3060","status":"publish","type":"product","link":"https:\/\/harmoor.com\/fr\/product\/venus-3060\/","title":{"rendered":"Venus 3060"},"content":{"rendered":"<div class=\"row\">\n<div class=\"col-xl-5 col-lg-5 col-md-6 col-sm-12 col-12\"><img fetchpriority=\"high\" decoding=\"async\" class=\"alignnone size-full wp-image-12104\" src=\"https:\/\/harmoor.com\/wp-content\/uploads\/2024\/02\/chair-venus-3060-1.webp\" alt=\"chaise gaia 53\" width=\"458\" height=\"315\"><\/div>\n<div class=\"col-xl-7 col-lg-7 col-md-6 col-sm-12 col-12\">\n<h2><span style=\"vertical-align: inherit;\"><span style=\"vertical-align: inherit;\">MARQUE<\/span><\/span><\/h2>\n<p>Avec une histoire d&rsquo;entreprise riche qui remonte \u00e0 1998, Harmoor a commenc\u00e9 comme une petite usine de meubles. Nous avons ouvert notre usine au Vietnam en 2018 et sommes devenus l&rsquo;une des plus grandes usines de meubles en plastique au Vietnam. Actuellement, Harmoor est un fabricant et un fournisseur de meubles de table et de chaise avec de nombreux mod\u00e8les de premier plan au Vi\u00eat Nam et dans le monde.<\/p>\n<p><img decoding=\"async\" class=\"mt-4\" src=\"https:\/\/harmoor.com\/wp-content\/uploads\/2023\/07\/single-product.webp\" alt=\"monoproduit\" width=\"190\" height=\"30\"><\/div>\n<\/div>\n<div class=\"row\">\n<div class=\"col-xl-4 col-lg-4 col-md-4 col-sm-12 col-12 mb-4\">\n<h2><span style=\"vertical-align: inherit;\"><span style=\"vertical-align: inherit;\">INFORMATIONS SUR LES PRODUITS<\/span><\/span><\/h2>\n<ul>\n<li>Nom du produit : Chaise Venus 3060<\/li>\n<li>Assise et dossier: PP<\/li>\n<li>Cadre: PP<\/li>\n<li>Style de conception: Italie<\/li>\n<li>Lieu d&rsquo;origine : Vietnam<\/li>\n<\/ul>\n<\/div>\n<div class=\"col-xl-4 col-lg-4 col-md-4 col-sm-12 col-12 mb-4\">\n<h2><span style=\"vertical-align: inherit;\"><span style=\"vertical-align: inherit;\">TAILLE<\/span><\/span><\/h2>\n<ul>\n<li>Hauteur : 81,2 cm<\/li>\n<li>Largeur : 44,4 cm<\/li>\n<li>Profondeur : 58,6 cm<\/li>\n<li>Hauteur du si\u00e8ge: 45cm<\/li>\n<li>Poids : 3,85 kg<\/li>\n<li>Emballage : 4pcs\/ctn<\/li>\n<\/ul>\n<\/div>\n<div class=\"col-xl-4 col-lg-4 col-md-4 col-sm-12 col-12 mb-4\">\n<h2><span style=\"vertical-align: inherit;\"><span style=\"vertical-align: inherit;\">ESPACE UTILISABLE<\/span><\/span><\/h2>\n<ul>\n<li>Caf\u00e9<\/li>\n<li>Restaurant<\/li>\n<li>Salle \u00e0 manger<\/li>\n<li>Bureau&#8230;.<\/li>\n<\/ul>\n<\/div>\n<\/div>\n","protected":false},"excerpt":{"rendered":"<p>La chaise Venus 3060, chef-d&rsquo;\u0153uvre de la technologie moderne, a s\u00e9duit les utilisateurs par son m\u00e9lange parfait de design et de fonctionnalit\u00e9s pratiques. Avec son design moderne et luxueux, la chaise Venus 3060 n&rsquo;est pas seulement un meuble, mais aussi un symbole de confort et de commodit\u00e9.<\/p>\n<p>L&rsquo;une des principales caract\u00e9ristiques de la chaise Venus 3060 est son mat\u00e9riau enti\u00e8rement en plastique de premi\u00e8re qualit\u00e9, qui lui conf\u00e8re durabilit\u00e9 et l\u00e9g\u00e8ret\u00e9 tout en \u00e9tant facile \u00e0 nettoyer et \u00e0 entretenir. Gr\u00e2ce \u00e0 son excellente capacit\u00e9 de charge et \u00e0 sa r\u00e9sistance \u00e0 la pression, cette chaise est non seulement un choix id\u00e9al pour les espaces de travail, mais elle convient \u00e9galement aux espaces artistiques et de divertissement.<\/p>\n<p>La chaise est con\u00e7ue avec des lignes douces et des pieds \u00e9l\u00e9gants, cr\u00e9ant une esth\u00e9tique exquise et moderne. Cela permet non seulement \u00e0 la chaise de s&rsquo;int\u00e9grer parfaitement dans n&rsquo;importe quel espace int\u00e9rieur, mais aussi d&rsquo;offrir confort et espace \u00e0 l&rsquo;utilisateur.<\/p>\n<p>Avec ses caract\u00e9ristiques exceptionnelles et son design sophistiqu\u00e9, la chaise Venus 3060 est non seulement un choix id\u00e9al pour les professionnels, mais aussi un accent parfait pour votre espace de vie.<\/p>\n","protected":false},"featured_media":22495,"comment_status":"open","ping_status":"closed","template":"","meta":[],"product_cat":[2018],"product_tag":[1236,1253,1634,1471],"class_list":{"0":"post-23161","1":"product","2":"type-product","3":"status-publish","4":"has-post-thumbnail","6":"product_brand-venus-fr","7":"product_cat-venus-fr","8":"product_tag-chaise-a-cafe","9":"product_tag-chaise-de-restaurant","10":"product_tag-chaise-de-salle-a-manger-fr","11":"product_tag-chaise-de-salon","14":"first","15":"instock","16":"shipping-taxable","17":"product-type-simple"},"_links":{"self":[{"href":"https:\/\/harmoor.com\/fr\/wp-json\/wp\/v2\/product\/23161","targetHints":{"allow":["GET"]}}],"collection":[{"href":"https:\/\/harmoor.com\/fr\/wp-json\/wp\/v2\/product"}],"about":[{"href":"https:\/\/harmoor.com\/fr\/wp-json\/wp\/v2\/types\/product"}],"replies":[{"embeddable":true,"href":"https:\/\/harmoor.com\/fr\/wp-json\/wp\/v2\/comments?post=23161"}],"version-history":[{"count":6,"href":"https:\/\/harmoor.com\/fr\/wp-json\/wp\/v2\/product\/23161\/revisions"}],"predecessor-version":[{"id":23183,"href":"https:\/\/harmoor.com\/fr\/wp-json\/wp\/v2\/product\/23161\/revisions\/23183"}],"wp:featuredmedia":[{"embeddable":true,"href":"https:\/\/harmoor.com\/fr\/wp-json\/wp\/v2\/media\/22495"}],"wp:attachment":[{"href":"https:\/\/harmoor.com\/fr\/wp-json\/wp\/v2\/media?parent=23161"}],"wp:term":[{"taxonomy":"product_cat","embeddable":true,"href":"https:\/\/harmoor.com\/fr\/wp-json\/wp\/v2\/product_cat?post=23161"},{"taxonomy":"product_tag","embeddable":true,"href":"https:\/\/harmoor.com\/fr\/wp-json\/wp\/v2\/product_tag?post=23161"}],"curies":[{"name":"wp","href":"https:\/\/api.w.org\/{rel}","templated":true}]}}