{"id":20111,"date":"2023-03-22T12:03:06","date_gmt":"2023-03-22T04:03:06","guid":{"rendered":"https:\/\/harmoor.com\/product\/lido-3029\/"},"modified":"2024-05-10T16:26:22","modified_gmt":"2024-05-10T08:26:22","slug":"chaise-lido-3029","status":"publish","type":"product","link":"https:\/\/harmoor.com\/fr\/product\/chaise-lido-3029\/","title":{"rendered":"Niagara 3029"},"content":{"rendered":"<div class=\"row\">\n<div class=\"col-xl-5 col-lg-5 col-md-6 col-sm-12 col-12\"><img fetchpriority=\"high\" decoding=\"async\" class=\"alignnone size-full wp-image-12104\" src=\"https:\/\/harmoor.com\/wp-content\/uploads\/2023\/03\/chair-lido-3039.webp\" alt=\"chaise lido 3029\" width=\"458\" height=\"315\"><\/div>\n<div class=\"col-xl-7 col-lg-7 col-md-6 col-sm-12 col-12\">\n<h2><span style=\"vertical-align: inherit;\"><span style=\"vertical-align: inherit;\">MARQUE<\/span><\/span><\/h2>\n<p>Avec une histoire d&rsquo;entreprise riche qui remonte \u00e0 1998, Harmoor a commenc\u00e9 comme une petite usine de meubles. Nous avons ouvert notre usine au Vietnam en 2018 et sommes devenus l&rsquo;une des plus grandes usines de meubles en plastique au Vietnam. Actuellement, Harmoor est un fabricant et un fournisseur de meubles de table et de chaise avec de nombreux mod\u00e8les de premier plan au Vi\u00eat Nam et dans le monde.<\/p>\n<p><img decoding=\"async\" class=\"mt-4\" src=\"https:\/\/harmoor.com\/wp-content\/uploads\/2023\/07\/single-product.webp\" alt=\"monoproduit\" width=\"190\" height=\"30\"><\/p>\n<\/div>\n<\/div>\n<div class=\"row\">\n<div class=\"col-xl-4 col-lg-4 col-md-4 col-sm-12 col-12 mb-4\">\n<h2><span style=\"vertical-align: inherit;\"><span style=\"vertical-align: inherit;\">INFORMATIONS SUR LES PRODUITS<\/span><\/span><\/h2>\n<ul>\n<li>Nom du produit : Chaise Niagara 3029<\/li>\n<li>Si\u00e8ge et dossier: PP<\/li>\n<li>Style de conception: Italie<\/li>\n<li>Lieu d&rsquo;origine : Vietnam<\/li>\n<\/ul>\n<\/div>\n<div class=\"col-xl-4 col-lg-4 col-md-4 col-sm-12 col-12 mb-4\">\n<h2><span style=\"vertical-align: inherit;\"><span style=\"vertical-align: inherit;\">TAILLE<\/span><\/span><\/h2>\n<ul>\n<li>Largeur: 40 cm<\/li>\n<li>Hauteur du si\u00e8ge: 44 cm<\/li>\n<li>Hauteur: 66 cm<\/li>\n<li>Profondeur: 45 cm<\/li>\n<\/ul>\n<\/div>\n<div class=\"col-xl-4 col-lg-4 col-md-4 col-sm-12 col-12 mb-4\">\n<h2><span style=\"vertical-align: inherit;\"><span style=\"vertical-align: inherit;\">ESPACE UTILISABLE<\/span><\/span><\/h2>\n<ul>\n<li>Caf\u00e9<\/li>\n<li>Restaurant<\/li>\n<li>Jardin<\/li>\n<li>Barre<\/li>\n<\/ul>\n<\/div>\n<\/div>\n","protected":false},"excerpt":{"rendered":"<p>La chaise Niagara 3029 est con\u00e7ue dans un style jeune et moderne, elle convient donc \u00e0 de nombreux espaces d&rsquo;am\u00e9nagement diff\u00e9rents. La chaise est fabriqu\u00e9e en plastique PP moul\u00e9 de haute qualit\u00e9 afin d&rsquo;assurer une grande durabilit\u00e9 et s\u00e9curit\u00e9 pour les occupants. En outre, le si\u00e8ge est con\u00e7u avec des courbes douces et des trous d&rsquo;a\u00e9ration pour aider les personnes \u00e0 s&rsquo;asseoir confortablement pendant de longues p\u00e9riodes. En particulier, la chaise est con\u00e7ue de mani\u00e8re tr\u00e8s intelligente, les pieds de la chaise peuvent \u00eatre d\u00e9mont\u00e9s de sorte qu&rsquo;en retirant la chaise d&rsquo;une hauteur de 45 cm, elle peut s&rsquo;asseoir avec une table \u00e0 manger et une table basse de 75 cm de haut. Lorsque les pieds de la barre sont fix\u00e9s, la chaise d&rsquo;une hauteur de 75 cm peut s&rsquo;asseoir sur la barre. On peut donc consid\u00e9rer qu&rsquo;il s&rsquo;agit d&rsquo;une chaise intelligente 2 en 1 qui contribue \u00e0 accro\u00eetre la polyvalence et la commodit\u00e9 du produit.<\/p>\n","protected":false},"featured_media":18244,"comment_status":"open","ping_status":"closed","template":"","meta":[],"product_cat":[2122],"product_tag":[1236,1584,1237,1585,1253],"class_list":{"0":"post-20111","1":"product","2":"type-product","3":"status-publish","4":"has-post-thumbnail","6":"product_brand-niagara-fr","7":"product_cat-niagara-fr","8":"product_tag-chaise-a-cafe","9":"product_tag-chaise-dexterieur","10":"product_tag-chaise-de-bar","11":"product_tag-chaise-de-jardin","12":"product_tag-chaise-de-restaurant","15":"first","16":"instock","17":"shipping-taxable","18":"product-type-simple"},"_links":{"self":[{"href":"https:\/\/harmoor.com\/fr\/wp-json\/wp\/v2\/product\/20111","targetHints":{"allow":["GET"]}}],"collection":[{"href":"https:\/\/harmoor.com\/fr\/wp-json\/wp\/v2\/product"}],"about":[{"href":"https:\/\/harmoor.com\/fr\/wp-json\/wp\/v2\/types\/product"}],"replies":[{"embeddable":true,"href":"https:\/\/harmoor.com\/fr\/wp-json\/wp\/v2\/comments?post=20111"}],"version-history":[{"count":1,"href":"https:\/\/harmoor.com\/fr\/wp-json\/wp\/v2\/product\/20111\/revisions"}],"predecessor-version":[{"id":23603,"href":"https:\/\/harmoor.com\/fr\/wp-json\/wp\/v2\/product\/20111\/revisions\/23603"}],"wp:featuredmedia":[{"embeddable":true,"href":"https:\/\/harmoor.com\/fr\/wp-json\/wp\/v2\/media\/18244"}],"wp:attachment":[{"href":"https:\/\/harmoor.com\/fr\/wp-json\/wp\/v2\/media?parent=20111"}],"wp:term":[{"taxonomy":"product_cat","embeddable":true,"href":"https:\/\/harmoor.com\/fr\/wp-json\/wp\/v2\/product_cat?post=20111"},{"taxonomy":"product_tag","embeddable":true,"href":"https:\/\/harmoor.com\/fr\/wp-json\/wp\/v2\/product_tag?post=20111"}],"curies":[{"name":"wp","href":"https:\/\/api.w.org\/{rel}","templated":true}]}}