{"id":19810,"date":"2022-04-26T15:41:22","date_gmt":"2022-04-26T07:41:22","guid":{"rendered":"https:\/\/harmoor.com\/product\/gaia-61\/"},"modified":"2023-11-22T14:11:54","modified_gmt":"2023-11-22T06:11:54","slug":"gaia-61","status":"publish","type":"product","link":"https:\/\/harmoor.com\/fr\/product\/gaia-61\/","title":{"rendered":"gaia 61"},"content":{"rendered":"<div class=\"row\">\n<div class=\"col-xl-5 col-lg-5 col-md-6 col-sm-12 col-12\"><img fetchpriority=\"high\" decoding=\"async\" class=\"alignnone size-full wp-image-12104\" src=\"https:\/\/harmoor.com\/wp-content\/uploads\/2023\/06\/Chair-Gaia.webp\" alt=\"chaise gaia 61\" width=\"458\" height=\"315\" \/><\/div>\n<div class=\"col-xl-7 col-lg-7 col-md-6 col-sm-12 col-12\">\n<h2><span style=\"vertical-align: inherit;\"><span style=\"vertical-align: inherit;\">MARQUE<\/span><\/span><\/h2>\n<p>Avec une histoire d&rsquo;entreprise riche qui remonte \u00e0 1998, Harmoor a commenc\u00e9 comme une petite usine de meubles. Nous avons ouvert notre usine au Vietnam en 2018 et sommes devenus l&rsquo;une des plus grandes usines de meubles en plastique au Vietnam. Actuellement, Harmoor est un fabricant et un fournisseur de meubles de table et de chaise avec de nombreux mod\u00e8les de premier plan au Vi\u00eat Nam et dans le monde.<\/p>\n<p><img decoding=\"async\" class=\"mt-4\" src=\"https:\/\/harmoor.com\/wp-content\/uploads\/2023\/07\/single-product.webp\" alt=\"monoproduit\" width=\"190\" height=\"30\" \/><\/div>\n<\/div>\n<div class=\"row\">\n<div class=\"col-xl-4 col-lg-4 col-md-4 col-sm-12 col-12 mb-4\">\n<h2><span style=\"vertical-align: inherit;\"><span style=\"vertical-align: inherit;\">INFORMATIONS SUR LES PRODUITS<\/span><\/span><\/h2>\n<ul>\n<li>Nom du produit : Chaise Gaia 61<\/li>\n<li>Mat\u00e9riau : Enti\u00e8rement en PP<\/li>\n<li>Style de conception: Italie<\/li>\n<li>Lieu d&rsquo;origine : Vietnam<\/li>\n<\/ul>\n<\/div>\n<div class=\"col-xl-4 col-lg-4 col-md-4 col-sm-12 col-12 mb-4\">\n<h2><span style=\"vertical-align: inherit;\"><span style=\"vertical-align: inherit;\">TAILLE<\/span><\/span><\/h2>\n<ul>\n<li>Hauteur: 80 cm<\/li>\n<li>Largeur: 46 cm<\/li>\n<li>Profondeur: 46cm<\/li>\n<li>Hauteur du si\u00e8ge: 45cm<\/li>\n<li>Poids: 5.0Kg<\/li>\n<\/ul>\n<\/div>\n<div class=\"col-xl-4 col-lg-4 col-md-4 col-sm-12 col-12 mb-4\">\n<h2><span style=\"vertical-align: inherit;\"><span style=\"vertical-align: inherit;\">ESPACE UTILISABLE<\/span><\/span><\/h2>\n<ul>\n<li>Caf\u00e9<\/li>\n<li>Restaurant<\/li>\n<li>Salle \u00e0 manger<\/li>\n<li>&#8230;.<\/li>\n<\/ul>\n<\/div>\n<\/div>\n","protected":false},"excerpt":{"rendered":"<p>D\u00e9couvrez le confort et le style ultimes avec la chaise Gaia 61! Cette chaise est con\u00e7ue avec un \u00e9quilibre parfait entre fonctionnalit\u00e9 et esth\u00e9tique, ce qui en fait un choix id\u00e9al pour n&rsquo;importe quel espace. La chaise Gaia 61 pr\u00e9sente un design ergonomique qui offre un excellent soutien et un grand confort. L&rsquo;assise et le dossier profil\u00e9s offrent une position d&rsquo;assise optimale, ce qui vous permet de rester assis pendant de longues p\u00e9riodes sans ressentir d&rsquo;inconfort. Que vous travailliez, que vous preniez vos repas ou que vous vous d\u00e9tendiez simplement, cette chaise vous assure une exp\u00e9rience agr\u00e9able. Avec son design \u00e9pur\u00e9 et moderne, la chaise Gaia 61 compl\u00e8te sans effort n&rsquo;importe quel espace. Qu&rsquo;il s&rsquo;agisse d&rsquo;une salle \u00e0 manger, d&rsquo;un bureau ou d&rsquo;un patio ext\u00e9rieur, cette chaise apporte une touche de sophistication et d&rsquo;\u00e9l\u00e9gance. Choisissez parmi une gamme de couleurs vibrantes pour vous adapter \u00e0 votre d\u00e9cor existant ou pour cr\u00e9er une pi\u00e8ce qui se d\u00e9marque.<\/p>\n","protected":false},"featured_media":19641,"comment_status":"open","ping_status":"closed","template":"","meta":[],"product_cat":[1646],"product_tag":[1236,1469],"class_list":{"0":"post-19810","1":"product","2":"type-product","3":"status-publish","4":"has-post-thumbnail","6":"product_brand-gaia-fr","7":"product_cat-gaia-11","8":"product_tag-chaise-a-cafe","9":"product_tag-chaise-de-salle-a-manger","12":"first","13":"instock","14":"shipping-taxable","15":"product-type-simple"},"_links":{"self":[{"href":"https:\/\/harmoor.com\/fr\/wp-json\/wp\/v2\/product\/19810","targetHints":{"allow":["GET"]}}],"collection":[{"href":"https:\/\/harmoor.com\/fr\/wp-json\/wp\/v2\/product"}],"about":[{"href":"https:\/\/harmoor.com\/fr\/wp-json\/wp\/v2\/types\/product"}],"replies":[{"embeddable":true,"href":"https:\/\/harmoor.com\/fr\/wp-json\/wp\/v2\/comments?post=19810"}],"version-history":[{"count":0,"href":"https:\/\/harmoor.com\/fr\/wp-json\/wp\/v2\/product\/19810\/revisions"}],"wp:featuredmedia":[{"embeddable":true,"href":"https:\/\/harmoor.com\/fr\/wp-json\/wp\/v2\/media\/19641"}],"wp:attachment":[{"href":"https:\/\/harmoor.com\/fr\/wp-json\/wp\/v2\/media?parent=19810"}],"wp:term":[{"taxonomy":"product_cat","embeddable":true,"href":"https:\/\/harmoor.com\/fr\/wp-json\/wp\/v2\/product_cat?post=19810"},{"taxonomy":"product_tag","embeddable":true,"href":"https:\/\/harmoor.com\/fr\/wp-json\/wp\/v2\/product_tag?post=19810"}],"curies":[{"name":"wp","href":"https:\/\/api.w.org\/{rel}","templated":true}]}}