{"id":19633,"date":"2022-04-26T15:41:24","date_gmt":"2022-04-26T07:41:24","guid":{"rendered":"https:\/\/harmoor.com\/product\/gaia-21\/"},"modified":"2023-11-22T12:38:35","modified_gmt":"2023-11-22T04:38:35","slug":"gaia-21","status":"publish","type":"product","link":"https:\/\/harmoor.com\/fr\/product\/gaia-21\/","title":{"rendered":"gaia 21"},"content":{"rendered":"<div class=\"row\">\n<div class=\"col-xl-5 col-lg-5 col-md-6 col-sm-12 col-12\"><img fetchpriority=\"high\" decoding=\"async\" class=\"alignnone size-full wp-image-12104\" src=\"https:\/\/harmoor.com\/wp-content\/uploads\/2022\/04\/chair-gaia-21-1.webp\" alt=\"chaise gaia 21\" width=\"458\" height=\"315\" \/><\/div>\n<div class=\"col-xl-7 col-lg-7 col-md-6 col-sm-12 col-12\">\n<h2><span style=\"vertical-align: inherit;\"><span style=\"vertical-align: inherit;\">MARQUE<\/span><\/span><\/h2>\n<p>Avec une histoire d&rsquo;entreprise riche qui remonte \u00e0 1998, Harmoor a commenc\u00e9 comme une petite usine de meubles. Nous avons ouvert notre usine au Vietnam en 2018 et sommes devenus l&rsquo;une des plus grandes usines de meubles en plastique au Vietnam. Actuellement, Harmoor est un fabricant et un fournisseur de meubles de table et de chaise avec de nombreux mod\u00e8les de premier plan au Vi\u00eat Nam et dans le monde.<\/p>\n<p><img decoding=\"async\" class=\"mt-4\" src=\"https:\/\/harmoor.com\/wp-content\/uploads\/2023\/07\/single-product.webp\" alt=\"monoproduit\" width=\"190\" height=\"30\" \/><\/div>\n<\/div>\n<div class=\"row\">\n<div class=\"col-xl-4 col-lg-4 col-md-4 col-sm-12 col-12 mb-4\">\n<h2><span style=\"vertical-align: inherit;\"><span style=\"vertical-align: inherit;\">INFORMATIONS SUR LES PRODUITS<\/span><\/span><\/h2>\n<ul>\n<li>Nom du produit : Chaise Gaia 21<\/li>\n<li>Cadre: Acier chrom\u00e9<\/li>\n<li>Style de conception: Italie<\/li>\n<\/ul>\n<\/div>\n<div class=\"col-xl-4 col-lg-4 col-md-4 col-sm-12 col-12 mb-4\">\n<h2><span style=\"vertical-align: inherit;\"><span style=\"vertical-align: inherit;\">TAILLE<\/span><\/span><\/h2>\n<ul>\n<li>Hauteur: 80 cm<\/li>\n<li>Largeur: 46 cm<\/li>\n<li>Profondeur: 46cm<\/li>\n<li>Hauteur du si\u00e8ge: 45cm<\/li>\n<li>Poids: 4,5 kg<\/li>\n<\/ul>\n<\/div>\n<div class=\"col-xl-4 col-lg-4 col-md-4 col-sm-12 col-12 mb-4\">\n<h2><span style=\"vertical-align: inherit;\"><span style=\"vertical-align: inherit;\">ESPACE UTILISABLE<\/span><\/span><\/h2>\n<ul>\n<li>Caf\u00e9<\/li>\n<li>Restaurant<\/li>\n<li>Salle \u00e0 manger<\/li>\n<li>&#8230;.<\/li>\n<\/ul>\n<\/div>\n<\/div>\n","protected":false},"excerpt":{"rendered":"<p>La chaise Gaia 21 conf\u00e8re une atmosph\u00e8re fra\u00eeche et moderne aux salles \u00e0 manger et aux restaurants. C&rsquo;est le souhait et la demande des entreprises et des familles d&rsquo;am\u00e9liorer leur cadre de vie et de favoriser les liens entre les personnes. C&rsquo;est pourquoi la chaise Gaia 21 chez Harmoor suscite beaucoup d&rsquo;attention et d&rsquo;int\u00e9r\u00eat de la part des utilisateurs. La chaise haut de gamme Gaia 21 est con\u00e7ue avec \u00e9l\u00e9gance et jeunesse, et offre une vari\u00e9t\u00e9 de couleurs parmi lesquelles les clients peuvent choisir. Des options de couleurs personnalis\u00e9es sont \u00e9galement disponibles sur demande. L&rsquo;assise large de la chaise est l\u00e9g\u00e8rement inclin\u00e9e vers l&rsquo;arri\u00e8re et incurv\u00e9e afin d&rsquo;envelopper le dos de la personne assise, \u00e9vitant ainsi la fatigue et les douleurs dorsales pendant les longues p\u00e9riodes d&rsquo;assise.<\/p>\n","protected":false},"featured_media":19504,"comment_status":"open","ping_status":"closed","template":"","meta":[],"product_cat":[1646],"product_tag":[1236,1253,1469],"class_list":{"0":"post-19633","1":"product","2":"type-product","3":"status-publish","4":"has-post-thumbnail","6":"product_brand-gaia-fr","7":"product_cat-gaia-11","8":"product_tag-chaise-a-cafe","9":"product_tag-chaise-de-restaurant","10":"product_tag-chaise-de-salle-a-manger","13":"first","14":"instock","15":"shipping-taxable","16":"product-type-simple"},"_links":{"self":[{"href":"https:\/\/harmoor.com\/fr\/wp-json\/wp\/v2\/product\/19633","targetHints":{"allow":["GET"]}}],"collection":[{"href":"https:\/\/harmoor.com\/fr\/wp-json\/wp\/v2\/product"}],"about":[{"href":"https:\/\/harmoor.com\/fr\/wp-json\/wp\/v2\/types\/product"}],"replies":[{"embeddable":true,"href":"https:\/\/harmoor.com\/fr\/wp-json\/wp\/v2\/comments?post=19633"}],"version-history":[{"count":0,"href":"https:\/\/harmoor.com\/fr\/wp-json\/wp\/v2\/product\/19633\/revisions"}],"wp:featuredmedia":[{"embeddable":true,"href":"https:\/\/harmoor.com\/fr\/wp-json\/wp\/v2\/media\/19504"}],"wp:attachment":[{"href":"https:\/\/harmoor.com\/fr\/wp-json\/wp\/v2\/media?parent=19633"}],"wp:term":[{"taxonomy":"product_cat","embeddable":true,"href":"https:\/\/harmoor.com\/fr\/wp-json\/wp\/v2\/product_cat?post=19633"},{"taxonomy":"product_tag","embeddable":true,"href":"https:\/\/harmoor.com\/fr\/wp-json\/wp\/v2\/product_tag?post=19633"}],"curies":[{"name":"wp","href":"https:\/\/api.w.org\/{rel}","templated":true}]}}