{"id":19495,"date":"2022-04-26T15:41:23","date_gmt":"2022-04-26T07:41:23","guid":{"rendered":"https:\/\/harmoor.com\/product\/lary-11\/"},"modified":"2023-11-22T14:11:45","modified_gmt":"2023-11-22T06:11:45","slug":"lary-11","status":"publish","type":"product","link":"https:\/\/harmoor.com\/fr\/product\/lary-11\/","title":{"rendered":"lary 11"},"content":{"rendered":"<div class=\"row\">\n<div class=\"col-xl-5 col-lg-5 col-md-6 col-sm-12 col-12\"><img fetchpriority=\"high\" decoding=\"async\" class=\"alignnone size-full wp-image-12104\" src=\"https:\/\/harmoor.com\/wp-content\/uploads\/2022\/04\/chair-lary-11-2.webp\" alt=\"chaise lary 11\" width=\"458\" height=\"315\" \/><\/div>\n<div class=\"col-xl-7 col-lg-7 col-md-6 col-sm-12 col-12\">\n<h2><span style=\"vertical-align: inherit;\"><span style=\"vertical-align: inherit;\">MARQUE<\/span><\/span><\/h2>\n<p>Avec une histoire d&rsquo;entreprise riche qui remonte \u00e0 1998, Harmoor a commenc\u00e9 comme une petite usine de meubles. Nous avons ouvert notre usine au Vietnam en 2018 et sommes devenus l&rsquo;une des plus grandes usines de meubles en plastique au Vietnam. Actuellement, Harmoor est un fabricant et un fournisseur de meubles de table et de chaise avec de nombreux mod\u00e8les de premier plan au Vi\u00eat Nam et dans le monde.<\/p>\n<p><img decoding=\"async\" class=\"mt-4\" src=\"https:\/\/harmoor.com\/wp-content\/uploads\/2023\/07\/single-product.webp\" alt=\"monoproduit\" width=\"190\" height=\"30\" \/><\/div>\n<\/div>\n<div class=\"row\">\n<div class=\"col-xl-4 col-lg-4 col-md-4 col-sm-12 col-12 mb-4\">\n<h2><span style=\"vertical-align: inherit;\"><span style=\"vertical-align: inherit;\">INFORMATIONS SUR LES PRODUITS<\/span><\/span><\/h2>\n<ul>\n<li>Nom du produit : Chaise Lary 11<\/li>\n<li>Chaise: Tissu<\/li>\n<li>Mat\u00e9riau: PP<\/li>\n<li>Style de conception: Italie<\/li>\n<\/ul>\n<\/div>\n<div class=\"col-xl-4 col-lg-4 col-md-4 col-sm-12 col-12 mb-4\">\n<h2><span style=\"vertical-align: inherit;\"><span style=\"vertical-align: inherit;\">TAILLE<\/span><\/span><\/h2>\n<ul>\n<li>Hauteur: 44 cm<\/li>\n<li>Largeur: 42 cm<\/li>\n<li>Profondeur: 42cm<\/li>\n<li>Hauteur du si\u00e8ge: 44cm<\/li>\n<li>Poids: 3,5 kg<\/li>\n<\/ul>\n<\/div>\n<div class=\"col-xl-4 col-lg-4 col-md-4 col-sm-12 col-12 mb-4\">\n<h2><span style=\"vertical-align: inherit;\"><span style=\"vertical-align: inherit;\">ESPACE UTILISABLE<\/span><\/span><\/h2>\n<ul>\n<li>Caf\u00e9<\/li>\n<li>Salon<\/li>\n<li>Chambre \u00e0 coucher<\/li>\n<li>&#8230;.<\/li>\n<\/ul>\n<\/div>\n<\/div>\n","protected":false},"excerpt":{"rendered":"<p>La chaise Lary 11 est un produit moderne et pratique, offrant une exp\u00e9rience d&rsquo;assise confortable et agr\u00e9able. L&rsquo;assise de la chaise est recouverte de tissu, offrant une sensation de confort et de douceur aux utilisateurs. Le principal mat\u00e9riau utilis\u00e9 pour la chaise Lary 11 est le PP (polypropyl\u00e8ne), ce qui garantit la durabilit\u00e9 et la robustesse du produit. Le PP est \u00e9galement un mat\u00e9riau facile \u00e0 nettoyer et r\u00e9sistant \u00e0 la salet\u00e9, ce qui permet \u00e0 la chaise de rester propre et facile \u00e0 entretenir. Avec son design simple et sophistiqu\u00e9, la chaise Lary 11 convient \u00e0 de nombreux espaces, qu&rsquo;il s&rsquo;agisse de caf\u00e9s, de chambres \u00e0 coucher, de dressings ou de salons. La combinaison de l&rsquo;assise recouverte de tissu et du mat\u00e9riau PP conf\u00e8re \u00e0 la chaise un aspect attrayant et contemporain.<\/p>\n","protected":false},"featured_media":18543,"comment_status":"open","ping_status":"closed","template":"","meta":[],"product_cat":[1656],"product_tag":[1471,1657,1470],"class_list":{"0":"post-19495","1":"product","2":"type-product","3":"status-publish","4":"has-post-thumbnail","6":"product_brand-lary-fr","7":"product_cat-lary-fr","8":"product_tag-chaise-de-salon","9":"product_tag-chaises-de-chambre","10":"product_tag-office-chair","13":"first","14":"instock","15":"shipping-taxable","16":"product-type-simple"},"_links":{"self":[{"href":"https:\/\/harmoor.com\/fr\/wp-json\/wp\/v2\/product\/19495","targetHints":{"allow":["GET"]}}],"collection":[{"href":"https:\/\/harmoor.com\/fr\/wp-json\/wp\/v2\/product"}],"about":[{"href":"https:\/\/harmoor.com\/fr\/wp-json\/wp\/v2\/types\/product"}],"replies":[{"embeddable":true,"href":"https:\/\/harmoor.com\/fr\/wp-json\/wp\/v2\/comments?post=19495"}],"version-history":[{"count":0,"href":"https:\/\/harmoor.com\/fr\/wp-json\/wp\/v2\/product\/19495\/revisions"}],"wp:featuredmedia":[{"embeddable":true,"href":"https:\/\/harmoor.com\/fr\/wp-json\/wp\/v2\/media\/18543"}],"wp:attachment":[{"href":"https:\/\/harmoor.com\/fr\/wp-json\/wp\/v2\/media?parent=19495"}],"wp:term":[{"taxonomy":"product_cat","embeddable":true,"href":"https:\/\/harmoor.com\/fr\/wp-json\/wp\/v2\/product_cat?post=19495"},{"taxonomy":"product_tag","embeddable":true,"href":"https:\/\/harmoor.com\/fr\/wp-json\/wp\/v2\/product_tag?post=19495"}],"curies":[{"name":"wp","href":"https:\/\/api.w.org\/{rel}","templated":true}]}}