{"id":19490,"date":"2022-04-26T15:41:23","date_gmt":"2022-04-26T07:41:23","guid":{"rendered":"https:\/\/harmoor.com\/product\/gaia-82\/"},"modified":"2024-03-04T18:08:27","modified_gmt":"2024-03-04T10:08:27","slug":"gaia-82","status":"publish","type":"product","link":"https:\/\/harmoor.com\/fr\/product\/gaia-82\/","title":{"rendered":"gaia 82"},"content":{"rendered":"<div class=\"row\">\n<div class=\"col-xl-5 col-lg-5 col-md-6 col-sm-12 col-12\"><img fetchpriority=\"high\" decoding=\"async\" class=\"alignnone size-full wp-image-12104\" src=\"https:\/\/harmoor.com\/wp-content\/uploads\/2022\/04\/chair-gaia-82-5.webp\" alt=\"chaise gaia 82\" width=\"458\" height=\"315\"><\/div>\n<div class=\"col-xl-7 col-lg-7 col-md-6 col-sm-12 col-12\">\n<h2><span style=\"vertical-align: inherit;\"><span style=\"vertical-align: inherit;\">MARQUE<\/span><\/span><\/h2>\n<p>Avec une histoire d&rsquo;entreprise riche qui remonte \u00e0 1998, Harmoor a commenc\u00e9 comme une petite usine de meubles. Nous avons ouvert notre usine au Vietnam en 2018 et sommes devenus l&rsquo;une des plus grandes usines de meubles en plastique au Vietnam. Actuellement, Harmoor est un fabricant et un fournisseur de meubles de table et de chaise avec de nombreux mod\u00e8les de premier plan au Vi\u00eat Nam et dans le monde.<\/p>\n<p><img decoding=\"async\" class=\"mt-4\" src=\"https:\/\/harmoor.com\/wp-content\/uploads\/2023\/07\/single-product.webp\" alt=\"monoproduit\" width=\"190\" height=\"30\"><\/div>\n<\/div>\n<div class=\"row\">\n<div class=\"col-xl-4 col-lg-4 col-md-4 col-sm-12 col-12 mb-4\">\n<h2><span style=\"vertical-align: inherit;\"><span style=\"vertical-align: inherit;\">INFORMATIONS SUR LES PRODUITS<\/span><\/span><\/h2>\n<ul>\n<li>Nom du produit : Chaise Gaia 82<\/li>\n<li>Assise: tissu PP<\/li>\n<li>Dos du coussin: PP<\/li>\n<li>Cadre: Aluminium<\/li>\n<li>Style de conception: Italie<\/li>\n<\/ul>\n<\/div>\n<div class=\"col-xl-4 col-lg-4 col-md-4 col-sm-12 col-12 mb-4\">\n<h2><span style=\"vertical-align: inherit;\"><span style=\"vertical-align: inherit;\">TAILLE<\/span><\/span><\/h2>\n<ul>\n<li>Hauteur: 80 cm<\/li>\n<li>Largeur: 46 cm<\/li>\n<li>Profondeur: 46cm<\/li>\n<li>Hauteur du si\u00e8ge: 45cm<\/li>\n<li>Poids: 5.0Kg<\/li>\n<\/ul>\n<\/div>\n<div class=\"col-xl-4 col-lg-4 col-md-4 col-sm-12 col-12 mb-4\">\n<h2><span style=\"vertical-align: inherit;\"><span style=\"vertical-align: inherit;\">ESPACE UTILISABLE<\/span><\/span><\/h2>\n<ul>\n<li>Salle de r\u00e9union<\/li>\n<li>Salon<\/li>\n<li>Salle \u00e0 manger<\/li>\n<li>Bureau<\/li>\n<li>&#8230;.<\/li>\n<\/ul>\n<\/div>\n<\/div>\n","protected":false},"excerpt":{"rendered":"<p>La chaise Gaia 82 est un produit polyvalent et \u00e9l\u00e9gant con\u00e7u pour am\u00e9liorer votre exp\u00e9rience d&rsquo;assise. Gr\u00e2ce \u00e0 une combinaison de tissu et de PP (polypropyl\u00e8ne), l&rsquo;assise de la chaise Gaia 82 offre une surface de soutien confortable. Le dossier de la chaise est \u00e9galement en PP, ce qui apporte un soutien suppl\u00e9mentaire et garantit une bonne posture lors d&rsquo;une assise prolong\u00e9e. L&rsquo;utilisation de PP pour l&rsquo;assise et le dossier rend la chaise Gaia 82 durable et facile \u00e0 nettoyer. Le ch\u00e2ssis de la chaise est construit en aluminium l\u00e9ger et robuste, ce qui ajoute de la force et de la stabilit\u00e9 \u00e0 l&rsquo;ensemble du design. Le ch\u00e2ssis en aluminium garantit non seulement la durabilit\u00e9, mais facilite \u00e9galement le d\u00e9placement et le transport de la chaise Gaia 82. La chaise Gaia 82 est un choix parfait pour divers environnements, qu&rsquo;il s&rsquo;agisse d&rsquo;un bureau moderne. Sa combinaison de tissu, de PP et d&rsquo;aluminium cr\u00e9e un look contemporain et \u00e9l\u00e9gant qui s&rsquo;int\u00e9grera dans n&rsquo;importe quel espace.<\/p>\n","protected":false},"featured_media":18631,"comment_status":"open","ping_status":"closed","template":"","meta":[],"product_cat":[1646],"product_tag":[1469,1471,1650,1470],"class_list":{"0":"post-19490","1":"product","2":"type-product","3":"status-publish","4":"has-post-thumbnail","6":"product_brand-gaia-fr","7":"product_cat-gaia-11","8":"product_tag-chaise-de-salle-a-manger","9":"product_tag-chaise-de-salon","10":"product_tag-chaises-de-salle-de-reunion","11":"product_tag-office-chair","14":"first","15":"instock","16":"shipping-taxable","17":"product-type-simple"},"_links":{"self":[{"href":"https:\/\/harmoor.com\/fr\/wp-json\/wp\/v2\/product\/19490","targetHints":{"allow":["GET"]}}],"collection":[{"href":"https:\/\/harmoor.com\/fr\/wp-json\/wp\/v2\/product"}],"about":[{"href":"https:\/\/harmoor.com\/fr\/wp-json\/wp\/v2\/types\/product"}],"replies":[{"embeddable":true,"href":"https:\/\/harmoor.com\/fr\/wp-json\/wp\/v2\/comments?post=19490"}],"version-history":[{"count":0,"href":"https:\/\/harmoor.com\/fr\/wp-json\/wp\/v2\/product\/19490\/revisions"}],"wp:featuredmedia":[{"embeddable":true,"href":"https:\/\/harmoor.com\/fr\/wp-json\/wp\/v2\/media\/18631"}],"wp:attachment":[{"href":"https:\/\/harmoor.com\/fr\/wp-json\/wp\/v2\/media?parent=19490"}],"wp:term":[{"taxonomy":"product_cat","embeddable":true,"href":"https:\/\/harmoor.com\/fr\/wp-json\/wp\/v2\/product_cat?post=19490"},{"taxonomy":"product_tag","embeddable":true,"href":"https:\/\/harmoor.com\/fr\/wp-json\/wp\/v2\/product_tag?post=19490"}],"curies":[{"name":"wp","href":"https:\/\/api.w.org\/{rel}","templated":true}]}}