{"id":19056,"date":"2023-03-22T12:53:24","date_gmt":"2023-03-22T04:53:24","guid":{"rendered":"https:\/\/harmoor.com\/product\/lido-3029a\/"},"modified":"2024-11-16T18:09:47","modified_gmt":"2024-11-16T10:09:47","slug":"chaise-lido-3029a","status":"publish","type":"product","link":"https:\/\/harmoor.com\/fr\/product\/chaise-lido-3029a\/","title":{"rendered":"Niagara 3029a"},"content":{"rendered":"<div class=\"row\">\n<div class=\"col-xl-5 col-lg-5 col-md-6 col-sm-12 col-12\"><img fetchpriority=\"high\" decoding=\"async\" class=\"alignnone size-full wp-image-12104\" src=\"https:\/\/harmoor.com\/wp-content\/uploads\/2023\/03\/chair-lido-3029a-4.webp\" alt=\"\" width=\"458\" height=\"315\"><\/div>\n<div class=\"col-xl-7 col-lg-7 col-md-6 col-sm-12 col-12\">\n<h2><span style=\"vertical-align: inherit;\"><span style=\"vertical-align: inherit;\">MARQUE<\/span><\/span><\/h2>\n<p>Avec une histoire d&rsquo;entreprise riche qui remonte \u00e0 1998, Harmoor a commenc\u00e9 comme une petite usine de meubles. Nous avons ouvert notre usine au Vietnam en 2018 et sommes devenus l&rsquo;une des plus grandes usines de meubles en plastique au Vietnam. Actuellement, Harmoor est un fabricant et un fournisseur de meubles de table et de chaise avec de nombreux mod\u00e8les de premier plan au Vi\u00eat Nam et dans le monde.<\/p>\n<p><img decoding=\"async\" class=\"mt-4\" src=\"https:\/\/harmoor.com\/wp-content\/uploads\/2023\/07\/single-product.webp\" alt=\"monoproduit\" width=\"190\" height=\"30\"><\/p>\n<\/div>\n<\/div>\n<div class=\"row\">\n<div class=\"col-xl-4 col-lg-4 col-md-4 col-sm-12 col-12 mb-4\">\n<h2><span style=\"vertical-align: inherit;\"><span style=\"vertical-align: inherit;\">INFORMATIONS SUR LES PRODUITS<\/span><\/span><\/h2>\n<ul>\n<li>Nom du produit : Chaise Niagara 3029A<\/li>\n<li>Si\u00e8ge et dossier: PP<\/li>\n<li>Style de conception: Italie<\/li>\n<li>Lieu d&rsquo;origine : Vietnam<\/li>\n<\/ul>\n<\/div>\n<div class=\"col-xl-4 col-lg-4 col-md-4 col-sm-12 col-12 mb-4\">\n<h2><span style=\"vertical-align: inherit;\"><span style=\"vertical-align: inherit;\">TAILLE<\/span><\/span><\/h2>\n<ul>\n<li>Hauteur: 66 cm<\/li>\n<li>Profondeur: 56cm<\/li>\n<li>Largeur: 41cm<\/li>\n<li>Hauteur du si\u00e8ge: 44 cm<\/li>\n<\/ul>\n<\/div>\n<div class=\"col-xl-4 col-lg-4 col-md-4 col-sm-12 col-12 mb-4\">\n<h2><span style=\"vertical-align: inherit;\"><span style=\"vertical-align: inherit;\">ESPACE UTILISABLE<\/span><\/span><\/h2>\n<ul>\n<li>Caf\u00e9<\/li>\n<li>Restaurant<\/li>\n<li>Jardin<\/li>\n<li>Barre<\/li>\n<\/ul>\n<\/div>\n<\/div>\n","protected":false},"excerpt":{"rendered":"<p>La chaise en plastique Niagara 3029A est une option de si\u00e8ge haut de gamme fabriqu\u00e9e \u00e0 partir de mati\u00e8re plastique de haute qualit\u00e9. Son design \u00e9pur\u00e9 et \u00e9l\u00e9gant ajoute de la sophistication \u00e0 n&rsquo;importe quel espace, qu&rsquo;il s&rsquo;agisse d&rsquo;un restaurant, d&rsquo;un balcon, d&rsquo;un espace ext\u00e9rieur ou d&rsquo;une salle \u00e0 manger, graden. Gr\u00e2ce \u00e0 ses caract\u00e9ristiques de durabilit\u00e9 et d&rsquo;imperm\u00e9abilit\u00e9, cette chaise convient aussi bien \u00e0 l&rsquo;int\u00e9rieur qu&rsquo;\u00e0 l&rsquo;ext\u00e9rieur. Sa polyvalence et sa construction l\u00e9g\u00e8re en font un choix pratique pour divers besoins d&rsquo;assise. La chaise en plastique Lido 3029A vous permet de vous asseoir plus confortablement.<\/p>\n","protected":false},"featured_media":18253,"comment_status":"open","ping_status":"closed","template":"","meta":[],"product_cat":[2122],"product_tag":[1236,1584,1237,1585,1253],"class_list":{"0":"post-19056","1":"product","2":"type-product","3":"status-publish","4":"has-post-thumbnail","6":"product_brand-niagara-fr","7":"product_cat-niagara-fr","8":"product_tag-chaise-a-cafe","9":"product_tag-chaise-dexterieur","10":"product_tag-chaise-de-bar","11":"product_tag-chaise-de-jardin","12":"product_tag-chaise-de-restaurant","15":"first","16":"instock","17":"shipping-taxable","18":"product-type-simple"},"_links":{"self":[{"href":"https:\/\/harmoor.com\/fr\/wp-json\/wp\/v2\/product\/19056","targetHints":{"allow":["GET"]}}],"collection":[{"href":"https:\/\/harmoor.com\/fr\/wp-json\/wp\/v2\/product"}],"about":[{"href":"https:\/\/harmoor.com\/fr\/wp-json\/wp\/v2\/types\/product"}],"replies":[{"embeddable":true,"href":"https:\/\/harmoor.com\/fr\/wp-json\/wp\/v2\/comments?post=19056"}],"version-history":[{"count":1,"href":"https:\/\/harmoor.com\/fr\/wp-json\/wp\/v2\/product\/19056\/revisions"}],"predecessor-version":[{"id":23595,"href":"https:\/\/harmoor.com\/fr\/wp-json\/wp\/v2\/product\/19056\/revisions\/23595"}],"wp:featuredmedia":[{"embeddable":true,"href":"https:\/\/harmoor.com\/fr\/wp-json\/wp\/v2\/media\/18253"}],"wp:attachment":[{"href":"https:\/\/harmoor.com\/fr\/wp-json\/wp\/v2\/media?parent=19056"}],"wp:term":[{"taxonomy":"product_cat","embeddable":true,"href":"https:\/\/harmoor.com\/fr\/wp-json\/wp\/v2\/product_cat?post=19056"},{"taxonomy":"product_tag","embeddable":true,"href":"https:\/\/harmoor.com\/fr\/wp-json\/wp\/v2\/product_tag?post=19056"}],"curies":[{"name":"wp","href":"https:\/\/api.w.org\/{rel}","templated":true}]}}