{"id":18322,"date":"2023-04-06T12:03:23","date_gmt":"2023-04-06T04:03:23","guid":{"rendered":"https:\/\/harmoor.com\/product\/caribu-3038\/"},"modified":"2025-04-27T18:16:49","modified_gmt":"2025-04-27T10:16:49","slug":"chaise-karibu-3038","status":"publish","type":"product","link":"https:\/\/harmoor.com\/fr\/product\/chaise-karibu-3038\/","title":{"rendered":"karibu 3038"},"content":{"rendered":"<div class=\"row\">\n<div class=\"col-xl-5 col-lg-5 col-md-6 col-sm-12 col-12\"><img fetchpriority=\"high\" decoding=\"async\" class=\"alignnone size-full wp-image-12104\" src=\"https:\/\/harmoor.com\/wp-content\/uploads\/2023\/04\/caribu-3038.webp\" alt=\"chaise caribu 3038\" width=\"458\" height=\"315\" \/><\/div>\n<div class=\"col-xl-7 col-lg-7 col-md-6 col-sm-12 col-12\">\n<h2><span style=\"vertical-align: inherit;\"><span style=\"vertical-align: inherit;\">MARQUE<\/span><\/span><\/h2>\n<p>Avec une histoire d&rsquo;entreprise riche qui remonte \u00e0 1998, Harmoor a commenc\u00e9 comme une petite usine de meubles. Nous avons ouvert notre usine au Vietnam en 2018 et sommes devenus l&rsquo;une des plus grandes usines de meubles en plastique au Vietnam. Actuellement, Harmoor est un fabricant et un fournisseur de meubles de table et de chaise avec de nombreux mod\u00e8les de premier plan au Vi\u00eat Nam et dans le monde.<\/p>\n<p><img decoding=\"async\" class=\"mt-4\" src=\"https:\/\/harmoor.com\/wp-content\/uploads\/2023\/07\/single-product.webp\" alt=\"monoproduit\" width=\"190\" height=\"30\" \/><\/div>\n<\/div>\n<div class=\"row\">\n<div class=\"col-xl-4 col-lg-4 col-md-4 col-sm-12 col-12 mb-4\">\n<h2><span style=\"vertical-align: inherit;\"><span style=\"vertical-align: inherit;\">INFORMATIONS SUR LES PRODUITS<\/span><\/span><\/h2>\n<ul>\n<li>Nom du produit : Caribu 3038<\/li>\n<li>Mat\u00e9riau : Corde + plastique PP<\/li>\n<li>Style de conception: Italie<\/li>\n<li>Lieu d&rsquo;origine : Vietnam<\/li>\n<\/ul>\n<\/div>\n<div class=\"col-xl-4 col-lg-4 col-md-4 col-sm-12 col-12 mb-4\">\n<h2><span style=\"vertical-align: inherit;\"><span style=\"vertical-align: inherit;\">TAILLE<\/span><\/span><\/h2>\n<ul>\n<li>Hauteur: 81cm<\/li>\n<li>Largeur: 60,5cm<\/li>\n<li>Profondeur: 52cm<\/li>\n<li>Hauteur du si\u00e8ge: 45cm<\/li>\n<\/ul>\n<\/div>\n<div class=\"col-xl-4 col-lg-4 col-md-4 col-sm-12 col-12 mb-4\">\n<h2><span style=\"vertical-align: inherit;\"><span style=\"vertical-align: inherit;\">ESPACE UTILISABLE<\/span><\/span><\/h2>\n<ul>\n<li>Caf\u00e9<\/li>\n<li>Restaurant<\/li>\n<li>Salle \u00e0 manger<\/li>\n<li>Jardin&#8230;<\/li>\n<\/ul>\n<\/div>\n<\/div>\n","protected":false},"excerpt":{"rendered":"<p>La chaise Caribu 3038 nous fait remonter dans le temps avec une r\u00e9interpr\u00e9tation moderne des si\u00e8ges de terrasse classiques des ann\u00e9es 60, fabriqu\u00e9s en acier et en textile. La chaise Caribu 3038 est rev\u00eatue de poudre pour un usage ext\u00e9rieur, le dossier et l&rsquo;assise sont en plastique PA. Sp\u00e9cialement con\u00e7u pour une utilisation en ext\u00e9rieur. Ils peuvent \u00eatre empil\u00e9s les uns sur les autres.<\/p>\n","protected":false},"featured_media":18159,"comment_status":"open","ping_status":"closed","template":"","meta":[],"product_cat":[1583],"product_tag":[1236,1584,1585,1253,1469,1471,1586],"class_list":{"0":"post-18322","1":"product","2":"type-product","3":"status-publish","4":"has-post-thumbnail","6":"product_brand-caribu-fr","7":"product_cat-caribu-fr","8":"product_tag-chaise-a-cafe","9":"product_tag-chaise-dexterieur","10":"product_tag-chaise-de-jardin","11":"product_tag-chaise-de-restaurant","12":"product_tag-chaise-de-salle-a-manger","13":"product_tag-chaise-de-salon","14":"product_tag-chaise-de-terrasse","17":"first","18":"instock","19":"shipping-taxable","20":"product-type-simple"},"_links":{"self":[{"href":"https:\/\/harmoor.com\/fr\/wp-json\/wp\/v2\/product\/18322","targetHints":{"allow":["GET"]}}],"collection":[{"href":"https:\/\/harmoor.com\/fr\/wp-json\/wp\/v2\/product"}],"about":[{"href":"https:\/\/harmoor.com\/fr\/wp-json\/wp\/v2\/types\/product"}],"replies":[{"embeddable":true,"href":"https:\/\/harmoor.com\/fr\/wp-json\/wp\/v2\/comments?post=18322"}],"version-history":[{"count":0,"href":"https:\/\/harmoor.com\/fr\/wp-json\/wp\/v2\/product\/18322\/revisions"}],"wp:featuredmedia":[{"embeddable":true,"href":"https:\/\/harmoor.com\/fr\/wp-json\/wp\/v2\/media\/18159"}],"wp:attachment":[{"href":"https:\/\/harmoor.com\/fr\/wp-json\/wp\/v2\/media?parent=18322"}],"wp:term":[{"taxonomy":"product_cat","embeddable":true,"href":"https:\/\/harmoor.com\/fr\/wp-json\/wp\/v2\/product_cat?post=18322"},{"taxonomy":"product_tag","embeddable":true,"href":"https:\/\/harmoor.com\/fr\/wp-json\/wp\/v2\/product_tag?post=18322"}],"curies":[{"name":"wp","href":"https:\/\/api.w.org\/{rel}","templated":true}]}}