{"id":18117,"date":"2023-04-21T11:05:39","date_gmt":"2023-04-21T03:05:39","guid":{"rendered":"https:\/\/harmoor.com\/product\/calipso-3033a\/"},"modified":"2024-04-09T18:07:27","modified_gmt":"2024-04-09T10:07:27","slug":"chaise-calipso-3033a-2","status":"publish","type":"product","link":"https:\/\/harmoor.com\/fr\/product\/chaise-calipso-3033a-2\/","title":{"rendered":"calipso 3033a"},"content":{"rendered":"<div class=\"row\">\n<div class=\"col-xl-5 col-lg-5 col-md-6 col-sm-12 col-12\"><img fetchpriority=\"high\" decoding=\"async\" class=\"alignnone size-full wp-image-12104\" src=\"https:\/\/harmoor.com\/wp-content\/uploads\/2023\/04\/Chair-Calipso-3032B-5.webp\" alt=\"chaise calipso 3033a\" width=\"458\" height=\"315\"><\/div>\n<div class=\"col-xl-7 col-lg-7 col-md-6 col-sm-12 col-12\">\n<h2><span style=\"vertical-align: inherit;\"><span style=\"vertical-align: inherit;\">MARQUE<\/span><\/span><\/h2>\n<p>Avec une histoire d&rsquo;entreprise riche qui remonte \u00e0 1998, Harmoor a commenc\u00e9 comme une petite usine de meubles. Nous avons ouvert notre usine au Vietnam en 2018 et sommes devenus l&rsquo;une des plus grandes usines de meubles en plastique au Vietnam. Actuellement, Harmoor est un fabricant et un fournisseur de meubles de table et de chaise avec de nombreux mod\u00e8les de premier plan au Vi\u00eat Nam et dans le monde.<\/p>\n<p><img decoding=\"async\" class=\"mt-4\" src=\"https:\/\/harmoor.com\/wp-content\/uploads\/2023\/07\/single-product.webp\" alt=\"monoproduit\" width=\"190\" height=\"30\"><\/div>\n<\/div>\n<div class=\"row\">\n<div class=\"col-xl-4 col-lg-4 col-md-4 col-sm-12 col-12 mb-4\">\n<h2><span style=\"vertical-align: inherit;\"><span style=\"vertical-align: inherit;\">INFORMATIONS SUR LES PRODUITS<\/span><\/span><\/h2>\n<ul>\n<li>Nom du produit : Chaise Calipso 3033A<\/li>\n<li>Mat\u00e9riau: Cadre en acier + plastique PP<\/li>\n<li>Style de conception: Italie<\/li>\n<li>Lieu d&rsquo;origine : Vietnam<\/li>\n<\/ul>\n<\/div>\n<div class=\"col-xl-4 col-lg-4 col-md-4 col-sm-12 col-12 mb-4\">\n<h2><span style=\"vertical-align: inherit;\"><span style=\"vertical-align: inherit;\">TAILLE<\/span><\/span><\/h2>\n<ul>\n<li>Hauteur : 78cm<\/li>\n<li>Hauteur du si\u00e8ge: 44cm<\/li>\n<li>Profondeur: 49cm<\/li>\n<li>Largeur: 49cm<\/li>\n<\/ul>\n<\/div>\n<div class=\"col-xl-4 col-lg-4 col-md-4 col-sm-12 col-12 mb-4\">\n<h2><span style=\"vertical-align: inherit;\"><span style=\"vertical-align: inherit;\">ESPACE UTILISABLE<\/span><\/span><\/h2>\n<ul>\n<li>Caf\u00e9<\/li>\n<li>Restaurant<\/li>\n<li>Salle \u00e0 manger<\/li>\n<li>Bureau&#8230;.<\/li>\n<\/ul>\n<\/div>\n<\/div>\n","protected":false},"excerpt":{"rendered":"<p>La chaise Calipso 3033A, avec son design simple et ses dimensions adapt\u00e9es, sera une solution confortable pour les espaces peu \u00e9tendus. Avec un design simple et des couleurs harmonieuses, cette nouvelle chaise en plastique moul\u00e9 de haute qualit\u00e9 sera un choix appropri\u00e9 pour de nombreux propri\u00e9taires afin de cr\u00e9er un espace sophistiqu\u00e9, luxueux et extr\u00eamement classe. La chaise Calipso 3033A est un produit con\u00e7u avec un design unique combin\u00e9 \u00e0 des lignes d\u00e9licates pour cr\u00e9er un espace remarquable et extr\u00eamement attrayant. Mais l&rsquo;ad\u00e9quation de ce produit d\u00e9pend du facteur taille. Cette chaise en plastique de haute qualit\u00e9 permettra aux clients de se sentir \u00e0 l&rsquo;aise lorsqu&rsquo;ils prendront un caf\u00e9 ou discuteront avec des amis proches, comme \u00e0 la maison.<\/p>\n","protected":false},"featured_media":18085,"comment_status":"open","ping_status":"closed","template":"","meta":[],"product_cat":[1235],"product_tag":[1236,1253,1469,1470],"class_list":{"0":"post-18117","1":"product","2":"type-product","3":"status-publish","4":"has-post-thumbnail","6":"product_brand-calipso-fr","7":"product_cat-calipso-fr","8":"product_tag-chaise-a-cafe","9":"product_tag-chaise-de-restaurant","10":"product_tag-chaise-de-salle-a-manger","11":"product_tag-office-chair","14":"first","15":"instock","16":"shipping-taxable","17":"product-type-simple"},"_links":{"self":[{"href":"https:\/\/harmoor.com\/fr\/wp-json\/wp\/v2\/product\/18117","targetHints":{"allow":["GET"]}}],"collection":[{"href":"https:\/\/harmoor.com\/fr\/wp-json\/wp\/v2\/product"}],"about":[{"href":"https:\/\/harmoor.com\/fr\/wp-json\/wp\/v2\/types\/product"}],"replies":[{"embeddable":true,"href":"https:\/\/harmoor.com\/fr\/wp-json\/wp\/v2\/comments?post=18117"}],"version-history":[{"count":0,"href":"https:\/\/harmoor.com\/fr\/wp-json\/wp\/v2\/product\/18117\/revisions"}],"wp:featuredmedia":[{"embeddable":true,"href":"https:\/\/harmoor.com\/fr\/wp-json\/wp\/v2\/media\/18085"}],"wp:attachment":[{"href":"https:\/\/harmoor.com\/fr\/wp-json\/wp\/v2\/media?parent=18117"}],"wp:term":[{"taxonomy":"product_cat","embeddable":true,"href":"https:\/\/harmoor.com\/fr\/wp-json\/wp\/v2\/product_cat?post=18117"},{"taxonomy":"product_tag","embeddable":true,"href":"https:\/\/harmoor.com\/fr\/wp-json\/wp\/v2\/product_tag?post=18117"}],"curies":[{"name":"wp","href":"https:\/\/api.w.org\/{rel}","templated":true}]}}