{"id":17955,"date":"2023-03-23T10:26:03","date_gmt":"2023-03-23T02:26:03","guid":{"rendered":"https:\/\/harmoor.com\/product\/calipso-3031b\/"},"modified":"2023-11-22T14:11:20","modified_gmt":"2023-11-22T06:11:20","slug":"chaise-calipso-3031b","status":"publish","type":"product","link":"https:\/\/harmoor.com\/fr\/product\/chaise-calipso-3031b\/","title":{"rendered":"calipso 3031b"},"content":{"rendered":"<div class=\"row\">\n<div class=\"col-xl-5 col-lg-5 col-md-6 col-sm-12 col-12\"><img fetchpriority=\"high\" decoding=\"async\" class=\"alignnone size-full wp-image-12104\" src=\"https:\/\/harmoor.com\/wp-content\/uploads\/2023\/03\/calipso-3031-2.webp\" alt=\"chaise calipso 3031b\" width=\"458\" height=\"315\"><\/div>\n<div class=\"col-xl-7 col-lg-7 col-md-6 col-sm-12 col-12\">\n<h2><span style=\"vertical-align: inherit;\"><span style=\"vertical-align: inherit;\">MARQUE<\/span><\/span><\/h2>\n<p>Avec une histoire d&rsquo;entreprise riche qui remonte \u00e0 1998, Harmoor a commenc\u00e9 comme une petite usine de meubles. Nous avons ouvert notre usine au Vietnam en 2018 et sommes devenus l&rsquo;une des plus grandes usines de meubles en plastique au Vietnam. Actuellement, Harmoor est un fabricant et un fournisseur de meubles de table et de chaise avec de nombreux mod\u00e8les de premier plan au Vi\u00eat Nam et dans le monde.<\/p>\n<p><img decoding=\"async\" class=\"mt-4\" src=\"https:\/\/harmoor.com\/wp-content\/uploads\/2023\/07\/single-product.webp\" alt=\"monoproduit\" width=\"190\" height=\"30\"><\/div>\n<\/div>\n<div class=\"row\">\n<div class=\"col-xl-4 col-lg-4 col-md-4 col-sm-12 col-12 mb-4\">\n<h2><span style=\"vertical-align: inherit;\"><span style=\"vertical-align: inherit;\">INFORMATIONS SUR LES PRODUITS<\/span><\/span><\/h2>\n<ul>\n<li>Nom du produit: Chaise Calipso 3031B<\/li>\n<li>Mat\u00e9riau: Cadre en acier + plastique PP<\/li>\n<li>Style de conception: Italie<\/li>\n<li>Lieu d&rsquo;origine : Vietnam<\/li>\n<\/ul>\n<\/div>\n<div class=\"col-xl-4 col-lg-4 col-md-4 col-sm-12 col-12 mb-4\">\n<h2><span style=\"vertical-align: inherit;\"><span style=\"vertical-align: inherit;\">TAILLE<\/span><\/span><\/h2>\n<ul>\n<li>Hauteur : 103 cm<\/li>\n<li>Profondeur : 45,5 cm<\/li>\n<li>Largeur : 52 cm<\/li>\n<li>Hauteur du si\u00e8ge : 75cm<\/li>\n<\/ul>\n<\/div>\n<div class=\"col-xl-4 col-lg-4 col-md-4 col-sm-12 col-12 mb-4\">\n<h2><span style=\"vertical-align: inherit;\"><span style=\"vertical-align: inherit;\">ESPACE UTILISABLE<\/span><\/span><\/h2>\n<ul>\n<li>Caf\u00e9<\/li>\n<li>Restaurant<\/li>\n<li>Barre<\/li>\n<li>&#8230;.<\/li>\n<\/ul>\n<\/div>\n<\/div>\n","protected":false},"excerpt":{"rendered":"<p>La chaise Calipso 3031B est un produit au design solide, appr\u00e9ci\u00e9 par de nombreuses personnes, qui vous permet de cr\u00e9er un espace nouveau et unique. Le tabouret de bar Calipso 3031B est le choix id\u00e9al pour la cuisine. La chaise Calipso 3031B est une chaise \u00e9l\u00e9gante qui existe dans une vari\u00e9t\u00e9 de couleurs et de combinaisons de ch\u00e2ssis. Le rev\u00eatement de couleur de la chaise est fabriqu\u00e9 \u00e0 partir de 98% de polypropyl\u00e8ne. Les rainures au niveau du dossier cr\u00e9ent du dynamisme et de la flexibilit\u00e9 pour le dossier ainsi qu&rsquo;une meilleure ventilation. L&rsquo;ensemble de ces \u00e9l\u00e9ments apporte un grand confort.<\/p>\n","protected":false},"featured_media":18064,"comment_status":"open","ping_status":"closed","template":"","meta":[],"product_cat":[1235],"product_tag":[1237,1253,1238],"class_list":{"0":"post-17955","1":"product","2":"type-product","3":"status-publish","4":"has-post-thumbnail","6":"product_brand-calipso-fr","7":"product_cat-calipso-fr","8":"product_tag-chaise-de-bar","9":"product_tag-chaise-de-restaurant","10":"product_tag-kitchen-chair-fr","13":"first","14":"instock","15":"shipping-taxable","16":"product-type-simple"},"_links":{"self":[{"href":"https:\/\/harmoor.com\/fr\/wp-json\/wp\/v2\/product\/17955","targetHints":{"allow":["GET"]}}],"collection":[{"href":"https:\/\/harmoor.com\/fr\/wp-json\/wp\/v2\/product"}],"about":[{"href":"https:\/\/harmoor.com\/fr\/wp-json\/wp\/v2\/types\/product"}],"replies":[{"embeddable":true,"href":"https:\/\/harmoor.com\/fr\/wp-json\/wp\/v2\/comments?post=17955"}],"version-history":[{"count":0,"href":"https:\/\/harmoor.com\/fr\/wp-json\/wp\/v2\/product\/17955\/revisions"}],"wp:featuredmedia":[{"embeddable":true,"href":"https:\/\/harmoor.com\/fr\/wp-json\/wp\/v2\/media\/18064"}],"wp:attachment":[{"href":"https:\/\/harmoor.com\/fr\/wp-json\/wp\/v2\/media?parent=17955"}],"wp:term":[{"taxonomy":"product_cat","embeddable":true,"href":"https:\/\/harmoor.com\/fr\/wp-json\/wp\/v2\/product_cat?post=17955"},{"taxonomy":"product_tag","embeddable":true,"href":"https:\/\/harmoor.com\/fr\/wp-json\/wp\/v2\/product_tag?post=17955"}],"curies":[{"name":"wp","href":"https:\/\/api.w.org\/{rel}","templated":true}]}}