{"id":17807,"date":"2023-03-22T15:53:15","date_gmt":"2023-03-22T07:53:15","guid":{"rendered":"https:\/\/harmoor.com\/product\/calipso-3031a\/"},"modified":"2023-11-22T14:11:24","modified_gmt":"2023-11-22T06:11:24","slug":"chaise-calipso-3031a","status":"publish","type":"product","link":"https:\/\/harmoor.com\/fr\/product\/chaise-calipso-3031a\/","title":{"rendered":"calipso 3031a"},"content":{"rendered":"<div class=\"row\">\n<div class=\"col-xl-5 col-lg-5 col-md-6 col-sm-12 col-12\"><img fetchpriority=\"high\" decoding=\"async\" class=\"alignnone size-full wp-image-12104\" src=\"https:\/\/harmoor.com\/wp-content\/uploads\/2023\/03\/calipso-3031a-2.webp\" alt=\"chaise calipso 3031a\" width=\"458\" height=\"315\"><\/div>\n<div class=\"col-xl-7 col-lg-7 col-md-6 col-sm-12 col-12\">\n<h2><span style=\"vertical-align: inherit;\"><span style=\"vertical-align: inherit;\">MARQUE<\/span><\/span><\/h2>\n<p>Avec une histoire d&rsquo;entreprise riche qui remonte \u00e0 1998, Harmoor a commenc\u00e9 comme une petite usine de meubles. Nous avons ouvert notre usine au Vietnam en 2018 et sommes devenus l&rsquo;une des plus grandes usines de meubles en plastique au Vietnam. Actuellement, Harmoor est un fabricant et un fournisseur de meubles de table et de chaise avec de nombreux mod\u00e8les de premier plan au Vi\u00eat Nam et dans le monde.<\/p>\n<p><img decoding=\"async\" class=\"mt-4\" src=\"https:\/\/harmoor.com\/wp-content\/uploads\/2023\/07\/single-product.webp\" alt=\"monoproduit\" width=\"190\" height=\"30\"><\/div>\n<\/div>\n<div class=\"row\">\n<div class=\"col-xl-4 col-lg-4 col-md-4 col-sm-12 col-12 mb-4\">\n<h2><span style=\"vertical-align: inherit;\"><span style=\"vertical-align: inherit;\">INFORMATIONS SUR LES PRODUITS<\/span><\/span><\/h2>\n<ul>\n<li>Nom du produit : Chaise Calipso 3031A<\/li>\n<li>Mat\u00e9riau: Cadre en acier + plastique PP<\/li>\n<li>Style de conception: Italie<\/li>\n<li>Lieu d&rsquo;origine : Vietnam<\/li>\n<\/ul>\n<\/div>\n<div class=\"col-xl-4 col-lg-4 col-md-4 col-sm-12 col-12 mb-4\">\n<h2><span style=\"vertical-align: inherit;\"><span style=\"vertical-align: inherit;\">TAILLE<\/span><\/span><\/h2>\n<ul>\n<li>Hauteur : 103 cm<\/li>\n<li>Profondeur : 45,5 cm<\/li>\n<li>Largeur : 52 cm<\/li>\n<li>Hauteur du si\u00e8ge : 75cm<\/li>\n<\/ul>\n<\/div>\n<div class=\"col-xl-4 col-lg-4 col-md-4 col-sm-12 col-12 mb-4\">\n<h2><span style=\"vertical-align: inherit;\"><span style=\"vertical-align: inherit;\">ESPACE UTILISABLE<\/span><\/span><\/h2>\n<ul>\n<li>Caf\u00e9<\/li>\n<li>Barre<\/li>\n<li>Cuisine<\/li>\n<li>&#8230;.<\/li>\n<\/ul>\n<\/div>\n<\/div>\n","protected":false},"excerpt":{"rendered":"<p>La chaise Calipso 3031A est un banc au style moderne et facile \u00e0 combiner avec diff\u00e9rents styles de d\u00e9coration, un mat\u00e9riau robuste qui r\u00e9siste aux rigueurs de l&rsquo;utilisation quotidienne et qui est facile \u00e0 nettoyer et \u00e0 entretenir. Apportez un design moderne et \u00e9l\u00e9gant \u00e0 votre cuisine avec le tabouret de bar 3031A. La chaise ergonomique moul\u00e9e est dot\u00e9e d&rsquo;un \u00e9l\u00e9gant motif en maille pour une assise confortable. La chaise Calipso 3031A est compos\u00e9e d&rsquo;une assise en polypropyl\u00e8ne tr\u00e8s r\u00e9sistante, de pieds en m\u00e9tal de la m\u00eame couleur que l&rsquo;assise, de repose-pieds et de protections d&rsquo;extr\u00e9mit\u00e9.<\/p>\n","protected":false},"featured_media":18097,"comment_status":"open","ping_status":"closed","template":"","meta":[],"product_cat":[1235],"product_tag":[1236,1237,1238],"class_list":{"0":"post-17807","1":"product","2":"type-product","3":"status-publish","4":"has-post-thumbnail","6":"product_brand-calipso-fr","7":"product_cat-calipso-fr","8":"product_tag-chaise-a-cafe","9":"product_tag-chaise-de-bar","10":"product_tag-kitchen-chair-fr","13":"first","14":"instock","15":"shipping-taxable","16":"product-type-simple"},"_links":{"self":[{"href":"https:\/\/harmoor.com\/fr\/wp-json\/wp\/v2\/product\/17807","targetHints":{"allow":["GET"]}}],"collection":[{"href":"https:\/\/harmoor.com\/fr\/wp-json\/wp\/v2\/product"}],"about":[{"href":"https:\/\/harmoor.com\/fr\/wp-json\/wp\/v2\/types\/product"}],"replies":[{"embeddable":true,"href":"https:\/\/harmoor.com\/fr\/wp-json\/wp\/v2\/comments?post=17807"}],"version-history":[{"count":0,"href":"https:\/\/harmoor.com\/fr\/wp-json\/wp\/v2\/product\/17807\/revisions"}],"wp:featuredmedia":[{"embeddable":true,"href":"https:\/\/harmoor.com\/fr\/wp-json\/wp\/v2\/media\/18097"}],"wp:attachment":[{"href":"https:\/\/harmoor.com\/fr\/wp-json\/wp\/v2\/media?parent=17807"}],"wp:term":[{"taxonomy":"product_cat","embeddable":true,"href":"https:\/\/harmoor.com\/fr\/wp-json\/wp\/v2\/product_cat?post=17807"},{"taxonomy":"product_tag","embeddable":true,"href":"https:\/\/harmoor.com\/fr\/wp-json\/wp\/v2\/product_tag?post=17807"}],"curies":[{"name":"wp","href":"https:\/\/api.w.org\/{rel}","templated":true}]}}