{"id":19855,"date":"2023-07-19T11:04:43","date_gmt":"2023-07-19T03:04:43","guid":{"rendered":"https:\/\/harmoor.com\/politique-de-confidentialite\/"},"modified":"2023-07-26T17:55:12","modified_gmt":"2023-07-26T09:55:12","slug":"politique-de-confidentialite","status":"publish","type":"page","link":"https:\/\/harmoor.com\/fr\/politique-de-confidentialite\/","title":{"rendered":"politique de confidentialit\u00e9"},"content":{"rendered":"\t\t<div data-elementor-type=\"wp-page\" data-elementor-id=\"19855\" class=\"elementor elementor-19855 elementor-18799\">\n\t\t\t\t\t\t<section class=\"elementor-section elementor-top-section elementor-element elementor-element-b7c25f6 elementor-section-boxed elementor-section-height-default elementor-section-height-default\" data-id=\"b7c25f6\" data-element_type=\"section\">\n\t\t\t\t\t\t<div class=\"elementor-container elementor-column-gap-default\">\n\t\t\t\t\t<div class=\"elementor-column elementor-col-100 elementor-top-column elementor-element elementor-element-92faee6\" data-id=\"92faee6\" data-element_type=\"column\">\n\t\t\t<div class=\"elementor-widget-wrap elementor-element-populated\">\n\t\t\t\t\t\t<div class=\"elementor-element elementor-element-c1d2de4 elementor-widget elementor-widget-heading\" data-id=\"c1d2de4\" data-element_type=\"widget\" data-widget_type=\"heading.default\">\n\t\t\t\t<div class=\"elementor-widget-container\">\n\t\t\t\t\t<h2 class=\"elementor-heading-title elementor-size-default\">divulgation de la vie priv\u00e9e<\/h2>\t\t\t\t<\/div>\n\t\t\t\t<\/div>\n\t\t\t\t\t<\/div>\n\t\t<\/div>\n\t\t\t\t\t<\/div>\n\t\t<\/section>\n\t\t\t\t<section class=\"elementor-section elementor-top-section elementor-element elementor-element-56f6f3f elementor-section-boxed elementor-section-height-default elementor-section-height-default\" data-id=\"56f6f3f\" data-element_type=\"section\">\n\t\t\t\t\t\t<div class=\"elementor-container elementor-column-gap-default\">\n\t\t\t\t\t<div class=\"elementor-column elementor-col-100 elementor-top-column elementor-element elementor-element-5594829\" data-id=\"5594829\" data-element_type=\"column\">\n\t\t\t<div class=\"elementor-widget-wrap elementor-element-populated\">\n\t\t\t\t\t\t<div class=\"elementor-element elementor-element-f98aead elementor-widget elementor-widget-text-editor\" data-id=\"f98aead\" data-element_type=\"widget\" data-widget_type=\"text-editor.default\">\n\t\t\t\t<div class=\"elementor-widget-container\">\n\t\t\t\t\t\t\t\t\t<p> <\/p>\n<p>conform\u00e9ment au d\u00e9cret l\u00e9gislatif <strong>13\/2023\/N\u0110-CP<\/strong> (code de protection des donn\u00e9es personnelles) et au r\u00e8glement relatif \u00e0 la protection des personnes physiques \u00e0 l&rsquo;\u00e9gard du traitement des donn\u00e9es \u00e0 caract\u00e8re personnel et \u00e0 la libre circulation de ces donn\u00e9es, ainsi qu&rsquo;\u00e0 leurs modifications ult\u00e9rieures.<\/p>\n<p> <\/p>\n<p>la soci\u00e9t\u00e9 harmoor vietnam dont le si\u00e8ge social est situ\u00e9 Lot F1 et F2, Nam Dong Phu Industrial Park, Tan Lap Commune, Dong Phu District, Binh Phuoc Province, Vietnam, num\u00e9ro de tva 3801169243, t\u00e9l\u00e9phone +84898799991, email info@harmoor.com, en tant que responsable du traitement des donn\u00e9es, vous informe que cette politique de confidentialit\u00e9 a pour but de d\u00e9crire les proc\u00e9dures de gestion de ce site, en ce qui concerne le traitement des donn\u00e9es personnelles des utilisateurs\/visiteurs du site et de ceux qui fournissent des donn\u00e9es personnelles lors de l&rsquo;envoi de candidatures spontan\u00e9es et de curriculum vitae (ces derniers \u00e9tant destin\u00e9s \u00e0 g\u00e9rer la proc\u00e9dure de s\u00e9lection du personnel).<\/p>\n<p> <\/p>\n<p>vos donn\u00e9es seront trait\u00e9es conform\u00e9ment \u00e0 la loi, aux principes de n\u00e9cessit\u00e9, d&rsquo;exactitude, de l\u00e9galit\u00e9 et de transparence, de protection de votre vie priv\u00e9e et de vos droits, de limitation de la finalit\u00e9 du traitement et du stockage, de minimisation des donn\u00e9es, d&rsquo;exactitude et de qualit\u00e9 des donn\u00e9es, d&rsquo;int\u00e9grit\u00e9 et de s\u00e9curit\u00e9 des donn\u00e9es. cette politique de confidentialit\u00e9 ne s&rsquo;applique pas aux autres sites internet &#8211; n&rsquo;appartenant pas au responsable du traitement des donn\u00e9es &#8211; auxquels on acc\u00e8de par des liens, des banni\u00e8res ou d&rsquo;autres liens qui peuvent \u00eatre pr\u00e9sents sur notre site web. toutefois, les personnes concern\u00e9es sont responsables de la s\u00e9curit\u00e9 de leur compte et ne doivent pas partager avec des tiers les identifiants d&rsquo;acc\u00e8s ou d&rsquo;autres informations relatives \u00e0 leur compte. les traitements li\u00e9s aux services web de ce site ont lieu principalement au si\u00e8ge op\u00e9rationnel susmentionn\u00e9 et sont effectu\u00e9s par des personnes en charge du traitement.<\/p>\n<p> <\/p>\n<p>le responsable du traitement, compte tenu des besoins organisationnels, peut d\u00e9signer des sous-traitants conform\u00e9ment \u00e0 la loi 13\/2023\/N\u0110-CP, pour mettre en \u0153uvre les mesures techniques et organisationnelles appropri\u00e9es afin de garantir le respect des exigences l\u00e9gales et la protection des droits de la personne concern\u00e9e. les responsables du traitement sont \u00e9galement tenus de respecter la confidentialit\u00e9 dans l&rsquo;accomplissement de leurs t\u00e2ches respectives et peuvent \u00e9galement faire appel \u00e0 des personnes sp\u00e9cifiquement identifi\u00e9es en charge du traitement. le responsable de la protection des donn\u00e9es personnelles peut \u00eatre contact\u00e9 \u00e0 l&rsquo;adresse marketing@harmoor.com.<\/p>\n<p> <\/p>\n<p><strong>le type et l&rsquo;origine des donn\u00e9es personnelles collect\u00e9es<\/strong><\/p>\n<p> <\/p>\n<p>il peut vous \u00eatre demand\u00e9 de fournir vos donn\u00e9es \u00e0 caract\u00e8re personnel lorsque vous contactez le responsable du traitement des donn\u00e9es pour vous identifier ou vous contacter. ces donn\u00e9es peuvent \u00e9galement \u00eatre combin\u00e9es avec d&rsquo;autres donn\u00e9es afin de fournir et d&rsquo;am\u00e9liorer les produits, les services, le contenu et le mat\u00e9riel publicitaire. sauf dans les cas pr\u00e9vus par la loi, le responsable du traitement ne collecte pas de donn\u00e9es \u00e0 caract\u00e8re personnel qui r\u00e9v\u00e8lent l&rsquo;origine raciale ou ethnique, les opinions politiques, les convictions religieuses ou philosophiques, ou l&rsquo;appartenance syndicale, ainsi que des donn\u00e9es g\u00e9n\u00e9tiques, des donn\u00e9es biom\u00e9triques destin\u00e9es \u00e0 identifier sans ambigu\u00eft\u00e9 une personne physique, des donn\u00e9es relatives \u00e0 la sant\u00e9 ou \u00e0 la vie sexuelle ou \u00e0 l&rsquo;orientation sexuelle de la personne. le responsable du traitement ne collecte pas de donn\u00e9es \u00e0 caract\u00e8re personnel relatives aux condamnations p\u00e9nales et aux crimes ou aux mesures de s\u00e9curit\u00e9 qui s&rsquo;y rapportent. le responsable du traitement vous demande de ne pas fournir les donn\u00e9es susmentionn\u00e9es. les mineurs peuvent consentir au traitement de leurs donn\u00e9es personnelles \u00e0 partir de l&rsquo;\u00e2ge de 16 ans. le responsable du traitement ne traitera pas les donn\u00e9es \u00e0 caract\u00e8re personnel des enfants de moins de 16 ans, \u00e0 moins que les parents ou tuteurs ne consentent aux activit\u00e9s de collecte, d&rsquo;utilisation et de divulgation des informations relatives aux enfants par le responsable du traitement. nous confirmons qu&rsquo;il n&rsquo;est pas n\u00e9cessaire de fournir les donn\u00e9es personnelles que nous demandons : si vous d\u00e9cidez de ne pas les fournir, cependant, dans de nombreux cas, vous ne serez pas en mesure d&rsquo;utiliser les services activ\u00e9s \u00e0 travers le site.<\/p>\n<p> <\/p>\n<p><strong>donn\u00e9es de navigation<\/strong><\/p>\n<p> <\/p>\n<p>les syst\u00e8mes informatiques et les proc\u00e9dures logicielles utilis\u00e9s pour faire fonctionner ce site acqui\u00e8rent, au cours de leur fonctionnement normal, certaines donn\u00e9es personnelles qui sont ensuite implicitement transmises par l&rsquo;utilisation des protocoles de communication Internet. ces informations ne sont pas collect\u00e9es pour \u00eatre associ\u00e9es \u00e0 des personnes identifi\u00e9es, mais qui, de par leur nature m\u00eame, pourraient, par le biais du traitement et de l&rsquo;association avec des donn\u00e9es d\u00e9tenues par des tiers, permettre d&rsquo;identifier les utilisateurs. cette cat\u00e9gorie de donn\u00e9es comprend les adresses ip ou les noms de domaine des ordinateurs utilis\u00e9s par les utilisateurs qui se connectent au site, les adresses dans la notation uri (uniform resource identifier) des ressources demand\u00e9es, l&rsquo;heure de la demande, la m\u00e9thode utilis\u00e9e pour soumettre la demande au serveur, la taille du fichier obtenu en r\u00e9ponse, le code num\u00e9rique indiquant l&rsquo;\u00e9tat de la r\u00e9ponse donn\u00e9e par le serveur (succ\u00e8s, erreur, etc.) et d&rsquo;autres param\u00e8tres relatifs au syst\u00e8me d&rsquo;exploitation et \u00e0 l&rsquo;environnement de l&rsquo;ordinateur de l&rsquo;utilisateur.<\/p>\n<p> <\/p>\n<p>les donn\u00e9es fournies volontairement par l&rsquo;utilisateur<\/p>\n<p> <\/p>\n<p>le responsable du traitement collecte et traite les donn\u00e9es fournies volontairement par la personne concern\u00e9e \u00e0 la suite de l&rsquo;acc\u00e8s, de l&rsquo;enregistrement, de la consultation et\/ou de l&rsquo;utilisation du site web.<\/p>\n<p> <\/p>\n<p><strong>finalit\u00e9 du traitement<\/strong><\/p>\n<p> <\/p>\n<p>sur la base de votre consentement libre, explicite et inform\u00e9 &#8211; ou dans d&rsquo;autres cas de lic\u00e9it\u00e9 du traitement strictement requis par la loi, y compris 13\/2023\/N\u0110-CP &#8211; le responsable du traitement vous informe que les donn\u00e9es collect\u00e9es :<\/p>\n<ul>\n<li>vous permet de g\u00e9rer votre demande d&rsquo;inscription au site et votre compte, ainsi que votre demande de participation \u00e0 des \u00e9v\u00e9nements organis\u00e9s par le responsable du traitement<\/li>\n<li>peut \u00eatre utilis\u00e9 pour v\u00e9rifier votre identit\u00e9, faciliter l&rsquo;identification de l&rsquo;utilisateur<\/li>\n<li>peut \u00eatre utilis\u00e9e \u00e0 des fins de marketing (lettres d&rsquo;information comprenant des informations commerciales et promotionnelles)<\/li>\n<li>peuvent \u00eatre trait\u00e9es \u00e0 des fins statistiques, de mani\u00e8re anonyme et agr\u00e9g\u00e9e sur l&rsquo;utilisation du site et afin d&rsquo;en v\u00e9rifier le bon fonctionnement.<\/li>\n<\/ul>\n<p> <\/p>\n<p><strong>l&rsquo;utilisation des m\u00e9dias sociaux<\/strong><\/p>\n<p> <\/p>\n<p>veuillez noter qu&rsquo;il est possible de participer \u00e0 la plateforme du responsable du traitement des donn\u00e9es qui fournit des m\u00e9dias sociaux propri\u00e9taires (plateforme de m\u00e9dias sociaux) qui ont \u00e9t\u00e9 mis \u00e0 votre disposition. l&rsquo;objectif principal de ce m\u00e9dia social est de faciliter et de permettre le partage de contenu. toutefois, le responsable du traitement ne peut \u00eatre tenu pour responsable si des donn\u00e9es \u00e0 caract\u00e8re personnel sont partag\u00e9es dans les m\u00e9dias sociaux susmentionn\u00e9s et qu&rsquo;elles sont ensuite utilis\u00e9es de mani\u00e8re abusive ou inappropri\u00e9e par des tiers.<\/p>\n<p> <\/p>\n<p>proc\u00e9dures de traitement et protection des donn\u00e9es &#8211; les donn\u00e9es personnelles des personnes concern\u00e9es seront trait\u00e9es sur support papier et\/ou \u00e9lectronique, pendant la dur\u00e9e n\u00e9cessaire \u00e0 la r\u00e9alisation de l&rsquo;objectif pour lequel elles ont \u00e9t\u00e9 collect\u00e9es et en adoptant des mesures de s\u00e9curit\u00e9 ad\u00e9quates pour pr\u00e9venir la destruction ou la perte des donn\u00e9es, les \u00e9ventuelles utilisations non autoris\u00e9es et les acc\u00e8s non autoris\u00e9s, conform\u00e9ment \u00e0 l&rsquo;article 13\/2023\/N\u0110-CP.<\/p>\n<p> <\/p>\n<p>vos donn\u00e9es ne seront en aucun cas diffus\u00e9es et ne pourront \u00eatre communiqu\u00e9es qu&rsquo;\u00e0 des tiers dont l&rsquo;activit\u00e9 est n\u00e9cessaire et li\u00e9e aux finalit\u00e9s vis\u00e9es dans la pr\u00e9sente d\u00e9claration, tels que : les autorit\u00e9s administratives et judiciaires comp\u00e9tentes pour demander et obtenir des informations vous concernant ; les autorit\u00e9s publiques ou les organismes publics ; les sujets qui effectuent ou distribuent des services bancaires, financiers et d&rsquo;assurance, des activit\u00e9s d&rsquo;archivage, d&rsquo;assistance et de conseil, d&rsquo;impression, d&#8217;emballage, de transport et de gestion des communications avec la personne concern\u00e9e ; les sujets qui fournissent des services de gestion du syst\u00e8me d&rsquo;information du responsable du traitement et des r\u00e9seaux de t\u00e9l\u00e9communications ; les soci\u00e9t\u00e9s appartenant au responsable du traitement ou coop\u00e9rant avec lui, \u00e9galement situ\u00e9es \u00e0 l&rsquo;\u00e9tranger, au Vietnam et dans des pays non vietnamiens, ou les tiers de confiance externes, op\u00e9rant \u00e9galement \u00e0 l&rsquo;\u00e9tranger et n&rsquo;appartenant pas au responsable du traitement, qui exercent les m\u00eames activit\u00e9s de nature technique et organisationnelle, de conseil, de contr\u00f4le et d&rsquo;information.<\/p>\n<p> <\/p>\n<p><strong>droits de la personne concern\u00e9e<\/strong><\/p>\n<p> <\/p>\n<p>en tant que personne concern\u00e9e par le traitement, vous pouvez \u00e0 tout moment exercer les droits vis\u00e9s aux articles 13\/2023\/N\u0110-CP. En particulier, vous pouvez demander au responsable du traitement de confirmer l&rsquo;existence ou l&rsquo;inexistence de donn\u00e9es \u00e0 caract\u00e8re personnel vous concernant, l&rsquo;acc\u00e8s aux donn\u00e9es \u00e0 caract\u00e8re personnel et leur rectification ou leur effacement ou la limitation du traitement qui vous concerne ou vous opposer au traitement, en plus du droit \u00e0 la portabilit\u00e9 des donn\u00e9es et du droit d&rsquo;introduire une r\u00e9clamation aupr\u00e8s d&rsquo;une autorit\u00e9 de contr\u00f4le. vous pourrez obtenir des informations sur la source d&rsquo;o\u00f9 proviennent les donn\u00e9es \u00e0 caract\u00e8re personnel et, le cas \u00e9ch\u00e9ant, sur la possibilit\u00e9 que les donn\u00e9es proviennent de sources accessibles au public. en outre, si le traitement est fond\u00e9 sur un consentement explicite, la personne concern\u00e9e a le droit de retirer ce consentement \u00e0 tout moment, sans pr\u00e9judice de la l\u00e9galit\u00e9 du traitement fond\u00e9 sur le consentement donn\u00e9 avant la r\u00e9vocation. Les demandes doivent \u00eatre adress\u00e9es au responsable du traitement des donn\u00e9es, \u00e0 l&rsquo;adresse \u00e9lectronique marketing@harmoor.com.<\/p>\n<p> <\/p>\n<p><strong>copyright \u00a9 2018, harmoor furniture tous droits r\u00e9serv\u00e9s.<\/strong><\/p>\n<p> <\/p>\n<p>tous les droits relatifs \u00e0 ce site sont r\u00e9serv\u00e9s en vertu de la loi en vigueur. tous les droits sur les bases de donn\u00e9es sont r\u00e9serv\u00e9s. la traduction, l&rsquo;adaptation, le traitement ou la reproduction, totale ou partielle, par quelque moyen que ce soit (y compris le stockage \u00e9lectronique), de tout \u00e9l\u00e9ment figurant sur ce site est r\u00e9serv\u00e9e \u00e0 tous les pays.<\/p>\n<p><br>la reproduction et la distribution totales ou partielles de tout mat\u00e9riel contenu sur ce site, y compris son encadrement, les moyens analogues de reproduction et le stockage num\u00e9rique sont express\u00e9ment interdits en l&rsquo;absence d&rsquo;autorisation \u00e9crite de harmoor furniture, sauf pour ceux qui en ont le droit.<\/p>\n<p> <\/p>\n<p>le contenu de ce site (y compris, mais sans s&rsquo;y limiter, le texte, les logos, les ic\u00f4nes, les images, les graphiques, les sons, les programmes informatiques et les bases de donn\u00e9es) ainsi que la mani\u00e8re dont le contenu est pr\u00e9sent\u00e9 et format\u00e9 (pr\u00e9sentation graphique) sont la propri\u00e9t\u00e9 exclusive de harmoor furniture et sont prot\u00e9g\u00e9s par le droit vietnamien et international de la propri\u00e9t\u00e9 intellectuelle.<\/p>\n<p> <\/p>\n<p>si du mat\u00e9riel soumis au droit d&rsquo;auteur ou en violation de la loi a \u00e9t\u00e9 publi\u00e9 involontairement, nous demandons aux utilisateurs de le communiquer \u00e0 harmoor furniture, qui s&rsquo;engage \u00e0 retirer imm\u00e9diatement de ses fichiers \u00e9lectroniques le mat\u00e9riel r\u00e9alis\u00e9 en violation des lois sur la propri\u00e9t\u00e9 intellectuelle, d\u00e8s qu&rsquo;il aura connaissance de la violation.<\/p>\n<p> <\/p>\n<p><strong>marques et droits de propri\u00e9t\u00e9 intellectuelle<\/strong><\/p>\n<p> <\/p>\n<p>www.harmoor.com et les noms des produits, services, graphiques et logos sont des marques d\u00e9pos\u00e9es de la soci\u00e9t\u00e9 harmoor est une marque d\u00e9pos\u00e9e appartenant \u00e0 harmoor vietnam les autres noms de produits, services ou soci\u00e9t\u00e9s mentionn\u00e9s peuvent \u00eatre des marques d\u00e9pos\u00e9es de leurs propri\u00e9taires respectifs. ils sont prot\u00e9g\u00e9s par le droit vietnamien et international de la propri\u00e9t\u00e9 intellectuelle.<\/p>\n<p> <\/p>\n<p><strong>avis<\/strong><\/p>\n<p> <\/p>\n<p>les informations contenues dans ce site peuvent contenir des inexactitudes techniques, des omissions ou des erreurs typographiques. les informations sont susceptibles d&rsquo;\u00eatre modifi\u00e9es ou mises \u00e0 jour sans pr\u00e9avis. en outre, harmoor furniture se r\u00e9serve le droit d&rsquo;apporter, sans pr\u00e9avis et \u00e0 tout moment, des modifications et\/ou des am\u00e9liorations aux pr\u00e9sentes notes et m\u00e9thodes d&rsquo;utilisation ainsi qu&rsquo;aux services, produits et\/ou programmes d\u00e9crits sur ce site.<br><br>version 08\/2018<\/p>\n<p> <\/p>\n<p><a href=\"https:\/\/policies.google.com\/technologies\/cookies?hl=en#how-google-uses-cookies\">voir plus d&rsquo;informations sur les cookies<\/a><\/p>\n<p> <\/p>\t\t\t\t\t\t\t\t<\/div>\n\t\t\t\t<\/div>\n\t\t\t\t\t<\/div>\n\t\t<\/div>\n\t\t\t\t\t<\/div>\n\t\t<\/section>\n\t\t\t\t<\/div>\n\t\t","protected":false},"excerpt":{"rendered":"<p>divulgation de la vie priv\u00e9e &nbsp; conform\u00e9ment au d\u00e9cret l\u00e9gislatif 13\/2023\/N\u0110-CP (code de protection des donn\u00e9es personnelles) et au r\u00e8glement relatif \u00e0 la protection des personnes physiques \u00e0 l&rsquo;\u00e9gard du traitement des donn\u00e9es \u00e0 caract\u00e8re personnel et \u00e0 la libre circulation de ces donn\u00e9es, ainsi qu&rsquo;\u00e0 leurs modifications ult\u00e9rieures. &nbsp; la soci\u00e9t\u00e9 harmoor vietnam dont [&hellip;]<\/p>\n","protected":false},"author":4,"featured_media":0,"parent":0,"menu_order":0,"comment_status":"closed","ping_status":"closed","template":"page-templates\/homepage-v2.php","meta":{"footnotes":""},"class_list":["post-19855","page","type-page","status-publish","hentry"],"_links":{"self":[{"href":"https:\/\/harmoor.com\/fr\/wp-json\/wp\/v2\/pages\/19855","targetHints":{"allow":["GET"]}}],"collection":[{"href":"https:\/\/harmoor.com\/fr\/wp-json\/wp\/v2\/pages"}],"about":[{"href":"https:\/\/harmoor.com\/fr\/wp-json\/wp\/v2\/types\/page"}],"author":[{"embeddable":true,"href":"https:\/\/harmoor.com\/fr\/wp-json\/wp\/v2\/users\/4"}],"replies":[{"embeddable":true,"href":"https:\/\/harmoor.com\/fr\/wp-json\/wp\/v2\/comments?post=19855"}],"version-history":[{"count":0,"href":"https:\/\/harmoor.com\/fr\/wp-json\/wp\/v2\/pages\/19855\/revisions"}],"wp:attachment":[{"href":"https:\/\/harmoor.com\/fr\/wp-json\/wp\/v2\/media?parent=19855"}],"curies":[{"name":"wp","href":"https:\/\/api.w.org\/{rel}","templated":true}]}}