{"id":17794,"date":"2023-06-22T14:48:43","date_gmt":"2023-06-22T06:48:43","guid":{"rendered":"https:\/\/harmoor.com\/fabrique-au-vietnam\/"},"modified":"2023-07-06T15:50:17","modified_gmt":"2023-07-06T07:50:17","slug":"fabrique-au-vietnam","status":"publish","type":"page","link":"https:\/\/harmoor.com\/fr\/fabrique-au-vietnam\/","title":{"rendered":"Fabriqu\u00e9 au Vietnam"},"content":{"rendered":"\t\t<div data-elementor-type=\"wp-page\" data-elementor-id=\"17794\" class=\"elementor elementor-17794 elementor-16682\">\n\t\t\t\t\t\t<section class=\"elementor-section elementor-top-section elementor-element elementor-element-2af834b elementor-section-full_width elementor-section-height-default elementor-section-height-default\" data-id=\"2af834b\" data-element_type=\"section\">\n\t\t\t\t\t\t<div class=\"elementor-container elementor-column-gap-default\">\n\t\t\t\t\t<div class=\"elementor-column elementor-col-100 elementor-top-column elementor-element elementor-element-b0bb8c0\" data-id=\"b0bb8c0\" data-element_type=\"column\">\n\t\t\t<div class=\"elementor-widget-wrap elementor-element-populated\">\n\t\t\t\t\t\t<div class=\"elementor-element elementor-element-14f7948 elementor-widget elementor-widget-image\" data-id=\"14f7948\" data-element_type=\"widget\" data-widget_type=\"image.default\">\n\t\t\t\t<div class=\"elementor-widget-container\">\n\t\t\t\t\t\t\t\t\t\t\t\t\t\t\t<img fetchpriority=\"high\" decoding=\"async\" width=\"1920\" height=\"815\" src=\"https:\/\/harmoor.com\/wp-content\/uploads\/2023\/06\/the-value-of-vietnam-production-1.webp\" class=\"attachment-full size-full wp-image-17206\" alt=\"the value of vietnam production (1)\" \/>\t\t\t\t\t\t\t\t\t\t\t\t\t\t\t<\/div>\n\t\t\t\t<\/div>\n\t\t\t\t\t<\/div>\n\t\t<\/div>\n\t\t\t\t\t<\/div>\n\t\t<\/section>\n\t\t\t\t<section class=\"elementor-section elementor-top-section elementor-element elementor-element-b27390b elementor-section-boxed elementor-section-height-default elementor-section-height-default\" data-id=\"b27390b\" data-element_type=\"section\">\n\t\t\t\t\t\t<div class=\"elementor-container elementor-column-gap-default\">\n\t\t\t\t\t<div class=\"elementor-column elementor-col-100 elementor-top-column elementor-element elementor-element-4e90b36\" data-id=\"4e90b36\" data-element_type=\"column\">\n\t\t\t<div class=\"elementor-widget-wrap elementor-element-populated\">\n\t\t\t\t\t\t<section class=\"elementor-section elementor-inner-section elementor-element elementor-element-05a2b2d elementor-section-boxed elementor-section-height-default elementor-section-height-default\" data-id=\"05a2b2d\" data-element_type=\"section\">\n\t\t\t\t\t\t<div class=\"elementor-container elementor-column-gap-default\">\n\t\t\t\t\t<div class=\"elementor-column elementor-col-50 elementor-inner-column elementor-element elementor-element-bfe33f3\" data-id=\"bfe33f3\" data-element_type=\"column\">\n\t\t\t<div class=\"elementor-widget-wrap elementor-element-populated\">\n\t\t\t\t\t\t<div class=\"elementor-element elementor-element-ec8e406 elementor-widget elementor-widget-text-editor\" data-id=\"ec8e406\" data-element_type=\"widget\" data-widget_type=\"text-editor.default\">\n\t\t\t\t<div class=\"elementor-widget-container\">\n\t\t\t\t\t\t\t\t\t<p><strong>Le caract\u00e8re unique de la \u00ab\u00a0mani\u00e8re italienne\u00a0\u00bb dans Harmoor<\/strong> r\u00e9side dans la capacit\u00e9 \u00e0 combiner la richesse humaine, l&rsquo;excellence esth\u00e9tique, le savoir-faire, la technologie, l&rsquo;artisanat de premier ordre et une culture de projet nourrie par un \u00e9change ouvert entre les entrepreneurs et les concepteurs. Le patrimoine de production de classe mondiale de l&rsquo;Italie d\u00e9coule d&rsquo;un lien profond entre la <strong>qualit\u00e9 et la recherche.<\/strong><\/p>\n<p>La philosophie d&rsquo;Harmoor a toujours \u00e9t\u00e9 de soutenir la valeur des entreprises vietnamiennes, un h\u00e9ritage qui, bien qu&rsquo;historiquement enracin\u00e9, doit \u00eatre continuellement soutenu et entretenu. C&rsquo;est la raison pour laquelle il a \u00e9t\u00e9 d\u00e9cid\u00e9 de <strong>produire chaque composant en interne<\/strong>, sur les deux sites de production de Dong Phu et Binh Phuoc. L&rsquo;objectif est de garantir aux clients un niveau de qualit\u00e9 \u00e9lev\u00e9, assur\u00e9 par des contr\u00f4les complets tout au long de la cha\u00eene de production.<\/p>\t\t\t\t\t\t\t\t<\/div>\n\t\t\t\t<\/div>\n\t\t\t\t\t<\/div>\n\t\t<\/div>\n\t\t\t\t<div class=\"elementor-column elementor-col-50 elementor-inner-column elementor-element elementor-element-df0cf00\" data-id=\"df0cf00\" data-element_type=\"column\">\n\t\t\t<div class=\"elementor-widget-wrap elementor-element-populated\">\n\t\t\t\t\t\t<div class=\"elementor-element elementor-element-f8ebfd0 elementor-widget__width-initial elementor-absolute premium-floating-effects-yes elementor-widget elementor-widget-image\" data-id=\"f8ebfd0\" data-element_type=\"widget\" data-settings=\"{&quot;_position&quot;:&quot;absolute&quot;,&quot;premium_fe_translate_switcher&quot;:&quot;yes&quot;,&quot;premium_fe_Xtranslate&quot;:{&quot;unit&quot;:&quot;px&quot;,&quot;size&quot;:&quot;&quot;,&quot;sizes&quot;:{&quot;from&quot;:0,&quot;to&quot;:5}},&quot;premium_fe_Xtranslate_tablet&quot;:{&quot;unit&quot;:&quot;px&quot;,&quot;size&quot;:&quot;&quot;,&quot;sizes&quot;:[]},&quot;premium_fe_Xtranslate_mobile&quot;:{&quot;unit&quot;:&quot;px&quot;,&quot;size&quot;:&quot;&quot;,&quot;sizes&quot;:[]},&quot;premium_fe_Ytranslate&quot;:{&quot;unit&quot;:&quot;px&quot;,&quot;size&quot;:&quot;&quot;,&quot;sizes&quot;:{&quot;from&quot;:0,&quot;to&quot;:5}},&quot;premium_fe_Ytranslate_tablet&quot;:{&quot;unit&quot;:&quot;px&quot;,&quot;size&quot;:&quot;&quot;,&quot;sizes&quot;:[]},&quot;premium_fe_Ytranslate_mobile&quot;:{&quot;unit&quot;:&quot;px&quot;,&quot;size&quot;:&quot;&quot;,&quot;sizes&quot;:[]},&quot;premium_fe_trans_duration&quot;:{&quot;unit&quot;:&quot;px&quot;,&quot;size&quot;:1000,&quot;sizes&quot;:[]},&quot;premium_fe_trans_delay&quot;:{&quot;unit&quot;:&quot;px&quot;,&quot;size&quot;:&quot;&quot;,&quot;sizes&quot;:[]},&quot;premium_fe_direction&quot;:&quot;alternate&quot;,&quot;premium_fe_loop&quot;:&quot;default&quot;,&quot;premium_fe_easing&quot;:&quot;easeInOutSine&quot;}\" data-widget_type=\"image.default\">\n\t\t\t\t<div class=\"elementor-widget-container\">\n\t\t\t\t\t\t\t\t\t\t\t\t\t\t\t<img decoding=\"async\" width=\"364\" height=\"364\" src=\"https:\/\/harmoor.com\/wp-content\/uploads\/2023\/06\/100_-made-in-harmoor.webp\" class=\"attachment-full size-full wp-image-17218\" alt=\"100_ made in harmoor\" \/>\t\t\t\t\t\t\t\t\t\t\t\t\t\t\t<\/div>\n\t\t\t\t<\/div>\n\t\t\t\t<div class=\"elementor-element elementor-element-c08a5c5 elementor-widget elementor-widget-image\" data-id=\"c08a5c5\" data-element_type=\"widget\" data-widget_type=\"image.default\">\n\t\t\t\t<div class=\"elementor-widget-container\">\n\t\t\t\t\t\t\t\t\t\t\t\t\t\t\t<img decoding=\"async\" width=\"800\" height=\"1024\" src=\"https:\/\/harmoor.com\/wp-content\/uploads\/2023\/06\/model-circus-800x1024.webp\" class=\"attachment-large size-large wp-image-17212\" alt=\"model circus\" \/>\t\t\t\t\t\t\t\t\t\t\t\t\t\t\t<\/div>\n\t\t\t\t<\/div>\n\t\t\t\t\t<\/div>\n\t\t<\/div>\n\t\t\t\t\t<\/div>\n\t\t<\/section>\n\t\t\t\t\t<\/div>\n\t\t<\/div>\n\t\t\t\t\t<\/div>\n\t\t<\/section>\n\t\t\t\t<section class=\"elementor-section elementor-top-section elementor-element elementor-element-4079a59 elementor-reverse-mobile elementor-section-boxed elementor-section-height-default elementor-section-height-default\" data-id=\"4079a59\" data-element_type=\"section\">\n\t\t\t\t\t\t<div class=\"elementor-container elementor-column-gap-default\">\n\t\t\t\t\t<div class=\"elementor-column elementor-col-50 elementor-top-column elementor-element elementor-element-ccb423f\" data-id=\"ccb423f\" data-element_type=\"column\">\n\t\t\t<div class=\"elementor-widget-wrap elementor-element-populated\">\n\t\t\t\t\t\t<div class=\"elementor-element elementor-element-3be1e6b elementor-widget__width-initial elementor-widget-mobile__width-initial elementor-absolute premium-floating-effects-yes elementor-widget elementor-widget-image\" data-id=\"3be1e6b\" data-element_type=\"widget\" data-settings=\"{&quot;_position&quot;:&quot;absolute&quot;,&quot;premium_fe_scale_switcher&quot;:&quot;yes&quot;,&quot;premium_fe_Xscale&quot;:{&quot;unit&quot;:&quot;px&quot;,&quot;size&quot;:&quot;&quot;,&quot;sizes&quot;:{&quot;from&quot;:1,&quot;to&quot;:1.1}},&quot;premium_fe_Yscale&quot;:{&quot;unit&quot;:&quot;px&quot;,&quot;size&quot;:&quot;&quot;,&quot;sizes&quot;:{&quot;from&quot;:1,&quot;to&quot;:1.1}},&quot;premium_fe_scale_duration&quot;:{&quot;unit&quot;:&quot;px&quot;,&quot;size&quot;:4000,&quot;sizes&quot;:[]},&quot;premium_fe_Xscale_tablet&quot;:{&quot;unit&quot;:&quot;px&quot;,&quot;size&quot;:&quot;&quot;,&quot;sizes&quot;:[]},&quot;premium_fe_Xscale_mobile&quot;:{&quot;unit&quot;:&quot;px&quot;,&quot;size&quot;:&quot;&quot;,&quot;sizes&quot;:[]},&quot;premium_fe_Yscale_tablet&quot;:{&quot;unit&quot;:&quot;px&quot;,&quot;size&quot;:&quot;&quot;,&quot;sizes&quot;:[]},&quot;premium_fe_Yscale_mobile&quot;:{&quot;unit&quot;:&quot;px&quot;,&quot;size&quot;:&quot;&quot;,&quot;sizes&quot;:[]},&quot;premium_fe_scale_delay&quot;:{&quot;unit&quot;:&quot;px&quot;,&quot;size&quot;:&quot;&quot;,&quot;sizes&quot;:[]},&quot;premium_fe_direction&quot;:&quot;alternate&quot;,&quot;premium_fe_loop&quot;:&quot;default&quot;,&quot;premium_fe_easing&quot;:&quot;easeInOutSine&quot;}\" data-widget_type=\"image.default\">\n\t\t\t\t<div class=\"elementor-widget-container\">\n\t\t\t\t\t\t\t\t\t\t\t\t\t\t\t<img loading=\"lazy\" decoding=\"async\" width=\"364\" height=\"364\" src=\"https:\/\/harmoor.com\/wp-content\/uploads\/2023\/06\/italian-design-and-technology.webp\" class=\"attachment-full size-full wp-image-17224\" alt=\"italian design and technology\" \/>\t\t\t\t\t\t\t\t\t\t\t\t\t\t\t<\/div>\n\t\t\t\t<\/div>\n\t\t\t\t<div class=\"elementor-element elementor-element-987553d elementor-widget elementor-widget-image\" data-id=\"987553d\" data-element_type=\"widget\" data-widget_type=\"image.default\">\n\t\t\t\t<div class=\"elementor-widget-container\">\n\t\t\t\t\t\t\t\t\t\t\t\t\t\t\t<img loading=\"lazy\" decoding=\"async\" width=\"696\" height=\"598\" src=\"https:\/\/harmoor.com\/wp-content\/uploads\/2023\/06\/chair-gaia11.webp\" class=\"attachment-large size-large wp-image-17103\" alt=\"chair gaia11\" \/>\t\t\t\t\t\t\t\t\t\t\t\t\t\t\t<\/div>\n\t\t\t\t<\/div>\n\t\t\t\t\t<\/div>\n\t\t<\/div>\n\t\t\t\t<div class=\"elementor-column elementor-col-50 elementor-top-column elementor-element elementor-element-0c3ea79\" data-id=\"0c3ea79\" data-element_type=\"column\">\n\t\t\t<div class=\"elementor-widget-wrap elementor-element-populated\">\n\t\t\t\t\t\t<div class=\"elementor-element elementor-element-273c838 elementor-widget elementor-widget-text-editor\" data-id=\"273c838\" data-element_type=\"widget\" data-widget_type=\"text-editor.default\">\n\t\t\t\t<div class=\"elementor-widget-container\">\n\t\t\t\t\t\t\t\t\t<p>La valeur de la production Harmoor affecte chaque \u00e9l\u00e9ment de la cha\u00eene d&rsquo;approvisionnement: <strong>des mati\u00e8res premi\u00e8res aux installations et \u00e9quipements<\/strong>, en passant par la transformation, qui est effectu\u00e9e en interne. Ce qui fait de l&rsquo;entreprise un excellent interpr\u00e8te du design industriel contemporain, c&rsquo;est l&rsquo;attention port\u00e9e aux contr\u00f4les de qualit\u00e9 approfondis tout au long du processus de production, la s\u00e9lection de mat\u00e9riaux de premi\u00e8re qualit\u00e9, la passion absolue pour les machines les plus avanc\u00e9es, la recherche consciente de technologies et de mati\u00e8res premi\u00e8res italiennes, la planification m\u00e9ticuleuse de chaque phase, typique des artisans, la lutte contre le gaspillage et le superflu, et un profond sens de la communaut\u00e9.<\/p>\n\t\t\t\t\t\t\t\t<\/div>\n\t\t\t\t<\/div>\n\t\t\t\t\t<\/div>\n\t\t<\/div>\n\t\t\t\t\t<\/div>\n\t\t<\/section>\n\t\t\t\t<section class=\"elementor-section elementor-top-section elementor-element elementor-element-914854a elementor-section-boxed elementor-section-height-default elementor-section-height-default\" data-id=\"914854a\" data-element_type=\"section\">\n\t\t\t\t\t\t<div class=\"elementor-container elementor-column-gap-default\">\n\t\t\t\t\t<div class=\"elementor-column elementor-col-50 elementor-top-column elementor-element elementor-element-e27a09f\" data-id=\"e27a09f\" data-element_type=\"column\">\n\t\t\t<div class=\"elementor-widget-wrap elementor-element-populated\">\n\t\t\t\t\t\t<div class=\"elementor-element elementor-element-560f1cc elementor-widget elementor-widget-text-editor\" data-id=\"560f1cc\" data-element_type=\"widget\" data-widget_type=\"text-editor.default\">\n\t\t\t\t<div class=\"elementor-widget-container\">\n\t\t\t\t\t\t\t\t\t<p><span style=\"font-size: 32px;\"><strong>Design italien<\/strong><\/span><\/p>\n<p>Avec un site de production \u00e0 Binh Phuoc, au Vietnam. Harmoor perp\u00e9tue la tradition d&rsquo;une terre aux fortes tendances commerciales et industrielles, concentr\u00e9e dans le triangle Binh Duong &#8211; Binh Phuoc &#8211; Tay Ninh.<\/p>\n<p>Avec l&rsquo;inauguration de son site de production \u00e0 Binh Phuoc, au Vietnam, en 2018, l&rsquo;entreprise a d\u00e9montr\u00e9 une profonde confiance dans son savoir-faire et sa main-d&rsquo;\u0153uvre locale, \u00e0 un moment o\u00f9 la crise fragilisait consid\u00e9rablement ses activit\u00e9s. et la tendance \u00e0 la d\u00e9localisation de la production \u00e0 l&rsquo;\u00e9tranger. Au lieu de cela, Harmoor s&rsquo;est tourn\u00e9 vers des conceptions italiennes pour se lancer dans la production de plastique de haute qualit\u00e9.<\/p>\t\t\t\t\t\t\t\t<\/div>\n\t\t\t\t<\/div>\n\t\t\t\t\t<\/div>\n\t\t<\/div>\n\t\t\t\t<div class=\"elementor-column elementor-col-50 elementor-top-column elementor-element elementor-element-3d02771\" data-id=\"3d02771\" data-element_type=\"column\">\n\t\t\t<div class=\"elementor-widget-wrap elementor-element-populated\">\n\t\t\t\t\t\t<div class=\"elementor-element elementor-element-b2427e5 elementor-widget elementor-widget-image\" data-id=\"b2427e5\" data-element_type=\"widget\" data-widget_type=\"image.default\">\n\t\t\t\t<div class=\"elementor-widget-container\">\n\t\t\t\t\t\t\t\t\t\t\t\t\t\t\t<img loading=\"lazy\" decoding=\"async\" width=\"950\" height=\"1024\" src=\"https:\/\/harmoor.com\/wp-content\/uploads\/2023\/06\/gaia-950x1024.webp\" class=\"attachment-large size-large wp-image-17230\" alt=\"gaia\" \/>\t\t\t\t\t\t\t\t\t\t\t\t\t\t\t<\/div>\n\t\t\t\t<\/div>\n\t\t\t\t<div class=\"elementor-element elementor-element-5a93165 elementor-widget__width-initial elementor-widget-tablet__width-initial elementor-widget-mobile__width-initial elementor-absolute elementor-widget elementor-widget-image\" data-id=\"5a93165\" data-element_type=\"widget\" data-settings=\"{&quot;_position&quot;:&quot;absolute&quot;}\" data-widget_type=\"image.default\">\n\t\t\t\t<div class=\"elementor-widget-container\">\n\t\t\t\t\t\t\t\t\t\t\t\t\t\t\t<img decoding=\"async\" src=\"https:\/\/lh3.googleusercontent.com\/pw\/AJFCJaXm40k7E8zQaTnv7-hk8JCRzguWpFYHwAMP0crzFYdEVIalispG2Cg9b5HzkZTURIMUuGEp83DVf-U_kzhEvll65JX_Q7uGIX_F9UaNzZZBLe4SpfE=w2400\" title=\"\" alt=\"a guarantee of quality\" loading=\"lazy\" \/>\t\t\t\t\t\t\t\t\t\t\t\t\t\t\t<\/div>\n\t\t\t\t<\/div>\n\t\t\t\t\t<\/div>\n\t\t<\/div>\n\t\t\t\t\t<\/div>\n\t\t<\/section>\n\t\t\t\t<section class=\"elementor-section elementor-top-section elementor-element elementor-element-b869c16 elementor-section-boxed elementor-section-height-default elementor-section-height-default\" data-id=\"b869c16\" data-element_type=\"section\">\n\t\t\t\t\t\t<div class=\"elementor-container elementor-column-gap-default\">\n\t\t\t\t\t<div class=\"elementor-column elementor-col-100 elementor-top-column elementor-element elementor-element-d59f195\" data-id=\"d59f195\" data-element_type=\"column\">\n\t\t\t<div class=\"elementor-widget-wrap elementor-element-populated\">\n\t\t\t\t\t\t<div class=\"elementor-element elementor-element-8e6b09a elementor-widget elementor-widget-text-editor\" data-id=\"8e6b09a\" data-element_type=\"widget\" data-widget_type=\"text-editor.default\">\n\t\t\t\t<div class=\"elementor-widget-container\">\n\t\t\t\t\t\t\t\t\t<p style=\"text-align: center;\"><span style=\"font-size: 32px;\"><strong>exposition<\/strong><\/span><\/p>\n<p><strong>Depuis 2018<\/strong>, Harmoor participe aux expositions internationales du Vietnam, de l&rsquo;Indon\u00e9sie, de l&rsquo;Inde&#8230;, les plus grands salons de l&rsquo;ameublement au monde. Chaque ann\u00e9e, elle pr\u00e9sente de nouveaux produits, des collections enti\u00e8res et des extensions de gamme r\u00e9sultant de collaborations fructueuses avec nos designers italiens.<\/p>\t\t\t\t\t\t\t\t<\/div>\n\t\t\t\t<\/div>\n\t\t\t\t\t<\/div>\n\t\t<\/div>\n\t\t\t\t\t<\/div>\n\t\t<\/section>\n\t\t\t\t<section class=\"elementor-section elementor-top-section elementor-element elementor-element-6469add elementor-section-boxed elementor-section-height-default elementor-section-height-default\" data-id=\"6469add\" data-element_type=\"section\">\n\t\t\t\t\t\t<div class=\"elementor-container elementor-column-gap-default\">\n\t\t\t\t\t<div class=\"elementor-column elementor-col-33 elementor-top-column elementor-element elementor-element-a0e7929\" data-id=\"a0e7929\" data-element_type=\"column\">\n\t\t\t<div class=\"elementor-widget-wrap elementor-element-populated\">\n\t\t\t\t\t\t<div class=\"elementor-element elementor-element-5a58adb elementor-widget elementor-widget-image\" data-id=\"5a58adb\" data-element_type=\"widget\" data-widget_type=\"image.default\">\n\t\t\t\t<div class=\"elementor-widget-container\">\n\t\t\t\t\t\t\t\t\t\t\t\t\t\t\t<img loading=\"lazy\" decoding=\"async\" width=\"768\" height=\"1024\" src=\"https:\/\/harmoor.com\/wp-content\/uploads\/2023\/06\/exhibition-3-768x1024.webp\" class=\"attachment-large size-large wp-image-17248\" alt=\"Harmoor Furniture\" \/>\t\t\t\t\t\t\t\t\t\t\t\t\t\t\t<\/div>\n\t\t\t\t<\/div>\n\t\t\t\t\t<\/div>\n\t\t<\/div>\n\t\t\t\t<div class=\"elementor-column elementor-col-33 elementor-top-column elementor-element elementor-element-41a59d0\" data-id=\"41a59d0\" data-element_type=\"column\">\n\t\t\t<div class=\"elementor-widget-wrap elementor-element-populated\">\n\t\t\t\t\t\t<div class=\"elementor-element elementor-element-e788b40 elementor-widget elementor-widget-image\" data-id=\"e788b40\" data-element_type=\"widget\" data-widget_type=\"image.default\">\n\t\t\t\t<div class=\"elementor-widget-container\">\n\t\t\t\t\t\t\t\t\t\t\t\t\t\t\t<img loading=\"lazy\" decoding=\"async\" width=\"768\" height=\"1024\" src=\"https:\/\/harmoor.com\/wp-content\/uploads\/2023\/06\/exhibition-2-768x1024.webp\" class=\"attachment-large size-large wp-image-17242\" alt=\"exhibition (2)\" \/>\t\t\t\t\t\t\t\t\t\t\t\t\t\t\t<\/div>\n\t\t\t\t<\/div>\n\t\t\t\t\t<\/div>\n\t\t<\/div>\n\t\t\t\t<div class=\"elementor-column elementor-col-33 elementor-top-column elementor-element elementor-element-2149341\" data-id=\"2149341\" data-element_type=\"column\">\n\t\t\t<div class=\"elementor-widget-wrap elementor-element-populated\">\n\t\t\t\t\t\t<div class=\"elementor-element elementor-element-e5ba08e elementor-widget elementor-widget-image\" data-id=\"e5ba08e\" data-element_type=\"widget\" data-widget_type=\"image.default\">\n\t\t\t\t<div class=\"elementor-widget-container\">\n\t\t\t\t\t\t\t\t\t\t\t\t\t\t\t<img loading=\"lazy\" decoding=\"async\" width=\"768\" height=\"1024\" src=\"https:\/\/harmoor.com\/wp-content\/uploads\/2023\/06\/exhibition-1-768x1024.webp\" class=\"attachment-large size-large wp-image-17236\" alt=\"exhibition (1)\" \/>\t\t\t\t\t\t\t\t\t\t\t\t\t\t\t<\/div>\n\t\t\t\t<\/div>\n\t\t\t\t\t<\/div>\n\t\t<\/div>\n\t\t\t\t\t<\/div>\n\t\t<\/section>\n\t\t\t\t<\/div>\n\t\t","protected":false},"excerpt":{"rendered":"<p>Le caract\u00e8re unique de la \u00ab\u00a0mani\u00e8re italienne\u00a0\u00bb dans Harmoor r\u00e9side dans la capacit\u00e9 \u00e0 combiner la richesse humaine, l&rsquo;excellence esth\u00e9tique, le savoir-faire, la technologie, l&rsquo;artisanat de premier ordre et une culture de projet nourrie par un \u00e9change ouvert entre les entrepreneurs et les concepteurs. Le patrimoine de production de classe mondiale de l&rsquo;Italie d\u00e9coule d&rsquo;un [&hellip;]<\/p>\n","protected":false},"author":4,"featured_media":0,"parent":0,"menu_order":0,"comment_status":"closed","ping_status":"closed","template":"page-templates\/homepage-v2.php","meta":{"footnotes":""},"class_list":["post-17794","page","type-page","status-publish","hentry"],"_links":{"self":[{"href":"https:\/\/harmoor.com\/fr\/wp-json\/wp\/v2\/pages\/17794","targetHints":{"allow":["GET"]}}],"collection":[{"href":"https:\/\/harmoor.com\/fr\/wp-json\/wp\/v2\/pages"}],"about":[{"href":"https:\/\/harmoor.com\/fr\/wp-json\/wp\/v2\/types\/page"}],"author":[{"embeddable":true,"href":"https:\/\/harmoor.com\/fr\/wp-json\/wp\/v2\/users\/4"}],"replies":[{"embeddable":true,"href":"https:\/\/harmoor.com\/fr\/wp-json\/wp\/v2\/comments?post=17794"}],"version-history":[{"count":0,"href":"https:\/\/harmoor.com\/fr\/wp-json\/wp\/v2\/pages\/17794\/revisions"}],"wp:attachment":[{"href":"https:\/\/harmoor.com\/fr\/wp-json\/wp\/v2\/media?parent=17794"}],"curies":[{"name":"wp","href":"https:\/\/api.w.org\/{rel}","templated":true}]}}