{"id":17792,"date":"2023-06-21T15:21:24","date_gmt":"2023-06-21T07:21:24","guid":{"rendered":"https:\/\/harmoor.com\/linnovation\/"},"modified":"2023-07-06T15:49:04","modified_gmt":"2023-07-06T07:49:04","slug":"linnovation","status":"publish","type":"page","link":"https:\/\/harmoor.com\/fr\/linnovation\/","title":{"rendered":"l&rsquo;innovation"},"content":{"rendered":"\t\t<div data-elementor-type=\"wp-page\" data-elementor-id=\"17792\" class=\"elementor elementor-17792 elementor-16586\">\n\t\t\t\t\t\t<section class=\"elementor-section elementor-top-section elementor-element elementor-element-6815511 elementor-section-full_width elementor-section-height-default elementor-section-height-default\" data-id=\"6815511\" data-element_type=\"section\">\n\t\t\t\t\t\t<div class=\"elementor-container elementor-column-gap-default\">\n\t\t\t\t\t<div class=\"elementor-column elementor-col-100 elementor-top-column elementor-element elementor-element-b86314a\" data-id=\"b86314a\" data-element_type=\"column\">\n\t\t\t<div class=\"elementor-widget-wrap elementor-element-populated\">\n\t\t\t\t\t\t<div class=\"elementor-element elementor-element-e7dc934 elementor-widget elementor-widget-image\" data-id=\"e7dc934\" data-element_type=\"widget\" data-widget_type=\"image.default\">\n\t\t\t\t<div class=\"elementor-widget-container\">\n\t\t\t\t\t\t\t\t\t\t\t\t\t\t\t<img fetchpriority=\"high\" decoding=\"async\" width=\"2560\" height=\"1439\" src=\"https:\/\/harmoor.com\/wp-content\/uploads\/2023\/06\/innovation-harmoor-furniture-scaled.webp\" class=\"attachment-full size-full wp-image-17185\" alt=\"innovation-harmoor-furniture\" \/>\t\t\t\t\t\t\t\t\t\t\t\t\t\t\t<\/div>\n\t\t\t\t<\/div>\n\t\t\t\t\t<\/div>\n\t\t<\/div>\n\t\t\t\t\t<\/div>\n\t\t<\/section>\n\t\t\t\t<section class=\"elementor-section elementor-top-section elementor-element elementor-element-66f8932 elementor-section-boxed elementor-section-height-default elementor-section-height-default\" data-id=\"66f8932\" data-element_type=\"section\">\n\t\t\t\t\t\t<div class=\"elementor-container elementor-column-gap-default\">\n\t\t\t\t\t<div class=\"elementor-column elementor-col-100 elementor-top-column elementor-element elementor-element-369258e\" data-id=\"369258e\" data-element_type=\"column\">\n\t\t\t<div class=\"elementor-widget-wrap elementor-element-populated\">\n\t\t\t\t\t\t<div class=\"elementor-element elementor-element-14a1569 elementor-widget elementor-widget-heading\" data-id=\"14a1569\" data-element_type=\"widget\" data-widget_type=\"heading.default\">\n\t\t\t\t<div class=\"elementor-widget-container\">\n\t\t\t\t\t<h2 class=\"elementor-heading-title elementor-size-default\">l'industrie 4.0<\/h2>\t\t\t\t<\/div>\n\t\t\t\t<\/div>\n\t\t\t\t\t<\/div>\n\t\t<\/div>\n\t\t\t\t\t<\/div>\n\t\t<\/section>\n\t\t\t\t<section class=\"elementor-section elementor-top-section elementor-element elementor-element-b3b5420 elementor-section-boxed elementor-section-height-default elementor-section-height-default\" data-id=\"b3b5420\" data-element_type=\"section\">\n\t\t\t\t\t\t<div class=\"elementor-container elementor-column-gap-default\">\n\t\t\t\t\t<div class=\"elementor-column elementor-col-100 elementor-top-column elementor-element elementor-element-55e95a5\" data-id=\"55e95a5\" data-element_type=\"column\">\n\t\t\t<div class=\"elementor-widget-wrap elementor-element-populated\">\n\t\t\t\t\t\t<section class=\"elementor-section elementor-inner-section elementor-element elementor-element-68bdc7d elementor-section-boxed elementor-section-height-default elementor-section-height-default\" data-id=\"68bdc7d\" data-element_type=\"section\">\n\t\t\t\t\t\t<div class=\"elementor-container elementor-column-gap-default\">\n\t\t\t\t\t<div class=\"elementor-column elementor-col-50 elementor-inner-column elementor-element elementor-element-5c1059c\" data-id=\"5c1059c\" data-element_type=\"column\">\n\t\t\t<div class=\"elementor-widget-wrap elementor-element-populated\">\n\t\t\t\t\t\t<div class=\"elementor-element elementor-element-1d6e49a elementor-widget elementor-widget-text-editor\" data-id=\"1d6e49a\" data-element_type=\"widget\" data-widget_type=\"text-editor.default\">\n\t\t\t\t<div class=\"elementor-widget-container\">\n\t\t\t\t\t\t\t\t\t<p><span style=\"font-size: 28px;\"><strong>des usines interconnect\u00e9es<\/strong><\/span><\/p>\n<p>Harmoor est une entreprise de l&rsquo;industrie 4.0 dont les usines sont \u00e9quip\u00e9es de machines interconnect\u00e9es. Chaque ann\u00e9e, une part importante du chiffre d&rsquo;affaires de l&rsquo;entreprise est investie dans <strong>l&rsquo;innovation, la technologie<\/strong>, et la production num\u00e9ris\u00e9e.<\/p>\n<p><br><span style=\"font-size: 28px;\"><strong>l&rsquo;innovation technologique<\/strong><\/span><\/p>\n<p>Chez Harmoor, l&rsquo;innovation est li\u00e9e \u00e0 une connaissance approfondie et de longue date des mati\u00e8res premi\u00e8res, des processus et des solutions technologiques, transformant la conception en <strong>une production industrielle de grande valeur.<\/strong><\/p>\n<p>Des machines technologiquement avanc\u00e9es et l&rsquo;automatisation des processus garantissent <strong>une production<\/strong>, une manutention interne et une livraison plus rapides, ainsi que le respect des d\u00e9lais de livraison. Il en r\u00e9sulte <strong>une plus grande flexibilit\u00e9<\/strong> pour r\u00e9pondre aux exigences des clients, tout en maintenant l&rsquo;accent sur la qualit\u00e9 des produits.<\/p>\t\t\t\t\t\t\t\t<\/div>\n\t\t\t\t<\/div>\n\t\t\t\t\t<\/div>\n\t\t<\/div>\n\t\t\t\t<div class=\"elementor-column elementor-col-50 elementor-inner-column elementor-element elementor-element-15c0a40\" data-id=\"15c0a40\" data-element_type=\"column\">\n\t\t\t<div class=\"elementor-widget-wrap elementor-element-populated\">\n\t\t\t\t\t\t<div class=\"elementor-element elementor-element-6cf788b elementor-widget elementor-widget-image\" data-id=\"6cf788b\" data-element_type=\"widget\" data-widget_type=\"image.default\">\n\t\t\t\t<div class=\"elementor-widget-container\">\n\t\t\t\t\t\t\t\t\t\t\t\t\t\t\t<img decoding=\"async\" width=\"600\" height=\"873\" src=\"https:\/\/harmoor.com\/wp-content\/uploads\/2023\/06\/harmoor-furniture-design-innovation.webp\" class=\"attachment-large size-large wp-image-17191\" alt=\"harmoor-furniture-design-innovation\" \/>\t\t\t\t\t\t\t\t\t\t\t\t\t\t\t<\/div>\n\t\t\t\t<\/div>\n\t\t\t\t\t<\/div>\n\t\t<\/div>\n\t\t\t\t\t<\/div>\n\t\t<\/section>\n\t\t\t\t\t<\/div>\n\t\t<\/div>\n\t\t\t\t\t<\/div>\n\t\t<\/section>\n\t\t\t\t<section class=\"elementor-section elementor-top-section elementor-element elementor-element-7e44fb4 elementor-section-boxed elementor-section-height-default elementor-section-height-default\" data-id=\"7e44fb4\" data-element_type=\"section\">\n\t\t\t\t\t\t<div class=\"elementor-container elementor-column-gap-default\">\n\t\t\t\t\t<div class=\"elementor-column elementor-col-100 elementor-top-column elementor-element elementor-element-cb6981c\" data-id=\"cb6981c\" data-element_type=\"column\">\n\t\t\t<div class=\"elementor-widget-wrap elementor-element-populated\">\n\t\t\t\t\t\t<div class=\"elementor-element elementor-element-2d23758 elementor-widget elementor-widget-image\" data-id=\"2d23758\" data-element_type=\"widget\" data-widget_type=\"image.default\">\n\t\t\t\t<div class=\"elementor-widget-container\">\n\t\t\t\t\t\t\t\t\t\t\t\t\t\t\t<img decoding=\"async\" width=\"1969\" height=\"1162\" src=\"https:\/\/harmoor.com\/wp-content\/uploads\/2023\/06\/company.webp\" class=\"attachment-full size-full wp-image-17197\" alt=\"\" \/>\t\t\t\t\t\t\t\t\t\t\t\t\t\t\t<\/div>\n\t\t\t\t<\/div>\n\t\t\t\t\t<\/div>\n\t\t<\/div>\n\t\t\t\t\t<\/div>\n\t\t<\/section>\n\t\t\t\t<section class=\"elementor-section elementor-top-section elementor-element elementor-element-1676462 elementor-section-boxed elementor-section-height-default elementor-section-height-default\" data-id=\"1676462\" data-element_type=\"section\">\n\t\t\t\t\t\t<div class=\"elementor-container elementor-column-gap-default\">\n\t\t\t\t\t<div class=\"elementor-column elementor-col-100 elementor-top-column elementor-element elementor-element-be53721\" data-id=\"be53721\" data-element_type=\"column\">\n\t\t\t<div class=\"elementor-widget-wrap elementor-element-populated\">\n\t\t\t\t\t\t<div class=\"elementor-element elementor-element-3d302e8 elementor-widget elementor-widget-text-editor\" data-id=\"3d302e8\" data-element_type=\"widget\" data-widget_type=\"text-editor.default\">\n\t\t\t\t<div class=\"elementor-widget-container\">\n\t\t\t\t\t\t\t\t\t<p>2018 a vu l&rsquo;ouverture de la plus grande usine et du plus grand entrep\u00f4t de Harmoor Furniture. Cet entrep\u00f4t moderne fonctionne 24 heures sur 24 et 7 jours sur 7 pour stocker 10 000 palettes de produits finis et semi-finis. Le projet a une superficie totale de 10 000 m\u00e8tres carr\u00e9s et est reli\u00e9 au parc industriel existant par les principaux axes de circulation. Le volume des entrep\u00f4ts est le r\u00e9sultat d&rsquo;une \u00e9tude d&rsquo;\u00e9valuation des processus actuels et futurs de fabrication, de manutention et de stockage.<\/p>\n<p>Gr\u00e2ce \u00e0 cet investissement important, l&rsquo;entreprise dispose non seulement de plus d&rsquo;espace pour stocker ses produits, mais elle gagne \u00e9galement du temps en fabriquant des produits sur commande. L&rsquo;objectif est d&rsquo;offrir un meilleur service aux clients et de respecter les d\u00e9lais de plus en plus stricts des projets de mobilier de collectivit\u00e9. L&rsquo;entrep\u00f4t automatis\u00e9 \u00ab\u00a0Grass Blades\u00a0\u00bb est une machine parfaitement huil\u00e9e \u00e0 l&rsquo;int\u00e9rieur et un projet innovant d&rsquo;architecture industrielle \u00e0 l&rsquo;ext\u00e9rieur.<\/p>\n<p>\u00ab\u00a0Le volume terne et uniforme du nouvel entrep\u00f4t est ainsi transform\u00e9 en un ph\u00e9nom\u00e8ne visuel riche en variations, une sorte d&rsquo;amplificateur naturel des heures de la journ\u00e9e et des saisons. Dans les meilleurs moments. Une fois fix\u00e9, il se dissout dans le ciel brumeux, dont il refl\u00e8te les tons bleu-gris, et s&rsquo;impr\u00e8gne ailleurs du vert \u00e9clatant des champs agricoles au printemps.<\/p>\n<p>La conception architecturale de l&rsquo;entrep\u00f4t et de ses espaces associ\u00e9s va au-del\u00e0 du concept de r\u00e9duction purement environnementale appliqu\u00e9 \u00e0 de nombreuses installations industrielles. Au contraire, elle devient un signal important des racines d&rsquo;Harmoor et des personnes qui y travaillent dans leur territoire particulier, tout en d\u00e9montrant leur capacit\u00e9 \u00e0 dialoguer avec les entreprises et les march\u00e9s d&rsquo;aujourd&rsquo;hui. plus mondialis\u00e9e\u00a0\u00bb.<\/p>\t\t\t\t\t\t\t\t<\/div>\n\t\t\t\t<\/div>\n\t\t\t\t\t<\/div>\n\t\t<\/div>\n\t\t\t\t\t<\/div>\n\t\t<\/section>\n\t\t\t\t<\/div>\n\t\t","protected":false},"excerpt":{"rendered":"<p>l&rsquo;industrie 4.0 des usines interconnect\u00e9es Harmoor est une entreprise de l&rsquo;industrie 4.0 dont les usines sont \u00e9quip\u00e9es de machines interconnect\u00e9es. Chaque ann\u00e9e, une part importante du chiffre d&rsquo;affaires de l&rsquo;entreprise est investie dans l&rsquo;innovation, la technologie, et la production num\u00e9ris\u00e9e. l&rsquo;innovation technologique Chez Harmoor, l&rsquo;innovation est li\u00e9e \u00e0 une connaissance approfondie et de longue date [&hellip;]<\/p>\n","protected":false},"author":4,"featured_media":0,"parent":0,"menu_order":0,"comment_status":"closed","ping_status":"closed","template":"page-templates\/homepage.php","meta":{"footnotes":""},"class_list":["post-17792","page","type-page","status-publish","hentry"],"_links":{"self":[{"href":"https:\/\/harmoor.com\/fr\/wp-json\/wp\/v2\/pages\/17792","targetHints":{"allow":["GET"]}}],"collection":[{"href":"https:\/\/harmoor.com\/fr\/wp-json\/wp\/v2\/pages"}],"about":[{"href":"https:\/\/harmoor.com\/fr\/wp-json\/wp\/v2\/types\/page"}],"author":[{"embeddable":true,"href":"https:\/\/harmoor.com\/fr\/wp-json\/wp\/v2\/users\/4"}],"replies":[{"embeddable":true,"href":"https:\/\/harmoor.com\/fr\/wp-json\/wp\/v2\/comments?post=17792"}],"version-history":[{"count":0,"href":"https:\/\/harmoor.com\/fr\/wp-json\/wp\/v2\/pages\/17792\/revisions"}],"wp:attachment":[{"href":"https:\/\/harmoor.com\/fr\/wp-json\/wp\/v2\/media?parent=17792"}],"curies":[{"name":"wp","href":"https:\/\/api.w.org\/{rel}","templated":true}]}}