{"id":17650,"date":"2023-06-21T11:03:04","date_gmt":"2023-06-21T03:03:04","guid":{"rendered":"https:\/\/harmoor.com\/beaute-tradition-innovation\/"},"modified":"2024-03-28T10:12:18","modified_gmt":"2024-03-28T02:12:18","slug":"beaute-tradition-innovation","status":"publish","type":"page","link":"https:\/\/harmoor.com\/fr\/beaute-tradition-innovation\/","title":{"rendered":"Beaut\u00e9 Tradition Innovation"},"content":{"rendered":"\t\t<div data-elementor-type=\"wp-page\" data-elementor-id=\"17650\" class=\"elementor elementor-17650 elementor-16550\">\n\t\t\t\t\t\t<section class=\"elementor-section elementor-top-section elementor-element elementor-element-3027cb4 elementor-section-full_width elementor-section-height-default elementor-section-height-default\" data-id=\"3027cb4\" data-element_type=\"section\">\n\t\t\t\t\t\t<div class=\"elementor-container elementor-column-gap-default\">\n\t\t\t\t\t<div class=\"elementor-column elementor-col-100 elementor-top-column elementor-element elementor-element-371bfe2\" data-id=\"371bfe2\" data-element_type=\"column\">\n\t\t\t<div class=\"elementor-widget-wrap elementor-element-populated\">\n\t\t\t\t\t\t<div class=\"elementor-element elementor-element-9a59495 elementor-widget elementor-widget-image\" data-id=\"9a59495\" data-element_type=\"widget\" data-widget_type=\"image.default\">\n\t\t\t\t<div class=\"elementor-widget-container\">\n\t\t\t\t\t\t\t\t\t\t\t\t\t\t\t<img fetchpriority=\"high\" decoding=\"async\" width=\"2560\" height=\"1707\" src=\"https:\/\/harmoor.com\/wp-content\/uploads\/2023\/06\/Harmoor-Chair-1-scaled.webp\" class=\"attachment-full size-full wp-image-17043\" alt=\"Harmoor Chair\" \/>\t\t\t\t\t\t\t\t\t\t\t\t\t\t\t<\/div>\n\t\t\t\t<\/div>\n\t\t\t\t\t<\/div>\n\t\t<\/div>\n\t\t\t\t\t<\/div>\n\t\t<\/section>\n\t\t\t\t<section class=\"elementor-section elementor-top-section elementor-element elementor-element-534ee35 elementor-section-boxed elementor-section-height-default elementor-section-height-default\" data-id=\"534ee35\" data-element_type=\"section\">\n\t\t\t\t\t\t<div class=\"elementor-container elementor-column-gap-default\">\n\t\t\t\t\t<div class=\"elementor-column elementor-col-100 elementor-top-column elementor-element elementor-element-154ed5e\" data-id=\"154ed5e\" data-element_type=\"column\">\n\t\t\t<div class=\"elementor-widget-wrap elementor-element-populated\">\n\t\t\t\t\t\t<div class=\"elementor-element elementor-element-37c587a elementor-widget elementor-widget-text-editor\" data-id=\"37c587a\" data-element_type=\"widget\" data-widget_type=\"text-editor.default\">\n\t\t\t\t<div class=\"elementor-widget-container\">\n\t\t\t\t\t\t\t\t\t<p><strong>beaut\u00e9, tradition<\/strong><br \/><strong>et l&rsquo;innovation<\/strong><\/p>\n\t\t\t\t\t\t\t\t<\/div>\n\t\t\t\t<\/div>\n\t\t\t\t<section class=\"elementor-section elementor-inner-section elementor-element elementor-element-02b639f elementor-reverse-tablet elementor-reverse-mobile elementor-section-boxed elementor-section-height-default elementor-section-height-default\" data-id=\"02b639f\" data-element_type=\"section\">\n\t\t\t\t\t\t<div class=\"elementor-container elementor-column-gap-default\">\n\t\t\t\t\t<div class=\"elementor-column elementor-col-50 elementor-inner-column elementor-element elementor-element-9d20101\" data-id=\"9d20101\" data-element_type=\"column\">\n\t\t\t<div class=\"elementor-widget-wrap elementor-element-populated\">\n\t\t\t\t\t\t<div class=\"elementor-element elementor-element-2ce2a12 elementor-widget elementor-widget-image\" data-id=\"2ce2a12\" data-element_type=\"widget\" data-widget_type=\"image.default\">\n\t\t\t\t<div class=\"elementor-widget-container\">\n\t\t\t\t\t\t\t\t\t\t\t\t\t\t\t<img decoding=\"async\" width=\"1226\" height=\"1226\" src=\"https:\/\/harmoor.com\/wp-content\/uploads\/2023\/06\/harmoor-furniture.webp\" class=\"attachment-full size-full wp-image-17049\" alt=\"harmoor-furniture\" \/>\t\t\t\t\t\t\t\t\t\t\t\t\t\t\t<\/div>\n\t\t\t\t<\/div>\n\t\t\t\t\t<\/div>\n\t\t<\/div>\n\t\t\t\t<div class=\"elementor-column elementor-col-50 elementor-inner-column elementor-element elementor-element-83115de\" data-id=\"83115de\" data-element_type=\"column\">\n\t\t\t<div class=\"elementor-widget-wrap elementor-element-populated\">\n\t\t\t\t\t\t<div class=\"elementor-element elementor-element-4bbb2f1 elementor-widget elementor-widget-text-editor\" data-id=\"4bbb2f1\" data-element_type=\"widget\" data-widget_type=\"text-editor.default\">\n\t\t\t\t<div class=\"elementor-widget-container\">\n\t\t\t\t\t\t\t\t\t<p><strong>\u2015 mobilier multi-mat\u00e9riaux pour le march\u00e9 et le logement<\/strong><br>Harmoor est une entreprise vietnamienne qui fabrique<strong> des chaises, des tables et des meubles modernes pour les entreprises et les particuliers<\/strong> . La collection est le r\u00e9sultat d&rsquo;une recherche minutieuse et pr\u00e9cise visant \u00e0 cr\u00e9er des produits de design industriel fonctionnels et polyvalents en <strong>m\u00e9tal, en plastique, en bois<\/strong> et <strong>en tissus d&rsquo;ameublement<\/strong>.<\/p>\n<p><strong>\u2015 une entreprise 100% vietnamienne<\/strong><br>Les meubles sont exclusivement produits au Viet Nam gr\u00e2ce \u00e0 un processus de conception qui allie tradition et innovation, excellence technique et cr\u00e9ativit\u00e9. La philosophie \u201c<strong>100% Made in Vietnam<\/strong>\u201d devient une r\u00e9alit\u00e9 gr\u00e2ce au processus de production interne au si\u00e8ge d&rsquo;Harmoor \u00e0 Binh Phuoc, au Vietnam..<\/p>\n<p><strong>\u2015 Collaborer avec les concepteurs<\/strong><br>Harmoor collabore avec de <strong>nombreux designers italiens<\/strong> et internationaux qui adh\u00e8rent pleinement \u00e0 la philosophie de la marque, en l&rsquo;enrichissant des pr\u00e9cieuses contributions d&rsquo;Harmoor.<\/p>\t\t\t\t\t\t\t\t<\/div>\n\t\t\t\t<\/div>\n\t\t\t\t\t<\/div>\n\t\t<\/div>\n\t\t\t\t\t<\/div>\n\t\t<\/section>\n\t\t\t\t\t<\/div>\n\t\t<\/div>\n\t\t\t\t\t<\/div>\n\t\t<\/section>\n\t\t\t\t<section class=\"elementor-section elementor-top-section elementor-element elementor-element-cdf3056 elementor-section-boxed elementor-section-height-default elementor-section-height-default\" data-id=\"cdf3056\" data-element_type=\"section\">\n\t\t\t\t\t\t<div class=\"elementor-container elementor-column-gap-default\">\n\t\t\t\t\t<div class=\"elementor-column elementor-col-100 elementor-top-column elementor-element elementor-element-c663664\" data-id=\"c663664\" data-element_type=\"column\">\n\t\t\t<div class=\"elementor-widget-wrap elementor-element-populated\">\n\t\t\t\t\t\t<section class=\"elementor-section elementor-inner-section elementor-element elementor-element-733240e elementor-section-boxed elementor-section-height-default elementor-section-height-default\" data-id=\"733240e\" data-element_type=\"section\">\n\t\t\t\t\t\t<div class=\"elementor-container elementor-column-gap-default\">\n\t\t\t\t\t<div class=\"elementor-column elementor-col-50 elementor-inner-column elementor-element elementor-element-dec3f0d\" data-id=\"dec3f0d\" data-element_type=\"column\">\n\t\t\t<div class=\"elementor-widget-wrap elementor-element-populated\">\n\t\t\t\t\t\t<div class=\"elementor-element elementor-element-407eb82 elementor-widget elementor-widget-text-editor\" data-id=\"407eb82\" data-element_type=\"widget\" data-widget_type=\"text-editor.default\">\n\t\t\t\t<div class=\"elementor-widget-container\">\n\t\t\t\t\t\t\t\t\t<p>En 2016, <strong>Harmoor<\/strong> a cr\u00e9\u00e9 un petit atelier <strong>\u00e0 Dong Phu, dans la province de Binh Phuoc<\/strong>, o\u00f9 il a commenc\u00e9 \u00e0 produire sa premi\u00e8re collection de chaises en plastique. \u00c0 partir de 2018, l&rsquo;entreprise a commenc\u00e9 \u00e0 collaborer avec des architectes et des designers italiens et \u00e9trangers, en se sp\u00e9cialisant de plus en plus dans la production industrielle destin\u00e9e au secteur de l&rsquo;ameublement. Aujourd&rsquo;hui, sous <strong>la direction du conseil d&rsquo;administration<\/strong>, l&rsquo;entreprise a export\u00e9 ses produits <strong>en Europe, en Am\u00e9rique, en Australie et en Asie du Sud-Est.<\/strong>.<\/p>\n\t\t\t\t\t\t\t\t<\/div>\n\t\t\t\t<\/div>\n\t\t\t\t\t<\/div>\n\t\t<\/div>\n\t\t\t\t<div class=\"elementor-column elementor-col-50 elementor-inner-column elementor-element elementor-element-8b5c3af\" data-id=\"8b5c3af\" data-element_type=\"column\">\n\t\t\t<div class=\"elementor-widget-wrap elementor-element-populated\">\n\t\t\t\t\t\t<div class=\"elementor-element elementor-element-c076762 elementor-widget elementor-widget-image\" data-id=\"c076762\" data-element_type=\"widget\" data-widget_type=\"image.default\">\n\t\t\t\t<div class=\"elementor-widget-container\">\n\t\t\t\t\t\t\t\t\t\t\t\t\t\t\t<img decoding=\"async\" width=\"2480\" height=\"2480\" src=\"https:\/\/harmoor.com\/wp-content\/uploads\/2023\/06\/gaia1.webp\" class=\"attachment-full size-full wp-image-16980\" alt=\"gaia(1)\" \/>\t\t\t\t\t\t\t\t\t\t\t\t\t\t\t<\/div>\n\t\t\t\t<\/div>\n\t\t\t\t\t<\/div>\n\t\t<\/div>\n\t\t\t\t\t<\/div>\n\t\t<\/section>\n\t\t\t\t\t<\/div>\n\t\t<\/div>\n\t\t\t\t\t<\/div>\n\t\t<\/section>\n\t\t\t\t<section class=\"elementor-section elementor-top-section elementor-element elementor-element-72ebfda elementor-section-full_width elementor-hidden-desktop elementor-hidden-tablet elementor-hidden-mobile elementor-section-height-default elementor-section-height-default\" data-id=\"72ebfda\" data-element_type=\"section\">\n\t\t\t\t\t\t<div class=\"elementor-container elementor-column-gap-default\">\n\t\t\t\t\t<div class=\"elementor-column elementor-col-100 elementor-top-column elementor-element elementor-element-3a2f015\" data-id=\"3a2f015\" data-element_type=\"column\">\n\t\t\t<div class=\"elementor-widget-wrap elementor-element-populated\">\n\t\t\t\t\t\t<div class=\"elementor-element elementor-element-8ead2b4 elementor-widget__width-initial elementor-absolute elementor-widget elementor-widget-image\" data-id=\"8ead2b4\" data-element_type=\"widget\" data-settings=\"{&quot;_position&quot;:&quot;absolute&quot;}\" data-widget_type=\"image.default\">\n\t\t\t\t<div class=\"elementor-widget-container\">\n\t\t\t\t\t\t\t\t\t\t\t\t\t\t\t<img loading=\"lazy\" decoding=\"async\" width=\"300\" height=\"83\" src=\"https:\/\/harmoor.com\/wp-content\/uploads\/2023\/06\/Logo-Harmoor-Vietnam.png\" class=\"attachment-large size-large wp-image-15512\" alt=\"Logo Harmoor Vietnam\" \/>\t\t\t\t\t\t\t\t\t\t\t\t\t\t\t<\/div>\n\t\t\t\t<\/div>\n\t\t\t\t<div class=\"elementor-element elementor-element-4ed2e68 elementor-widget elementor-widget-image\" data-id=\"4ed2e68\" data-element_type=\"widget\" data-widget_type=\"image.default\">\n\t\t\t\t<div class=\"elementor-widget-container\">\n\t\t\t\t\t\t\t\t\t\t\t\t\t\t\t<img decoding=\"async\" src=\"https:\/\/lh3.googleusercontent.com\/pw\/AJFCJaUqG1C3D9JFtQxSm8esuLXz5n8_pwHuL-PQFV-wtqJYohFVoyO3M3CECU5Hn9RsHee9Z2shaHkKaic5bic37fAm9wdIW9QoJf4CXbRXPz4KSaA-l7o=w2400\" title=\"\" alt=\"harmoor-history\" loading=\"lazy\" \/>\t\t\t\t\t\t\t\t\t\t\t\t\t\t\t<\/div>\n\t\t\t\t<\/div>\n\t\t\t\t\t<\/div>\n\t\t<\/div>\n\t\t\t\t\t<\/div>\n\t\t<\/section>\n\t\t\t\t<section class=\"elementor-section elementor-top-section elementor-element elementor-element-3b82012 elementor-section-boxed elementor-section-height-default elementor-section-height-default\" data-id=\"3b82012\" data-element_type=\"section\">\n\t\t\t\t\t\t<div class=\"elementor-container elementor-column-gap-default\">\n\t\t\t\t\t<div class=\"elementor-column elementor-col-100 elementor-top-column elementor-element elementor-element-2a58dfd\" data-id=\"2a58dfd\" data-element_type=\"column\">\n\t\t\t<div class=\"elementor-widget-wrap elementor-element-populated\">\n\t\t\t\t\t\t<section class=\"elementor-section elementor-inner-section elementor-element elementor-element-943557b elementor-reverse-tablet elementor-reverse-mobile elementor-section-boxed elementor-section-height-default elementor-section-height-default\" data-id=\"943557b\" data-element_type=\"section\">\n\t\t\t\t\t\t<div class=\"elementor-container elementor-column-gap-default\">\n\t\t\t\t\t<div class=\"elementor-column elementor-col-50 elementor-inner-column elementor-element elementor-element-4a29457\" data-id=\"4a29457\" data-element_type=\"column\">\n\t\t\t<div class=\"elementor-widget-wrap elementor-element-populated\">\n\t\t\t\t\t\t<div class=\"elementor-element elementor-element-306d254 elementor-widget elementor-widget-image\" data-id=\"306d254\" data-element_type=\"widget\" data-widget_type=\"image.default\">\n\t\t\t\t<div class=\"elementor-widget-container\">\n\t\t\t\t\t\t\t\t\t\t\t\t\t\t\t<img loading=\"lazy\" decoding=\"async\" width=\"1276\" height=\"1702\" src=\"https:\/\/harmoor.com\/wp-content\/uploads\/2023\/06\/Harmoor-Furnitur-2.webp\" class=\"attachment-full size-full wp-image-17170\" alt=\"Harmoor-Furnitur-2\" \/>\t\t\t\t\t\t\t\t\t\t\t\t\t\t\t<\/div>\n\t\t\t\t<\/div>\n\t\t\t\t\t<\/div>\n\t\t<\/div>\n\t\t\t\t<div class=\"elementor-column elementor-col-50 elementor-inner-column elementor-element elementor-element-ce35cf7\" data-id=\"ce35cf7\" data-element_type=\"column\">\n\t\t\t<div class=\"elementor-widget-wrap elementor-element-populated\">\n\t\t\t\t\t\t<div class=\"elementor-element elementor-element-d16b041 elementor-widget elementor-widget-heading\" data-id=\"d16b041\" data-element_type=\"widget\" data-widget_type=\"heading.default\">\n\t\t\t\t<div class=\"elementor-widget-container\">\n\t\t\t\t\t<h2 class=\"elementor-heading-title elementor-size-default\">l'innovation et la production de pointe<\/h2>\t\t\t\t<\/div>\n\t\t\t\t<\/div>\n\t\t\t\t<div class=\"elementor-element elementor-element-5858694 elementor-widget elementor-widget-text-editor\" data-id=\"5858694\" data-element_type=\"widget\" data-widget_type=\"text-editor.default\">\n\t\t\t\t<div class=\"elementor-widget-container\">\n\t\t\t\t\t\t\t\t\t<p>Harmoor est une entreprise de<strong> l&rsquo;industrie 4.0<\/strong> dont les usines sont \u00e9quip\u00e9es de <strong>machines interconnect\u00e9es.<\/strong> Chaque ann\u00e9e, une part importante du chiffre d&rsquo;affaires de l&rsquo;entreprise est investie dans <strong>l&rsquo;innovation, la technologie et les usines<\/strong>, ainsi que dans la <strong>production<\/strong> num\u00e9ris\u00e9e. Tout au sein de l&rsquo;entreprise a \u00e9t\u00e9 con\u00e7u pour \u00eatre durable et pour contribuer \u00e0 l&rsquo;am\u00e9lioration de la production gr\u00e2ce \u00e0 des contr\u00f4les de qualit\u00e9 approfondis tout au long du processus de production, \u00e0 la s\u00e9lection de mat\u00e9riaux de premi\u00e8re qualit\u00e9, \u00e0 une passion absolue pour les machines les plus avanc\u00e9es, \u00e0 la recherche consciente de technologies et de mati\u00e8res premi\u00e8res vietnamiennes et \u00e0 la planification m\u00e9ticuleuse de chaque phase, typique des artisans.<\/p>\n\t\t\t\t\t\t\t\t<\/div>\n\t\t\t\t<\/div>\n\t\t\t\t\t<\/div>\n\t\t<\/div>\n\t\t\t\t\t<\/div>\n\t\t<\/section>\n\t\t\t\t\t<\/div>\n\t\t<\/div>\n\t\t\t\t\t<\/div>\n\t\t<\/section>\n\t\t\t\t<section class=\"elementor-section elementor-top-section elementor-element elementor-element-09edee2 elementor-section-boxed elementor-section-height-default elementor-section-height-default\" data-id=\"09edee2\" data-element_type=\"section\">\n\t\t\t\t\t\t<div class=\"elementor-container elementor-column-gap-default\">\n\t\t\t\t\t<div class=\"elementor-column elementor-col-100 elementor-top-column elementor-element elementor-element-1e0b743\" data-id=\"1e0b743\" data-element_type=\"column\">\n\t\t\t<div class=\"elementor-widget-wrap elementor-element-populated\">\n\t\t\t\t\t\t<section class=\"elementor-section elementor-inner-section elementor-element elementor-element-f00254e elementor-section-boxed elementor-section-height-default elementor-section-height-default\" data-id=\"f00254e\" data-element_type=\"section\">\n\t\t\t\t\t\t<div class=\"elementor-container elementor-column-gap-default\">\n\t\t\t\t\t<div class=\"elementor-column elementor-col-50 elementor-inner-column elementor-element elementor-element-ad4cbb8\" data-id=\"ad4cbb8\" data-element_type=\"column\">\n\t\t\t<div class=\"elementor-widget-wrap elementor-element-populated\">\n\t\t\t\t\t\t<div class=\"elementor-element elementor-element-58bdea3 elementor-widget elementor-widget-text-editor\" data-id=\"58bdea3\" data-element_type=\"widget\" data-widget_type=\"text-editor.default\">\n\t\t\t\t<div class=\"elementor-widget-container\">\n\t\t\t\t\t\t\t\t\t<p>Harmoor a adopt\u00e9 des syst\u00e8mes sp\u00e9ciaux de gestion de la qualit\u00e9, de l&rsquo;environnement et de la s\u00e9curit\u00e9 afin de <strong>garantir et de prolonger la satisfaction de ses clients<\/strong> gr\u00e2ce aux caract\u00e9ristiques distinctives de l&rsquo;entreprise. Harmoor est conscient qu&rsquo;une strat\u00e9gie \u00e9conomique responsable qui s&rsquo;efforce de minimiser l&rsquo;impact environnemental de ses activit\u00e9s professionnelles et d&rsquo;am\u00e9liorer continuellement ses performances environnementales apportera des avantages commerciaux significatifs, permettant ainsi \u00e0 l&rsquo;entreprise de satisfaire \u00e0 la fois les attentes du march\u00e9 en mati\u00e8re d&rsquo;am\u00e9lioration de l&rsquo;environnement et les demandes des clients.<\/p>\n<p>La direction s&rsquo;engage \u00e9galement \u00e0 <strong>am\u00e9liorer la sant\u00e9 et la s\u00e9curit\u00e9<\/strong> de ses travailleurs, en en faisant une partie int\u00e9grante de son \u00e9thique de travail et un engagement strat\u00e9gique dans le cadre de son objet social.<\/p>\n<p> <\/p>\n<ul>\n<li><a href=\"https:\/\/drive.google.com\/file\/d\/10qfdtO1gOSQ4C6eFlKnj0HYQWkJEXp8D\/view?usp=sharing\"><strong>t\u00e9l\u00e9charger BSCI<\/strong><\/a><\/li>\n<\/ul>\t\t\t\t\t\t\t\t<\/div>\n\t\t\t\t<\/div>\n\t\t\t\t\t<\/div>\n\t\t<\/div>\n\t\t\t\t<div class=\"elementor-column elementor-col-50 elementor-inner-column elementor-element elementor-element-7876458\" data-id=\"7876458\" data-element_type=\"column\">\n\t\t\t<div class=\"elementor-widget-wrap elementor-element-populated\">\n\t\t\t\t\t\t<div class=\"elementor-element elementor-element-7a7b34c elementor-widget elementor-widget-image\" data-id=\"7a7b34c\" data-element_type=\"widget\" data-widget_type=\"image.default\">\n\t\t\t\t<div class=\"elementor-widget-container\">\n\t\t\t\t\t\t\t\t\t\t\t\t\t\t\t<img loading=\"lazy\" decoding=\"async\" width=\"600\" height=\"873\" src=\"https:\/\/harmoor.com\/wp-content\/uploads\/2023\/06\/harmoor-design-beauty-tradition-innovatio.webp\" class=\"attachment-large size-large wp-image-17176\" alt=\"harmoor-design-beauty-tradition-innovatio\" \/>\t\t\t\t\t\t\t\t\t\t\t\t\t\t\t<\/div>\n\t\t\t\t<\/div>\n\t\t\t\t\t<\/div>\n\t\t<\/div>\n\t\t\t\t\t<\/div>\n\t\t<\/section>\n\t\t\t\t\t<\/div>\n\t\t<\/div>\n\t\t\t\t\t<\/div>\n\t\t<\/section>\n\t\t\t\t<\/div>\n\t\t","protected":false},"excerpt":{"rendered":"<p>beaut\u00e9, traditionet l&rsquo;innovation \u2015 mobilier multi-mat\u00e9riaux pour le march\u00e9 et le logementHarmoor est une entreprise vietnamienne qui fabrique des chaises, des tables et des meubles modernes pour les entreprises et les particuliers . La collection est le r\u00e9sultat d&rsquo;une recherche minutieuse et pr\u00e9cise visant \u00e0 cr\u00e9er des produits de design industriel fonctionnels et polyvalents en [&hellip;]<\/p>\n","protected":false},"author":4,"featured_media":0,"parent":0,"menu_order":0,"comment_status":"closed","ping_status":"closed","template":"page-templates\/homepage.php","meta":{"footnotes":""},"class_list":["post-17650","page","type-page","status-publish","hentry"],"_links":{"self":[{"href":"https:\/\/harmoor.com\/fr\/wp-json\/wp\/v2\/pages\/17650","targetHints":{"allow":["GET"]}}],"collection":[{"href":"https:\/\/harmoor.com\/fr\/wp-json\/wp\/v2\/pages"}],"about":[{"href":"https:\/\/harmoor.com\/fr\/wp-json\/wp\/v2\/types\/page"}],"author":[{"embeddable":true,"href":"https:\/\/harmoor.com\/fr\/wp-json\/wp\/v2\/users\/4"}],"replies":[{"embeddable":true,"href":"https:\/\/harmoor.com\/fr\/wp-json\/wp\/v2\/comments?post=17650"}],"version-history":[{"count":3,"href":"https:\/\/harmoor.com\/fr\/wp-json\/wp\/v2\/pages\/17650\/revisions"}],"predecessor-version":[{"id":23429,"href":"https:\/\/harmoor.com\/fr\/wp-json\/wp\/v2\/pages\/17650\/revisions\/23429"}],"wp:attachment":[{"href":"https:\/\/harmoor.com\/fr\/wp-json\/wp\/v2\/media?parent=17650"}],"curies":[{"name":"wp","href":"https:\/\/api.w.org\/{rel}","templated":true}]}}