{"id":23300,"date":"2024-02-23T14:21:08","date_gmt":"2024-02-23T06:21:08","guid":{"rendered":"https:\/\/harmoor.com\/product\/karibu-3038a\/"},"modified":"2024-02-23T14:21:08","modified_gmt":"2024-02-23T06:21:08","slug":"karibu-3038a","status":"publish","type":"product","link":"https:\/\/harmoor.com\/es\/product\/karibu-3038a\/","title":{"rendered":"Karibu 3038a"},"content":{"rendered":"<div class=\"row\">\n<div class=\"col-xl-5 col-lg-5 col-md-6 col-sm-12 col-12\"><img fetchpriority=\"high\" decoding=\"async\" class=\"alignnone size-full wp-image-12104\" src=\"https:\/\/harmoor.com\/wp-content\/uploads\/2024\/02\/chair-karibu-3038a-2.webp\" alt=\"silla caribu 3038a\" width=\"458\" height=\"315\"><\/div>\n<div class=\"col-xl-7 col-lg-7 col-md-6 col-sm-12 col-12\">\n<h2><span style=\"vertical-align: inherit;\"><span style=\"vertical-align: inherit;\">MARCA<\/span><\/span><\/h2>\n<p>Con una rica historia empresarial que se remonta a 1998, Harmoor empez\u00f3 siendo una peque\u00f1a f\u00e1brica de muebles. Abrimos nuestra f\u00e1brica en Vietnam en 2018 y nos convertimos en una de las f\u00e1bricas de muebles de pl\u00e1stico m\u00e1s grandes de Vietnam. En la actualidad, Harmoor es fabricante y proveedor de muebles de mesa y sillas con muchos modelos l\u00edderes en Vietnam y en el mundo.<\/p>\n<p><img decoding=\"async\" class=\"mt-4\" src=\"https:\/\/harmoor.com\/wp-content\/uploads\/2023\/07\/single-product.webp\" alt=\"mono producto\" width=\"190\" height=\"30\"><\/div>\n<\/div>\n<div class=\"row\">\n<div class=\"col-xl-4 col-lg-4 col-md-4 col-sm-12 col-12 mb-4\">\n<h2><span style=\"vertical-align: inherit;\"><span style=\"vertical-align: inherit;\">INFORMACI\u00d3N SOBRE EL PRODUCTO<\/span><\/span><\/h2>\n<ul>\n<li>Nombre del producto: Carib\u00fa 3038<\/li>\n<li>Material: Cuerda + pl\u00e1stico PP<\/li>\n<li>Estilo de dise\u00f1o: Italia<\/li>\n<li>Lugar de origen: Vietnam<\/li>\n<\/ul>\n<\/div>\n<div class=\"col-xl-4 col-lg-4 col-md-4 col-sm-12 col-12 mb-4\">\n<h2><span style=\"vertical-align: inherit;\"><span style=\"vertical-align: inherit;\">TALLA<\/span><\/span><\/h2>\n<ul>\n<li>Material: Cuerda PP + Nylon<\/li>\n<li>Length: 58.5cm<\/li>\n<li>Anchura: 47 cm<\/li>\n<li>Altura: 78,5 cm<\/li>\n<li>Altura del asiento: 46 cm<\/li>\n<li>Peso: 5,095 kg<\/li>\n<li>68.5*55*93cm\/4pcs<\/li>\n<\/ul>\n<\/div>\n<div class=\"col-xl-4 col-lg-4 col-md-4 col-sm-12 col-12 mb-4\">\n<h2><span style=\"vertical-align: inherit;\"><span style=\"vertical-align: inherit;\">ESPACIO \u00daTIL<\/span><\/span><\/h2>\n<ul>\n<li>Cafeter\u00eda<\/li>\n<li>Restaurante<\/li>\n<li>Comedor<\/li>\n<li>Jard\u00edn&#8230;<\/li>\n<\/ul>\n<\/div>\n<\/div>\n","protected":false},"excerpt":{"rendered":"<p>La silla Karibu 3038A es la perfecci\u00f3n de la clase y la utilidad, con una estructura de pl\u00e1stico de alta calidad, que incluye respaldo y asiento de pl\u00e1stico PA, creando comodidad y durabilidad. Especialmente dise\u00f1ada para su uso en exteriores, la silla Karibu no s\u00f3lo acent\u00faa el espacio, sino que tambi\u00e9n resiste las inclemencias del tiempo. La posibilidad de apilarse unas sobre otras ahorra espacio de almacenamiento y resulta pr\u00e1ctica para los traslados. Con la combinaci\u00f3n perfecta de calidad y utilidad, la silla Karibu 3038A es la elecci\u00f3n ideal para escapadas suburbanas y eventos.<\/p>\n","protected":false},"featured_media":23081,"comment_status":"open","ping_status":"closed","template":"","meta":[],"product_cat":[1606],"product_tag":[1245,1514,1607,1608,1259,1516,1609],"class_list":{"0":"post-23300","1":"product","2":"type-product","3":"status-publish","4":"has-post-thumbnail","6":"product_brand-caribu-es","7":"product_cat-caribu-es","8":"product_tag-silla-de-cafe","9":"product_tag-silla-de-comedor","10":"product_tag-silla-de-exterior","11":"product_tag-silla-de-jardin","12":"product_tag-silla-de-restaurante","13":"product_tag-silla-de-salon","14":"product_tag-silla-de-terraza","17":"first","18":"instock","19":"shipping-taxable","20":"product-type-simple"},"_links":{"self":[{"href":"https:\/\/harmoor.com\/es\/wp-json\/wp\/v2\/product\/23300","targetHints":{"allow":["GET"]}}],"collection":[{"href":"https:\/\/harmoor.com\/es\/wp-json\/wp\/v2\/product"}],"about":[{"href":"https:\/\/harmoor.com\/es\/wp-json\/wp\/v2\/types\/product"}],"replies":[{"embeddable":true,"href":"https:\/\/harmoor.com\/es\/wp-json\/wp\/v2\/comments?post=23300"}],"version-history":[{"count":0,"href":"https:\/\/harmoor.com\/es\/wp-json\/wp\/v2\/product\/23300\/revisions"}],"wp:featuredmedia":[{"embeddable":true,"href":"https:\/\/harmoor.com\/es\/wp-json\/wp\/v2\/media\/23081"}],"wp:attachment":[{"href":"https:\/\/harmoor.com\/es\/wp-json\/wp\/v2\/media?parent=23300"}],"wp:term":[{"taxonomy":"product_cat","embeddable":true,"href":"https:\/\/harmoor.com\/es\/wp-json\/wp\/v2\/product_cat?post=23300"},{"taxonomy":"product_tag","embeddable":true,"href":"https:\/\/harmoor.com\/es\/wp-json\/wp\/v2\/product_tag?post=23300"}],"curies":[{"name":"wp","href":"https:\/\/api.w.org\/{rel}","templated":true}]}}