{"id":23293,"date":"2024-02-23T12:29:04","date_gmt":"2024-02-23T04:29:04","guid":{"rendered":"https:\/\/harmoor.com\/product\/narnia-3062a\/"},"modified":"2024-02-23T12:29:04","modified_gmt":"2024-02-23T04:29:04","slug":"narnia-3062a","status":"publish","type":"product","link":"https:\/\/harmoor.com\/es\/product\/narnia-3062a\/","title":{"rendered":"Narnia 3062a"},"content":{"rendered":"<div class=\"row\">\n<div class=\"col-xl-5 col-lg-5 col-md-6 col-sm-12 col-12\"><img fetchpriority=\"high\" decoding=\"async\" class=\"alignnone size-full wp-image-12104\" src=\"https:\/\/harmoor.com\/wp-content\/uploads\/2024\/02\/chair-narnia-3062a-1.webp\" alt=\"silla narnia 3062\" width=\"458\" height=\"315\"><\/div>\n<div class=\"col-xl-7 col-lg-7 col-md-6 col-sm-12 col-12\">\n<h2><span style=\"vertical-align: inherit;\"><span style=\"vertical-align: inherit;\">MARCA<\/span><\/span><\/h2>\n<p>Con una rica historia empresarial que se remonta a 1998, Harmoor empez\u00f3 siendo una peque\u00f1a f\u00e1brica de muebles. Abrimos nuestra f\u00e1brica en Vietnam en 2018 y nos convertimos en una de las f\u00e1bricas de muebles de pl\u00e1stico m\u00e1s grandes de Vietnam. En la actualidad, Harmoor es fabricante y proveedor de muebles de mesa y sillas con muchos modelos l\u00edderes en Vietnam y en el mundo.<\/p>\n<p><img decoding=\"async\" class=\"mt-4\" src=\"https:\/\/harmoor.com\/wp-content\/uploads\/2023\/07\/single-product.webp\" alt=\"mono producto\" width=\"190\" height=\"30\"><\/div>\n<\/div>\n<div class=\"row\">\n<div class=\"col-xl-4 col-lg-4 col-md-4 col-sm-12 col-12 mb-4\">\n<h2><span style=\"vertical-align: inherit;\"><span style=\"vertical-align: inherit;\"><span style=\"vertical-align: inherit;\"><span style=\"vertical-align: inherit;\"><span style=\"vertical-align: inherit;\"><span style=\"vertical-align: inherit;\">INFORMACI\u00d3N SOBRE EL PRODUCTO<\/span><\/span><\/span><\/span><\/span><\/span><\/h2>\n<ul>\n<li>Nombre del producto: Silla Narnia 3062A<\/li>\n<li>Material: Pl\u00e1stico + Hierro<\/li>\n<li>Estilo de dise\u00f1o: Italia<\/li>\n<li>Lugar de origen: Vietnam<\/li>\n<\/ul>\n<\/div>\n<div class=\"col-xl-4 col-lg-4 col-md-4 col-sm-12 col-12 mb-4\">\n<h2><span style=\"vertical-align: inherit;\"><span style=\"vertical-align: inherit;\"><span style=\"vertical-align: inherit;\"><span style=\"vertical-align: inherit;\"><span style=\"vertical-align: inherit;\"><span style=\"vertical-align: inherit;\">TALLA<\/span><\/span><\/span><\/span><\/span><\/span><\/h2>\n<ul>\n<li>Longitud: 54,8 cm<\/li>\n<li>Anchura: 51,4 cm<\/li>\n<li>Altura: 79,5 cm<\/li>\n<li>4pcs\/ctn<\/li>\n<\/ul>\n<\/div>\n<div class=\"col-xl-4 col-lg-4 col-md-4 col-sm-12 col-12 mb-4\">\n<h2><span style=\"vertical-align: inherit;\"><span style=\"vertical-align: inherit;\"><span style=\"vertical-align: inherit;\"><span style=\"vertical-align: inherit;\"><span style=\"vertical-align: inherit;\"><span style=\"vertical-align: inherit;\">ESPACIO \u00daTIL<\/span><\/span><\/span><\/span><\/span><\/span><\/h2>\n<ul>\n<li>Cafeter\u00eda<\/li>\n<li>Oficina<\/li>\n<li>Comedor<\/li>\n<li>Sal\u00f3n&#8230;.<\/li>\n<\/ul>\n<\/div>\n<\/div>\n","protected":false},"excerpt":{"rendered":"<p>La silla Narnia 3062A es un s\u00edmbolo de lujo y confort, con una robusta estructura de pl\u00e1stico de alta calidad y un asiento acolchado para sentarse c\u00f3modamente y sin sobresaltos. Esta silla, que puede utilizarse con flexibilidad tanto en interiores como en exteriores, no s\u00f3lo es una combinaci\u00f3n perfecta de calidad y dise\u00f1o, sino tambi\u00e9n un elemento destacado para espacios lujosos. Versatilidad y durabilidad hacen de la Silla Narnia 3062A la elecci\u00f3n perfecta para quienes valoran el valor y el estilo en cualquier entorno.<\/p>\n","protected":false},"featured_media":23062,"comment_status":"open","ping_status":"closed","template":"","meta":[],"product_cat":[2094],"product_tag":[1515,1245,1630,1516],"class_list":{"0":"post-23293","1":"product","2":"type-product","3":"status-publish","4":"has-post-thumbnail","6":"product_brand-narnia-es","7":"product_cat-narnia-es","8":"product_tag-office-chair-es","9":"product_tag-silla-de-cafe","10":"product_tag-silla-de-comedor-es","11":"product_tag-silla-de-salon","14":"first","15":"instock","16":"shipping-taxable","17":"product-type-simple"},"_links":{"self":[{"href":"https:\/\/harmoor.com\/es\/wp-json\/wp\/v2\/product\/23293","targetHints":{"allow":["GET"]}}],"collection":[{"href":"https:\/\/harmoor.com\/es\/wp-json\/wp\/v2\/product"}],"about":[{"href":"https:\/\/harmoor.com\/es\/wp-json\/wp\/v2\/types\/product"}],"replies":[{"embeddable":true,"href":"https:\/\/harmoor.com\/es\/wp-json\/wp\/v2\/comments?post=23293"}],"version-history":[{"count":0,"href":"https:\/\/harmoor.com\/es\/wp-json\/wp\/v2\/product\/23293\/revisions"}],"wp:featuredmedia":[{"embeddable":true,"href":"https:\/\/harmoor.com\/es\/wp-json\/wp\/v2\/media\/23062"}],"wp:attachment":[{"href":"https:\/\/harmoor.com\/es\/wp-json\/wp\/v2\/media?parent=23293"}],"wp:term":[{"taxonomy":"product_cat","embeddable":true,"href":"https:\/\/harmoor.com\/es\/wp-json\/wp\/v2\/product_cat?post=23293"},{"taxonomy":"product_tag","embeddable":true,"href":"https:\/\/harmoor.com\/es\/wp-json\/wp\/v2\/product_tag?post=23293"}],"curies":[{"name":"wp","href":"https:\/\/api.w.org\/{rel}","templated":true}]}}