{"id":23266,"date":"2024-02-23T11:08:24","date_gmt":"2024-02-23T03:08:24","guid":{"rendered":"https:\/\/harmoor.com\/product\/zigo-3059\/"},"modified":"2024-03-30T12:50:48","modified_gmt":"2024-03-30T04:50:48","slug":"zigo-3059","status":"publish","type":"product","link":"https:\/\/harmoor.com\/es\/product\/zigo-3059\/","title":{"rendered":"Zigo 3059"},"content":{"rendered":"<div class=\"row\">\n<div class=\"col-xl-5 col-lg-5 col-md-6 col-sm-12 col-12\"><img fetchpriority=\"high\" decoding=\"async\" class=\"alignnone size-full wp-image-12104\" src=\"https:\/\/harmoor.com\/wp-content\/uploads\/2024\/02\/table-zigo-30593-1.webp\" alt=\"mesa zigo 3059\" width=\"458\" height=\"315\"><\/div>\n<div class=\"col-xl-7 col-lg-7 col-md-6 col-sm-12 col-12\">\n<h2><span style=\"vertical-align: inherit;\"><span style=\"vertical-align: inherit;\">MARCA<\/span><\/span><\/h2>\n<p>Con una rica historia empresarial que se remonta a 1998, Harmoor empez\u00f3 siendo una peque\u00f1a f\u00e1brica de muebles. Abrimos nuestra f\u00e1brica en Vietnam en 2018 y nos convertimos en una de las f\u00e1bricas de muebles de pl\u00e1stico m\u00e1s grandes de Vietnam. En la actualidad, Harmoor es fabricante y proveedor de muebles de mesa y sillas con muchos modelos l\u00edderes en Vietnam y en el mundo.<\/p>\n<p><img decoding=\"async\" class=\"mt-4\" src=\"https:\/\/harmoor.com\/wp-content\/uploads\/2023\/07\/single-product.webp\" alt=\"mono producto\" width=\"190\" height=\"30\"><\/div>\n<\/div>\n<div class=\"row\">\n<div class=\"col-xl-4 col-lg-4 col-md-4 col-sm-12 col-12 mb-4\">\n<h2><span style=\"vertical-align: inherit;\"><span style=\"vertical-align: inherit;\"><span style=\"vertical-align: inherit;\"><span style=\"vertical-align: inherit;\"><span style=\"vertical-align: inherit;\"><span style=\"vertical-align: inherit;\">INFORMACI\u00d3N SOBRE EL PRODUCTO<\/span><\/span><\/span><\/span><\/span><\/span><\/h2>\n<ul>\n<li>Nombre del producto: Mesa Zigo 3059<\/li>\n<li>Material: Pl\u00e1stico + Hierro<\/li>\n<li>Estilo de dise\u00f1o: Italia<\/li>\n<li>Lugar de origen: Vietnam<\/li>\n<\/ul>\n<\/div>\n<div class=\"col-xl-4 col-lg-4 col-md-4 col-sm-12 col-12 mb-4\">\n<h2><span style=\"vertical-align: inherit;\"><span style=\"vertical-align: inherit;\"><span style=\"vertical-align: inherit;\"><span style=\"vertical-align: inherit;\"><span style=\"vertical-align: inherit;\"><span style=\"vertical-align: inherit;\">TALLA<\/span><\/span><\/span><\/span><\/span><\/span><\/h2>\n<ul>\n<li>Radio de cara peque\u00f1o: 30 cm<\/li>\n<li>Radio de la cara grande: 60 cm<\/li>\n<\/ul>\n<\/div>\n<div class=\"col-xl-4 col-lg-4 col-md-4 col-sm-12 col-12 mb-4\">\n<h2><span style=\"vertical-align: inherit;\"><span style=\"vertical-align: inherit;\"><span style=\"vertical-align: inherit;\"><span style=\"vertical-align: inherit;\"><span style=\"vertical-align: inherit;\"><span style=\"vertical-align: inherit;\">ESPACIO \u00daTIL<\/span><\/span><\/span><\/span><\/span><\/span><\/h2>\n<ul>\n<li>Oficina<\/li>\n<li>Sala de estar<\/li>\n<li>Restaurante&#8230;.<\/li>\n<\/ul>\n<\/div>\n<\/div>\n","protected":false},"excerpt":{"rendered":"<p>La mesa Zigo 3059 es un complemento sofisticado dise\u00f1ado para elevar la est\u00e9tica de salones, oficinas, salas de eventos y restaurantes. Con una artesan\u00eda meticulosa, esta mesa trasciende su papel funcional para convertirse en una pieza destacada en cualquier espacio. Creado pensando en la versatilidad, no s\u00f3lo sirve como superficie pr\u00e1ctica, sino tambi\u00e9n como escaparate para objetos decorativos como jarrones y adornos. Su dise\u00f1o espacioso la convierte en una plataforma ideal para exponer tartas y adornos durante eventos especiales. La mesa Zigo 3059 combina a la perfecci\u00f3n estilo y funcionalidad, ofreciendo una soluci\u00f3n \u00fanica y elegante para realzar la decoraci\u00f3n de diversos ambientes.<\/p>\n","protected":false},"featured_media":22975,"comment_status":"open","ping_status":"closed","template":"","meta":[],"product_cat":[2080],"product_tag":[2081,2041,2082,1679],"class_list":{"0":"post-23266","1":"product","2":"type-product","3":"status-publish","4":"has-post-thumbnail","6":"product_brand-zigo-es","7":"product_cat-zigo-es","8":"product_tag-mesas-de-oficina","9":"product_tag-mesas-de-restaurante","10":"product_tag-mesas-de-salon","11":"product_tag-tablas","14":"first","15":"instock","16":"shipping-taxable","17":"product-type-simple"},"_links":{"self":[{"href":"https:\/\/harmoor.com\/es\/wp-json\/wp\/v2\/product\/23266","targetHints":{"allow":["GET"]}}],"collection":[{"href":"https:\/\/harmoor.com\/es\/wp-json\/wp\/v2\/product"}],"about":[{"href":"https:\/\/harmoor.com\/es\/wp-json\/wp\/v2\/types\/product"}],"replies":[{"embeddable":true,"href":"https:\/\/harmoor.com\/es\/wp-json\/wp\/v2\/comments?post=23266"}],"version-history":[{"count":1,"href":"https:\/\/harmoor.com\/es\/wp-json\/wp\/v2\/product\/23266\/revisions"}],"predecessor-version":[{"id":23506,"href":"https:\/\/harmoor.com\/es\/wp-json\/wp\/v2\/product\/23266\/revisions\/23506"}],"wp:featuredmedia":[{"embeddable":true,"href":"https:\/\/harmoor.com\/es\/wp-json\/wp\/v2\/media\/22975"}],"wp:attachment":[{"href":"https:\/\/harmoor.com\/es\/wp-json\/wp\/v2\/media?parent=23266"}],"wp:term":[{"taxonomy":"product_cat","embeddable":true,"href":"https:\/\/harmoor.com\/es\/wp-json\/wp\/v2\/product_cat?post=23266"},{"taxonomy":"product_tag","embeddable":true,"href":"https:\/\/harmoor.com\/es\/wp-json\/wp\/v2\/product_tag?post=23266"}],"curies":[{"name":"wp","href":"https:\/\/api.w.org\/{rel}","templated":true}]}}