{"id":23229,"date":"2024-02-22T12:27:53","date_gmt":"2024-02-22T04:27:53","guid":{"rendered":"https:\/\/harmoor.com\/product\/rombi-3003b\/"},"modified":"2024-02-22T12:27:53","modified_gmt":"2024-02-22T04:27:53","slug":"rombi-3003b","status":"publish","type":"product","link":"https:\/\/harmoor.com\/es\/product\/rombi-3003b\/","title":{"rendered":"Rombi 3003b"},"content":{"rendered":"<div class=\"row\">\n<div class=\"col-xl-5 col-lg-5 col-md-6 col-sm-12 col-12\"><img fetchpriority=\"high\" decoding=\"async\" class=\"alignnone size-full wp-image-12104\" src=\"https:\/\/harmoor.com\/wp-content\/uploads\/2024\/02\/chair-rombi-3003b-4.webp\" alt=\"silla amelie 11\" width=\"458\" height=\"315\"><\/div>\n<div class=\"col-xl-7 col-lg-7 col-md-6 col-sm-12 col-12\">\n<h2><span style=\"vertical-align: inherit;\"><span style=\"vertical-align: inherit;\">MARCA<\/span><\/span><\/h2>\n<p>Con una rica historia empresarial que se remonta a 1998, Harmoor empez\u00f3 siendo una peque\u00f1a f\u00e1brica de muebles. Abrimos nuestra f\u00e1brica en Vietnam en 2018 y nos convertimos en una de las f\u00e1bricas de muebles de pl\u00e1stico m\u00e1s grandes de Vietnam. En la actualidad, Harmoor es fabricante y proveedor de muebles de mesa y sillas con muchos modelos l\u00edderes en Vietnam y en el mundo.<\/p>\n<p><img decoding=\"async\" class=\"mt-4\" src=\"https:\/\/harmoor.com\/wp-content\/uploads\/2023\/07\/single-product.webp\" alt=\"mono producto\" width=\"190\" height=\"30\"><\/div>\n<\/div>\n<div class=\"row\">\n<div class=\"col-xl-4 col-lg-4 col-md-4 col-sm-12 col-12 mb-4\">\n<h2><span style=\"vertical-align: inherit;\"><span style=\"vertical-align: inherit;\"><span style=\"vertical-align: inherit;\"><span style=\"vertical-align: inherit;\"><span style=\"vertical-align: inherit;\"><span style=\"vertical-align: inherit;\">INFORMACI\u00d3N SOBRE EL PRODUCTO<\/span><\/span><\/span><\/span><\/span><\/span><\/h2>\n<ul>\n<li>Nombre del producto: Silla Rombi 3003B<\/li>\n<li>Material: Pl\u00e1stico PP + Pata de madera<\/li>\n<li>Estilo de dise\u00f1o: Italia<\/li>\n<li>Lugar de origen: Vietnam<\/li>\n<\/ul>\n<\/div>\n<div class=\"col-xl-4 col-lg-4 col-md-4 col-sm-12 col-12 mb-4\">\n<h2><span style=\"vertical-align: inherit;\"><span style=\"vertical-align: inherit;\"><span style=\"vertical-align: inherit;\"><span style=\"vertical-align: inherit;\"><span style=\"vertical-align: inherit;\"><span style=\"vertical-align: inherit;\">TALLA<\/span><\/span><\/span><\/span><\/span><\/span><\/h2>\n<ul>\n<li>Altura: 45 cm<\/li>\n<li>Anchura: 43 cm<\/li>\n<li>Profundidad: 86 cm<\/li>\n<li>Altura del asiento: 48 cm<\/li>\n<\/ul>\n<\/div>\n<div class=\"col-xl-4 col-lg-4 col-md-4 col-sm-12 col-12 mb-4\">\n<h2><span style=\"vertical-align: inherit;\"><span style=\"vertical-align: inherit;\"><span style=\"vertical-align: inherit;\"><span style=\"vertical-align: inherit;\"><span style=\"vertical-align: inherit;\"><span style=\"vertical-align: inherit;\">ESPACIO \u00daTIL<\/span><\/span><\/span><\/span><\/span><\/span><\/h2>\n<ul>\n<li>Cafeter\u00eda<\/li>\n<li>Restaurante<\/li>\n<li>Comedor<\/li>\n<li>Sala de estar&#8230;.<\/li>\n<\/ul>\n<\/div>\n<\/div>\n","protected":false},"excerpt":{"rendered":"<p>La silla Rombi 3003B es un producto \u00fanico y de alta calidad que aporta gran comodidad y estilo a su espacio vital. La Silla 3003B no s\u00f3lo es bonita y c\u00f3moda, sino que tambi\u00e9n facilita su traslado y almacenamiento. Con un peso ligero y un tama\u00f1o adecuado, puede mover f\u00e1cilmente la silla de un lugar a otro de su espacio interior. Al mismo tiempo, conservar las sillas es ahora m\u00e1s c\u00f3modo que nunca.<\/p>\n","protected":false},"featured_media":22743,"comment_status":"open","ping_status":"closed","template":"","meta":[],"product_cat":[2054],"product_tag":[1245,1630,1514,1259,1516],"class_list":{"0":"post-23229","1":"product","2":"type-product","3":"status-publish","4":"has-post-thumbnail","6":"product_brand-rombi-es","7":"product_cat-rombi-es","8":"product_tag-silla-de-cafe","9":"product_tag-silla-de-comedor-es","10":"product_tag-silla-de-comedor","11":"product_tag-silla-de-restaurante","12":"product_tag-silla-de-salon","15":"first","16":"instock","17":"shipping-taxable","18":"product-type-simple"},"_links":{"self":[{"href":"https:\/\/harmoor.com\/es\/wp-json\/wp\/v2\/product\/23229","targetHints":{"allow":["GET"]}}],"collection":[{"href":"https:\/\/harmoor.com\/es\/wp-json\/wp\/v2\/product"}],"about":[{"href":"https:\/\/harmoor.com\/es\/wp-json\/wp\/v2\/types\/product"}],"replies":[{"embeddable":true,"href":"https:\/\/harmoor.com\/es\/wp-json\/wp\/v2\/comments?post=23229"}],"version-history":[{"count":0,"href":"https:\/\/harmoor.com\/es\/wp-json\/wp\/v2\/product\/23229\/revisions"}],"wp:featuredmedia":[{"embeddable":true,"href":"https:\/\/harmoor.com\/es\/wp-json\/wp\/v2\/media\/22743"}],"wp:attachment":[{"href":"https:\/\/harmoor.com\/es\/wp-json\/wp\/v2\/media?parent=23229"}],"wp:term":[{"taxonomy":"product_cat","embeddable":true,"href":"https:\/\/harmoor.com\/es\/wp-json\/wp\/v2\/product_cat?post=23229"},{"taxonomy":"product_tag","embeddable":true,"href":"https:\/\/harmoor.com\/es\/wp-json\/wp\/v2\/product_tag?post=23229"}],"curies":[{"name":"wp","href":"https:\/\/api.w.org\/{rel}","templated":true}]}}