{"id":23224,"date":"2024-02-22T12:18:32","date_gmt":"2024-02-22T04:18:32","guid":{"rendered":"https:\/\/harmoor.com\/product\/rombi-3003a\/"},"modified":"2024-02-22T12:18:32","modified_gmt":"2024-02-22T04:18:32","slug":"rombi-3003a","status":"publish","type":"product","link":"https:\/\/harmoor.com\/es\/product\/rombi-3003a\/","title":{"rendered":"Rombi 3003a"},"content":{"rendered":"<div class=\"row\">\n<div class=\"col-xl-5 col-lg-5 col-md-6 col-sm-12 col-12\"><img fetchpriority=\"high\" decoding=\"async\" class=\"alignnone size-full wp-image-12104\" src=\"https:\/\/harmoor.com\/wp-content\/uploads\/2024\/02\/chair-rombi-3003a-6.webp\" alt=\"silla amelie 11\" width=\"458\" height=\"315\"><\/div>\n<div class=\"col-xl-7 col-lg-7 col-md-6 col-sm-12 col-12\">\n<h2><span style=\"vertical-align: inherit;\"><span style=\"vertical-align: inherit;\">MARCA<\/span><\/span><\/h2>\n<p>Con una rica historia empresarial que se remonta a 1998, Harmoor empez\u00f3 siendo una peque\u00f1a f\u00e1brica de muebles. Abrimos nuestra f\u00e1brica en Vietnam en 2018 y nos convertimos en una de las f\u00e1bricas de muebles de pl\u00e1stico m\u00e1s grandes de Vietnam. En la actualidad, Harmoor es fabricante y proveedor de muebles de mesa y sillas con muchos modelos l\u00edderes en Vietnam y en el mundo.<\/p>\n<p><img decoding=\"async\" class=\"mt-4\" src=\"https:\/\/harmoor.com\/wp-content\/uploads\/2023\/07\/single-product.webp\" alt=\"mono producto\" width=\"190\" height=\"30\"><\/div>\n<\/div>\n<div class=\"row\">\n<div class=\"col-xl-4 col-lg-4 col-md-4 col-sm-12 col-12 mb-4\">\n<h2><span style=\"vertical-align: inherit;\"><span style=\"vertical-align: inherit;\"><span style=\"vertical-align: inherit;\"><span style=\"vertical-align: inherit;\"><span style=\"vertical-align: inherit;\"><span style=\"vertical-align: inherit;\">INFORMACI\u00d3N SOBRE EL PRODUCTO<\/span><\/span><\/span><\/span><\/span><\/span><\/h2>\n<ul>\n<li>Nombre del producto: Silla Rombi 3003A<\/li>\n<li>Material: Pl\u00e1stico PP + Patas de hierro con recubrimiento de polvo<\/li>\n<li>Estilo de dise\u00f1o: Italia<\/li>\n<li>Lugar de origen: Vietnam<\/li>\n<\/ul>\n<\/div>\n<div class=\"col-xl-4 col-lg-4 col-md-4 col-sm-12 col-12 mb-4\">\n<h2><span style=\"vertical-align: inherit;\"><span style=\"vertical-align: inherit;\"><span style=\"vertical-align: inherit;\"><span style=\"vertical-align: inherit;\"><span style=\"vertical-align: inherit;\"><span style=\"vertical-align: inherit;\">TALLA<\/span><\/span><\/span><\/span><\/span><\/span><\/h2>\n<ul>\n<li>Altura: 45 cm<\/li>\n<li>Anchura: 43 cm<\/li>\n<li>Profundidad: 86 cm<\/li>\n<li>Altura del asiento: 48 cm<\/li>\n<\/ul>\n<\/div>\n<div class=\"col-xl-4 col-lg-4 col-md-4 col-sm-12 col-12 mb-4\">\n<h2><span style=\"vertical-align: inherit;\"><span style=\"vertical-align: inherit;\"><span style=\"vertical-align: inherit;\"><span style=\"vertical-align: inherit;\"><span style=\"vertical-align: inherit;\"><span style=\"vertical-align: inherit;\">ESPACIO \u00daTIL<\/span><\/span><\/span><\/span><\/span><\/span><\/h2>\n<ul>\n<li>Cafeter\u00eda<\/li>\n<li>Restaurante<\/li>\n<li>Comedor<\/li>\n<li>Sala de estar&#8230;.<\/li>\n<\/ul>\n<\/div>\n<\/div>\n","protected":false},"excerpt":{"rendered":"<p>Si necesita una silla c\u00f3moda para su comedor, oficina o incluso su espacio exterior, la Silla Rombi 3003A es la soluci\u00f3n perfecta. Su c\u00f3modo dise\u00f1o proporciona un excelente apoyo a la espalda, lo que le permite permanecer sentado durante largos periodos de tiempo sin ninguna dificultad. No pierda la oportunidad de a\u00f1adir un toque de elegancia y sofisticaci\u00f3n a su entorno. Pida hoy mismo su propia Silla 3003A y experimente la combinaci\u00f3n perfecta de estilo y comodidad.<\/p>\n","protected":false},"featured_media":22662,"comment_status":"open","ping_status":"closed","template":"","meta":[],"product_cat":[2054],"product_tag":[1245,1630,1259,1516],"class_list":{"0":"post-23224","1":"product","2":"type-product","3":"status-publish","4":"has-post-thumbnail","6":"product_brand-rombi-es","7":"product_cat-rombi-es","8":"product_tag-silla-de-cafe","9":"product_tag-silla-de-comedor-es","10":"product_tag-silla-de-restaurante","11":"product_tag-silla-de-salon","14":"first","15":"instock","16":"shipping-taxable","17":"product-type-simple"},"_links":{"self":[{"href":"https:\/\/harmoor.com\/es\/wp-json\/wp\/v2\/product\/23224","targetHints":{"allow":["GET"]}}],"collection":[{"href":"https:\/\/harmoor.com\/es\/wp-json\/wp\/v2\/product"}],"about":[{"href":"https:\/\/harmoor.com\/es\/wp-json\/wp\/v2\/types\/product"}],"replies":[{"embeddable":true,"href":"https:\/\/harmoor.com\/es\/wp-json\/wp\/v2\/comments?post=23224"}],"version-history":[{"count":0,"href":"https:\/\/harmoor.com\/es\/wp-json\/wp\/v2\/product\/23224\/revisions"}],"wp:featuredmedia":[{"embeddable":true,"href":"https:\/\/harmoor.com\/es\/wp-json\/wp\/v2\/media\/22662"}],"wp:attachment":[{"href":"https:\/\/harmoor.com\/es\/wp-json\/wp\/v2\/media?parent=23224"}],"wp:term":[{"taxonomy":"product_cat","embeddable":true,"href":"https:\/\/harmoor.com\/es\/wp-json\/wp\/v2\/product_cat?post=23224"},{"taxonomy":"product_tag","embeddable":true,"href":"https:\/\/harmoor.com\/es\/wp-json\/wp\/v2\/product_tag?post=23224"}],"curies":[{"name":"wp","href":"https:\/\/api.w.org\/{rel}","templated":true}]}}