{"id":23212,"date":"2024-02-22T11:14:30","date_gmt":"2024-02-22T03:14:30","guid":{"rendered":"https:\/\/harmoor.com\/product\/newport-3057\/"},"modified":"2024-02-22T11:14:30","modified_gmt":"2024-02-22T03:14:30","slug":"newport-3057","status":"publish","type":"product","link":"https:\/\/harmoor.com\/es\/product\/newport-3057\/","title":{"rendered":"Newport 3057"},"content":{"rendered":"<div class=\"row\">\n<div class=\"col-xl-5 col-lg-5 col-md-6 col-sm-12 col-12\"><img fetchpriority=\"high\" decoding=\"async\" class=\"alignnone size-full wp-image-12104\" src=\"https:\/\/harmoor.com\/wp-content\/uploads\/2024\/02\/newport-3057-2.webp\" alt=\"tabla lary 21\" width=\"458\" height=\"315\"><\/div>\n<div class=\"col-xl-7 col-lg-7 col-md-6 col-sm-12 col-12\">\n<h2><span style=\"vertical-align: inherit;\"><span style=\"vertical-align: inherit;\">MARCA<\/span><\/span><\/h2>\n<p>Con una rica historia empresarial que se remonta a 1998, Harmoor empez\u00f3 siendo una peque\u00f1a f\u00e1brica de muebles. Abrimos nuestra f\u00e1brica en Vietnam en 2018 y nos convertimos en una de las f\u00e1bricas de muebles de pl\u00e1stico m\u00e1s grandes de Vietnam. En la actualidad, Harmoor es fabricante y proveedor de muebles de mesa y sillas con muchos modelos l\u00edderes en Vietnam y en el mundo.<\/p>\n<p><img decoding=\"async\" class=\"mt-4\" src=\"https:\/\/harmoor.com\/wp-content\/uploads\/2023\/07\/single-product.webp\" alt=\"mono producto\" width=\"190\" height=\"30\"><\/div>\n<\/div>\n<div class=\"row\">\n<div class=\"col-xl-4 col-lg-4 col-md-4 col-sm-12 col-12 mb-4\">\n<h2><span style=\"vertical-align: inherit;\"><span style=\"vertical-align: inherit;\">INFORMACI\u00d3N SOBRE EL PRODUCTO<\/span><\/span><\/h2>\n<ul>\n<li>Nombre del producto: Mesa Newport 3057<\/li>\n<li>Tablero: <\/li>\n<li>Instalaciones: <\/li>\n<li>Estilo de dise\u00f1o: Italia<\/li>\n<li>Lugar de origen: Vietnam<\/li>\n<\/ul>\n<\/div>\n<div class=\"col-xl-4 col-lg-4 col-md-4 col-sm-12 col-12 mb-4\">\n<h2><span style=\"vertical-align: inherit;\"><span style=\"vertical-align: inherit;\">TALLA<\/span><\/span><\/h2>\n<p><strong>Opci\u00f3n 1<\/strong><\/p>\n<ul>\n<li>Altura: 180 cm<\/li>\n<li>Anchura: 80 cm<\/li>\n<\/ul>\n<p><strong>Opci\u00f3n 2<\/strong><\/p>\n<ul>\n<li>Altura: 120 cm<\/li>\n<li>Anchura: 80 cm<\/li>\n<\/ul>\n<\/div>\n<div class=\"col-xl-4 col-lg-4 col-md-4 col-sm-12 col-12 mb-4\">\n<h2><span style=\"vertical-align: inherit;\"><span style=\"vertical-align: inherit;\">ESPACIO \u00daTIL<\/span><\/span><\/h2>\n<ul>\n<li>Restaurante<\/li>\n<li>Comedor<\/li>\n<li>En el exterior<\/li>\n<li>&#8230;.<\/li>\n<\/ul>\n<\/div>\n<\/div>\n","protected":false},"excerpt":{"rendered":"<p>La mesa Newport 3057 es un icono de modernidad y versatilidad, con un dise\u00f1o \u00fanico adecuado tanto para espacios exteriores como interiores. Con sus l\u00edneas elegantes y sus materiales resistentes a la intemperie, la mesa no s\u00f3lo es una pieza destacada en la decoraci\u00f3n de exteriores, sino tambi\u00e9n una elecci\u00f3n perfecta para espacios de vida contempor\u00e1neos. El dise\u00f1o flexible de Newport 3057 satisface las preferencias est\u00e9ticas a la vez que cubre diversas necesidades de uso, proporcionando una experiencia c\u00f3moda y agradable para todos.<\/p>\n","protected":false},"featured_media":22608,"comment_status":"open","ping_status":"closed","template":"","meta":[],"product_cat":[2040],"product_tag":[1681,2042,2041],"class_list":{"0":"post-23212","1":"product","2":"type-product","3":"status-publish","4":"has-post-thumbnail","6":"product_brand-newport-es","7":"product_cat-newport-es","8":"product_tag-mesas-de-comedor","9":"product_tag-mesas-de-exterior","10":"product_tag-mesas-de-restaurante","13":"first","14":"instock","15":"shipping-taxable","16":"product-type-simple"},"_links":{"self":[{"href":"https:\/\/harmoor.com\/es\/wp-json\/wp\/v2\/product\/23212","targetHints":{"allow":["GET"]}}],"collection":[{"href":"https:\/\/harmoor.com\/es\/wp-json\/wp\/v2\/product"}],"about":[{"href":"https:\/\/harmoor.com\/es\/wp-json\/wp\/v2\/types\/product"}],"replies":[{"embeddable":true,"href":"https:\/\/harmoor.com\/es\/wp-json\/wp\/v2\/comments?post=23212"}],"version-history":[{"count":0,"href":"https:\/\/harmoor.com\/es\/wp-json\/wp\/v2\/product\/23212\/revisions"}],"wp:featuredmedia":[{"embeddable":true,"href":"https:\/\/harmoor.com\/es\/wp-json\/wp\/v2\/media\/22608"}],"wp:attachment":[{"href":"https:\/\/harmoor.com\/es\/wp-json\/wp\/v2\/media?parent=23212"}],"wp:term":[{"taxonomy":"product_cat","embeddable":true,"href":"https:\/\/harmoor.com\/es\/wp-json\/wp\/v2\/product_cat?post=23212"},{"taxonomy":"product_tag","embeddable":true,"href":"https:\/\/harmoor.com\/es\/wp-json\/wp\/v2\/product_tag?post=23212"}],"curies":[{"name":"wp","href":"https:\/\/api.w.org\/{rel}","templated":true}]}}