{"id":23206,"date":"2024-02-21T15:37:20","date_gmt":"2024-02-21T07:37:20","guid":{"rendered":"https:\/\/harmoor.com\/product\/newport-3056\/"},"modified":"2024-02-21T15:37:20","modified_gmt":"2024-02-21T07:37:20","slug":"newport-3056","status":"publish","type":"product","link":"https:\/\/harmoor.com\/es\/product\/newport-3056\/","title":{"rendered":"Newport 3056"},"content":{"rendered":"<div class=\"row\">\n<div class=\"col-xl-5 col-lg-5 col-md-6 col-sm-12 col-12\"><img fetchpriority=\"high\" decoding=\"async\" class=\"alignnone size-full wp-image-12104\" src=\"https:\/\/harmoor.com\/wp-content\/uploads\/2024\/02\/newport-3056-2.webp\" alt=\"tabla lary 21\" width=\"458\" height=\"315\"><\/div>\n<div class=\"col-xl-7 col-lg-7 col-md-6 col-sm-12 col-12\">\n<h2><span style=\"vertical-align: inherit;\"><span style=\"vertical-align: inherit;\">MARCA<\/span><\/span><\/h2>\n<p>Con una rica historia empresarial que se remonta a 1998, Harmoor empez\u00f3 siendo una peque\u00f1a f\u00e1brica de muebles. Abrimos nuestra f\u00e1brica en Vietnam en 2018 y nos convertimos en una de las f\u00e1bricas de muebles de pl\u00e1stico m\u00e1s grandes de Vietnam. En la actualidad, Harmoor es fabricante y proveedor de muebles de mesa y sillas con muchos modelos l\u00edderes en Vietnam y en el mundo.<\/p>\n<p><img decoding=\"async\" class=\"mt-4\" src=\"https:\/\/harmoor.com\/wp-content\/uploads\/2023\/07\/single-product.webp\" alt=\"mono producto\" width=\"190\" height=\"30\"><\/div>\n<\/div>\n<div class=\"row\">\n<div class=\"col-xl-4 col-lg-4 col-md-4 col-sm-12 col-12 mb-4\">\n<h2><span style=\"vertical-align: inherit;\"><span style=\"vertical-align: inherit;\">INFORMACI\u00d3N SOBRE EL PRODUCTO<\/span><\/span><\/h2>\n<ul>\n<li>Nombre del producto: Mesa Newport 3056<\/li>\n<li>Tablero: PP<\/li>\n<li>Instalaci\u00f3n: PP<\/li>\n<li>Estilo de dise\u00f1o: Italia<\/li>\n<li>Lugar de origen: Vietnam<\/li>\n<\/ul>\n<\/div>\n<div class=\"col-xl-4 col-lg-4 col-md-4 col-sm-12 col-12 mb-4\">\n<h2><span style=\"vertical-align: inherit;\"><span style=\"vertical-align: inherit;\">TALLA<\/span><\/span><\/h2>\n<p><strong>Opci\u00f3n 1<\/strong><\/p>\n<ul>\n<li>Altura: 180 cm<\/li>\n<li>Anchura: 80 cm<\/li>\n<\/ul>\n<p><strong>Opci\u00f3n 2<\/strong><\/p>\n<ul>\n<li>Altura: 120 cm<\/li>\n<li>Anchura: 80 cm<\/li>\n<\/ul>\n<\/div>\n<div class=\"col-xl-4 col-lg-4 col-md-4 col-sm-12 col-12 mb-4\">\n<h2><span style=\"vertical-align: inherit;\"><span style=\"vertical-align: inherit;\">ESPACIO \u00daTIL<\/span><\/span><\/h2>\n<ul>\n<li>Restaurante<\/li>\n<li>Comedor<\/li>\n<li>En el exterior<\/li>\n<li>&#8230;.<\/li>\n<\/ul>\n<\/div>\n<\/div>\n","protected":false},"excerpt":{"rendered":"<p>El escritorio Newport 3056 es un icono de modernidad y sofisticaci\u00f3n, con un dise\u00f1o \u00fanico y material pl\u00e1stico de primera calidad. Con sus l\u00edneas elegantes y contempor\u00e1neas, el escritorio no es s\u00f3lo un mueble, sino tambi\u00e9n un punto focal perfecto para espacios de trabajo o de ocio. El pl\u00e1stico de alta calidad garantiza tanto la durabilidad como el atractivo est\u00e9tico, proporcionando una soluci\u00f3n ligera y f\u00e1cil de mantener. Newport 3056 no es s\u00f3lo un espacio de trabajo eficiente, sino tambi\u00e9n un s\u00edmbolo de estilo y clase en el dise\u00f1o de interiores.<\/p>\n","protected":false},"featured_media":22567,"comment_status":"open","ping_status":"closed","template":"","meta":[],"product_cat":[2040],"product_tag":[1681,2042,2041],"class_list":{"0":"post-23206","1":"product","2":"type-product","3":"status-publish","4":"has-post-thumbnail","6":"product_brand-newport-es","7":"product_cat-newport-es","8":"product_tag-mesas-de-comedor","9":"product_tag-mesas-de-exterior","10":"product_tag-mesas-de-restaurante","13":"first","14":"instock","15":"shipping-taxable","16":"product-type-simple"},"_links":{"self":[{"href":"https:\/\/harmoor.com\/es\/wp-json\/wp\/v2\/product\/23206","targetHints":{"allow":["GET"]}}],"collection":[{"href":"https:\/\/harmoor.com\/es\/wp-json\/wp\/v2\/product"}],"about":[{"href":"https:\/\/harmoor.com\/es\/wp-json\/wp\/v2\/types\/product"}],"replies":[{"embeddable":true,"href":"https:\/\/harmoor.com\/es\/wp-json\/wp\/v2\/comments?post=23206"}],"version-history":[{"count":0,"href":"https:\/\/harmoor.com\/es\/wp-json\/wp\/v2\/product\/23206\/revisions"}],"wp:featuredmedia":[{"embeddable":true,"href":"https:\/\/harmoor.com\/es\/wp-json\/wp\/v2\/media\/22567"}],"wp:attachment":[{"href":"https:\/\/harmoor.com\/es\/wp-json\/wp\/v2\/media?parent=23206"}],"wp:term":[{"taxonomy":"product_cat","embeddable":true,"href":"https:\/\/harmoor.com\/es\/wp-json\/wp\/v2\/product_cat?post=23206"},{"taxonomy":"product_tag","embeddable":true,"href":"https:\/\/harmoor.com\/es\/wp-json\/wp\/v2\/product_tag?post=23206"}],"curies":[{"name":"wp","href":"https:\/\/api.w.org\/{rel}","templated":true}]}}