{"id":23193,"date":"2024-02-21T12:56:11","date_gmt":"2024-02-21T04:56:11","guid":{"rendered":"https:\/\/harmoor.com\/product\/venus-3061\/"},"modified":"2024-02-21T12:56:11","modified_gmt":"2024-02-21T04:56:11","slug":"venus-3061","status":"publish","type":"product","link":"https:\/\/harmoor.com\/es\/product\/venus-3061\/","title":{"rendered":"Venus 3061"},"content":{"rendered":"<div class=\"row\">\n<div class=\"col-xl-5 col-lg-5 col-md-6 col-sm-12 col-12\"><img fetchpriority=\"high\" decoding=\"async\" class=\"alignnone size-full wp-image-12104\" src=\"https:\/\/harmoor.com\/wp-content\/uploads\/2024\/02\/chair-venus-3061-1.webp\" alt=\"silla gaia 53\" width=\"458\" height=\"315\"><\/div>\n<div class=\"col-xl-7 col-lg-7 col-md-6 col-sm-12 col-12\">\n<h2><span style=\"vertical-align: inherit;\"><span style=\"vertical-align: inherit;\">MARCA<\/span><\/span><\/h2>\n<p>Con una rica historia empresarial que se remonta a 1998, Harmoor empez\u00f3 siendo una peque\u00f1a f\u00e1brica de muebles. Abrimos nuestra f\u00e1brica en Vietnam en 2018 y nos convertimos en una de las f\u00e1bricas de muebles de pl\u00e1stico m\u00e1s grandes de Vietnam. En la actualidad, Harmoor es fabricante y proveedor de muebles de mesa y sillas con muchos modelos l\u00edderes en Vietnam y en el mundo.<\/p>\n<p><img decoding=\"async\" class=\"mt-4\" src=\"https:\/\/harmoor.com\/wp-content\/uploads\/2023\/07\/single-product.webp\" alt=\"mono producto\" width=\"190\" height=\"30\"><\/div>\n<\/div>\n<div class=\"row\">\n<div class=\"col-xl-4 col-lg-4 col-md-4 col-sm-12 col-12 mb-4\">\n<h2><span style=\"vertical-align: inherit;\"><span style=\"vertical-align: inherit;\">INFORMACI\u00d3N SOBRE EL PRODUCTO<\/span><\/span><\/h2>\n<ul>\n<li>Nombre del producto: Silla Venus 3061<\/li>\n<li>Asiento y respaldo: PP<\/li>\n<li>Armaz\u00f3n: PP<\/li>\n<li>Estilo de dise\u00f1o: Italia<\/li>\n<li>Lugar de origen: Vietnam<\/li>\n<\/ul>\n<\/div>\n<div class=\"col-xl-4 col-lg-4 col-md-4 col-sm-12 col-12 mb-4\">\n<h2><span style=\"vertical-align: inherit;\"><span style=\"vertical-align: inherit;\">TALLA<\/span><\/span><\/h2>\n<ul>\n<li>Longitud: 58,6 cm<\/li>\n<li>Anchura: 44,4 cm<\/li>\n<li>Altura: 81,2 cm<\/li>\n<li>Seat height: 45cm<\/li>\n<li>Embalaje: 4pcs\/ctn<\/li>\n<li>Peso: 4,24 kg<\/li>\n<\/ul>\n<\/div>\n<div class=\"col-xl-4 col-lg-4 col-md-4 col-sm-12 col-12 mb-4\">\n<h2><span style=\"vertical-align: inherit;\"><span style=\"vertical-align: inherit;\">ESPACIO \u00daTIL<\/span><\/span><\/h2>\n<ul>\n<li>Cafeter\u00eda<\/li>\n<li>Restaurante<\/li>\n<li>Comedor<\/li>\n<li>Sal\u00f3n&#8230;.<\/li>\n<\/ul>\n<\/div>\n<\/div>\n","protected":false},"excerpt":{"rendered":"<p>La silla Venus 3061 redefine la elegancia y el confort con su dise\u00f1o exclusivo y su construcci\u00f3n totalmente de pl\u00e1stico. Fabricada con precisi\u00f3n, esta silla presenta una est\u00e9tica impresionante caracterizada por curvas sutiles y l\u00edneas refinadas. El material \u00edntegramente pl\u00e1stico no s\u00f3lo contribuye a su belleza, sino que tambi\u00e9n garantiza su durabilidad y f\u00e1cil mantenimiento. La Venus 3061 combina a la perfecci\u00f3n forma y funci\u00f3n, proporcionando no s\u00f3lo una soluci\u00f3n de asiento, sino una pieza art\u00edstica para cualquier espacio. Con su dise\u00f1o de buen gusto y su composici\u00f3n resistente, esta silla se erige como s\u00edmbolo de sofisticaci\u00f3n, lo que la convierte en una opci\u00f3n ideal para quienes buscan tanto estilo como sustancia en sus muebles.<\/p>\n","protected":false},"featured_media":22525,"comment_status":"open","ping_status":"closed","template":"","meta":[],"product_cat":[2024],"product_tag":[1245,1630,1259,1516],"class_list":{"0":"post-23193","1":"product","2":"type-product","3":"status-publish","4":"has-post-thumbnail","6":"product_brand-venus-es","7":"product_cat-venus-es","8":"product_tag-silla-de-cafe","9":"product_tag-silla-de-comedor-es","10":"product_tag-silla-de-restaurante","11":"product_tag-silla-de-salon","14":"first","15":"instock","16":"shipping-taxable","17":"product-type-simple"},"_links":{"self":[{"href":"https:\/\/harmoor.com\/es\/wp-json\/wp\/v2\/product\/23193","targetHints":{"allow":["GET"]}}],"collection":[{"href":"https:\/\/harmoor.com\/es\/wp-json\/wp\/v2\/product"}],"about":[{"href":"https:\/\/harmoor.com\/es\/wp-json\/wp\/v2\/types\/product"}],"replies":[{"embeddable":true,"href":"https:\/\/harmoor.com\/es\/wp-json\/wp\/v2\/comments?post=23193"}],"version-history":[{"count":0,"href":"https:\/\/harmoor.com\/es\/wp-json\/wp\/v2\/product\/23193\/revisions"}],"wp:featuredmedia":[{"embeddable":true,"href":"https:\/\/harmoor.com\/es\/wp-json\/wp\/v2\/media\/22525"}],"wp:attachment":[{"href":"https:\/\/harmoor.com\/es\/wp-json\/wp\/v2\/media?parent=23193"}],"wp:term":[{"taxonomy":"product_cat","embeddable":true,"href":"https:\/\/harmoor.com\/es\/wp-json\/wp\/v2\/product_cat?post=23193"},{"taxonomy":"product_tag","embeddable":true,"href":"https:\/\/harmoor.com\/es\/wp-json\/wp\/v2\/product_tag?post=23193"}],"curies":[{"name":"wp","href":"https:\/\/api.w.org\/{rel}","templated":true}]}}