{"id":23172,"date":"2024-02-21T12:31:13","date_gmt":"2024-02-21T04:31:13","guid":{"rendered":"https:\/\/harmoor.com\/?post_type=product&#038;p=23172"},"modified":"2024-03-14T12:15:09","modified_gmt":"2024-03-14T04:15:09","slug":"venus-3060","status":"publish","type":"product","link":"https:\/\/harmoor.com\/es\/product\/venus-3060\/","title":{"rendered":"Venus 3060"},"content":{"rendered":"<div class=\"row\">\n<div class=\"col-xl-5 col-lg-5 col-md-6 col-sm-12 col-12\"><img fetchpriority=\"high\" decoding=\"async\" class=\"alignnone size-full wp-image-12104\" src=\"https:\/\/harmoor.com\/wp-content\/uploads\/2024\/02\/chair-venus-3060-1.webp\" alt=\"silla gaia 53\" width=\"458\" height=\"315\"><\/div>\n<div class=\"col-xl-7 col-lg-7 col-md-6 col-sm-12 col-12\">\n<h2><span style=\"vertical-align: inherit;\"><span style=\"vertical-align: inherit;\">MARCA<\/span><\/span><\/h2>\n<p>Con una rica historia empresarial que se remonta a 1998, Harmoor empez\u00f3 siendo una peque\u00f1a f\u00e1brica de muebles. Abrimos nuestra f\u00e1brica en Vietnam en 2018 y nos convertimos en una de las f\u00e1bricas de muebles de pl\u00e1stico m\u00e1s grandes de Vietnam. En la actualidad, Harmoor es fabricante y proveedor de muebles de mesa y sillas con muchos modelos l\u00edderes en Vietnam y en el mundo.<\/p>\n<p><img decoding=\"async\" class=\"mt-4\" src=\"https:\/\/harmoor.com\/wp-content\/uploads\/2023\/07\/single-product.webp\" alt=\"mono producto\" width=\"190\" height=\"30\"><\/div>\n<\/div>\n<div class=\"row\">\n<div class=\"col-xl-4 col-lg-4 col-md-4 col-sm-12 col-12 mb-4\">\n<h2><span style=\"vertical-align: inherit;\"><span style=\"vertical-align: inherit;\">INFORMACI\u00d3N SOBRE EL PRODUCTO<\/span><\/span><\/h2>\n<ul>\n<li>Nombre del producto: Silla Venus 3060<\/li>\n<li>Asiento y respaldo: PP<\/li>\n<li>Armaz\u00f3n: PP<\/li>\n<li>Estilo de dise\u00f1o: Italia<\/li>\n<li>Lugar de origen: Vietnam<\/li>\n<\/ul>\n<\/div>\n<div class=\"col-xl-4 col-lg-4 col-md-4 col-sm-12 col-12 mb-4\">\n<h2><span style=\"vertical-align: inherit;\"><span style=\"vertical-align: inherit;\">TALLA<\/span><\/span><\/h2>\n<ul>\n<li>Altura: 81,2 cm<\/li>\n<li>Anchura: 44,4 cm<\/li>\n<li>Profundidad: 58,6 cm<\/li>\n<li>Seat height: 45cm<\/li>\n<li>Peso: 3,85 kg<\/li>\n<li>Embalaje: 4pcs\/ctn<\/li>\n<\/ul>\n<\/div>\n<div class=\"col-xl-4 col-lg-4 col-md-4 col-sm-12 col-12 mb-4\">\n<h2><span style=\"vertical-align: inherit;\"><span style=\"vertical-align: inherit;\">ESPACIO \u00daTIL<\/span><\/span><\/h2>\n<ul>\n<li>Cafeter\u00eda<\/li>\n<li>Restaurante<\/li>\n<li>Comedor<\/li>\n<li>Oficina&#8230;.<\/li>\n<\/ul>\n<\/div>\n<\/div>\n","protected":false},"excerpt":{"rendered":"<p>La silla Venus 3060, obra maestra de la tecnolog\u00eda moderna, ha cautivado a los usuarios por su perfecta combinaci\u00f3n de dise\u00f1o y funciones pr\u00e1cticas. Con su dise\u00f1o moderno y lujoso, la silla Venus 3060 no es s\u00f3lo un mueble, sino tambi\u00e9n un icono de comodidad y confort.<\/p>\n<p>Una de las caracter\u00edsticas m\u00e1s destacadas de la silla Venus 3060 es su material totalmente de pl\u00e1stico de primera calidad, que proporciona durabilidad y ligereza a la vez que es f\u00e1cil de limpiar y mantener. Con una excelente capacidad de carga y resistencia a la presi\u00f3n, la silla no s\u00f3lo es una opci\u00f3n ideal para espacios de trabajo, sino tambi\u00e9n para espacios art\u00edsticos y de ocio.<\/p>\n<p>La silla est\u00e1 dise\u00f1ada con l\u00edneas suaves y patas elegantes, creando una est\u00e9tica exquisita y moderna. Esto no s\u00f3lo permite que la silla se integre perfectamente en cualquier espacio interior, sino que tambi\u00e9n proporciona comodidad y amplitud al usuario.<\/p>\n<p>Con sus caracter\u00edsticas excepcionales y su sofisticado dise\u00f1o, la silla Venus 3060 no s\u00f3lo es una opci\u00f3n ideal para los profesionales, sino tambi\u00e9n un acento perfecto para su espacio vital.<\/p>\n","protected":false},"featured_media":22498,"comment_status":"open","ping_status":"closed","template":"","meta":[],"product_cat":[2024],"product_tag":[1245,1630,1259,1516],"class_list":{"0":"post-23172","1":"product","2":"type-product","3":"status-publish","4":"has-post-thumbnail","6":"product_brand-venus-es","7":"product_cat-venus-es","8":"product_tag-silla-de-cafe","9":"product_tag-silla-de-comedor-es","10":"product_tag-silla-de-restaurante","11":"product_tag-silla-de-salon","14":"first","15":"instock","16":"shipping-taxable","17":"product-type-simple"},"_links":{"self":[{"href":"https:\/\/harmoor.com\/es\/wp-json\/wp\/v2\/product\/23172","targetHints":{"allow":["GET"]}}],"collection":[{"href":"https:\/\/harmoor.com\/es\/wp-json\/wp\/v2\/product"}],"about":[{"href":"https:\/\/harmoor.com\/es\/wp-json\/wp\/v2\/types\/product"}],"replies":[{"embeddable":true,"href":"https:\/\/harmoor.com\/es\/wp-json\/wp\/v2\/comments?post=23172"}],"version-history":[{"count":3,"href":"https:\/\/harmoor.com\/es\/wp-json\/wp\/v2\/product\/23172\/revisions"}],"predecessor-version":[{"id":23186,"href":"https:\/\/harmoor.com\/es\/wp-json\/wp\/v2\/product\/23172\/revisions\/23186"}],"wp:featuredmedia":[{"embeddable":true,"href":"https:\/\/harmoor.com\/es\/wp-json\/wp\/v2\/media\/22498"}],"wp:attachment":[{"href":"https:\/\/harmoor.com\/es\/wp-json\/wp\/v2\/media?parent=23172"}],"wp:term":[{"taxonomy":"product_cat","embeddable":true,"href":"https:\/\/harmoor.com\/es\/wp-json\/wp\/v2\/product_cat?post=23172"},{"taxonomy":"product_tag","embeddable":true,"href":"https:\/\/harmoor.com\/es\/wp-json\/wp\/v2\/product_tag?post=23172"}],"curies":[{"name":"wp","href":"https:\/\/api.w.org\/{rel}","templated":true}]}}