{"id":20116,"date":"2023-03-22T12:03:06","date_gmt":"2023-03-22T04:03:06","guid":{"rendered":"https:\/\/harmoor.com\/product\/lido-3029\/"},"modified":"2024-05-10T16:31:08","modified_gmt":"2024-05-10T08:31:08","slug":"silla-lido-3029","status":"publish","type":"product","link":"https:\/\/harmoor.com\/es\/product\/silla-lido-3029\/","title":{"rendered":"Niagara 3029"},"content":{"rendered":"<div class=\"row\">\n<div class=\"col-xl-5 col-lg-5 col-md-6 col-sm-12 col-12\"><img fetchpriority=\"high\" decoding=\"async\" class=\"alignnone size-full wp-image-12104\" src=\"https:\/\/harmoor.com\/wp-content\/uploads\/2023\/03\/chair-lido-3039.webp\" alt=\"silla lido 3029\" width=\"458\" height=\"315\"><\/div>\n<div class=\"col-xl-7 col-lg-7 col-md-6 col-sm-12 col-12\">\n<h2><span style=\"vertical-align: inherit;\"><span style=\"vertical-align: inherit;\">MARCA<\/span><\/span><\/h2>\n<p>Con una rica historia empresarial que se remonta a 1998, Harmoor empez\u00f3 siendo una peque\u00f1a f\u00e1brica de muebles. Abrimos nuestra f\u00e1brica en Vietnam en 2018 y nos convertimos en una de las f\u00e1bricas de muebles de pl\u00e1stico m\u00e1s grandes de Vietnam. En la actualidad, Harmoor es fabricante y proveedor de muebles de mesa y sillas con muchos modelos l\u00edderes en Vietnam y en el mundo.<\/p>\n<p><img decoding=\"async\" class=\"mt-4\" src=\"https:\/\/harmoor.com\/wp-content\/uploads\/2023\/07\/single-product.webp\" alt=\"mono producto\" width=\"190\" height=\"30\"><\/p>\n<\/div>\n<\/div>\n<div class=\"row\">\n<div class=\"col-xl-4 col-lg-4 col-md-4 col-sm-12 col-12 mb-4\">\n<h2><span style=\"vertical-align: inherit;\"><span style=\"vertical-align: inherit;\">INFORMACI\u00d3N SOBRE EL PRODUCTO<\/span><\/span><\/h2>\n<ul>\n<li>Nombre del producto: Silla Niagara 3029<\/li>\n<li>Asiento y respaldo: PP<\/li>\n<li>Estilo de dise\u00f1o: Italia<\/li>\n<li>Lugar de origen: Vietnam<\/li>\n<\/ul>\n<\/div>\n<div class=\"col-xl-4 col-lg-4 col-md-4 col-sm-12 col-12 mb-4\">\n<h2><span style=\"vertical-align: inherit;\"><span style=\"vertical-align: inherit;\">TALLA<\/span><\/span><\/h2>\n<ul>\n<li>Anchura: 40cm<\/li>\n<li>Altura del asiento: 44 cm<\/li>\n<li>Altura: 66cm<\/li>\n<li>Profundidad: 45cm<\/li>\n<\/ul>\n<\/div>\n<div class=\"col-xl-4 col-lg-4 col-md-4 col-sm-12 col-12 mb-4\">\n<h2><span style=\"vertical-align: inherit;\"><span style=\"vertical-align: inherit;\">ESPACIO \u00daTIL<\/span><\/span><\/h2>\n<ul>\n<li>Cafeter\u00eda<\/li>\n<li>Restaurante<\/li>\n<li>Jard\u00edn<\/li>\n<li>Bar<\/li>\n<\/ul>\n<\/div>\n<\/div>\n","protected":false},"excerpt":{"rendered":"<p>La Silla Niagara 3029 est\u00e1 dise\u00f1ada con un estilo juvenil y moderno, por lo que se adapta a multitud de espacios de diferente distribuci\u00f3n. La silla est\u00e1 fabricada con pl\u00e1stico PP moldeado de alta calidad para proporcionar una gran durabilidad y seguridad a los ocupantes. Adem\u00e1s, el asiento est\u00e1 dise\u00f1ado con curvas suaves y orificios de ventilaci\u00f3n para ayudar a las personas a sentarse c\u00f3modamente durante largos periodos de tiempo. En particular, la silla tiene un dise\u00f1o muy elegante, las patas de la silla se pueden desmontar de modo que al quitar la silla con una altura de 45 cm, puede sentarse con una mesa de comedor de 75 cm de altura y mesa de caf\u00e9. Al fijar las patas de la barra, la silla con una altura de 75 cm puede sentarse en la barra. Por lo tanto, se puede considerar como un producto de silla inteligente 2 en 1 que ayuda a aumentar la versatilidad y comodidad del producto.<\/p>\n","protected":false},"featured_media":18247,"comment_status":"open","ping_status":"closed","template":"","meta":[],"product_cat":[2125],"product_tag":[1246,1245,1607,1608,1259],"class_list":{"0":"post-20116","1":"product","2":"type-product","3":"status-publish","4":"has-post-thumbnail","6":"product_brand-niagara-es","7":"product_cat-niagara-es","8":"product_tag-silla-de-bar","9":"product_tag-silla-de-cafe","10":"product_tag-silla-de-exterior","11":"product_tag-silla-de-jardin","12":"product_tag-silla-de-restaurante","15":"first","16":"instock","17":"shipping-taxable","18":"product-type-simple"},"_links":{"self":[{"href":"https:\/\/harmoor.com\/es\/wp-json\/wp\/v2\/product\/20116","targetHints":{"allow":["GET"]}}],"collection":[{"href":"https:\/\/harmoor.com\/es\/wp-json\/wp\/v2\/product"}],"about":[{"href":"https:\/\/harmoor.com\/es\/wp-json\/wp\/v2\/types\/product"}],"replies":[{"embeddable":true,"href":"https:\/\/harmoor.com\/es\/wp-json\/wp\/v2\/comments?post=20116"}],"version-history":[{"count":1,"href":"https:\/\/harmoor.com\/es\/wp-json\/wp\/v2\/product\/20116\/revisions"}],"predecessor-version":[{"id":23606,"href":"https:\/\/harmoor.com\/es\/wp-json\/wp\/v2\/product\/20116\/revisions\/23606"}],"wp:featuredmedia":[{"embeddable":true,"href":"https:\/\/harmoor.com\/es\/wp-json\/wp\/v2\/media\/18247"}],"wp:attachment":[{"href":"https:\/\/harmoor.com\/es\/wp-json\/wp\/v2\/media?parent=20116"}],"wp:term":[{"taxonomy":"product_cat","embeddable":true,"href":"https:\/\/harmoor.com\/es\/wp-json\/wp\/v2\/product_cat?post=20116"},{"taxonomy":"product_tag","embeddable":true,"href":"https:\/\/harmoor.com\/es\/wp-json\/wp\/v2\/product_tag?post=20116"}],"curies":[{"name":"wp","href":"https:\/\/api.w.org\/{rel}","templated":true}]}}