{"id":19493,"date":"2022-04-26T15:41:23","date_gmt":"2022-04-26T07:41:23","guid":{"rendered":"https:\/\/harmoor.com\/product\/gaia-82\/"},"modified":"2024-03-04T18:08:27","modified_gmt":"2024-03-04T10:08:27","slug":"gaia-82","status":"publish","type":"product","link":"https:\/\/harmoor.com\/es\/product\/gaia-82\/","title":{"rendered":"gaia 82"},"content":{"rendered":"<div class=\"row\">\n<div class=\"col-xl-5 col-lg-5 col-md-6 col-sm-12 col-12\"><img fetchpriority=\"high\" decoding=\"async\" class=\"alignnone size-full wp-image-12104\" src=\"https:\/\/harmoor.com\/wp-content\/uploads\/2022\/04\/chair-gaia-82-5.webp\" alt=\"silla gaia 82\" width=\"458\" height=\"315\"><\/div>\n<div class=\"col-xl-7 col-lg-7 col-md-6 col-sm-12 col-12\">\n<h2><span style=\"vertical-align: inherit;\"><span style=\"vertical-align: inherit;\">MARCA<\/span><\/span><\/h2>\n<p>Con una rica historia empresarial que se remonta a 1998, Harmoor empez\u00f3 siendo una peque\u00f1a f\u00e1brica de muebles. Abrimos nuestra f\u00e1brica en Vietnam en 2018 y nos convertimos en una de las f\u00e1bricas de muebles de pl\u00e1stico m\u00e1s grandes de Vietnam. En la actualidad, Harmoor es fabricante y proveedor de muebles de mesa y sillas con muchos modelos l\u00edderes en Vietnam y en el mundo.<\/p>\n<p><img decoding=\"async\" class=\"mt-4\" src=\"https:\/\/harmoor.com\/wp-content\/uploads\/2023\/07\/single-product.webp\" alt=\"monoproducto\" width=\"190\" height=\"30\"><\/div>\n<\/div>\n<div class=\"row\">\n<div class=\"col-xl-4 col-lg-4 col-md-4 col-sm-12 col-12 mb-4\">\n<h2><span style=\"vertical-align: inherit;\"><span style=\"vertical-align: inherit;\">INFORMACI\u00d3N SOBRE EL PRODUCTO<\/span><\/span><\/h2>\n<ul>\n<li>Nombre del producto: Silla Gaia 82<\/li>\n<li>Asiento: tejido + PP<\/li>\n<li>Respaldo acolchado: PP<\/li>\n<li>Estructura: Aluminio<\/li>\n<li>Estilo de dise\u00f1o: Italia<\/li>\n<\/ul>\n<\/div>\n<div class=\"col-xl-4 col-lg-4 col-md-4 col-sm-12 col-12 mb-4\">\n<h2><span style=\"vertical-align: inherit;\"><span style=\"vertical-align: inherit;\">TALLA<\/span><\/span><\/h2>\n<ul>\n<li>Altura: 80cm<\/li>\n<li>Anchura: 46cm<\/li>\n<li>Profundidad: 46cm<\/li>\n<li>Seat height: 45cm<\/li>\n<li>Peso: 5,0kg<\/li>\n<\/ul>\n<\/div>\n<div class=\"col-xl-4 col-lg-4 col-md-4 col-sm-12 col-12 mb-4\">\n<h2><span style=\"vertical-align: inherit;\"><span style=\"vertical-align: inherit;\">ESPACIO \u00daTIL<\/span><\/span><\/h2>\n<ul>\n<li>Sala de reuniones<\/li>\n<li>Sala de estar<\/li>\n<li>Comedor<\/li>\n<li>Oficina<\/li>\n<li>&#8230;.<\/li>\n<\/ul>\n<\/div>\n<\/div>\n","protected":false},"excerpt":{"rendered":"<p>La Silla Gaia 82 es un producto vers\u00e1til y elegante dise\u00f1ado para mejorar su experiencia de asiento. Con una combinaci\u00f3n de tejido y PP (polipropileno), el asiento de la silla Gaia 82 ofrece una superficie c\u00f3moda y de apoyo. El respaldo de la silla tambi\u00e9n est\u00e1 fabricado en PP, lo que proporciona un apoyo adicional y garantiza una postura correcta durante una sentada prolongada. El uso de PP tanto en el asiento como en el respaldo hace que la silla Gaia 82 sea duradera y f\u00e1cil de limpiar. El armaz\u00f3n de la silla es de aluminio ligero y resistente, lo que a\u00f1ade fuerza y estabilidad al dise\u00f1o general. El armaz\u00f3n de aluminio no s\u00f3lo garantiza su durabilidad, sino que tambi\u00e9n hace que la silla Gaia 82 sea f\u00e1cil de mover y transportar. La Silla Gaia 82 es una elecci\u00f3n perfecta para diversos entornos, ya sea una oficina moderna. Su combinaci\u00f3n de tela, PP y aluminio crea un aspecto contempor\u00e1neo y elegante que complementar\u00e1 cualquier espacio.<\/p>\n","protected":false},"featured_media":18634,"comment_status":"open","ping_status":"closed","template":"","meta":[],"product_cat":[1649],"product_tag":[1515,1514,1516,1653],"class_list":{"0":"post-19493","1":"product","2":"type-product","3":"status-publish","4":"has-post-thumbnail","6":"product_brand-gaia-es","7":"product_cat-gaia-es","8":"product_tag-office-chair-es","9":"product_tag-silla-de-comedor","10":"product_tag-silla-de-salon","11":"product_tag-sillas-para-salas-de-reuniones","14":"first","15":"instock","16":"shipping-taxable","17":"product-type-simple"},"_links":{"self":[{"href":"https:\/\/harmoor.com\/es\/wp-json\/wp\/v2\/product\/19493","targetHints":{"allow":["GET"]}}],"collection":[{"href":"https:\/\/harmoor.com\/es\/wp-json\/wp\/v2\/product"}],"about":[{"href":"https:\/\/harmoor.com\/es\/wp-json\/wp\/v2\/types\/product"}],"replies":[{"embeddable":true,"href":"https:\/\/harmoor.com\/es\/wp-json\/wp\/v2\/comments?post=19493"}],"version-history":[{"count":0,"href":"https:\/\/harmoor.com\/es\/wp-json\/wp\/v2\/product\/19493\/revisions"}],"wp:featuredmedia":[{"embeddable":true,"href":"https:\/\/harmoor.com\/es\/wp-json\/wp\/v2\/media\/18634"}],"wp:attachment":[{"href":"https:\/\/harmoor.com\/es\/wp-json\/wp\/v2\/media?parent=19493"}],"wp:term":[{"taxonomy":"product_cat","embeddable":true,"href":"https:\/\/harmoor.com\/es\/wp-json\/wp\/v2\/product_cat?post=19493"},{"taxonomy":"product_tag","embeddable":true,"href":"https:\/\/harmoor.com\/es\/wp-json\/wp\/v2\/product_tag?post=19493"}],"curies":[{"name":"wp","href":"https:\/\/api.w.org\/{rel}","templated":true}]}}