{"id":19376,"date":"2023-05-09T10:21:07","date_gmt":"2023-05-09T02:21:07","guid":{"rendered":"https:\/\/harmoor.com\/product\/gaia-53\/"},"modified":"2023-11-22T14:11:11","modified_gmt":"2023-11-22T06:11:11","slug":"gaia-53","status":"publish","type":"product","link":"https:\/\/harmoor.com\/es\/product\/gaia-53\/","title":{"rendered":"gaia 53"},"content":{"rendered":"<div class=\"row\">\n<div class=\"col-xl-5 col-lg-5 col-md-6 col-sm-12 col-12\"><img fetchpriority=\"high\" decoding=\"async\" class=\"alignnone size-full wp-image-12104\" src=\"https:\/\/harmoor.com\/wp-content\/uploads\/2023\/06\/gaia1.webp\" alt=\"silla gaia 53\" width=\"458\" height=\"315\" \/><\/div>\n<div class=\"col-xl-7 col-lg-7 col-md-6 col-sm-12 col-12\">\n<h2><span style=\"vertical-align: inherit;\"><span style=\"vertical-align: inherit;\">MARCA<\/span><\/span><\/h2>\n<p>Con una rica historia empresarial que se remonta a 1998, Harmoor empez\u00f3 siendo una peque\u00f1a f\u00e1brica de muebles. Abrimos nuestra f\u00e1brica en Vietnam en 2018 y nos convertimos en una de las f\u00e1bricas de muebles de pl\u00e1stico m\u00e1s grandes de Vietnam. En la actualidad, Harmoor es fabricante y proveedor de muebles de mesa y sillas con muchos modelos l\u00edderes en Vietnam y en el mundo.<\/p>\n<p><img decoding=\"async\" class=\"mt-4\" src=\"https:\/\/harmoor.com\/wp-content\/uploads\/2023\/07\/single-product.webp\" alt=\"mono producto\" width=\"190\" height=\"30\" \/><\/div>\n<\/div>\n<div class=\"row\">\n<div class=\"col-xl-4 col-lg-4 col-md-4 col-sm-12 col-12 mb-4\">\n<h2><span style=\"vertical-align: inherit;\"><span style=\"vertical-align: inherit;\">INFORMACI\u00d3N SOBRE EL PRODUCTO<\/span><\/span><\/h2>\n<ul>\n<li>Nombre del producto: Silla Gaia 53<\/li>\n<li>Asiento y respaldo: PP+coj\u00edn de tela<\/li>\n<li>Armaz\u00f3n: PP<\/li>\n<li>Estilo de dise\u00f1o: Italia<\/li>\n<li>Lugar de origen: Vietnam<\/li>\n<\/ul>\n<\/div>\n<div class=\"col-xl-4 col-lg-4 col-md-4 col-sm-12 col-12 mb-4\">\n<h2><span style=\"vertical-align: inherit;\"><span style=\"vertical-align: inherit;\">TALLA<\/span><\/span><\/h2>\n<ul>\n<li>Altura: 81cm<\/li>\n<li>Anchura: 45cm<\/li>\n<li>Profundidad: 48cm<\/li>\n<li>Seat height: 45cm<\/li>\n<\/ul>\n<\/div>\n<div class=\"col-xl-4 col-lg-4 col-md-4 col-sm-12 col-12 mb-4\">\n<h2><span style=\"vertical-align: inherit;\"><span style=\"vertical-align: inherit;\">ESPACIO \u00daTIL<\/span><\/span><\/h2>\n<ul>\n<li>Cafeter\u00eda<\/li>\n<li>Restaurante<\/li>\n<li>Comedor<\/li>\n<li>Oficina&#8230;.<\/li>\n<\/ul>\n<\/div>\n<\/div>\n","protected":false},"excerpt":{"rendered":"<p>El modelo de silla Gaia 53 tiene un dise\u00f1o sencillo y compacto para satisfacer las necesidades de los clientes actuales. Todo el cuerpo y las patas de la silla son de pl\u00e1stico PP, por lo que la silla es muy resistente. Las sillas de pl\u00e1stico PP son f\u00e1ciles de limpiar, por lo que no tendr\u00e1 que dedicar mucho esfuerzo a su mantenimiento. El asiento y el respaldo de la silla est\u00e1n dise\u00f1ados con un grueso tapizado de tela que aporta comodidad al sentarse en ellos.<\/p>\n","protected":false},"featured_media":18681,"comment_status":"open","ping_status":"closed","template":"","meta":[],"product_cat":[1649],"product_tag":[1515,1514,1259,1516],"class_list":{"0":"post-19376","1":"product","2":"type-product","3":"status-publish","4":"has-post-thumbnail","6":"product_brand-gaia-es","7":"product_cat-gaia-es","8":"product_tag-office-chair-es","9":"product_tag-silla-de-comedor","10":"product_tag-silla-de-restaurante","11":"product_tag-silla-de-salon","14":"first","15":"instock","16":"shipping-taxable","17":"product-type-simple"},"_links":{"self":[{"href":"https:\/\/harmoor.com\/es\/wp-json\/wp\/v2\/product\/19376","targetHints":{"allow":["GET"]}}],"collection":[{"href":"https:\/\/harmoor.com\/es\/wp-json\/wp\/v2\/product"}],"about":[{"href":"https:\/\/harmoor.com\/es\/wp-json\/wp\/v2\/types\/product"}],"replies":[{"embeddable":true,"href":"https:\/\/harmoor.com\/es\/wp-json\/wp\/v2\/comments?post=19376"}],"version-history":[{"count":0,"href":"https:\/\/harmoor.com\/es\/wp-json\/wp\/v2\/product\/19376\/revisions"}],"wp:featuredmedia":[{"embeddable":true,"href":"https:\/\/harmoor.com\/es\/wp-json\/wp\/v2\/media\/18681"}],"wp:attachment":[{"href":"https:\/\/harmoor.com\/es\/wp-json\/wp\/v2\/media?parent=19376"}],"wp:term":[{"taxonomy":"product_cat","embeddable":true,"href":"https:\/\/harmoor.com\/es\/wp-json\/wp\/v2\/product_cat?post=19376"},{"taxonomy":"product_tag","embeddable":true,"href":"https:\/\/harmoor.com\/es\/wp-json\/wp\/v2\/product_tag?post=19376"}],"curies":[{"name":"wp","href":"https:\/\/api.w.org\/{rel}","templated":true}]}}