{"id":19258,"date":"2022-04-26T15:41:22","date_gmt":"2022-04-26T07:41:22","guid":{"rendered":"https:\/\/harmoor.com\/product\/amelie-11\/"},"modified":"2023-11-22T14:11:58","modified_gmt":"2023-11-22T06:11:58","slug":"amelie-11","status":"publish","type":"product","link":"https:\/\/harmoor.com\/es\/product\/amelie-11\/","title":{"rendered":"amelie 11"},"content":{"rendered":"<div class=\"row\">\n<div class=\"col-xl-5 col-lg-5 col-md-6 col-sm-12 col-12\"><img fetchpriority=\"high\" decoding=\"async\" class=\"alignnone size-full wp-image-12104\" src=\"https:\/\/harmoor.com\/wp-content\/uploads\/2022\/04\/chair-amelie-11-12.webp\" alt=\"silla amelie 11\" width=\"458\" height=\"315\"><\/div>\n<div class=\"col-xl-7 col-lg-7 col-md-6 col-sm-12 col-12\">\n<h2><span style=\"vertical-align: inherit;\"><span style=\"vertical-align: inherit;\">MARCA<\/span><\/span><\/h2>\n<p>Con una rica historia empresarial que se remonta a 1998, Harmoor empez\u00f3 siendo una peque\u00f1a f\u00e1brica de muebles. Abrimos nuestra f\u00e1brica en Vietnam en 2018 y nos convertimos en una de las f\u00e1bricas de muebles de pl\u00e1stico m\u00e1s grandes de Vietnam. En la actualidad, Harmoor es fabricante y proveedor de muebles de mesa y sillas con muchos modelos l\u00edderes en Vietnam y en el mundo.<\/p>\n<p><img decoding=\"async\" class=\"mt-4\" src=\"https:\/\/harmoor.com\/wp-content\/uploads\/2023\/07\/single-product.webp\" alt=\"mono producto\" width=\"190\" height=\"30\"><\/div>\n<\/div>\n<div class=\"row\">\n<div class=\"col-xl-4 col-lg-4 col-md-4 col-sm-12 col-12 mb-4\">\n<h2><span style=\"vertical-align: inherit;\"><span style=\"vertical-align: inherit;\"><span style=\"vertical-align: inherit;\"><span style=\"vertical-align: inherit;\"><span style=\"vertical-align: inherit;\"><span style=\"vertical-align: inherit;\">INFORMACI\u00d3N SOBRE EL PRODUCTO<\/span><\/span><\/span><\/span><\/span><\/span><\/h2>\n<ul>\n<li>Nombre del producto: Silla Amelie 11<\/li>\n<li>Material: Estructura de acero + pl\u00e1stico PP<\/li>\n<li>Estilo de dise\u00f1o: Italiano<\/li>\n<li>Lugar de origen: Vietnam<\/li>\n<\/ul>\n<\/div>\n<div class=\"col-xl-4 col-lg-4 col-md-4 col-sm-12 col-12 mb-4\">\n<h2><span style=\"vertical-align: inherit;\"><span style=\"vertical-align: inherit;\"><span style=\"vertical-align: inherit;\"><span style=\"vertical-align: inherit;\"><span style=\"vertical-align: inherit;\"><span style=\"vertical-align: inherit;\">TALLA<\/span><\/span><\/span><\/span><\/span><\/span><\/h2>\n<ul>\n<li>Altura: 82cm<\/li>\n<li>Anchura: 42cm<\/li>\n<li>Profundidad: 43cm<\/li>\n<li>Altura del asiento: 45cm<\/li>\n<\/ul>\n<\/div>\n<div class=\"col-xl-4 col-lg-4 col-md-4 col-sm-12 col-12 mb-4\">\n<h2><span style=\"vertical-align: inherit;\"><span style=\"vertical-align: inherit;\"><span style=\"vertical-align: inherit;\"><span style=\"vertical-align: inherit;\"><span style=\"vertical-align: inherit;\"><span style=\"vertical-align: inherit;\">ESPACIO \u00daTIL<\/span><\/span><\/span><\/span><\/span><\/span><\/h2>\n<ul>\n<li>Cafeter\u00eda<\/li>\n<li>Restaurante<\/li>\n<li>Comedor<\/li>\n<li>&#8230;.<\/li>\n<\/ul>\n<\/div>\n<\/div>\n","protected":false},"excerpt":{"rendered":"<p>Un precioso modelo de la famosa empresa de muebles Harmoor Italia. Con una superficie de pl\u00e1stico PP de alta calidad combinada con patas de hierro con recubrimiento en polvo para una protecci\u00f3n absoluta contra los rayos. El nuevo dise\u00f1o causa una fuerte impresi\u00f3n en esta silla. La estructura de la silla Amelie 11 incluye 3 componentes principales: el reposapi\u00e9s, el asiento y la conexi\u00f3n entre las patas y el asiento. Estas piezas se dise\u00f1an por separado y se unen mediante un sistema de tornillos. Se trata de un bonito modelo de silla de comedor fabricada con materiales resistentes al agua para que pueda utilizarla tanto en espacios interiores como exteriores. Adem\u00e1s de la funci\u00f3n de silla de comedor, puede utilizarla como silla de cafeter\u00eda de lujo, silla de restaurante, silla de exterior, &#8230;<\/p>\n","protected":false},"featured_media":18264,"comment_status":"open","ping_status":"closed","template":"","meta":[],"product_cat":[1629],"product_tag":[1245,1514,1630],"class_list":{"0":"post-19258","1":"product","2":"type-product","3":"status-publish","4":"has-post-thumbnail","6":"product_brand-amelie-es","7":"product_cat-amelie-es","8":"product_tag-silla-de-cafe","9":"product_tag-silla-de-comedor","10":"product_tag-silla-de-comedor-es","13":"first","14":"instock","15":"shipping-taxable","16":"product-type-simple"},"_links":{"self":[{"href":"https:\/\/harmoor.com\/es\/wp-json\/wp\/v2\/product\/19258","targetHints":{"allow":["GET"]}}],"collection":[{"href":"https:\/\/harmoor.com\/es\/wp-json\/wp\/v2\/product"}],"about":[{"href":"https:\/\/harmoor.com\/es\/wp-json\/wp\/v2\/types\/product"}],"replies":[{"embeddable":true,"href":"https:\/\/harmoor.com\/es\/wp-json\/wp\/v2\/comments?post=19258"}],"version-history":[{"count":1,"href":"https:\/\/harmoor.com\/es\/wp-json\/wp\/v2\/product\/19258\/revisions"}],"predecessor-version":[{"id":20802,"href":"https:\/\/harmoor.com\/es\/wp-json\/wp\/v2\/product\/19258\/revisions\/20802"}],"wp:featuredmedia":[{"embeddable":true,"href":"https:\/\/harmoor.com\/es\/wp-json\/wp\/v2\/media\/18264"}],"wp:attachment":[{"href":"https:\/\/harmoor.com\/es\/wp-json\/wp\/v2\/media?parent=19258"}],"wp:term":[{"taxonomy":"product_cat","embeddable":true,"href":"https:\/\/harmoor.com\/es\/wp-json\/wp\/v2\/product_cat?post=19258"},{"taxonomy":"product_tag","embeddable":true,"href":"https:\/\/harmoor.com\/es\/wp-json\/wp\/v2\/product_tag?post=19258"}],"curies":[{"name":"wp","href":"https:\/\/api.w.org\/{rel}","templated":true}]}}