{"id":19247,"date":"2022-04-26T15:41:21","date_gmt":"2022-04-26T07:41:21","guid":{"rendered":"https:\/\/harmoor.com\/product\/circus-11\/"},"modified":"2023-11-22T14:12:00","modified_gmt":"2023-11-22T06:12:00","slug":"circus-11","status":"publish","type":"product","link":"https:\/\/harmoor.com\/es\/product\/circus-11\/","title":{"rendered":"circus 11"},"content":{"rendered":"<div class=\"row\">\n<div class=\"col-xl-5 col-lg-5 col-md-6 col-sm-12 col-12\"><img fetchpriority=\"high\" decoding=\"async\" class=\"alignnone size-full wp-image-12104\" src=\"https:\/\/harmoor.com\/wp-content\/uploads\/2022\/04\/chair-circus-11-6.webp\" alt=\"silla circus 11\" width=\"458\" height=\"315\" \/><\/div>\n<div class=\"col-xl-7 col-lg-7 col-md-6 col-sm-12 col-12\">\n<h2><span style=\"vertical-align: inherit;\"><span style=\"vertical-align: inherit;\">MARCA<\/span><\/span><\/h2>\n<p>Con una rica historia empresarial que se remonta a 1998, Harmoor empez\u00f3 siendo una peque\u00f1a f\u00e1brica de muebles. Abrimos nuestra f\u00e1brica en Vietnam en 2018 y nos convertimos en una de las f\u00e1bricas de muebles de pl\u00e1stico m\u00e1s grandes de Vietnam. En la actualidad, Harmoor es fabricante y proveedor de muebles de mesa y sillas con muchos modelos l\u00edderes en Vietnam y en el mundo.<\/p>\n<p><img decoding=\"async\" class=\"mt-4\" src=\"https:\/\/harmoor.com\/wp-content\/uploads\/2023\/07\/single-product.webp\" alt=\"monoproducto\" width=\"190\" height=\"30\" \/><\/div>\n<\/div>\n<div class=\"row\">\n<div class=\"col-xl-4 col-lg-4 col-md-4 col-sm-12 col-12 mb-4\">\n<h2><span style=\"vertical-align: inherit;\"><span style=\"vertical-align: inherit;\">DETALLES DEL PRODUCTO<\/span><\/span><\/h2>\n<ul>\n<li>Nombre del producto: Silla Circus 11<\/li>\n<li>Asiento y respaldo: PP<\/li>\n<li>Estilo de dise\u00f1o: Italia<\/li>\n<\/ul>\n<\/div>\n<div class=\"col-xl-4 col-lg-4 col-md-4 col-sm-12 col-12 mb-4\">\n<h2><span style=\"vertical-align: inherit;\"><span style=\"vertical-align: inherit;\">TALLA<\/span><\/span><\/h2>\n<ul>\n<li>Altura: 82cm<\/li>\n<li>Anchura: 41cm<\/li>\n<li>Longitud: 46cm<\/li>\n<li>Seat height: 45cm<\/li>\n<li>Peso: 4,0kg<\/li>\n<\/ul>\n<\/div>\n<div class=\"col-xl-4 col-lg-4 col-md-4 col-sm-12 col-12 mb-4\">\n<h2><span style=\"vertical-align: inherit;\"><span style=\"vertical-align: inherit;\">ESPACIO \u00daTIL<\/span><\/span><\/h2>\n<ul>\n<li>Cafeter\u00eda<\/li>\n<li>Restaurante<\/li>\n<li>Comedor<\/li>\n<li>&#8230;.<\/li>\n<\/ul>\n<\/div>\n<\/div>\n","protected":false},"excerpt":{"rendered":"<p>La silla Circus 11 presenta un dise\u00f1o \u00fanico con suaves curvas y un respaldo de apoyo, que proporciona el m\u00e1ximo confort a la persona sentada. Fabricado con material pl\u00e1stico impermeable de alta calidad, es f\u00e1cil de limpiar y mantener. La silla Circus 11 tambi\u00e9n a\u00f1ade un toque art\u00edstico con su alegre estampado floral y sus vibrantes colores. Su versatilidad lo hace adecuado para diversos espacios, como el sal\u00f3n, la cocina, el jard\u00edn o cualquier ambiente interior. La silla Circus 11 es la elecci\u00f3n perfecta para realzar su espacio vital.<\/p>\n","protected":false},"featured_media":18603,"comment_status":"open","ping_status":"closed","template":"","meta":[],"product_cat":[1642],"product_tag":[1245,1514,1259],"class_list":{"0":"post-19247","1":"product","2":"type-product","3":"status-publish","4":"has-post-thumbnail","6":"product_brand-circus-es","7":"product_cat-circus-11-es","8":"product_tag-silla-de-cafe","9":"product_tag-silla-de-comedor","10":"product_tag-silla-de-restaurante","13":"first","14":"instock","15":"shipping-taxable","16":"product-type-simple"},"_links":{"self":[{"href":"https:\/\/harmoor.com\/es\/wp-json\/wp\/v2\/product\/19247","targetHints":{"allow":["GET"]}}],"collection":[{"href":"https:\/\/harmoor.com\/es\/wp-json\/wp\/v2\/product"}],"about":[{"href":"https:\/\/harmoor.com\/es\/wp-json\/wp\/v2\/types\/product"}],"replies":[{"embeddable":true,"href":"https:\/\/harmoor.com\/es\/wp-json\/wp\/v2\/comments?post=19247"}],"version-history":[{"count":0,"href":"https:\/\/harmoor.com\/es\/wp-json\/wp\/v2\/product\/19247\/revisions"}],"wp:featuredmedia":[{"embeddable":true,"href":"https:\/\/harmoor.com\/es\/wp-json\/wp\/v2\/media\/18603"}],"wp:attachment":[{"href":"https:\/\/harmoor.com\/es\/wp-json\/wp\/v2\/media?parent=19247"}],"wp:term":[{"taxonomy":"product_cat","embeddable":true,"href":"https:\/\/harmoor.com\/es\/wp-json\/wp\/v2\/product_cat?post=19247"},{"taxonomy":"product_tag","embeddable":true,"href":"https:\/\/harmoor.com\/es\/wp-json\/wp\/v2\/product_tag?post=19247"}],"curies":[{"name":"wp","href":"https:\/\/api.w.org\/{rel}","templated":true}]}}