{"id":19048,"date":"2022-04-26T15:41:24","date_gmt":"2022-04-26T07:41:24","guid":{"rendered":"https:\/\/harmoor.com\/product\/amelie-31\/"},"modified":"2023-11-22T14:11:40","modified_gmt":"2023-11-22T06:11:40","slug":"silla-amelie-31","status":"publish","type":"product","link":"https:\/\/harmoor.com\/es\/product\/silla-amelie-31\/","title":{"rendered":"amelie 31"},"content":{"rendered":"<div class=\"row\">\n<div class=\"col-xl-5 col-lg-5 col-md-6 col-sm-12 col-12\"><img fetchpriority=\"high\" decoding=\"async\" class=\"alignnone size-full wp-image-12104\" src=\"https:\/\/harmoor.com\/wp-content\/uploads\/2022\/04\/chair-amelie-31-6.webp\" alt=\"\" width=\"458\" height=\"315\" \/><\/div>\n<div class=\"col-xl-7 col-lg-7 col-md-6 col-sm-12 col-12\">\n<h2><span style=\"vertical-align: inherit;\"><span style=\"vertical-align: inherit;\">MARCA<\/span><\/span><\/h2>\n<p>Con una rica historia empresarial que se remonta a 1998, Harmoor empez\u00f3 siendo una peque\u00f1a f\u00e1brica de muebles. Abrimos nuestra f\u00e1brica en Vietnam en 2018 y nos convertimos en una de las f\u00e1bricas de muebles de pl\u00e1stico m\u00e1s grandes de Vietnam. En la actualidad, Harmoor es fabricante y proveedor de muebles de mesa y sillas con muchos modelos l\u00edderes en Vietnam y en el mundo.<\/p>\n<p><img decoding=\"async\" class=\"mt-4\" src=\"https:\/\/harmoor.com\/wp-content\/uploads\/2023\/07\/single-product.webp\" alt=\"monoproducto\" width=\"190\" height=\"30\" \/><\/div>\n<\/div>\n<div class=\"row\">\n<div class=\"col-xl-4 col-lg-4 col-md-4 col-sm-12 col-12 mb-4\">\n<h2><span style=\"vertical-align: inherit;\"><span style=\"vertical-align: inherit;\">INFORMACI\u00d3N SOBRE EL PRODUCTO<\/span><\/span><\/h2>\n<ul>\n<li>Nombre del producto: Silla modelo Ame31<\/li>\n<li>Asiento y respaldo: PP<\/li>\n<li>Estilo de dise\u00f1o: Italia<\/li>\n<\/ul>\n<\/div>\n<div class=\"col-xl-4 col-lg-4 col-md-4 col-sm-12 col-12 mb-4\">\n<h2><span style=\"vertical-align: inherit;\"><span style=\"vertical-align: inherit;\">TALLA<\/span><\/span><\/h2>\n<ul>\n<li>Altura: 82cm<\/li>\n<li>Anchura: 42cm<\/li>\n<li>Profundidad: 43cm<\/li>\n<li>Seat height: 45cm<\/li>\n<li>Peso: 4,0kg<\/li>\n<\/ul>\n<\/div>\n<div class=\"col-xl-4 col-lg-4 col-md-4 col-sm-12 col-12 mb-4\">\n<h2><span style=\"vertical-align: inherit;\"><span style=\"vertical-align: inherit;\">ESPACIO \u00daTIL<\/span><\/span><\/h2>\n<ul>\n<li>Cafeter\u00eda<\/li>\n<li>Restaurante<\/li>\n<li>Comedor<\/li>\n<li>&#8230;.<\/li>\n<\/ul>\n<\/div>\n<\/div>\n","protected":false},"excerpt":{"rendered":"<p>Las sillas Amelie 31 suelen utilizarse en espacios interiores como cafeter\u00edas, comedores, cadenas de tiendas, etc. . Este es un modelo de silla elegido y confiado por muchos clientes, porque la silla trae comodidad, por supuesto, debe atraer el espacio del cliente y lo m\u00e1s importante, la silla trae una sensaci\u00f3n c\u00f3moda y agradable. mejor.<\/p>\n","protected":false},"featured_media":18276,"comment_status":"open","ping_status":"closed","template":"","meta":[],"product_cat":[1629],"product_tag":[1245,1514,1259],"class_list":{"0":"post-19048","1":"product","2":"type-product","3":"status-publish","4":"has-post-thumbnail","6":"product_brand-amelie-es","7":"product_cat-amelie-es","8":"product_tag-silla-de-cafe","9":"product_tag-silla-de-comedor","10":"product_tag-silla-de-restaurante","13":"first","14":"instock","15":"shipping-taxable","16":"product-type-simple"},"_links":{"self":[{"href":"https:\/\/harmoor.com\/es\/wp-json\/wp\/v2\/product\/19048","targetHints":{"allow":["GET"]}}],"collection":[{"href":"https:\/\/harmoor.com\/es\/wp-json\/wp\/v2\/product"}],"about":[{"href":"https:\/\/harmoor.com\/es\/wp-json\/wp\/v2\/types\/product"}],"replies":[{"embeddable":true,"href":"https:\/\/harmoor.com\/es\/wp-json\/wp\/v2\/comments?post=19048"}],"version-history":[{"count":0,"href":"https:\/\/harmoor.com\/es\/wp-json\/wp\/v2\/product\/19048\/revisions"}],"wp:featuredmedia":[{"embeddable":true,"href":"https:\/\/harmoor.com\/es\/wp-json\/wp\/v2\/media\/18276"}],"wp:attachment":[{"href":"https:\/\/harmoor.com\/es\/wp-json\/wp\/v2\/media?parent=19048"}],"wp:term":[{"taxonomy":"product_cat","embeddable":true,"href":"https:\/\/harmoor.com\/es\/wp-json\/wp\/v2\/product_cat?post=19048"},{"taxonomy":"product_tag","embeddable":true,"href":"https:\/\/harmoor.com\/es\/wp-json\/wp\/v2\/product_tag?post=19048"}],"curies":[{"name":"wp","href":"https:\/\/api.w.org\/{rel}","templated":true}]}}