{"id":18485,"date":"2023-04-07T16:40:34","date_gmt":"2023-04-07T08:40:34","guid":{"rendered":"https:\/\/harmoor.com\/product\/caribu-3039\/"},"modified":"2024-07-17T18:07:17","modified_gmt":"2024-07-17T10:07:17","slug":"silla-karibu-3039","status":"publish","type":"product","link":"https:\/\/harmoor.com\/es\/product\/silla-karibu-3039\/","title":{"rendered":"karibu 3039"},"content":{"rendered":"<div class=\"row\">\n<div class=\"col-xl-5 col-lg-5 col-md-6 col-sm-12 col-12\"><img fetchpriority=\"high\" decoding=\"async\" class=\"alignnone size-full wp-image-12104\" src=\"https:\/\/harmoor.com\/wp-content\/uploads\/2023\/04\/chair-carribu-3039-5.webp\" alt=\"silla caribu 3039\" width=\"458\" height=\"315\"><\/div>\n<div class=\"col-xl-7 col-lg-7 col-md-6 col-sm-12 col-12\">\n<h2><span style=\"vertical-align: inherit;\"><span style=\"vertical-align: inherit;\">MARCA<\/span><\/span><\/h2>\n<p>Con una rica historia empresarial que se remonta a 1998, Harmoor empez\u00f3 siendo una peque\u00f1a f\u00e1brica de muebles. Abrimos nuestra f\u00e1brica en Vietnam en 2018 y nos convertimos en una de las f\u00e1bricas de muebles de pl\u00e1stico m\u00e1s grandes de Vietnam. En la actualidad, Harmoor es fabricante y proveedor de muebles de mesa y sillas con muchos modelos l\u00edderes en Vietnam y en el mundo.<\/p>\n<p><img decoding=\"async\" class=\"mt-4\" src=\"https:\/\/harmoor.com\/wp-content\/uploads\/2023\/07\/single-product.webp\" alt=\"monoproducto\" width=\"190\" height=\"30\"><\/div>\n<\/div>\n<div class=\"row\">\n<div class=\"col-xl-4 col-lg-4 col-md-4 col-sm-12 col-12 mb-4\">\n<h2><span style=\"vertical-align: inherit;\"><span style=\"vertical-align: inherit;\">INFORMACI\u00d3N SOBRE EL PRODUCTO<\/span><\/span><\/h2>\n<ul>\n<li>Nombre del producto: Silla Caribu 3039<\/li>\n<li>Material: Cuerda + pl\u00e1stico PP<\/li>\n<li>Estilo de dise\u00f1o: Italia<\/li>\n<li>Lugar de origen: Vietnam<\/li>\n<\/ul>\n<\/div>\n<div class=\"col-xl-4 col-lg-4 col-md-4 col-sm-12 col-12 mb-4\">\n<h2><span style=\"vertical-align: inherit;\"><span style=\"vertical-align: inherit;\">TALLA<\/span><\/span><\/h2>\n<ul>\n<li>Altura: 81cm<\/li>\n<li>Anchura: 60,5cm<\/li>\n<li>Profundidad: 52cm<\/li>\n<li>Seat height: 45cm<\/li>\n<\/ul>\n<\/div>\n<div class=\"col-xl-4 col-lg-4 col-md-4 col-sm-12 col-12 mb-4\">\n<h2><span style=\"vertical-align: inherit;\"><span style=\"vertical-align: inherit;\">ESPACIO \u00daTIL<\/span><\/span><\/h2>\n<ul>\n<li>Cafeter\u00eda<\/li>\n<li>Restaurante<\/li>\n<li>Comedor<\/li>\n<li>Jard\u00edn&#8230;.<\/li>\n<\/ul>\n<\/div>\n<\/div>\n","protected":false},"excerpt":{"rendered":"<p>La silla Caribu 3039 tiene un dise\u00f1o y unas l\u00edneas curvas. Con asiento y respaldo de material de PA duradero, incluso al aire libre. El armaz\u00f3n de acero es robusto, lo que confiere al dise\u00f1o una estructura duradera y resistente, y resulta adecuado para muchos espacios interiores. La Silla 3039 nos transporta al pasado con una reinterpretaci\u00f3n moderna del cl\u00e1sico asiento de terraza de los a\u00f1os 60, fabricado en acero y materiales textiles. La silla Caribu 3039 est\u00e1 recubierta de pintura en polvo para uso en exteriores, el respaldo y el asiento son de pl\u00e1stico PA. Especialmente dise\u00f1ado para su uso en exteriores. Pueden apilarse unas sobre otras.<\/p>\n","protected":false},"featured_media":18207,"comment_status":"open","ping_status":"closed","template":"","meta":[],"product_cat":[1606],"product_tag":[1245,1514,1607,1608,1259,1516,1609],"class_list":{"0":"post-18485","1":"product","2":"type-product","3":"status-publish","4":"has-post-thumbnail","6":"product_brand-caribu-es","7":"product_cat-caribu-es","8":"product_tag-silla-de-cafe","9":"product_tag-silla-de-comedor","10":"product_tag-silla-de-exterior","11":"product_tag-silla-de-jardin","12":"product_tag-silla-de-restaurante","13":"product_tag-silla-de-salon","14":"product_tag-silla-de-terraza","17":"first","18":"instock","19":"shipping-taxable","20":"product-type-simple"},"_links":{"self":[{"href":"https:\/\/harmoor.com\/es\/wp-json\/wp\/v2\/product\/18485","targetHints":{"allow":["GET"]}}],"collection":[{"href":"https:\/\/harmoor.com\/es\/wp-json\/wp\/v2\/product"}],"about":[{"href":"https:\/\/harmoor.com\/es\/wp-json\/wp\/v2\/types\/product"}],"replies":[{"embeddable":true,"href":"https:\/\/harmoor.com\/es\/wp-json\/wp\/v2\/comments?post=18485"}],"version-history":[{"count":0,"href":"https:\/\/harmoor.com\/es\/wp-json\/wp\/v2\/product\/18485\/revisions"}],"wp:featuredmedia":[{"embeddable":true,"href":"https:\/\/harmoor.com\/es\/wp-json\/wp\/v2\/media\/18207"}],"wp:attachment":[{"href":"https:\/\/harmoor.com\/es\/wp-json\/wp\/v2\/media?parent=18485"}],"wp:term":[{"taxonomy":"product_cat","embeddable":true,"href":"https:\/\/harmoor.com\/es\/wp-json\/wp\/v2\/product_cat?post=18485"},{"taxonomy":"product_tag","embeddable":true,"href":"https:\/\/harmoor.com\/es\/wp-json\/wp\/v2\/product_tag?post=18485"}],"curies":[{"name":"wp","href":"https:\/\/api.w.org\/{rel}","templated":true}]}}