{"id":17821,"date":"2023-03-22T15:53:15","date_gmt":"2023-03-22T07:53:15","guid":{"rendered":"https:\/\/harmoor.com\/product\/calipso-3031a\/"},"modified":"2023-11-22T14:11:24","modified_gmt":"2023-11-22T06:11:24","slug":"silla-calipso-3031a","status":"publish","type":"product","link":"https:\/\/harmoor.com\/es\/product\/silla-calipso-3031a\/","title":{"rendered":"calipso 3031a"},"content":{"rendered":"<div class=\"row\">\n<div class=\"col-xl-5 col-lg-5 col-md-6 col-sm-12 col-12\"><img fetchpriority=\"high\" decoding=\"async\" class=\"alignnone size-full wp-image-12104\" src=\"https:\/\/harmoor.com\/wp-content\/uploads\/2023\/03\/calipso-3031a-2.webp\" alt=\"silla calipso 3031a\" width=\"458\" height=\"315\"><\/div>\n<div class=\"col-xl-7 col-lg-7 col-md-6 col-sm-12 col-12\">\n<h2><span style=\"vertical-align: inherit;\"><span style=\"vertical-align: inherit;\">MARCA<\/span><\/span><\/h2>\n<p>Con una rica historia empresarial que se remonta a 1998, Harmoor empez\u00f3 siendo una peque\u00f1a f\u00e1brica de muebles. Abrimos nuestra f\u00e1brica en Vietnam en 2018 y nos convertimos en una de las f\u00e1bricas de muebles de pl\u00e1stico m\u00e1s grandes de Vietnam. En la actualidad, Harmoor es fabricante y proveedor de muebles de mesa y sillas con muchos modelos l\u00edderes en Vietnam y en el mundo.<\/p>\n<p><img decoding=\"async\" class=\"mt-4\" src=\"https:\/\/harmoor.com\/wp-content\/uploads\/2023\/07\/single-product.webp\" alt=\"monoproducto\" width=\"190\" height=\"30\"><\/div>\n<\/div>\n<div class=\"row\">\n<div class=\"col-xl-4 col-lg-4 col-md-4 col-sm-12 col-12 mb-4\">\n<h2><span style=\"vertical-align: inherit;\"><span style=\"vertical-align: inherit;\">INFORMACI\u00d3N SOBRE EL PRODUCTO<\/span><\/span><\/h2>\n<ul>\n<li>Nombre del producto: Silla Calipso 3031A<\/li>\n<li>Material: Estructura de acero + pl\u00e1stico PP<\/li>\n<li>Estilo de dise\u00f1o: Italia<\/li>\n<li>Lugar de origen: Vietnam<\/li>\n<\/ul>\n<\/div>\n<div class=\"col-xl-4 col-lg-4 col-md-4 col-sm-12 col-12 mb-4\">\n<h2><span style=\"vertical-align: inherit;\"><span style=\"vertical-align: inherit;\">TALLA<\/span><\/span><\/h2>\n<ul>\n<li>Altura: 103 cm<\/li>\n<li>Profundidad: 45,5cm<\/li>\n<li>Anchura: 52 cm<\/li>\n<li>Altura del asiento: 75cm<\/li>\n<\/ul>\n<\/div>\n<div class=\"col-xl-4 col-lg-4 col-md-4 col-sm-12 col-12 mb-4\">\n<h2><span style=\"vertical-align: inherit;\"><span style=\"vertical-align: inherit;\">ESPACIO \u00daTIL<\/span><\/span><\/h2>\n<ul>\n<li>Cafeter\u00eda<\/li>\n<li>Bar<\/li>\n<li>Cocina<\/li>\n<li>&#8230;.<\/li>\n<\/ul>\n<\/div>\n<\/div>\n","protected":false},"excerpt":{"rendered":"<p>La Silla Calipso 3031A es un banco con un estilo moderno y f\u00e1cil de combinar con diferentes estilos de decoraci\u00f3n, un material resistente que soporta los rigores del uso diario y es f\u00e1cil de limpiar y mantener. Aporte un dise\u00f1o moderno y elegante a su cocina con el taburete de bar 3031A. La silla moldeada ergon\u00f3micamente presenta un elegante dise\u00f1o de malla para ofrecer un c\u00f3modo asiento. La silla Calipso 3031A est\u00e1 fabricada con un asiento de polipropileno de alta resistencia, patas met\u00e1licas acabadas en el mismo color que el asiento, reposapi\u00e9s y protectores de los extremos.<\/p>\n","protected":false},"featured_media":18100,"comment_status":"open","ping_status":"closed","template":"","meta":[],"product_cat":[1244],"product_tag":[1246,1245,1247],"class_list":{"0":"post-17821","1":"product","2":"type-product","3":"status-publish","4":"has-post-thumbnail","6":"product_brand-calipso-es","7":"product_cat-calipso-es","8":"product_tag-silla-de-bar","9":"product_tag-silla-de-cafe","10":"product_tag-silla-de-cocina","13":"first","14":"instock","15":"shipping-taxable","16":"product-type-simple"},"_links":{"self":[{"href":"https:\/\/harmoor.com\/es\/wp-json\/wp\/v2\/product\/17821","targetHints":{"allow":["GET"]}}],"collection":[{"href":"https:\/\/harmoor.com\/es\/wp-json\/wp\/v2\/product"}],"about":[{"href":"https:\/\/harmoor.com\/es\/wp-json\/wp\/v2\/types\/product"}],"replies":[{"embeddable":true,"href":"https:\/\/harmoor.com\/es\/wp-json\/wp\/v2\/comments?post=17821"}],"version-history":[{"count":0,"href":"https:\/\/harmoor.com\/es\/wp-json\/wp\/v2\/product\/17821\/revisions"}],"wp:featuredmedia":[{"embeddable":true,"href":"https:\/\/harmoor.com\/es\/wp-json\/wp\/v2\/media\/18100"}],"wp:attachment":[{"href":"https:\/\/harmoor.com\/es\/wp-json\/wp\/v2\/media?parent=17821"}],"wp:term":[{"taxonomy":"product_cat","embeddable":true,"href":"https:\/\/harmoor.com\/es\/wp-json\/wp\/v2\/product_cat?post=17821"},{"taxonomy":"product_tag","embeddable":true,"href":"https:\/\/harmoor.com\/es\/wp-json\/wp\/v2\/product_tag?post=17821"}],"curies":[{"name":"wp","href":"https:\/\/api.w.org\/{rel}","templated":true}]}}