{"id":19873,"date":"2023-07-19T11:04:43","date_gmt":"2023-07-19T03:04:43","guid":{"rendered":"https:\/\/harmoor.com\/politica-de-privacidad\/"},"modified":"2023-07-28T12:13:17","modified_gmt":"2023-07-28T04:13:17","slug":"politica-de-privacidad","status":"publish","type":"page","link":"https:\/\/harmoor.com\/es\/politica-de-privacidad\/","title":{"rendered":"pol\u00edtica de privacidad"},"content":{"rendered":"\t\t<div data-elementor-type=\"wp-page\" data-elementor-id=\"19873\" class=\"elementor elementor-19873 elementor-18799\">\n\t\t\t\t\t\t<section class=\"elementor-section elementor-top-section elementor-element elementor-element-b7c25f6 elementor-section-boxed elementor-section-height-default elementor-section-height-default\" data-id=\"b7c25f6\" data-element_type=\"section\">\n\t\t\t\t\t\t<div class=\"elementor-container elementor-column-gap-default\">\n\t\t\t\t\t<div class=\"elementor-column elementor-col-100 elementor-top-column elementor-element elementor-element-92faee6\" data-id=\"92faee6\" data-element_type=\"column\">\n\t\t\t<div class=\"elementor-widget-wrap elementor-element-populated\">\n\t\t\t\t\t\t<div class=\"elementor-element elementor-element-c1d2de4 elementor-widget elementor-widget-heading\" data-id=\"c1d2de4\" data-element_type=\"widget\" data-widget_type=\"heading.default\">\n\t\t\t\t<div class=\"elementor-widget-container\">\n\t\t\t\t\t<h2 class=\"elementor-heading-title elementor-size-default\">divulgaci\u00f3n de la privacidad<\/h2>\t\t\t\t<\/div>\n\t\t\t\t<\/div>\n\t\t\t\t\t<\/div>\n\t\t<\/div>\n\t\t\t\t\t<\/div>\n\t\t<\/section>\n\t\t\t\t<section class=\"elementor-section elementor-top-section elementor-element elementor-element-56f6f3f elementor-section-boxed elementor-section-height-default elementor-section-height-default\" data-id=\"56f6f3f\" data-element_type=\"section\">\n\t\t\t\t\t\t<div class=\"elementor-container elementor-column-gap-default\">\n\t\t\t\t\t<div class=\"elementor-column elementor-col-100 elementor-top-column elementor-element elementor-element-5594829\" data-id=\"5594829\" data-element_type=\"column\">\n\t\t\t<div class=\"elementor-widget-wrap elementor-element-populated\">\n\t\t\t\t\t\t<div class=\"elementor-element elementor-element-f98aead elementor-widget elementor-widget-text-editor\" data-id=\"f98aead\" data-element_type=\"widget\" data-widget_type=\"text-editor.default\">\n\t\t\t\t<div class=\"elementor-widget-container\">\n\t\t\t\t\t\t\t\t\t<p> <\/p>\n<p>de conformidad con el decreto legislativo <strong>13\/2023\/N\u0110-CP<\/strong> (c\u00f3digo de protecci\u00f3n de datos personales) y el reglamento relativo a la protecci\u00f3n de las personas f\u00edsicas en lo que respecta al tratamiento de datos personales y a la libre circulaci\u00f3n de estos datos y sus modificaciones posteriores.<\/p>\n<p> <\/p>\n<p>la empresa harmoor vietnam con domicilio social en Lot F1 y F2, Nam Dong Phu Industrial Park, Tan Lap Commune, Dong Phu District, Binh Phuoc Province, Vietnam, n\u00famero de iva 3801169243, tel\u00e9fono +84898799991, correo electr\u00f3nico info@harmoor.com, en calidad de responsable del tratamiento, le informa de que la presente pol\u00edtica de privacidad tiene por objeto describir los procedimientos de gesti\u00f3n de este sitio, con referencia al tratamiento de los datos personales de los usuarios\/visitantes del sitio y de aquellos que faciliten datos personales al enviar solicitudes espont\u00e1neas de empleo y curr\u00edculum v\u00edtae (estos \u00faltimos destinados a gestionar el procedimiento de selecci\u00f3n de personal).<\/p>\n<p> <\/p>\n<p>sus datos se tratar\u00e1n conforme a la ley, seg\u00fan los principios de necesidad, correcci\u00f3n, licitud y transparencia, protecci\u00f3n de su intimidad y sus derechos, limitaci\u00f3n de la finalidad del tratamiento y almacenamiento, minimizaci\u00f3n de los datos, exactitud y calidad de los datos, integridad y seguridad de los datos. esta pol\u00edtica de privacidad no se aplica a otros sitios de internet -que no pertenezcan al responsable del tratamiento- a los que se acceda a trav\u00e9s de enlaces, banners u otros v\u00ednculos que puedan estar presentes en nuestro sitio web. Sin embargo, los interesados son responsables de la seguridad de su cuenta y no deben compartir con terceros las credenciales de acceso u otra informaci\u00f3n relacionada con su cuenta. las operaciones de tratamiento relacionadas con los servicios web de este sitio tienen lugar principalmente en la sede operativa antes mencionada y son realizadas por personas encargadas del tratamiento.<\/p>\n<p> <\/p>\n<p>el responsable del tratamiento, teniendo en cuenta las necesidades organizativas, podr\u00e1 designar encargados del tratamiento de conformidad con la 13\/2023\/N\u0110-CP, para que apliquen las medidas t\u00e9cnicas y organizativas apropiadas para garantizar el cumplimiento de los requisitos legales y la protecci\u00f3n de los derechos del interesado. los encargados del tratamiento de datos tambi\u00e9n estar\u00e1n obligados a mantener la confidencialidad en relaci\u00f3n con el cumplimiento de sus respectivas tareas y tambi\u00e9n podr\u00e1n recurrir a personas espec\u00edficamente identificadas encargadas del tratamiento. puede ponerse en contacto con la persona responsable de la protecci\u00f3n de datos personales en la direcci\u00f3n marketing@harmoor.com.<\/p>\n<p> <\/p>\n<p><strong>tipo y origen de los datos personales recogidos<\/strong><\/p>\n<p> <\/p>\n<p>es posible que se le soliciten sus datos personales siempre que se ponga en contacto con el responsable del tratamiento para identificarle o ponerse en contacto con usted. estos datos tambi\u00e9n pueden combinarse con otros para ofrecer y mejorar productos, servicios, contenidos y material publicitario. salvo en los casos previstos por la ley, el responsable del tratamiento no recoge datos personales que revelen el origen racial o \u00e9tnico, las opiniones pol\u00edticas, las convicciones religiosas o filos\u00f3ficas, o la afiliaci\u00f3n sindical, as\u00ed como datos gen\u00e9ticos, datos biom\u00e9tricos destinados a identificar de manera inequ\u00edvoca a una persona f\u00edsica, datos relativos a la salud o a la vida sexual o a la orientaci\u00f3n sexual de la persona. el responsable del tratamiento no recopila datos personales relativos a condenas penales y delitos o medidas de seguridad relacionadas. el responsable del tratamiento le ruega que no facilite dichos datos. los menores pueden dar su consentimiento al tratamiento de sus datos personales a partir de los 16 a\u00f1os. el responsable del tratamiento no tratar\u00e1 los datos personales de ni\u00f1os menores de 16 a\u00f1os, a menos que los padres o tutores den su consentimiento a las actividades de recogida, uso y divulgaci\u00f3n de la informaci\u00f3n de los ni\u00f1os por parte del responsable del tratamiento. confirmamos que no hay ning\u00fan requisito para proporcionar los datos personales solicitados por nosotros: si decide no proporcionarlos, sin embargo, en muchos casos no podr\u00e1 utilizar los servicios activados a trav\u00e9s del sitio.<\/p>\n<p> <\/p>\n<p><strong>datos de navegaci\u00f3n<\/strong><\/p>\n<p> <\/p>\n<p>los sistemas inform\u00e1ticos y los procedimientos de software utilizados para el funcionamiento de este sitio adquieren, durante su funcionamiento normal, algunos datos personales que luego se transmiten impl\u00edcitamente en el uso de los protocolos de comunicaci\u00f3n de internet. se trata de informaci\u00f3n que no se recoge para ser asociada a interesados identificados, pero que por su propia naturaleza podr\u00eda, mediante su tratamiento y asociaci\u00f3n con datos en poder de terceros, permitir identificar a los usuarios. esta categor\u00eda de datos incluye las direcciones ip o los nombres de dominio de los ordenadores utilizados por los usuarios que se conectan al sitio, las direcciones en notaci\u00f3n de identificador uniforme de recursos (uri) de los recursos solicitados, la hora de la solicitud, el m\u00e9todo utilizado para enviar la solicitud al servidor, el tama\u00f1o del archivo obtenido como respuesta, el c\u00f3digo num\u00e9rico que indica el estado de la respuesta dada por el servidor (\u00e9xito, error, etc.) y otros par\u00e1metros relativos al sistema operativo y al entorno inform\u00e1tico del usuario.<\/p>\n<p> <\/p>\n<p>datos facilitados voluntariamente por el usuario<\/p>\n<p> <\/p>\n<p>el responsable del tratamiento recoge y trata los datos facilitados voluntariamente por el interesado tras el acceso, registro, consulta y\/o uso del sitio web.<\/p>\n<p> <\/p>\n<p><strong>finalidad del tratamiento<\/strong><\/p>\n<p> <\/p>\n<p>sobre la base de su consentimiento libre, expl\u00edcito e informado -o en otros casos de licitud del tratamiento estrictamente exigidos por la ley, incluido el 13\/2023\/N\u0110-CP-, el responsable del tratamiento le informa de que los datos recogidos:<\/p>\n<ul>\n<li>le permite gestionar su solicitud de registro en el sitio y su cuenta, as\u00ed como su solicitud de participaci\u00f3n en eventos organizados por el responsable del tratamiento de datos<\/li>\n<li>pueden utilizarse para verificar su identidad, facilitar la identificaci\u00f3n del usuario<\/li>\n<li>podr\u00e1 utilizarse con fines de marketing (boletines informativos que incluyan informaci\u00f3n comercial y promocional)<\/li>\n<li>pueden tratarse con fines estad\u00edsticos, de forma an\u00f3nima y agregada sobre el uso del sitio y para comprobar su correcto funcionamiento.<\/li>\n<\/ul>\n<p> <\/p>\n<p><strong>uso de las redes sociales<\/strong><\/p>\n<p> <\/p>\n<p>tenga en cuenta que es posible participar en la plataforma del responsable del tratamiento que proporciona medios sociales propios (plataforma de medios sociales) que se han puesto a su disposici\u00f3n. el objetivo principal de este medio social es facilitar y permitir compartir contenidos. Sin embargo, el responsable del tratamiento no puede ser considerado responsable si se comparten datos personales en los medios sociales mencionados que posteriormente son utilizados de forma indebida o inapropiada por terceros.<\/p>\n<p> <\/p>\n<p>procedimientos de tratamiento y protecci\u00f3n de datos &#8211; los datos personales de los interesados ser\u00e1n tratados utilizando papel y\/o medios electr\u00f3nicos, durante el tiempo necesario para alcanzar el fin para el que fueron recogidos y adoptando las medidas de seguridad adecuadas para evitar la destrucci\u00f3n o p\u00e9rdida de los datos, posibles usos no permitidos y accesos no autorizados, de conformidad con el art 13\/2023\/N\u0110-CP<\/p>\n<p> <\/p>\n<p>sus datos no ser\u00e1n difundidos de ninguna manera y s\u00f3lo podr\u00e1n ser comunicados a terceros cuya actividad sea necesaria y est\u00e9 relacionada con las finalidades mencionadas en esta declaraci\u00f3n, tales como: autoridades administrativas y judiciales competentes para solicitar y obtener informaci\u00f3n que le concierna; autoridades u organismos p\u00fablicos; sujetos que realicen o distribuyan servicios bancarios, financieros y de seguros, actividades de archivo, asistencia y consultor\u00eda, impresi\u00f3n, embalaje, transporte y gesti\u00f3n de comunicaciones con el interesado; sujetos que prestan servicios para la gesti\u00f3n del sistema inform\u00e1tico del titular del tratamiento y de las redes de telecomunicaciones; sociedades pertenecientes al titular del tratamiento o que colaboran con \u00e9l, situadas tambi\u00e9n en el extranjero en pa\u00edses vietnamitas y no vietnamitas o sujetos externos de confianza, que operan tambi\u00e9n en el extranjero y no pertenecen al titular del tratamiento, que realizan las mismas actividades de car\u00e1cter t\u00e9cnico y organizativo, de consultor\u00eda, control e informaci\u00f3n.<\/p>\n<p> <\/p>\n<p><strong>derechos del interesado<\/strong><\/p>\n<p> <\/p>\n<p>como interesado implicado en el tratamiento, puede ejercer en cualquier momento los derechos contemplados en los art\u00edculos 13\/2023\/N\u0110-CP. En particular, puede solicitar al responsable del tratamiento que confirme la existencia o inexistencia de datos personales que le conciernan, el acceso a los datos personales y su rectificaci\u00f3n o cancelaci\u00f3n o la limitaci\u00f3n del tratamiento que le conciernan u oponerse al tratamiento, adem\u00e1s del derecho a la portabilidad de los datos y el derecho a presentar una reclamaci\u00f3n ante una autoridad de control. podr\u00e1 obtener informaci\u00f3n sobre la fuente de la que proceden los datos personales y, en su caso, la posibilidad de que los datos procedan de fuentes accesibles al p\u00fablico. adem\u00e1s, si el tratamiento se basa en el consentimiento expl\u00edcito, el interesado tendr\u00e1 derecho a retirar el consentimiento en cualquier momento sin perjuicio de la licitud del tratamiento basado en el consentimiento dado antes de la revocaci\u00f3n. Las solicitudes deber\u00e1n dirigirse al responsable del tratamiento, a la direcci\u00f3n de correo electr\u00f3nico marketing@harmoor.com.<\/p>\n<p> <\/p>\n<p><strong>copyright \u00a9 2018, muebles harmoor todos los derechos reservados.<\/strong><\/p>\n<p> <\/p>\n<p>todos los derechos sobre este sitio est\u00e1n reservados en virtud de la legislaci\u00f3n vigente. todos los derechos sobre las bases de datos est\u00e1n reservados. la traducci\u00f3n, adaptaci\u00f3n, tratamiento o reproducci\u00f3n total o parcial por cualquier medio (incluido el almacenamiento electr\u00f3nico) de cualquier material de este sitio est\u00e1 reservada a todos los pa\u00edses.<\/p>\n<p><br>la reproducci\u00f3n total o parcial y la distribuci\u00f3n de cualquier material contenido en este sitio, incluyendo su enmarcado, medios an\u00e1logos de reproducci\u00f3n y almacenamiento digital est\u00e1n expresamente prohibidos en ausencia de autorizaci\u00f3n escrita de harmoor furniture, excepto para aquellos con derecho.<\/p>\n<p> <\/p>\n<p>el contenido de este sitio (incluidos, entre otros, el texto, los logotipos, los iconos, las im\u00e1genes, los gr\u00e1ficos, los sonidos, los programas inform\u00e1ticos y las bases de datos), as\u00ed como la forma en que se presentan y formatean los contenidos (dise\u00f1o gr\u00e1fico), son propiedad exclusiva de harmoor furniture y est\u00e1n protegidos por la legislaci\u00f3n vietnamita e internacional sobre propiedad intelectual.<\/p>\n<p> <\/p>\n<p>si involuntariamente se ha publicado material sujeto a derechos de autor o que infringe la ley, rogamos a los usuarios que lo comuniquen a harmoor furniture, que se compromete a retirar inmediatamente de sus archivos electr\u00f3nicos el material que se haya realizado infringiendo las leyes de propiedad intelectual en cuanto tenga conocimiento de la infracci\u00f3n.<\/p>\n<p> <\/p>\n<p><strong>marcas y derechos de propiedad intelectual<\/strong><\/p>\n<p> <\/p>\n<p>www.harmoor.com y los nombres de productos, servicios, gr\u00e1ficos y logotipos son marcas registradas de la empresa harmoor es una marca registrada propiedad de harmoor vietnam otros nombres de productos, servicios o empresas mencionados pueden ser marcas registradas de sus respectivos propietarios. est\u00e1n protegidos por la legislaci\u00f3n vietnamita e internacional sobre propiedad intelectual.<\/p>\n<p> <\/p>\n<p><strong>notices<\/strong><\/p>\n<p> <\/p>\n<p>la informaci\u00f3n de este sitio puede contener imprecisiones t\u00e9cnicas, omisiones o errores tipogr\u00e1ficos. la informaci\u00f3n est\u00e1 sujeta a cambios o actualizaciones sin previo aviso. adem\u00e1s, harmoor furniture se reserva el derecho a realizar cambios y\/o mejoras sin previo aviso y en cualquier momento en estas notas y m\u00e9todos de uso y en los servicios, productos y\/o programas descritos en este sitio.<br><br>versi\u00f3n 08\/2018<\/p>\n<p> <\/p>\n<p><a href=\"https:\/\/policies.google.com\/technologies\/cookies?hl=en#how-google-uses-cookies\">ver m\u00e1s informaci\u00f3n sobre las cookies<\/a><\/p>\n<p> <\/p>\t\t\t\t\t\t\t\t<\/div>\n\t\t\t\t<\/div>\n\t\t\t\t\t<\/div>\n\t\t<\/div>\n\t\t\t\t\t<\/div>\n\t\t<\/section>\n\t\t\t\t<\/div>\n\t\t","protected":false},"excerpt":{"rendered":"<p>divulgaci\u00f3n de la privacidad &nbsp; de conformidad con el decreto legislativo 13\/2023\/N\u0110-CP (c\u00f3digo de protecci\u00f3n de datos personales) y el reglamento relativo a la protecci\u00f3n de las personas f\u00edsicas en lo que respecta al tratamiento de datos personales y a la libre circulaci\u00f3n de estos datos y sus modificaciones posteriores. &nbsp; la empresa harmoor vietnam [&hellip;]<\/p>\n","protected":false},"author":4,"featured_media":0,"parent":0,"menu_order":0,"comment_status":"closed","ping_status":"closed","template":"page-templates\/homepage-v2.php","meta":{"footnotes":""},"class_list":["post-19873","page","type-page","status-publish","hentry"],"_links":{"self":[{"href":"https:\/\/harmoor.com\/es\/wp-json\/wp\/v2\/pages\/19873","targetHints":{"allow":["GET"]}}],"collection":[{"href":"https:\/\/harmoor.com\/es\/wp-json\/wp\/v2\/pages"}],"about":[{"href":"https:\/\/harmoor.com\/es\/wp-json\/wp\/v2\/types\/page"}],"author":[{"embeddable":true,"href":"https:\/\/harmoor.com\/es\/wp-json\/wp\/v2\/users\/4"}],"replies":[{"embeddable":true,"href":"https:\/\/harmoor.com\/es\/wp-json\/wp\/v2\/comments?post=19873"}],"version-history":[{"count":0,"href":"https:\/\/harmoor.com\/es\/wp-json\/wp\/v2\/pages\/19873\/revisions"}],"wp:attachment":[{"href":"https:\/\/harmoor.com\/es\/wp-json\/wp\/v2\/media?parent=19873"}],"curies":[{"name":"wp","href":"https:\/\/api.w.org\/{rel}","templated":true}]}}