{"id":17859,"date":"2023-06-22T14:48:43","date_gmt":"2023-06-22T06:48:43","guid":{"rendered":"https:\/\/harmoor.com\/fabricado-en-vietnam\/"},"modified":"2023-07-08T12:46:28","modified_gmt":"2023-07-08T04:46:28","slug":"fabricado-en-vietnam","status":"publish","type":"page","link":"https:\/\/harmoor.com\/es\/fabricado-en-vietnam\/","title":{"rendered":"Fabricado en Vietnam"},"content":{"rendered":"\t\t<div data-elementor-type=\"wp-page\" data-elementor-id=\"17859\" class=\"elementor elementor-17859 elementor-16682\">\n\t\t\t\t\t\t<section class=\"elementor-section elementor-top-section elementor-element elementor-element-2af834b elementor-section-full_width elementor-section-height-default elementor-section-height-default\" data-id=\"2af834b\" data-element_type=\"section\">\n\t\t\t\t\t\t<div class=\"elementor-container elementor-column-gap-default\">\n\t\t\t\t\t<div class=\"elementor-column elementor-col-100 elementor-top-column elementor-element elementor-element-b0bb8c0\" data-id=\"b0bb8c0\" data-element_type=\"column\">\n\t\t\t<div class=\"elementor-widget-wrap elementor-element-populated\">\n\t\t\t\t\t\t<div class=\"elementor-element elementor-element-14f7948 elementor-widget elementor-widget-image\" data-id=\"14f7948\" data-element_type=\"widget\" data-widget_type=\"image.default\">\n\t\t\t\t<div class=\"elementor-widget-container\">\n\t\t\t\t\t\t\t\t\t\t\t\t\t\t\t<img fetchpriority=\"high\" decoding=\"async\" width=\"1920\" height=\"815\" src=\"https:\/\/harmoor.com\/wp-content\/uploads\/2023\/06\/the-value-of-vietnam-production-1.webp\" class=\"attachment-full size-full wp-image-17206\" alt=\"the value of vietnam production (1)\" \/>\t\t\t\t\t\t\t\t\t\t\t\t\t\t\t<\/div>\n\t\t\t\t<\/div>\n\t\t\t\t\t<\/div>\n\t\t<\/div>\n\t\t\t\t\t<\/div>\n\t\t<\/section>\n\t\t\t\t<section class=\"elementor-section elementor-top-section elementor-element elementor-element-b27390b elementor-section-boxed elementor-section-height-default elementor-section-height-default\" data-id=\"b27390b\" data-element_type=\"section\">\n\t\t\t\t\t\t<div class=\"elementor-container elementor-column-gap-default\">\n\t\t\t\t\t<div class=\"elementor-column elementor-col-100 elementor-top-column elementor-element elementor-element-4e90b36\" data-id=\"4e90b36\" data-element_type=\"column\">\n\t\t\t<div class=\"elementor-widget-wrap elementor-element-populated\">\n\t\t\t\t\t\t<section class=\"elementor-section elementor-inner-section elementor-element elementor-element-05a2b2d elementor-section-boxed elementor-section-height-default elementor-section-height-default\" data-id=\"05a2b2d\" data-element_type=\"section\">\n\t\t\t\t\t\t<div class=\"elementor-container elementor-column-gap-default\">\n\t\t\t\t\t<div class=\"elementor-column elementor-col-50 elementor-inner-column elementor-element elementor-element-bfe33f3\" data-id=\"bfe33f3\" data-element_type=\"column\">\n\t\t\t<div class=\"elementor-widget-wrap elementor-element-populated\">\n\t\t\t\t\t\t<div class=\"elementor-element elementor-element-ec8e406 elementor-widget elementor-widget-text-editor\" data-id=\"ec8e406\" data-element_type=\"widget\" data-widget_type=\"text-editor.default\">\n\t\t\t\t<div class=\"elementor-widget-container\">\n\t\t\t\t\t\t\t\t\t<p><strong>La singularidad del \u00abestilo italiano\u00bb en Harmoor<\/strong> reside en la capacidad de combinar riqueza humana, excelencia est\u00e9tica, savoir faire, tecnolog\u00eda, artesan\u00eda de primer orden y una cultura del proyecto alimentada por un intercambio abierto entre empresarios y dise\u00f1adores. El patrimonio productivo italiano de categor\u00eda mundial nace de un profundo v\u00ednculo entre <strong>calidad e investigaci\u00f3n.<\/strong><\/p>\n<p>La filosof\u00eda de Harmoor ha sido siempre apoyar el valor de las empresas vietnamitas, un patrimonio que, aunque arraigado hist\u00f3ricamente, debe ser apoyado y alimentado continuamente. De ah\u00ed la decisi\u00f3n de fabricar todos los <strong>componentes internamente<\/strong>, en los dos centros de producci\u00f3n de Dong Phu al Binh Phuoc. El objetivo es garantizar a los clientes un alto nivel de calidad, asegurado por controles exhaustivos en toda la cadena de producci\u00f3n.<\/p>\t\t\t\t\t\t\t\t<\/div>\n\t\t\t\t<\/div>\n\t\t\t\t\t<\/div>\n\t\t<\/div>\n\t\t\t\t<div class=\"elementor-column elementor-col-50 elementor-inner-column elementor-element elementor-element-df0cf00\" data-id=\"df0cf00\" data-element_type=\"column\">\n\t\t\t<div class=\"elementor-widget-wrap elementor-element-populated\">\n\t\t\t\t\t\t<div class=\"elementor-element elementor-element-f8ebfd0 elementor-widget__width-initial elementor-absolute premium-floating-effects-yes elementor-widget elementor-widget-image\" data-id=\"f8ebfd0\" data-element_type=\"widget\" data-settings=\"{&quot;_position&quot;:&quot;absolute&quot;,&quot;premium_fe_translate_switcher&quot;:&quot;yes&quot;,&quot;premium_fe_Xtranslate&quot;:{&quot;unit&quot;:&quot;px&quot;,&quot;size&quot;:&quot;&quot;,&quot;sizes&quot;:{&quot;from&quot;:0,&quot;to&quot;:5}},&quot;premium_fe_Xtranslate_tablet&quot;:{&quot;unit&quot;:&quot;px&quot;,&quot;size&quot;:&quot;&quot;,&quot;sizes&quot;:[]},&quot;premium_fe_Xtranslate_mobile&quot;:{&quot;unit&quot;:&quot;px&quot;,&quot;size&quot;:&quot;&quot;,&quot;sizes&quot;:[]},&quot;premium_fe_Ytranslate&quot;:{&quot;unit&quot;:&quot;px&quot;,&quot;size&quot;:&quot;&quot;,&quot;sizes&quot;:{&quot;from&quot;:0,&quot;to&quot;:5}},&quot;premium_fe_Ytranslate_tablet&quot;:{&quot;unit&quot;:&quot;px&quot;,&quot;size&quot;:&quot;&quot;,&quot;sizes&quot;:[]},&quot;premium_fe_Ytranslate_mobile&quot;:{&quot;unit&quot;:&quot;px&quot;,&quot;size&quot;:&quot;&quot;,&quot;sizes&quot;:[]},&quot;premium_fe_trans_duration&quot;:{&quot;unit&quot;:&quot;px&quot;,&quot;size&quot;:1000,&quot;sizes&quot;:[]},&quot;premium_fe_trans_delay&quot;:{&quot;unit&quot;:&quot;px&quot;,&quot;size&quot;:&quot;&quot;,&quot;sizes&quot;:[]},&quot;premium_fe_direction&quot;:&quot;alternate&quot;,&quot;premium_fe_loop&quot;:&quot;default&quot;,&quot;premium_fe_easing&quot;:&quot;easeInOutSine&quot;}\" data-widget_type=\"image.default\">\n\t\t\t\t<div class=\"elementor-widget-container\">\n\t\t\t\t\t\t\t\t\t\t\t\t\t\t\t<img decoding=\"async\" width=\"364\" height=\"364\" src=\"https:\/\/harmoor.com\/wp-content\/uploads\/2023\/06\/100_-made-in-harmoor.webp\" class=\"attachment-full size-full wp-image-17218\" alt=\"100_ made in harmoor\" \/>\t\t\t\t\t\t\t\t\t\t\t\t\t\t\t<\/div>\n\t\t\t\t<\/div>\n\t\t\t\t<div class=\"elementor-element elementor-element-c08a5c5 elementor-widget elementor-widget-image\" data-id=\"c08a5c5\" data-element_type=\"widget\" data-widget_type=\"image.default\">\n\t\t\t\t<div class=\"elementor-widget-container\">\n\t\t\t\t\t\t\t\t\t\t\t\t\t\t\t<img decoding=\"async\" width=\"800\" height=\"1024\" src=\"https:\/\/harmoor.com\/wp-content\/uploads\/2023\/06\/model-circus-800x1024.webp\" class=\"attachment-large size-large wp-image-17212\" alt=\"model circus\" \/>\t\t\t\t\t\t\t\t\t\t\t\t\t\t\t<\/div>\n\t\t\t\t<\/div>\n\t\t\t\t\t<\/div>\n\t\t<\/div>\n\t\t\t\t\t<\/div>\n\t\t<\/section>\n\t\t\t\t\t<\/div>\n\t\t<\/div>\n\t\t\t\t\t<\/div>\n\t\t<\/section>\n\t\t\t\t<section class=\"elementor-section elementor-top-section elementor-element elementor-element-4079a59 elementor-reverse-mobile elementor-section-boxed elementor-section-height-default elementor-section-height-default\" data-id=\"4079a59\" data-element_type=\"section\">\n\t\t\t\t\t\t<div class=\"elementor-container elementor-column-gap-default\">\n\t\t\t\t\t<div class=\"elementor-column elementor-col-50 elementor-top-column elementor-element elementor-element-ccb423f\" data-id=\"ccb423f\" data-element_type=\"column\">\n\t\t\t<div class=\"elementor-widget-wrap elementor-element-populated\">\n\t\t\t\t\t\t<div class=\"elementor-element elementor-element-3be1e6b elementor-widget__width-initial elementor-widget-mobile__width-initial elementor-absolute premium-floating-effects-yes elementor-widget elementor-widget-image\" data-id=\"3be1e6b\" data-element_type=\"widget\" data-settings=\"{&quot;_position&quot;:&quot;absolute&quot;,&quot;premium_fe_scale_switcher&quot;:&quot;yes&quot;,&quot;premium_fe_Xscale&quot;:{&quot;unit&quot;:&quot;px&quot;,&quot;size&quot;:&quot;&quot;,&quot;sizes&quot;:{&quot;from&quot;:1,&quot;to&quot;:1.1}},&quot;premium_fe_Yscale&quot;:{&quot;unit&quot;:&quot;px&quot;,&quot;size&quot;:&quot;&quot;,&quot;sizes&quot;:{&quot;from&quot;:1,&quot;to&quot;:1.1}},&quot;premium_fe_scale_duration&quot;:{&quot;unit&quot;:&quot;px&quot;,&quot;size&quot;:4000,&quot;sizes&quot;:[]},&quot;premium_fe_Xscale_tablet&quot;:{&quot;unit&quot;:&quot;px&quot;,&quot;size&quot;:&quot;&quot;,&quot;sizes&quot;:[]},&quot;premium_fe_Xscale_mobile&quot;:{&quot;unit&quot;:&quot;px&quot;,&quot;size&quot;:&quot;&quot;,&quot;sizes&quot;:[]},&quot;premium_fe_Yscale_tablet&quot;:{&quot;unit&quot;:&quot;px&quot;,&quot;size&quot;:&quot;&quot;,&quot;sizes&quot;:[]},&quot;premium_fe_Yscale_mobile&quot;:{&quot;unit&quot;:&quot;px&quot;,&quot;size&quot;:&quot;&quot;,&quot;sizes&quot;:[]},&quot;premium_fe_scale_delay&quot;:{&quot;unit&quot;:&quot;px&quot;,&quot;size&quot;:&quot;&quot;,&quot;sizes&quot;:[]},&quot;premium_fe_direction&quot;:&quot;alternate&quot;,&quot;premium_fe_loop&quot;:&quot;default&quot;,&quot;premium_fe_easing&quot;:&quot;easeInOutSine&quot;}\" data-widget_type=\"image.default\">\n\t\t\t\t<div class=\"elementor-widget-container\">\n\t\t\t\t\t\t\t\t\t\t\t\t\t\t\t<img loading=\"lazy\" decoding=\"async\" width=\"364\" height=\"364\" src=\"https:\/\/harmoor.com\/wp-content\/uploads\/2023\/06\/italian-design-and-technology.webp\" class=\"attachment-full size-full wp-image-17224\" alt=\"italian design and technology\" \/>\t\t\t\t\t\t\t\t\t\t\t\t\t\t\t<\/div>\n\t\t\t\t<\/div>\n\t\t\t\t<div class=\"elementor-element elementor-element-987553d elementor-widget elementor-widget-image\" data-id=\"987553d\" data-element_type=\"widget\" data-widget_type=\"image.default\">\n\t\t\t\t<div class=\"elementor-widget-container\">\n\t\t\t\t\t\t\t\t\t\t\t\t\t\t\t<img loading=\"lazy\" decoding=\"async\" width=\"696\" height=\"598\" src=\"https:\/\/harmoor.com\/wp-content\/uploads\/2023\/06\/chair-gaia11.webp\" class=\"attachment-large size-large wp-image-17103\" alt=\"chair gaia11\" \/>\t\t\t\t\t\t\t\t\t\t\t\t\t\t\t<\/div>\n\t\t\t\t<\/div>\n\t\t\t\t\t<\/div>\n\t\t<\/div>\n\t\t\t\t<div class=\"elementor-column elementor-col-50 elementor-top-column elementor-element elementor-element-0c3ea79\" data-id=\"0c3ea79\" data-element_type=\"column\">\n\t\t\t<div class=\"elementor-widget-wrap elementor-element-populated\">\n\t\t\t\t\t\t<div class=\"elementor-element elementor-element-273c838 elementor-widget elementor-widget-text-editor\" data-id=\"273c838\" data-element_type=\"widget\" data-widget_type=\"text-editor.default\">\n\t\t\t\t<div class=\"elementor-widget-container\">\n\t\t\t\t\t\t\t\t\t<p>El valor de la producci\u00f3n de Harmoor afecta a todos los elementos de la cadena de suministro: <strong>desde las materias primas, pasando por las instalaciones<\/strong> y el equipamiento, hasta la transformaci\u00f3n, que se realiza internamente. Lo que hace de la empresa una excelente int\u00e9rprete del dise\u00f1o industrial contempor\u00e1neo es la atenci\u00f3n prestada a los exhaustivos controles de calidad a lo largo de todo el proceso de producci\u00f3n, la selecci\u00f3n de materiales de primera calidad, la pasi\u00f3n absoluta por la maquinaria m\u00e1s avanzada, la b\u00fasqueda consciente de tecnolog\u00edas y materias primas italianas, la meticulosa planificaci\u00f3n de cada fase t\u00edpica de los artesanos, la lucha contra el despilfarro y lo superfluo, y un profundo sentido de la comunidad.<\/p>\n\t\t\t\t\t\t\t\t<\/div>\n\t\t\t\t<\/div>\n\t\t\t\t\t<\/div>\n\t\t<\/div>\n\t\t\t\t\t<\/div>\n\t\t<\/section>\n\t\t\t\t<section class=\"elementor-section elementor-top-section elementor-element elementor-element-914854a elementor-section-boxed elementor-section-height-default elementor-section-height-default\" data-id=\"914854a\" data-element_type=\"section\">\n\t\t\t\t\t\t<div class=\"elementor-container elementor-column-gap-default\">\n\t\t\t\t\t<div class=\"elementor-column elementor-col-50 elementor-top-column elementor-element elementor-element-e27a09f\" data-id=\"e27a09f\" data-element_type=\"column\">\n\t\t\t<div class=\"elementor-widget-wrap elementor-element-populated\">\n\t\t\t\t\t\t<div class=\"elementor-element elementor-element-560f1cc elementor-widget elementor-widget-text-editor\" data-id=\"560f1cc\" data-element_type=\"widget\" data-widget_type=\"text-editor.default\">\n\t\t\t\t<div class=\"elementor-widget-container\">\n\t\t\t\t\t\t\t\t\t<p><span style=\"font-size: 32px;\"><strong>Dise\u00f1o italiano<\/strong><\/span><\/p>\n<p>Con un centro de producci\u00f3n en Binh Phuoc (Vietnam). Harmoor contin\u00faa la tradici\u00f3n de una tierra con fuertes tendencias empresariales e industriales, concentrada en el tri\u00e1ngulo Binh Duong &#8211; Binh Phuoc &#8211; Tay Ninh.<\/p>\n<p>Con la inauguraci\u00f3n de su centro de producci\u00f3n en Binh Phuoc (Vietnam) en 2018, la empresa demostr\u00f3 una profunda confianza en su saber hacer y en la mano de obra local en un momento en que la crisis estaba socavando significativamente sus operaciones. y la tendencia a trasladar la producci\u00f3n al extranjero. En su lugar, Harmoor recurri\u00f3 a dise\u00f1os italianos para embarcarse en la producci\u00f3n de pl\u00e1stico de alta calidad.<\/p>\t\t\t\t\t\t\t\t<\/div>\n\t\t\t\t<\/div>\n\t\t\t\t\t<\/div>\n\t\t<\/div>\n\t\t\t\t<div class=\"elementor-column elementor-col-50 elementor-top-column elementor-element elementor-element-3d02771\" data-id=\"3d02771\" data-element_type=\"column\">\n\t\t\t<div class=\"elementor-widget-wrap elementor-element-populated\">\n\t\t\t\t\t\t<div class=\"elementor-element elementor-element-b2427e5 elementor-widget elementor-widget-image\" data-id=\"b2427e5\" data-element_type=\"widget\" data-widget_type=\"image.default\">\n\t\t\t\t<div class=\"elementor-widget-container\">\n\t\t\t\t\t\t\t\t\t\t\t\t\t\t\t<img loading=\"lazy\" decoding=\"async\" width=\"950\" height=\"1024\" src=\"https:\/\/harmoor.com\/wp-content\/uploads\/2023\/06\/gaia-950x1024.webp\" class=\"attachment-large size-large wp-image-17230\" alt=\"gaia\" \/>\t\t\t\t\t\t\t\t\t\t\t\t\t\t\t<\/div>\n\t\t\t\t<\/div>\n\t\t\t\t<div class=\"elementor-element elementor-element-5a93165 elementor-widget__width-initial elementor-widget-tablet__width-initial elementor-widget-mobile__width-initial elementor-absolute elementor-widget elementor-widget-image\" data-id=\"5a93165\" data-element_type=\"widget\" data-settings=\"{&quot;_position&quot;:&quot;absolute&quot;}\" data-widget_type=\"image.default\">\n\t\t\t\t<div class=\"elementor-widget-container\">\n\t\t\t\t\t\t\t\t\t\t\t\t\t\t\t<img decoding=\"async\" src=\"https:\/\/lh3.googleusercontent.com\/pw\/AJFCJaXm40k7E8zQaTnv7-hk8JCRzguWpFYHwAMP0crzFYdEVIalispG2Cg9b5HzkZTURIMUuGEp83DVf-U_kzhEvll65JX_Q7uGIX_F9UaNzZZBLe4SpfE=w2400\" title=\"\" alt=\"a guarantee of quality\" loading=\"lazy\" \/>\t\t\t\t\t\t\t\t\t\t\t\t\t\t\t<\/div>\n\t\t\t\t<\/div>\n\t\t\t\t\t<\/div>\n\t\t<\/div>\n\t\t\t\t\t<\/div>\n\t\t<\/section>\n\t\t\t\t<section class=\"elementor-section elementor-top-section elementor-element elementor-element-b869c16 elementor-section-boxed elementor-section-height-default elementor-section-height-default\" data-id=\"b869c16\" data-element_type=\"section\">\n\t\t\t\t\t\t<div class=\"elementor-container elementor-column-gap-default\">\n\t\t\t\t\t<div class=\"elementor-column elementor-col-100 elementor-top-column elementor-element elementor-element-d59f195\" data-id=\"d59f195\" data-element_type=\"column\">\n\t\t\t<div class=\"elementor-widget-wrap elementor-element-populated\">\n\t\t\t\t\t\t<div class=\"elementor-element elementor-element-8e6b09a elementor-widget elementor-widget-text-editor\" data-id=\"8e6b09a\" data-element_type=\"widget\" data-widget_type=\"text-editor.default\">\n\t\t\t\t<div class=\"elementor-widget-container\">\n\t\t\t\t\t\t\t\t\t<p style=\"text-align: center;\"><span style=\"font-size: 32px;\"><strong>exposici\u00f3n<\/strong><\/span><\/p>\n<p><strong>Desde 2018<\/strong>, Harmoor ha participado en exposiciones internacionales de Vietnam, Indonesia, India&#8230;, las principales exposiciones de muebles del mundo. Cada a\u00f1o presenta nuevos productos, colecciones enteras y ampliaciones de gama fruto de exitosas colaboraciones con nuestros dise\u00f1adores italianos.<\/p>\t\t\t\t\t\t\t\t<\/div>\n\t\t\t\t<\/div>\n\t\t\t\t\t<\/div>\n\t\t<\/div>\n\t\t\t\t\t<\/div>\n\t\t<\/section>\n\t\t\t\t<section class=\"elementor-section elementor-top-section elementor-element elementor-element-6469add elementor-section-boxed elementor-section-height-default elementor-section-height-default\" data-id=\"6469add\" data-element_type=\"section\">\n\t\t\t\t\t\t<div class=\"elementor-container elementor-column-gap-default\">\n\t\t\t\t\t<div class=\"elementor-column elementor-col-33 elementor-top-column elementor-element elementor-element-a0e7929\" data-id=\"a0e7929\" data-element_type=\"column\">\n\t\t\t<div class=\"elementor-widget-wrap elementor-element-populated\">\n\t\t\t\t\t\t<div class=\"elementor-element elementor-element-5a58adb elementor-widget elementor-widget-image\" data-id=\"5a58adb\" data-element_type=\"widget\" data-widget_type=\"image.default\">\n\t\t\t\t<div class=\"elementor-widget-container\">\n\t\t\t\t\t\t\t\t\t\t\t\t\t\t\t<img loading=\"lazy\" decoding=\"async\" width=\"768\" height=\"1024\" src=\"https:\/\/harmoor.com\/wp-content\/uploads\/2023\/06\/exhibition-3-768x1024.webp\" class=\"attachment-large size-large wp-image-17248\" alt=\"Harmoor Furniture\" \/>\t\t\t\t\t\t\t\t\t\t\t\t\t\t\t<\/div>\n\t\t\t\t<\/div>\n\t\t\t\t\t<\/div>\n\t\t<\/div>\n\t\t\t\t<div class=\"elementor-column elementor-col-33 elementor-top-column elementor-element elementor-element-41a59d0\" data-id=\"41a59d0\" data-element_type=\"column\">\n\t\t\t<div class=\"elementor-widget-wrap elementor-element-populated\">\n\t\t\t\t\t\t<div class=\"elementor-element elementor-element-e788b40 elementor-widget elementor-widget-image\" data-id=\"e788b40\" data-element_type=\"widget\" data-widget_type=\"image.default\">\n\t\t\t\t<div class=\"elementor-widget-container\">\n\t\t\t\t\t\t\t\t\t\t\t\t\t\t\t<img loading=\"lazy\" decoding=\"async\" width=\"768\" height=\"1024\" src=\"https:\/\/harmoor.com\/wp-content\/uploads\/2023\/06\/exhibition-2-768x1024.webp\" class=\"attachment-large size-large wp-image-17242\" alt=\"exhibition (2)\" \/>\t\t\t\t\t\t\t\t\t\t\t\t\t\t\t<\/div>\n\t\t\t\t<\/div>\n\t\t\t\t\t<\/div>\n\t\t<\/div>\n\t\t\t\t<div class=\"elementor-column elementor-col-33 elementor-top-column elementor-element elementor-element-2149341\" data-id=\"2149341\" data-element_type=\"column\">\n\t\t\t<div class=\"elementor-widget-wrap elementor-element-populated\">\n\t\t\t\t\t\t<div class=\"elementor-element elementor-element-e5ba08e elementor-widget elementor-widget-image\" data-id=\"e5ba08e\" data-element_type=\"widget\" data-widget_type=\"image.default\">\n\t\t\t\t<div class=\"elementor-widget-container\">\n\t\t\t\t\t\t\t\t\t\t\t\t\t\t\t<img loading=\"lazy\" decoding=\"async\" width=\"768\" height=\"1024\" src=\"https:\/\/harmoor.com\/wp-content\/uploads\/2023\/06\/exhibition-1-768x1024.webp\" class=\"attachment-large size-large wp-image-17236\" alt=\"exhibition (1)\" \/>\t\t\t\t\t\t\t\t\t\t\t\t\t\t\t<\/div>\n\t\t\t\t<\/div>\n\t\t\t\t\t<\/div>\n\t\t<\/div>\n\t\t\t\t\t<\/div>\n\t\t<\/section>\n\t\t\t\t<\/div>\n\t\t","protected":false},"excerpt":{"rendered":"<p>La singularidad del \u00abestilo italiano\u00bb en Harmoor reside en la capacidad de combinar riqueza humana, excelencia est\u00e9tica, savoir faire, tecnolog\u00eda, artesan\u00eda de primer orden y una cultura del proyecto alimentada por un intercambio abierto entre empresarios y dise\u00f1adores. El patrimonio productivo italiano de categor\u00eda mundial nace de un profundo v\u00ednculo entre calidad e investigaci\u00f3n. La [&hellip;]<\/p>\n","protected":false},"author":4,"featured_media":0,"parent":0,"menu_order":0,"comment_status":"closed","ping_status":"closed","template":"page-templates\/homepage-v2.php","meta":{"footnotes":""},"class_list":["post-17859","page","type-page","status-publish","hentry"],"_links":{"self":[{"href":"https:\/\/harmoor.com\/es\/wp-json\/wp\/v2\/pages\/17859","targetHints":{"allow":["GET"]}}],"collection":[{"href":"https:\/\/harmoor.com\/es\/wp-json\/wp\/v2\/pages"}],"about":[{"href":"https:\/\/harmoor.com\/es\/wp-json\/wp\/v2\/types\/page"}],"author":[{"embeddable":true,"href":"https:\/\/harmoor.com\/es\/wp-json\/wp\/v2\/users\/4"}],"replies":[{"embeddable":true,"href":"https:\/\/harmoor.com\/es\/wp-json\/wp\/v2\/comments?post=17859"}],"version-history":[{"count":0,"href":"https:\/\/harmoor.com\/es\/wp-json\/wp\/v2\/pages\/17859\/revisions"}],"wp:attachment":[{"href":"https:\/\/harmoor.com\/es\/wp-json\/wp\/v2\/media?parent=17859"}],"curies":[{"name":"wp","href":"https:\/\/api.w.org\/{rel}","templated":true}]}}