{"id":17832,"date":"2023-06-21T15:21:24","date_gmt":"2023-06-21T07:21:24","guid":{"rendered":"https:\/\/harmoor.com\/innovacion\/"},"modified":"2023-07-08T12:45:06","modified_gmt":"2023-07-08T04:45:06","slug":"innovacion","status":"publish","type":"page","link":"https:\/\/harmoor.com\/es\/innovacion\/","title":{"rendered":"innovaci\u00f3n"},"content":{"rendered":"\t\t<div data-elementor-type=\"wp-page\" data-elementor-id=\"17832\" class=\"elementor elementor-17832 elementor-16586\">\n\t\t\t\t\t\t<section class=\"elementor-section elementor-top-section elementor-element elementor-element-6815511 elementor-section-full_width elementor-section-height-default elementor-section-height-default\" data-id=\"6815511\" data-element_type=\"section\">\n\t\t\t\t\t\t<div class=\"elementor-container elementor-column-gap-default\">\n\t\t\t\t\t<div class=\"elementor-column elementor-col-100 elementor-top-column elementor-element elementor-element-b86314a\" data-id=\"b86314a\" data-element_type=\"column\">\n\t\t\t<div class=\"elementor-widget-wrap elementor-element-populated\">\n\t\t\t\t\t\t<div class=\"elementor-element elementor-element-e7dc934 elementor-widget elementor-widget-image\" data-id=\"e7dc934\" data-element_type=\"widget\" data-widget_type=\"image.default\">\n\t\t\t\t<div class=\"elementor-widget-container\">\n\t\t\t\t\t\t\t\t\t\t\t\t\t\t\t<img fetchpriority=\"high\" decoding=\"async\" width=\"2560\" height=\"1439\" src=\"https:\/\/harmoor.com\/wp-content\/uploads\/2023\/06\/innovation-harmoor-furniture-scaled.webp\" class=\"attachment-full size-full wp-image-17185\" alt=\"innovation-harmoor-furniture\" \/>\t\t\t\t\t\t\t\t\t\t\t\t\t\t\t<\/div>\n\t\t\t\t<\/div>\n\t\t\t\t\t<\/div>\n\t\t<\/div>\n\t\t\t\t\t<\/div>\n\t\t<\/section>\n\t\t\t\t<section class=\"elementor-section elementor-top-section elementor-element elementor-element-66f8932 elementor-section-boxed elementor-section-height-default elementor-section-height-default\" data-id=\"66f8932\" data-element_type=\"section\">\n\t\t\t\t\t\t<div class=\"elementor-container elementor-column-gap-default\">\n\t\t\t\t\t<div class=\"elementor-column elementor-col-100 elementor-top-column elementor-element elementor-element-369258e\" data-id=\"369258e\" data-element_type=\"column\">\n\t\t\t<div class=\"elementor-widget-wrap elementor-element-populated\">\n\t\t\t\t\t\t<div class=\"elementor-element elementor-element-14a1569 elementor-widget elementor-widget-heading\" data-id=\"14a1569\" data-element_type=\"widget\" data-widget_type=\"heading.default\">\n\t\t\t\t<div class=\"elementor-widget-container\">\n\t\t\t\t\t<h2 class=\"elementor-heading-title elementor-size-default\">industria 4.0<\/h2>\t\t\t\t<\/div>\n\t\t\t\t<\/div>\n\t\t\t\t\t<\/div>\n\t\t<\/div>\n\t\t\t\t\t<\/div>\n\t\t<\/section>\n\t\t\t\t<section class=\"elementor-section elementor-top-section elementor-element elementor-element-b3b5420 elementor-section-boxed elementor-section-height-default elementor-section-height-default\" data-id=\"b3b5420\" data-element_type=\"section\">\n\t\t\t\t\t\t<div class=\"elementor-container elementor-column-gap-default\">\n\t\t\t\t\t<div class=\"elementor-column elementor-col-100 elementor-top-column elementor-element elementor-element-55e95a5\" data-id=\"55e95a5\" data-element_type=\"column\">\n\t\t\t<div class=\"elementor-widget-wrap elementor-element-populated\">\n\t\t\t\t\t\t<section class=\"elementor-section elementor-inner-section elementor-element elementor-element-68bdc7d elementor-section-boxed elementor-section-height-default elementor-section-height-default\" data-id=\"68bdc7d\" data-element_type=\"section\">\n\t\t\t\t\t\t<div class=\"elementor-container elementor-column-gap-default\">\n\t\t\t\t\t<div class=\"elementor-column elementor-col-50 elementor-inner-column elementor-element elementor-element-5c1059c\" data-id=\"5c1059c\" data-element_type=\"column\">\n\t\t\t<div class=\"elementor-widget-wrap elementor-element-populated\">\n\t\t\t\t\t\t<div class=\"elementor-element elementor-element-1d6e49a elementor-widget elementor-widget-text-editor\" data-id=\"1d6e49a\" data-element_type=\"widget\" data-widget_type=\"text-editor.default\">\n\t\t\t\t<div class=\"elementor-widget-container\">\n\t\t\t\t\t\t\t\t\t<p><span style=\"font-size: 28px;\"><strong>f\u00e1bricas interconectadas<\/strong><\/span><\/p>\n<p>Harmoor es una empresa de industria 4.0 cuyas f\u00e1bricas est\u00e1n equipadas con maquinaria interconectada. Cada a\u00f1o, una parte significativa de la facturaci\u00f3n de la empresa se invierte en <strong>innovaci\u00f3n, tecnolog\u00eda<\/strong> y producci\u00f3n digitalizada.<\/p>\n<p><br><span style=\"font-size: 28px;\"><strong>innovaci\u00f3n tecnol\u00f3gica<\/strong><\/span><\/p>\n<p>En Harmoor, la innovaci\u00f3n va unida a un amplio y dilatado conocimiento de las materias primas, los procesos y las soluciones tecnol\u00f3gicas, convirtiendo el dise\u00f1o en <strong>una producci\u00f3n industrial de gran valor. <\/strong><\/p>\n<p>La maquinaria tecnol\u00f3gicamente avanzada y la automatizaci\u00f3n de los procesos garantizan una <strong>producci\u00f3n<\/strong>, manipulaci\u00f3n interna y entrega m\u00e1s r\u00e1pidas, as\u00ed como el cumplimiento de los plazos de entrega. El resultado es una <strong>mayor flexibilidad<\/strong> para satisfacer las necesidades de los clientes, sin perder de vista la calidad del producto.<\/p>\t\t\t\t\t\t\t\t<\/div>\n\t\t\t\t<\/div>\n\t\t\t\t\t<\/div>\n\t\t<\/div>\n\t\t\t\t<div class=\"elementor-column elementor-col-50 elementor-inner-column elementor-element elementor-element-15c0a40\" data-id=\"15c0a40\" data-element_type=\"column\">\n\t\t\t<div class=\"elementor-widget-wrap elementor-element-populated\">\n\t\t\t\t\t\t<div class=\"elementor-element elementor-element-6cf788b elementor-widget elementor-widget-image\" data-id=\"6cf788b\" data-element_type=\"widget\" data-widget_type=\"image.default\">\n\t\t\t\t<div class=\"elementor-widget-container\">\n\t\t\t\t\t\t\t\t\t\t\t\t\t\t\t<img decoding=\"async\" width=\"600\" height=\"873\" src=\"https:\/\/harmoor.com\/wp-content\/uploads\/2023\/06\/harmoor-furniture-design-innovation.webp\" class=\"attachment-large size-large wp-image-17191\" alt=\"harmoor-furniture-design-innovation\" \/>\t\t\t\t\t\t\t\t\t\t\t\t\t\t\t<\/div>\n\t\t\t\t<\/div>\n\t\t\t\t\t<\/div>\n\t\t<\/div>\n\t\t\t\t\t<\/div>\n\t\t<\/section>\n\t\t\t\t\t<\/div>\n\t\t<\/div>\n\t\t\t\t\t<\/div>\n\t\t<\/section>\n\t\t\t\t<section class=\"elementor-section elementor-top-section elementor-element elementor-element-7e44fb4 elementor-section-boxed elementor-section-height-default elementor-section-height-default\" data-id=\"7e44fb4\" data-element_type=\"section\">\n\t\t\t\t\t\t<div class=\"elementor-container elementor-column-gap-default\">\n\t\t\t\t\t<div class=\"elementor-column elementor-col-100 elementor-top-column elementor-element elementor-element-cb6981c\" data-id=\"cb6981c\" data-element_type=\"column\">\n\t\t\t<div class=\"elementor-widget-wrap elementor-element-populated\">\n\t\t\t\t\t\t<div class=\"elementor-element elementor-element-2d23758 elementor-widget elementor-widget-image\" data-id=\"2d23758\" data-element_type=\"widget\" data-widget_type=\"image.default\">\n\t\t\t\t<div class=\"elementor-widget-container\">\n\t\t\t\t\t\t\t\t\t\t\t\t\t\t\t<img decoding=\"async\" width=\"1969\" height=\"1162\" src=\"https:\/\/harmoor.com\/wp-content\/uploads\/2023\/06\/company.webp\" class=\"attachment-full size-full wp-image-17197\" alt=\"\" \/>\t\t\t\t\t\t\t\t\t\t\t\t\t\t\t<\/div>\n\t\t\t\t<\/div>\n\t\t\t\t\t<\/div>\n\t\t<\/div>\n\t\t\t\t\t<\/div>\n\t\t<\/section>\n\t\t\t\t<section class=\"elementor-section elementor-top-section elementor-element elementor-element-1676462 elementor-section-boxed elementor-section-height-default elementor-section-height-default\" data-id=\"1676462\" data-element_type=\"section\">\n\t\t\t\t\t\t<div class=\"elementor-container elementor-column-gap-default\">\n\t\t\t\t\t<div class=\"elementor-column elementor-col-100 elementor-top-column elementor-element elementor-element-be53721\" data-id=\"be53721\" data-element_type=\"column\">\n\t\t\t<div class=\"elementor-widget-wrap elementor-element-populated\">\n\t\t\t\t\t\t<div class=\"elementor-element elementor-element-3d302e8 elementor-widget elementor-widget-text-editor\" data-id=\"3d302e8\" data-element_type=\"widget\" data-widget_type=\"text-editor.default\">\n\t\t\t\t<div class=\"elementor-widget-container\">\n\t\t\t\t\t\t\t\t\t<p>En 2018 se inaugur\u00f3 la mayor f\u00e1brica y almac\u00e9n de Harmoor Furniture. Este moderno almac\u00e9n funciona 24 horas al d\u00eda, 7 d\u00edas a la semana, para almacenar 10.000 pal\u00e9s de productos acabados y semiacabados. El proyecto tiene una superficie total de 10.000 metros cuadrados y est\u00e1 conectado con el parque industrial existente a trav\u00e9s de los principales ejes de tr\u00e1fico. El volumen del almac\u00e9n es el resultado de un estudio de evaluaci\u00f3n de los procesos actuales y futuros de fabricaci\u00f3n, manipulaci\u00f3n y almacenamiento.<\/p>\n<p>Con esta importante inversi\u00f3n, la empresa no s\u00f3lo dispone de m\u00e1s espacio para almacenar productos, sino que tambi\u00e9n ahorra m\u00e1s tiempo en la fabricaci\u00f3n de productos por encargo. El objetivo es ofrecer a los clientes un mejor servicio y cumplir los plazos, cada vez m\u00e1s estrictos, de los proyectos de mobiliario por encargo. El almac\u00e9n automatizado \u00abGrass Blades\u00bb por dentro es una m\u00e1quina perfectamente engrasada y por fuera es un innovador proyecto de arquitectura industrial.<\/p>\n<p>\u00abEl volumen apagado y uniforme del nuevo almac\u00e9n se transforma as\u00ed en un fen\u00f3meno visual rico en variaciones, una especie de amplificador natural de la hora del d\u00eda y las estaciones. En los mejores momentos. Una vez fijado, se disuelve en el cielo brumoso, reflejando sus tonos azul gris\u00e1ceo, y en otros lugares se impregna del verde brillante de los campos agr\u00edcolas en primavera.<\/p>\n<p>El dise\u00f1o arquitect\u00f3nico del almac\u00e9n y sus espacios asociados va m\u00e1s all\u00e1 del concepto de reducci\u00f3n puramente medioambiental aplicado a muchas instalaciones industriales. Por el contrario, se convierte en una se\u00f1al importante de las ra\u00edces de Harmoor y de las personas que trabajan all\u00ed en su territorio concreto, adem\u00e1s de demostrar su capacidad para dialogar con las empresas y los mercados actuales. m\u00e1s globalizado\u00bb.<\/p>\t\t\t\t\t\t\t\t<\/div>\n\t\t\t\t<\/div>\n\t\t\t\t\t<\/div>\n\t\t<\/div>\n\t\t\t\t\t<\/div>\n\t\t<\/section>\n\t\t\t\t<\/div>\n\t\t","protected":false},"excerpt":{"rendered":"<p>industria 4.0 f\u00e1bricas interconectadas Harmoor es una empresa de industria 4.0 cuyas f\u00e1bricas est\u00e1n equipadas con maquinaria interconectada. Cada a\u00f1o, una parte significativa de la facturaci\u00f3n de la empresa se invierte en innovaci\u00f3n, tecnolog\u00eda y producci\u00f3n digitalizada. innovaci\u00f3n tecnol\u00f3gica En Harmoor, la innovaci\u00f3n va unida a un amplio y dilatado conocimiento de las materias primas, [&hellip;]<\/p>\n","protected":false},"author":4,"featured_media":0,"parent":0,"menu_order":0,"comment_status":"closed","ping_status":"closed","template":"page-templates\/homepage.php","meta":{"footnotes":""},"class_list":["post-17832","page","type-page","status-publish","hentry"],"_links":{"self":[{"href":"https:\/\/harmoor.com\/es\/wp-json\/wp\/v2\/pages\/17832","targetHints":{"allow":["GET"]}}],"collection":[{"href":"https:\/\/harmoor.com\/es\/wp-json\/wp\/v2\/pages"}],"about":[{"href":"https:\/\/harmoor.com\/es\/wp-json\/wp\/v2\/types\/page"}],"author":[{"embeddable":true,"href":"https:\/\/harmoor.com\/es\/wp-json\/wp\/v2\/users\/4"}],"replies":[{"embeddable":true,"href":"https:\/\/harmoor.com\/es\/wp-json\/wp\/v2\/comments?post=17832"}],"version-history":[{"count":0,"href":"https:\/\/harmoor.com\/es\/wp-json\/wp\/v2\/pages\/17832\/revisions"}],"wp:attachment":[{"href":"https:\/\/harmoor.com\/es\/wp-json\/wp\/v2\/media?parent=17832"}],"curies":[{"name":"wp","href":"https:\/\/api.w.org\/{rel}","templated":true}]}}