{"id":17644,"date":"2023-06-21T11:03:04","date_gmt":"2023-06-21T03:03:04","guid":{"rendered":"https:\/\/harmoor.com\/belleza-tradicion-innovacion\/"},"modified":"2024-03-28T10:24:55","modified_gmt":"2024-03-28T02:24:55","slug":"belleza-tradicion-innovacion","status":"publish","type":"page","link":"https:\/\/harmoor.com\/es\/belleza-tradicion-innovacion\/","title":{"rendered":"Belleza Tradici\u00f3n Innovaci\u00f3n"},"content":{"rendered":"\t\t<div data-elementor-type=\"wp-page\" data-elementor-id=\"17644\" class=\"elementor elementor-17644 elementor-16550\">\n\t\t\t\t\t\t<section class=\"elementor-section elementor-top-section elementor-element elementor-element-3027cb4 elementor-section-full_width elementor-section-height-default elementor-section-height-default\" data-id=\"3027cb4\" data-element_type=\"section\">\n\t\t\t\t\t\t<div class=\"elementor-container elementor-column-gap-default\">\n\t\t\t\t\t<div class=\"elementor-column elementor-col-100 elementor-top-column elementor-element elementor-element-371bfe2\" data-id=\"371bfe2\" data-element_type=\"column\">\n\t\t\t<div class=\"elementor-widget-wrap elementor-element-populated\">\n\t\t\t\t\t\t<div class=\"elementor-element elementor-element-9a59495 elementor-widget elementor-widget-image\" data-id=\"9a59495\" data-element_type=\"widget\" data-widget_type=\"image.default\">\n\t\t\t\t<div class=\"elementor-widget-container\">\n\t\t\t\t\t\t\t\t\t\t\t\t\t\t\t<img fetchpriority=\"high\" decoding=\"async\" width=\"2560\" height=\"1707\" src=\"https:\/\/harmoor.com\/wp-content\/uploads\/2023\/06\/Harmoor-Chair-1-scaled.webp\" class=\"attachment-full size-full wp-image-17043\" alt=\"Harmoor Chair\" \/>\t\t\t\t\t\t\t\t\t\t\t\t\t\t\t<\/div>\n\t\t\t\t<\/div>\n\t\t\t\t\t<\/div>\n\t\t<\/div>\n\t\t\t\t\t<\/div>\n\t\t<\/section>\n\t\t\t\t<section class=\"elementor-section elementor-top-section elementor-element elementor-element-534ee35 elementor-section-boxed elementor-section-height-default elementor-section-height-default\" data-id=\"534ee35\" data-element_type=\"section\">\n\t\t\t\t\t\t<div class=\"elementor-container elementor-column-gap-default\">\n\t\t\t\t\t<div class=\"elementor-column elementor-col-100 elementor-top-column elementor-element elementor-element-154ed5e\" data-id=\"154ed5e\" data-element_type=\"column\">\n\t\t\t<div class=\"elementor-widget-wrap elementor-element-populated\">\n\t\t\t\t\t\t<div class=\"elementor-element elementor-element-37c587a elementor-widget elementor-widget-text-editor\" data-id=\"37c587a\" data-element_type=\"widget\" data-widget_type=\"text-editor.default\">\n\t\t\t\t<div class=\"elementor-widget-container\">\n\t\t\t\t\t\t\t\t\t<p><strong>belleza, tradicion<\/strong><br \/><strong>e innovaci\u00f3n<\/strong><\/p>\n\t\t\t\t\t\t\t\t<\/div>\n\t\t\t\t<\/div>\n\t\t\t\t<section class=\"elementor-section elementor-inner-section elementor-element elementor-element-02b639f elementor-reverse-tablet elementor-reverse-mobile elementor-section-boxed elementor-section-height-default elementor-section-height-default\" data-id=\"02b639f\" data-element_type=\"section\">\n\t\t\t\t\t\t<div class=\"elementor-container elementor-column-gap-default\">\n\t\t\t\t\t<div class=\"elementor-column elementor-col-50 elementor-inner-column elementor-element elementor-element-9d20101\" data-id=\"9d20101\" data-element_type=\"column\">\n\t\t\t<div class=\"elementor-widget-wrap elementor-element-populated\">\n\t\t\t\t\t\t<div class=\"elementor-element elementor-element-2ce2a12 elementor-widget elementor-widget-image\" data-id=\"2ce2a12\" data-element_type=\"widget\" data-widget_type=\"image.default\">\n\t\t\t\t<div class=\"elementor-widget-container\">\n\t\t\t\t\t\t\t\t\t\t\t\t\t\t\t<img decoding=\"async\" width=\"1226\" height=\"1226\" src=\"https:\/\/harmoor.com\/wp-content\/uploads\/2023\/06\/harmoor-furniture.webp\" class=\"attachment-full size-full wp-image-17049\" alt=\"harmoor-furniture\" \/>\t\t\t\t\t\t\t\t\t\t\t\t\t\t\t<\/div>\n\t\t\t\t<\/div>\n\t\t\t\t\t<\/div>\n\t\t<\/div>\n\t\t\t\t<div class=\"elementor-column elementor-col-50 elementor-inner-column elementor-element elementor-element-83115de\" data-id=\"83115de\" data-element_type=\"column\">\n\t\t\t<div class=\"elementor-widget-wrap elementor-element-populated\">\n\t\t\t\t\t\t<div class=\"elementor-element elementor-element-4bbb2f1 elementor-widget elementor-widget-text-editor\" data-id=\"4bbb2f1\" data-element_type=\"widget\" data-widget_type=\"text-editor.default\">\n\t\t\t\t<div class=\"elementor-widget-container\">\n\t\t\t\t\t\t\t\t\t<p><strong>\u2015 muebles multimateriales para contract y vivienda<\/strong><br>Harmoor es una empresa vietnamita que fabrica<strong> sillas modernas, mesas, muebles para contract y residenciales<\/strong> . La colecci\u00f3n es el resultado de una investigaci\u00f3n cuidadosa y precisa para crear productos de dise\u00f1o industrial funcionales y vers\u00e1tiles hechos de <strong>metal, pl\u00e1stico, madera<\/strong> y <strong>telas de tapicer\u00eda.<\/strong>.<\/p>\n<p><strong>\u2015 una empresa 100% vietnam<\/strong><br>Los muebles se producen exclusivamente en Vietnam a trav\u00e9s de un proceso de dise\u00f1o que combina tradici\u00f3n e innovaci\u00f3n, excelencia t\u00e9cnica y excelencia creativa. La filosof\u00eda de \u201c<strong>100% Hecho en Vietnam<\/strong>\u201d se hace realidad a trav\u00e9s del proceso de producci\u00f3n interno en la sede de Harmoor en Binh Phuoc, Vietnam.<\/p>\n<p><strong>\u2015 Colaborar con dise\u00f1adoras<\/strong><br>Harmoor colabora con muchos <strong>dise\u00f1adores italianos e internacionales<\/strong> que adoptan plenamente la filosof\u00eda de la marca, enriqueci\u00e9ndola con las valiosas contribuciones de Harmoor.<\/p>\t\t\t\t\t\t\t\t<\/div>\n\t\t\t\t<\/div>\n\t\t\t\t\t<\/div>\n\t\t<\/div>\n\t\t\t\t\t<\/div>\n\t\t<\/section>\n\t\t\t\t\t<\/div>\n\t\t<\/div>\n\t\t\t\t\t<\/div>\n\t\t<\/section>\n\t\t\t\t<section class=\"elementor-section elementor-top-section elementor-element elementor-element-cdf3056 elementor-section-boxed elementor-section-height-default elementor-section-height-default\" data-id=\"cdf3056\" data-element_type=\"section\">\n\t\t\t\t\t\t<div class=\"elementor-container elementor-column-gap-default\">\n\t\t\t\t\t<div class=\"elementor-column elementor-col-100 elementor-top-column elementor-element elementor-element-c663664\" data-id=\"c663664\" data-element_type=\"column\">\n\t\t\t<div class=\"elementor-widget-wrap elementor-element-populated\">\n\t\t\t\t\t\t<section class=\"elementor-section elementor-inner-section elementor-element elementor-element-733240e elementor-section-boxed elementor-section-height-default elementor-section-height-default\" data-id=\"733240e\" data-element_type=\"section\">\n\t\t\t\t\t\t<div class=\"elementor-container elementor-column-gap-default\">\n\t\t\t\t\t<div class=\"elementor-column elementor-col-50 elementor-inner-column elementor-element elementor-element-dec3f0d\" data-id=\"dec3f0d\" data-element_type=\"column\">\n\t\t\t<div class=\"elementor-widget-wrap elementor-element-populated\">\n\t\t\t\t\t\t<div class=\"elementor-element elementor-element-407eb82 elementor-widget elementor-widget-text-editor\" data-id=\"407eb82\" data-element_type=\"widget\" data-widget_type=\"text-editor.default\">\n\t\t\t\t<div class=\"elementor-widget-container\">\n\t\t\t\t\t\t\t\t\t<p>En 2016, <strong>Harmoor<\/strong> abri\u00f3 un peque\u00f1o taller <strong>en Dong Phu, provincia de Binh Phuoc<\/strong>, donde Harmoor comenz\u00f3 a producir su primera colecci\u00f3n de sillas de pl\u00e1stico. Hoy, bajo la direcci\u00f3n del Consejo de Administraci\u00f3n, la empresa ha exportado sus productos a Europa, Am\u00e9rica, Australia y el Sudeste Asi\u00e1tico. Hoy, bajo la direcci\u00f3n del <strong>Consejo de Administraci\u00f3n<\/strong>, la empresa ha exportado sus productos a <strong>Europa, Am\u00e9rica, Australia y el Sudeste Asi\u00e1tico<\/strong>.<\/p>\n\t\t\t\t\t\t\t\t<\/div>\n\t\t\t\t<\/div>\n\t\t\t\t\t<\/div>\n\t\t<\/div>\n\t\t\t\t<div class=\"elementor-column elementor-col-50 elementor-inner-column elementor-element elementor-element-8b5c3af\" data-id=\"8b5c3af\" data-element_type=\"column\">\n\t\t\t<div class=\"elementor-widget-wrap elementor-element-populated\">\n\t\t\t\t\t\t<div class=\"elementor-element elementor-element-c076762 elementor-widget elementor-widget-image\" data-id=\"c076762\" data-element_type=\"widget\" data-widget_type=\"image.default\">\n\t\t\t\t<div class=\"elementor-widget-container\">\n\t\t\t\t\t\t\t\t\t\t\t\t\t\t\t<img decoding=\"async\" width=\"2480\" height=\"2480\" src=\"https:\/\/harmoor.com\/wp-content\/uploads\/2023\/06\/gaia1.webp\" class=\"attachment-full size-full wp-image-16980\" alt=\"gaia(1)\" \/>\t\t\t\t\t\t\t\t\t\t\t\t\t\t\t<\/div>\n\t\t\t\t<\/div>\n\t\t\t\t\t<\/div>\n\t\t<\/div>\n\t\t\t\t\t<\/div>\n\t\t<\/section>\n\t\t\t\t\t<\/div>\n\t\t<\/div>\n\t\t\t\t\t<\/div>\n\t\t<\/section>\n\t\t\t\t<section class=\"elementor-section elementor-top-section elementor-element elementor-element-72ebfda elementor-section-full_width elementor-hidden-desktop elementor-hidden-tablet elementor-hidden-mobile elementor-section-height-default elementor-section-height-default\" data-id=\"72ebfda\" data-element_type=\"section\">\n\t\t\t\t\t\t<div class=\"elementor-container elementor-column-gap-default\">\n\t\t\t\t\t<div class=\"elementor-column elementor-col-100 elementor-top-column elementor-element elementor-element-3a2f015\" data-id=\"3a2f015\" data-element_type=\"column\">\n\t\t\t<div class=\"elementor-widget-wrap elementor-element-populated\">\n\t\t\t\t\t\t<div class=\"elementor-element elementor-element-8ead2b4 elementor-widget__width-initial elementor-absolute elementor-widget elementor-widget-image\" data-id=\"8ead2b4\" data-element_type=\"widget\" data-settings=\"{&quot;_position&quot;:&quot;absolute&quot;}\" data-widget_type=\"image.default\">\n\t\t\t\t<div class=\"elementor-widget-container\">\n\t\t\t\t\t\t\t\t\t\t\t\t\t\t\t<img loading=\"lazy\" decoding=\"async\" width=\"300\" height=\"83\" src=\"https:\/\/harmoor.com\/wp-content\/uploads\/2023\/06\/Logo-Harmoor-Vietnam.png\" class=\"attachment-large size-large wp-image-15512\" alt=\"Logo Harmoor Vietnam\" \/>\t\t\t\t\t\t\t\t\t\t\t\t\t\t\t<\/div>\n\t\t\t\t<\/div>\n\t\t\t\t<div class=\"elementor-element elementor-element-4ed2e68 elementor-widget elementor-widget-image\" data-id=\"4ed2e68\" data-element_type=\"widget\" data-widget_type=\"image.default\">\n\t\t\t\t<div class=\"elementor-widget-container\">\n\t\t\t\t\t\t\t\t\t\t\t\t\t\t\t<img decoding=\"async\" src=\"https:\/\/lh3.googleusercontent.com\/pw\/AJFCJaUqG1C3D9JFtQxSm8esuLXz5n8_pwHuL-PQFV-wtqJYohFVoyO3M3CECU5Hn9RsHee9Z2shaHkKaic5bic37fAm9wdIW9QoJf4CXbRXPz4KSaA-l7o=w2400\" title=\"\" alt=\"harmoor-history\" loading=\"lazy\" \/>\t\t\t\t\t\t\t\t\t\t\t\t\t\t\t<\/div>\n\t\t\t\t<\/div>\n\t\t\t\t\t<\/div>\n\t\t<\/div>\n\t\t\t\t\t<\/div>\n\t\t<\/section>\n\t\t\t\t<section class=\"elementor-section elementor-top-section elementor-element elementor-element-3b82012 elementor-section-boxed elementor-section-height-default elementor-section-height-default\" data-id=\"3b82012\" data-element_type=\"section\">\n\t\t\t\t\t\t<div class=\"elementor-container elementor-column-gap-default\">\n\t\t\t\t\t<div class=\"elementor-column elementor-col-100 elementor-top-column elementor-element elementor-element-2a58dfd\" data-id=\"2a58dfd\" data-element_type=\"column\">\n\t\t\t<div class=\"elementor-widget-wrap elementor-element-populated\">\n\t\t\t\t\t\t<section class=\"elementor-section elementor-inner-section elementor-element elementor-element-943557b elementor-reverse-tablet elementor-reverse-mobile elementor-section-boxed elementor-section-height-default elementor-section-height-default\" data-id=\"943557b\" data-element_type=\"section\">\n\t\t\t\t\t\t<div class=\"elementor-container elementor-column-gap-default\">\n\t\t\t\t\t<div class=\"elementor-column elementor-col-50 elementor-inner-column elementor-element elementor-element-4a29457\" data-id=\"4a29457\" data-element_type=\"column\">\n\t\t\t<div class=\"elementor-widget-wrap elementor-element-populated\">\n\t\t\t\t\t\t<div class=\"elementor-element elementor-element-306d254 elementor-widget elementor-widget-image\" data-id=\"306d254\" data-element_type=\"widget\" data-widget_type=\"image.default\">\n\t\t\t\t<div class=\"elementor-widget-container\">\n\t\t\t\t\t\t\t\t\t\t\t\t\t\t\t<img loading=\"lazy\" decoding=\"async\" width=\"1276\" height=\"1702\" src=\"https:\/\/harmoor.com\/wp-content\/uploads\/2023\/06\/Harmoor-Furnitur-2.webp\" class=\"attachment-full size-full wp-image-17170\" alt=\"Harmoor-Furnitur-2\" \/>\t\t\t\t\t\t\t\t\t\t\t\t\t\t\t<\/div>\n\t\t\t\t<\/div>\n\t\t\t\t\t<\/div>\n\t\t<\/div>\n\t\t\t\t<div class=\"elementor-column elementor-col-50 elementor-inner-column elementor-element elementor-element-ce35cf7\" data-id=\"ce35cf7\" data-element_type=\"column\">\n\t\t\t<div class=\"elementor-widget-wrap elementor-element-populated\">\n\t\t\t\t\t\t<div class=\"elementor-element elementor-element-d16b041 elementor-widget elementor-widget-heading\" data-id=\"d16b041\" data-element_type=\"widget\" data-widget_type=\"heading.default\">\n\t\t\t\t<div class=\"elementor-widget-container\">\n\t\t\t\t\t<h2 class=\"elementor-heading-title elementor-size-default\">innovaci\u00f3n y producci\u00f3n de vanguardia<\/h2>\t\t\t\t<\/div>\n\t\t\t\t<\/div>\n\t\t\t\t<div class=\"elementor-element elementor-element-5858694 elementor-widget elementor-widget-text-editor\" data-id=\"5858694\" data-element_type=\"widget\" data-widget_type=\"text-editor.default\">\n\t\t\t\t<div class=\"elementor-widget-container\">\n\t\t\t\t\t\t\t\t\t<p>Harmoor es una empresa<strong> de industria 4.0<\/strong> cuyas f\u00e1bricas est\u00e1n equipadas con <strong>maquinaria interconectada<\/strong>. Cada a\u00f1o, una parte importante de la facturaci\u00f3n de la empresa se invierte <strong>en innovaci\u00f3n, tecnolog\u00eda y plantas<\/strong>, as\u00ed como <strong>en producci\u00f3n<\/strong> digitalizada. Todo dentro de la empresa ha sido dise\u00f1ado para ser sostenible y contribuir a mejorar la producci\u00f3n a trav\u00e9s de extensos controles de calidad a lo largo del proceso de producci\u00f3n, la selecci\u00f3n de materiales de primera calidad, una pasi\u00f3n absoluta por la maquinaria m\u00e1s avanzada, la b\u00fasqueda consciente de las tecnolog\u00edas y materias primas de Vietnam. materiales y la minuciosa planificaci\u00f3n de cada fase propia de los artesanos.<\/p>\n\t\t\t\t\t\t\t\t<\/div>\n\t\t\t\t<\/div>\n\t\t\t\t\t<\/div>\n\t\t<\/div>\n\t\t\t\t\t<\/div>\n\t\t<\/section>\n\t\t\t\t\t<\/div>\n\t\t<\/div>\n\t\t\t\t\t<\/div>\n\t\t<\/section>\n\t\t\t\t<section class=\"elementor-section elementor-top-section elementor-element elementor-element-09edee2 elementor-section-boxed elementor-section-height-default elementor-section-height-default\" data-id=\"09edee2\" data-element_type=\"section\">\n\t\t\t\t\t\t<div class=\"elementor-container elementor-column-gap-default\">\n\t\t\t\t\t<div class=\"elementor-column elementor-col-100 elementor-top-column elementor-element elementor-element-1e0b743\" data-id=\"1e0b743\" data-element_type=\"column\">\n\t\t\t<div class=\"elementor-widget-wrap elementor-element-populated\">\n\t\t\t\t\t\t<section class=\"elementor-section elementor-inner-section elementor-element elementor-element-f00254e elementor-section-boxed elementor-section-height-default elementor-section-height-default\" data-id=\"f00254e\" data-element_type=\"section\">\n\t\t\t\t\t\t<div class=\"elementor-container elementor-column-gap-default\">\n\t\t\t\t\t<div class=\"elementor-column elementor-col-50 elementor-inner-column elementor-element elementor-element-ad4cbb8\" data-id=\"ad4cbb8\" data-element_type=\"column\">\n\t\t\t<div class=\"elementor-widget-wrap elementor-element-populated\">\n\t\t\t\t\t\t<div class=\"elementor-element elementor-element-58bdea3 elementor-widget elementor-widget-text-editor\" data-id=\"58bdea3\" data-element_type=\"widget\" data-widget_type=\"text-editor.default\">\n\t\t\t\t<div class=\"elementor-widget-container\">\n\t\t\t\t\t\t\t\t\t<p>Harmoor ha adoptado Sistemas de Gesti\u00f3n de Calidad, Medio Ambiente y Seguridad especiales con el objetivo de <strong>garantizar y prolongar la satisfacci\u00f3n de sus clientes<\/strong> a trav\u00e9s de los elementos diferenciadores de la empresa. Harmoor es consciente de que una estrategia econ\u00f3mica responsable que busque minimizar el impacto ambiental de sus actividades laborales y mejorar continuamente su desempe\u00f1o ambiental traer\u00e1 importantes ventajas comerciales, lo que le permitir\u00e1 satisfacer tanto las expectativas de mejora ambiental del mercado como las demandas de los clientes.<\/p>\n<p>La Gerencia tambi\u00e9n se compromete a <strong>mejorar la salud y seguridad<\/strong> de sus trabajadores, haciendo de esto parte integral de su \u00e9tica de trabajo y un compromiso estrat\u00e9gico en el contexto de su objeto social.<\/p>\n<p> <\/p>\n<ul>\n<li><a href=\"https:\/\/drive.google.com\/file\/d\/10qfdtO1gOSQ4C6eFlKnj0HYQWkJEXp8D\/view?usp=sharing\"><strong>descargar BSCI<\/strong><\/a><\/li>\n<\/ul>\t\t\t\t\t\t\t\t<\/div>\n\t\t\t\t<\/div>\n\t\t\t\t\t<\/div>\n\t\t<\/div>\n\t\t\t\t<div class=\"elementor-column elementor-col-50 elementor-inner-column elementor-element elementor-element-7876458\" data-id=\"7876458\" data-element_type=\"column\">\n\t\t\t<div class=\"elementor-widget-wrap elementor-element-populated\">\n\t\t\t\t\t\t<div class=\"elementor-element elementor-element-7a7b34c elementor-widget elementor-widget-image\" data-id=\"7a7b34c\" data-element_type=\"widget\" data-widget_type=\"image.default\">\n\t\t\t\t<div class=\"elementor-widget-container\">\n\t\t\t\t\t\t\t\t\t\t\t\t\t\t\t<img loading=\"lazy\" decoding=\"async\" width=\"600\" height=\"873\" src=\"https:\/\/harmoor.com\/wp-content\/uploads\/2023\/06\/harmoor-design-beauty-tradition-innovatio.webp\" class=\"attachment-large size-large wp-image-17176\" alt=\"harmoor-design-beauty-tradition-innovatio\" \/>\t\t\t\t\t\t\t\t\t\t\t\t\t\t\t<\/div>\n\t\t\t\t<\/div>\n\t\t\t\t\t<\/div>\n\t\t<\/div>\n\t\t\t\t\t<\/div>\n\t\t<\/section>\n\t\t\t\t\t<\/div>\n\t\t<\/div>\n\t\t\t\t\t<\/div>\n\t\t<\/section>\n\t\t\t\t<\/div>\n\t\t","protected":false},"excerpt":{"rendered":"<p>belleza, tradicione innovaci\u00f3n \u2015 muebles multimateriales para contract y viviendaHarmoor es una empresa vietnamita que fabrica sillas modernas, mesas, muebles para contract y residenciales . La colecci\u00f3n es el resultado de una investigaci\u00f3n cuidadosa y precisa para crear productos de dise\u00f1o industrial funcionales y vers\u00e1tiles hechos de metal, pl\u00e1stico, madera y telas de tapicer\u00eda.. \u2015 [&hellip;]<\/p>\n","protected":false},"author":4,"featured_media":0,"parent":0,"menu_order":0,"comment_status":"closed","ping_status":"closed","template":"page-templates\/homepage.php","meta":{"footnotes":""},"class_list":["post-17644","page","type-page","status-publish","hentry"],"_links":{"self":[{"href":"https:\/\/harmoor.com\/es\/wp-json\/wp\/v2\/pages\/17644","targetHints":{"allow":["GET"]}}],"collection":[{"href":"https:\/\/harmoor.com\/es\/wp-json\/wp\/v2\/pages"}],"about":[{"href":"https:\/\/harmoor.com\/es\/wp-json\/wp\/v2\/types\/page"}],"author":[{"embeddable":true,"href":"https:\/\/harmoor.com\/es\/wp-json\/wp\/v2\/users\/4"}],"replies":[{"embeddable":true,"href":"https:\/\/harmoor.com\/es\/wp-json\/wp\/v2\/comments?post=17644"}],"version-history":[{"count":3,"href":"https:\/\/harmoor.com\/es\/wp-json\/wp\/v2\/pages\/17644\/revisions"}],"predecessor-version":[{"id":23432,"href":"https:\/\/harmoor.com\/es\/wp-json\/wp\/v2\/pages\/17644\/revisions\/23432"}],"wp:attachment":[{"href":"https:\/\/harmoor.com\/es\/wp-json\/wp\/v2\/media?parent=17644"}],"curies":[{"name":"wp","href":"https:\/\/api.w.org\/{rel}","templated":true}]}}