{"id":23304,"date":"2024-02-23T14:34:55","date_gmt":"2024-02-23T06:34:55","guid":{"rendered":"https:\/\/harmoor.com\/product\/karibu-3039a\/"},"modified":"2024-02-23T14:34:55","modified_gmt":"2024-02-23T06:34:55","slug":"karibu-3039a","status":"publish","type":"product","link":"https:\/\/harmoor.com\/de\/product\/karibu-3039a\/","title":{"rendered":"Karibu 3039a"},"content":{"rendered":"<div class=\"row\">\n<div class=\"col-xl-5 col-lg-5 col-md-6 col-sm-12 col-12\"><img fetchpriority=\"high\" decoding=\"async\" class=\"alignnone size-full wp-image-12104\" src=\"https:\/\/harmoor.com\/wp-content\/uploads\/2024\/02\/chair-karibu-3039a-2.webp\" alt=\"stuhl karibu 3039a\" width=\"458\" height=\"315\"><\/div>\n<div class=\"col-xl-7 col-lg-7 col-md-6 col-sm-12 col-12\">\n<h2><span style=\"vertical-align: inherit;\"><span style=\"vertical-align: inherit;\">BRAND<\/span><\/span><\/h2>\n<p>Die reiche Firmengeschichte von Harmoor reicht bis ins Jahr 1998 zur\u00fcck und begann mit einer kleinen M\u00f6belfabrik. Wir er\u00f6ffneten 2018 unsere Fabrik in Vietnam und wurden zu einer der gr\u00f6\u00dften Kunststoffm\u00f6belfabriken in Vietnam. Derzeit ist Harmoor ein Hersteller und Lieferant von Tisch- und Stuhlm\u00f6beln mit vielen f\u00fchrenden Modellen in Vietnam und in der ganzen Welt.<\/p>\n<p><img decoding=\"async\" class=\"mt-4\" src=\"https:\/\/harmoor.com\/wp-content\/uploads\/2023\/07\/single-product.webp\" alt=\"produkt\" width=\"190\" height=\"30\"><\/div>\n<\/div>\n<div class=\"row\">\n<div class=\"col-xl-4 col-lg-4 col-md-4 col-sm-12 col-12 mb-4\">\n<h2><span style=\"vertical-align: inherit;\"><span style=\"vertical-align: inherit;\">PRODUKT INFORMATION<\/span><\/span><\/h2>\n<ul>\n<li>Produktname: Stuhl Karibu 3039A<\/li>\n<li>Material: Seil + PP-Kunststoff<\/li>\n<li>Design-Stil: Italien<\/li>\n<li>Herkunftsort: Vietnam<\/li>\n<\/ul>\n<\/div>\n<div class=\"col-xl-4 col-lg-4 col-md-4 col-sm-12 col-12 mb-4\">\n<h2><span style=\"vertical-align: inherit;\"><span style=\"vertical-align: inherit;\">GR\u00d6SSE<\/span><\/span><\/h2>\n<ul>\n<li>Material: PP + Nylon-Seil<\/li>\n<li>L\u00e4nge: 55,5 cm<\/li>\n<li>Breite: 61cm<\/li>\n<li>H\u00f6he: 82cm<\/li>\n<li>Sitzh\u00f6he: 46cm<\/li>\n<li>Gewicht: 5,73 kg<\/li>\n<\/ul>\n<\/div>\n<div class=\"col-xl-4 col-lg-4 col-md-4 col-sm-12 col-12 mb-4\">\n<h2><span style=\"vertical-align: inherit;\"><span style=\"vertical-align: inherit;\">BENUTZBARER RAUM<\/span><\/span><\/h2>\n<ul>\n<li>Kaffee haus<\/li>\n<li>Restaurant<\/li>\n<li>Speisesaal<\/li>\n<li>Garten&#8230;<\/li>\n<\/ul>\n<\/div>\n<\/div>\n","protected":false},"excerpt":{"rendered":"<p>Der Stuhl Karibu 3039A ist ein Symbol f\u00fcr Modernit\u00e4t und Luxus, mit zart geschwungenen Linien. Mit dem strapazierf\u00e4higen Material der Sitzfl\u00e4che und der R\u00fcckenlehne aus PA-Kunststoff beh\u00e4lt der Stuhl nicht nur seine Sch\u00f6nheit im Freien, sondern erinnert auch an die klassischen Terrassenst\u00fchle aus den 60er Jahren, indem er Stahl und Material kombiniert. Textilmaterial. Der f\u00fcr den Au\u00dfenbereich pulverbeschichtete und stapelbare Stuhl Karibu 3039A ist nicht nur ein hervorragendes Produkt, sondern bringt auch Bequemlichkeit und \u00c4sthetik in den vorst\u00e4dtischen Ruheraum.<\/p>\n","protected":false},"featured_media":23094,"comment_status":"open","ping_status":"closed","template":"","meta":[],"product_cat":[1616],"product_tag":[1484,1618,1241,1617,1255,1619,1486],"class_list":{"0":"post-23304","1":"product","2":"type-product","3":"status-publish","4":"has-post-thumbnail","6":"product_brand-caribu-de","7":"product_cat-caribu-de","8":"product_tag-esszimmerstuhl","9":"product_tag-garten-stuhl","10":"product_tag-kaffee-stuhl","11":"product_tag-outdoor-stuhl","12":"product_tag-restaurant-stuhl","13":"product_tag-terrassen-stuhl","14":"product_tag-wohnzimmersessel","17":"first","18":"instock","19":"shipping-taxable","20":"product-type-simple"},"_links":{"self":[{"href":"https:\/\/harmoor.com\/de\/wp-json\/wp\/v2\/product\/23304","targetHints":{"allow":["GET"]}}],"collection":[{"href":"https:\/\/harmoor.com\/de\/wp-json\/wp\/v2\/product"}],"about":[{"href":"https:\/\/harmoor.com\/de\/wp-json\/wp\/v2\/types\/product"}],"replies":[{"embeddable":true,"href":"https:\/\/harmoor.com\/de\/wp-json\/wp\/v2\/comments?post=23304"}],"version-history":[{"count":0,"href":"https:\/\/harmoor.com\/de\/wp-json\/wp\/v2\/product\/23304\/revisions"}],"wp:featuredmedia":[{"embeddable":true,"href":"https:\/\/harmoor.com\/de\/wp-json\/wp\/v2\/media\/23094"}],"wp:attachment":[{"href":"https:\/\/harmoor.com\/de\/wp-json\/wp\/v2\/media?parent=23304"}],"wp:term":[{"taxonomy":"product_cat","embeddable":true,"href":"https:\/\/harmoor.com\/de\/wp-json\/wp\/v2\/product_cat?post=23304"},{"taxonomy":"product_tag","embeddable":true,"href":"https:\/\/harmoor.com\/de\/wp-json\/wp\/v2\/product_tag?post=23304"}],"curies":[{"name":"wp","href":"https:\/\/api.w.org\/{rel}","templated":true}]}}