{"id":23298,"date":"2024-02-23T14:21:08","date_gmt":"2024-02-23T06:21:08","guid":{"rendered":"https:\/\/harmoor.com\/product\/karibu-3038a\/"},"modified":"2024-02-23T14:21:08","modified_gmt":"2024-02-23T06:21:08","slug":"karibu-3038a","status":"publish","type":"product","link":"https:\/\/harmoor.com\/de\/product\/karibu-3038a\/","title":{"rendered":"Karibu 3038a"},"content":{"rendered":"<div class=\"row\">\n<div class=\"col-xl-5 col-lg-5 col-md-6 col-sm-12 col-12\"><img fetchpriority=\"high\" decoding=\"async\" class=\"alignnone size-full wp-image-12104\" src=\"https:\/\/harmoor.com\/wp-content\/uploads\/2024\/02\/chair-karibu-3038a-2.webp\" alt=\"Stuhl caribu 3038a\" width=\"458\" height=\"315\"><\/div>\n<div class=\"col-xl-7 col-lg-7 col-md-6 col-sm-12 col-12\">\n<h2><span style=\"vertical-align: inherit;\"><span style=\"vertical-align: inherit;\">BRAND<\/span><\/span><\/h2>\n<p>Die reiche Firmengeschichte von Harmoor reicht bis ins Jahr 1998 zur\u00fcck und begann mit einer kleinen M\u00f6belfabrik. Wir er\u00f6ffneten 2018 unsere Fabrik in Vietnam und wurden zu einer der gr\u00f6\u00dften Kunststoffm\u00f6belfabriken in Vietnam. Derzeit ist Harmoor ein Hersteller und Lieferant von Tisch- und Stuhlm\u00f6beln mit vielen f\u00fchrenden Modellen in Vietnam und in der ganzen Welt.<\/p>\n<p><img decoding=\"async\" class=\"mt-4\" src=\"https:\/\/harmoor.com\/wp-content\/uploads\/2023\/07\/single-product.webp\" alt=\"produkt\" width=\"190\" height=\"30\"><\/div>\n<\/div>\n<div class=\"row\">\n<div class=\"col-xl-4 col-lg-4 col-md-4 col-sm-12 col-12 mb-4\">\n<h2><span style=\"vertical-align: inherit;\"><span style=\"vertical-align: inherit;\">PRODUKT INFORMATION<\/span><\/span><\/h2>\n<ul>\n<li>Produkt name: Karibu 3038<\/li>\n<li>Material: Seil + PP-Kunststoff<\/li>\n<li>Design-Stil: Italien<\/li>\n<li>Herkunftsort: Vietnam<\/li>\n<\/ul>\n<\/div>\n<div class=\"col-xl-4 col-lg-4 col-md-4 col-sm-12 col-12 mb-4\">\n<h2><span style=\"vertical-align: inherit;\"><span style=\"vertical-align: inherit;\">GR\u00d6SSE<\/span><\/span><\/h2>\n<ul>\n<li>Material: PP-Seil + Nylon<\/li>\n<li>L\u00e4nge: 58,5 cm<\/li>\n<li>Breite: 47cm<\/li>\n<li>H\u00f6he: 78,5 cm<\/li>\n<li>Sitzh\u00f6he: 46cm<\/li>\n<li>Gewicht: 5.095kg<\/li>\n<li>68.5*55*93cm\/4pcs<\/li>\n<\/ul>\n<\/div>\n<div class=\"col-xl-4 col-lg-4 col-md-4 col-sm-12 col-12 mb-4\">\n<h2><span style=\"vertical-align: inherit;\"><span style=\"vertical-align: inherit;\">BENUTZBARER RAUM<\/span><\/span><\/h2>\n<ul>\n<li>Kaffee haus<\/li>\n<li>Restaurant<\/li>\n<li>Speisesaal<\/li>\n<li>Garten&#8230;<\/li>\n<\/ul>\n<\/div>\n<\/div>\n","protected":false},"excerpt":{"rendered":"<p>Der Karibu 3038A Stuhl ist die Perfektion von Klasse und N\u00fctzlichkeit, mit einer hochwertigen Kunststoffstruktur, einschlie\u00dflich PA-Kunststoffr\u00fcckenlehne und -sitz, die f\u00fcr Komfort und Haltbarkeit sorgen. Der speziell f\u00fcr den Au\u00dfenbereich konzipierte Karibu-Stuhl setzt nicht nur Akzente, sondern h\u00e4lt auch rauen Wetterbedingungen stand. Die Stapelbarkeit spart Lagerplatz und ist praktisch f\u00fcr den Transport. Mit der perfekten Kombination aus Qualit\u00e4t und Nutzwert ist der Karibu 3038A Stuhl die ideale Wahl f\u00fcr Ausfl\u00fcge in die Umgebung und Veranstaltungen.<\/p>\n","protected":false},"featured_media":23079,"comment_status":"open","ping_status":"closed","template":"","meta":[],"product_cat":[1616],"product_tag":[1484,1618,1241,1617,1255,1619,1486],"class_list":{"0":"post-23298","1":"product","2":"type-product","3":"status-publish","4":"has-post-thumbnail","6":"product_brand-caribu-de","7":"product_cat-caribu-de","8":"product_tag-esszimmerstuhl","9":"product_tag-garten-stuhl","10":"product_tag-kaffee-stuhl","11":"product_tag-outdoor-stuhl","12":"product_tag-restaurant-stuhl","13":"product_tag-terrassen-stuhl","14":"product_tag-wohnzimmersessel","17":"first","18":"instock","19":"shipping-taxable","20":"product-type-simple"},"_links":{"self":[{"href":"https:\/\/harmoor.com\/de\/wp-json\/wp\/v2\/product\/23298","targetHints":{"allow":["GET"]}}],"collection":[{"href":"https:\/\/harmoor.com\/de\/wp-json\/wp\/v2\/product"}],"about":[{"href":"https:\/\/harmoor.com\/de\/wp-json\/wp\/v2\/types\/product"}],"replies":[{"embeddable":true,"href":"https:\/\/harmoor.com\/de\/wp-json\/wp\/v2\/comments?post=23298"}],"version-history":[{"count":0,"href":"https:\/\/harmoor.com\/de\/wp-json\/wp\/v2\/product\/23298\/revisions"}],"wp:featuredmedia":[{"embeddable":true,"href":"https:\/\/harmoor.com\/de\/wp-json\/wp\/v2\/media\/23079"}],"wp:attachment":[{"href":"https:\/\/harmoor.com\/de\/wp-json\/wp\/v2\/media?parent=23298"}],"wp:term":[{"taxonomy":"product_cat","embeddable":true,"href":"https:\/\/harmoor.com\/de\/wp-json\/wp\/v2\/product_cat?post=23298"},{"taxonomy":"product_tag","embeddable":true,"href":"https:\/\/harmoor.com\/de\/wp-json\/wp\/v2\/product_tag?post=23298"}],"curies":[{"name":"wp","href":"https:\/\/api.w.org\/{rel}","templated":true}]}}