{"id":23291,"date":"2024-02-23T12:29:04","date_gmt":"2024-02-23T04:29:04","guid":{"rendered":"https:\/\/harmoor.com\/product\/narnia-3062a\/"},"modified":"2024-02-23T12:29:04","modified_gmt":"2024-02-23T04:29:04","slug":"narnia-3062a","status":"publish","type":"product","link":"https:\/\/harmoor.com\/de\/product\/narnia-3062a\/","title":{"rendered":"Narnia 3062a"},"content":{"rendered":"<div class=\"row\">\n<div class=\"col-xl-5 col-lg-5 col-md-6 col-sm-12 col-12\"><img fetchpriority=\"high\" decoding=\"async\" class=\"alignnone size-full wp-image-12104\" src=\"https:\/\/harmoor.com\/wp-content\/uploads\/2024\/02\/chair-narnia-3062a-1.webp\" alt=\"stuhl narnia 3062\" width=\"458\" height=\"315\"><\/div>\n<div class=\"col-xl-7 col-lg-7 col-md-6 col-sm-12 col-12\">\n<h2><span style=\"vertical-align: inherit;\"><span style=\"vertical-align: inherit;\">BRAND<\/span><\/span><\/h2>\n<p>Die reiche Firmengeschichte von Harmoor reicht bis ins Jahr 1998 zur\u00fcck und begann mit einer kleinen M\u00f6belfabrik. Wir er\u00f6ffneten 2018 unsere Fabrik in Vietnam und wurden zu einer der gr\u00f6\u00dften Kunststoffm\u00f6belfabriken in Vietnam. Derzeit ist Harmoor ein Hersteller und Lieferant von Tisch- und Stuhlm\u00f6beln mit vielen f\u00fchrenden Modellen in Vietnam und in der ganzen Welt.<\/p>\n<p><img decoding=\"async\" class=\"mt-4\" src=\"https:\/\/harmoor.com\/wp-content\/uploads\/2023\/07\/single-product.webp\" alt=\"produkt\" width=\"190\" height=\"30\"><\/div>\n<\/div>\n<div class=\"row\">\n<div class=\"col-xl-4 col-lg-4 col-md-4 col-sm-12 col-12 mb-4\">\n<h2><span style=\"vertical-align: inherit;\"><span style=\"vertical-align: inherit;\"><span style=\"vertical-align: inherit;\"><span style=\"vertical-align: inherit;\"><span style=\"vertical-align: inherit;\"><span style=\"vertical-align: inherit;\">PRODUKT INFORMATION<\/span><\/span><\/span><\/span><\/span><\/span><\/h2>\n<ul>\n<li>Produktname: Stuhl Narnia 3062A<\/li>\n<li>Material: Kunststoff + Eisen<\/li>\n<li>Design-Stil: Italia<\/li>\n<li>Herkunftsort: Vietnam<\/li>\n<\/ul>\n<\/div>\n<div class=\"col-xl-4 col-lg-4 col-md-4 col-sm-12 col-12 mb-4\">\n<h2><span style=\"vertical-align: inherit;\"><span style=\"vertical-align: inherit;\"><span style=\"vertical-align: inherit;\"><span style=\"vertical-align: inherit;\"><span style=\"vertical-align: inherit;\"><span style=\"vertical-align: inherit;\">GR\u00d6SSE<\/span><\/span><\/span><\/span><\/span><\/span><\/h2>\n<ul>\n<li>L\u00e4nge: 54,8 cm<\/li>\n<li>Breite: 51,4 cm<\/li>\n<li>H\u00f6he: 79,5cm<\/li>\n<li>4pcs\/ctn<\/li>\n<\/ul>\n<\/div>\n<div class=\"col-xl-4 col-lg-4 col-md-4 col-sm-12 col-12 mb-4\">\n<h2><span style=\"vertical-align: inherit;\"><span style=\"vertical-align: inherit;\"><span style=\"vertical-align: inherit;\"><span style=\"vertical-align: inherit;\"><span style=\"vertical-align: inherit;\"><span style=\"vertical-align: inherit;\">BENUTZBARER RAUM<\/span><\/span><\/span><\/span><\/span><\/span><\/h2>\n<ul>\n<li>Kaffee haus<\/li>\n<li>B\u00fcro<\/li>\n<li>Speisesaal<\/li>\n<li>Wohnzimmer&#8230;.<\/li>\n<\/ul>\n<\/div>\n<\/div>\n","protected":false},"excerpt":{"rendered":"<p>Der Stuhl Narnia 3062A ist ein Symbol f\u00fcr Luxus und Komfort, mit einer robusten Struktur aus hochwertigem Kunststoff und einem gepolsterten Sitz f\u00fcr ein bequemes und sanftes Sitzerlebnis. Flexibel einsetzbar von drinnen bis drau\u00dfen, ist der Stuhl nicht nur eine perfekte Kombination aus Qualit\u00e4t und Design, sondern auch ein tolles Highlight f\u00fcr luxuri\u00f6se R\u00e4ume. Vielseitigkeit und Langlebigkeit machen den Narnia Chair 3062A zur perfekten Wahl f\u00fcr alle, die Wert und Stil in jeder Umgebung sch\u00e4tzen.<\/p>\n","protected":false},"featured_media":23060,"comment_status":"open","ping_status":"closed","template":"","meta":[],"product_cat":[2090],"product_tag":[1639,1241,1485,1486],"class_list":{"0":"post-23291","1":"product","2":"type-product","3":"status-publish","4":"has-post-thumbnail","6":"product_brand-narnia-de","7":"product_cat-narnia-de","8":"product_tag-esszimmerstuhl-de","9":"product_tag-kaffee-stuhl","10":"product_tag-office-chair-de","11":"product_tag-wohnzimmersessel","14":"first","15":"instock","16":"shipping-taxable","17":"product-type-simple"},"_links":{"self":[{"href":"https:\/\/harmoor.com\/de\/wp-json\/wp\/v2\/product\/23291","targetHints":{"allow":["GET"]}}],"collection":[{"href":"https:\/\/harmoor.com\/de\/wp-json\/wp\/v2\/product"}],"about":[{"href":"https:\/\/harmoor.com\/de\/wp-json\/wp\/v2\/types\/product"}],"replies":[{"embeddable":true,"href":"https:\/\/harmoor.com\/de\/wp-json\/wp\/v2\/comments?post=23291"}],"version-history":[{"count":0,"href":"https:\/\/harmoor.com\/de\/wp-json\/wp\/v2\/product\/23291\/revisions"}],"wp:featuredmedia":[{"embeddable":true,"href":"https:\/\/harmoor.com\/de\/wp-json\/wp\/v2\/media\/23060"}],"wp:attachment":[{"href":"https:\/\/harmoor.com\/de\/wp-json\/wp\/v2\/media?parent=23291"}],"wp:term":[{"taxonomy":"product_cat","embeddable":true,"href":"https:\/\/harmoor.com\/de\/wp-json\/wp\/v2\/product_cat?post=23291"},{"taxonomy":"product_tag","embeddable":true,"href":"https:\/\/harmoor.com\/de\/wp-json\/wp\/v2\/product_tag?post=23291"}],"curies":[{"name":"wp","href":"https:\/\/api.w.org\/{rel}","templated":true}]}}