{"id":23278,"date":"2024-03-01T11:35:58","date_gmt":"2024-03-01T03:35:58","guid":{"rendered":"https:\/\/harmoor.com\/product\/gaia-01\/"},"modified":"2024-03-01T11:35:58","modified_gmt":"2024-03-01T03:35:58","slug":"gaia-01","status":"publish","type":"product","link":"https:\/\/harmoor.com\/de\/product\/gaia-01\/","title":{"rendered":"Gaia 01"},"content":{"rendered":"<div class=\"row\">\n<div class=\"col-xl-5 col-lg-5 col-md-6 col-sm-12 col-12\"><img fetchpriority=\"high\" decoding=\"async\" class=\"alignnone size-full wp-image-12104\" src=\"https:\/\/harmoor.com\/wp-content\/uploads\/2024\/03\/chair-gaia-01-3.webp\" alt=\"stuhl gaia 41\" width=\"458\" height=\"315\"><\/div>\n<div class=\"col-xl-7 col-lg-7 col-md-6 col-sm-12 col-12\">\n<h2><span style=\"vertical-align: inherit;\"><span style=\"vertical-align: inherit;\">BRAND<\/span><\/span><\/h2>\n<p>Die reiche Firmengeschichte von Harmoor reicht bis ins Jahr 1998 zur\u00fcck und begann mit einer kleinen M\u00f6belfabrik. Wir er\u00f6ffneten 2018 unsere Fabrik in Vietnam und wurden zu einer der gr\u00f6\u00dften Kunststoffm\u00f6belfabriken in Vietnam. Derzeit ist Harmoor ein Hersteller und Lieferant von Tisch- und Stuhlm\u00f6beln mit vielen f\u00fchrenden Modellen in Vietnam und in der ganzen Welt.<\/p>\n<p><img decoding=\"async\" class=\"mt-4\" src=\"https:\/\/harmoor.com\/wp-content\/uploads\/2023\/07\/single-product.webp\" alt=\"produkt\" width=\"190\" height=\"30\"><\/div>\n<\/div>\n<div class=\"row\">\n<div class=\"col-xl-4 col-lg-4 col-md-4 col-sm-12 col-12 mb-4\">\n<h2><span style=\"vertical-align: inherit;\"><span style=\"vertical-align: inherit;\">PRODUKT INFORMATION<\/span><\/span><\/h2>\n<ul>\n<li>Produktname: Stuhl Gaia 01<\/li>\n<li>Sitz und R\u00fcckenlehne: Kunststoff<br \/>\nRahmen: Kunststoff<\/li>\n<li>Design-Stil: Italien<\/li>\n<\/ul>\n<\/div>\n<div class=\"col-xl-4 col-lg-4 col-md-4 col-sm-12 col-12 mb-4\">\n<h2><span style=\"vertical-align: inherit;\"><span style=\"vertical-align: inherit;\">GR\u00d6SSE<\/span><\/span><\/h2>\n<ul>\n<li>H\u00f6he: 81cm<\/li>\n<li>Breite: 43cm<\/li>\n<li>Tiefe: 43cm<\/li>\n<li>Sitzh\u00f6he: 44,5cm<\/li>\n<li>4pcs\/ctn<\/li>\n<\/ul>\n<\/div>\n<div class=\"col-xl-4 col-lg-4 col-md-4 col-sm-12 col-12 mb-4\">\n<h2><span style=\"vertical-align: inherit;\"><span style=\"vertical-align: inherit;\">BENUTZBARER RAUM<\/span><\/span><\/h2>\n<ul>\n<li>Kaffee haus<\/li>\n<li>Restaurant<\/li>\n<li>Speisesaal<\/li>\n<li>&#8230;.<\/li>\n<\/ul>\n<\/div>\n<\/div>\n","protected":false},"excerpt":{"rendered":"<p>Der Stuhl Gaia 01 ist ein modernes Meisterwerk, das Komfort und h\u00f6chste Qualit\u00e4t nahtlos miteinander verbindet. Mit seiner einzigartig gestalteten Sitzfl\u00e4che und R\u00fcckenlehne bietet der Stuhl Gaia 01 nicht nur ein bequemes Sitzerlebnis, sondern ist auch ein bemerkenswerter Blickfang f\u00fcr jeden Raum. Die Beine sind aus hochwertigem Kunststoff gefertigt und garantieren Langlebigkeit und Stabilit\u00e4t. Der Stuhl Gaia 01 ist ideal f\u00fcr Caf\u00e9s, Restaurants oder Esszimmer und schafft eine warme und luxuri\u00f6se Atmosph\u00e4re. Er ist die perfekte Wahl, um sowohl Komfort als auch Stil zu genie\u00dfen und \u00fcberall, wo er auftaucht, ein Statement abzugeben.<\/p>\n","protected":false},"featured_media":23155,"comment_status":"open","ping_status":"closed","template":"","meta":[],"product_cat":[1647],"product_tag":[1639,1241,1255],"class_list":{"0":"post-23278","1":"product","2":"type-product","3":"status-publish","4":"has-post-thumbnail","6":"product_brand-gaia-de","7":"product_cat-gaia-de","8":"product_tag-esszimmerstuhl-de","9":"product_tag-kaffee-stuhl","10":"product_tag-restaurant-stuhl","13":"first","14":"instock","15":"shipping-taxable","16":"product-type-simple"},"_links":{"self":[{"href":"https:\/\/harmoor.com\/de\/wp-json\/wp\/v2\/product\/23278","targetHints":{"allow":["GET"]}}],"collection":[{"href":"https:\/\/harmoor.com\/de\/wp-json\/wp\/v2\/product"}],"about":[{"href":"https:\/\/harmoor.com\/de\/wp-json\/wp\/v2\/types\/product"}],"replies":[{"embeddable":true,"href":"https:\/\/harmoor.com\/de\/wp-json\/wp\/v2\/comments?post=23278"}],"version-history":[{"count":0,"href":"https:\/\/harmoor.com\/de\/wp-json\/wp\/v2\/product\/23278\/revisions"}],"wp:featuredmedia":[{"embeddable":true,"href":"https:\/\/harmoor.com\/de\/wp-json\/wp\/v2\/media\/23155"}],"wp:attachment":[{"href":"https:\/\/harmoor.com\/de\/wp-json\/wp\/v2\/media?parent=23278"}],"wp:term":[{"taxonomy":"product_cat","embeddable":true,"href":"https:\/\/harmoor.com\/de\/wp-json\/wp\/v2\/product_cat?post=23278"},{"taxonomy":"product_tag","embeddable":true,"href":"https:\/\/harmoor.com\/de\/wp-json\/wp\/v2\/product_tag?post=23278"}],"curies":[{"name":"wp","href":"https:\/\/api.w.org\/{rel}","templated":true}]}}