{"id":23251,"date":"2024-02-23T10:55:07","date_gmt":"2024-02-23T02:55:07","guid":{"rendered":"https:\/\/harmoor.com\/product\/zigo-3058a\/"},"modified":"2024-03-30T12:21:09","modified_gmt":"2024-03-30T04:21:09","slug":"zigo-3058a","status":"publish","type":"product","link":"https:\/\/harmoor.com\/de\/product\/zigo-3058a\/","title":{"rendered":"Zigo 3058a"},"content":{"rendered":"<div class=\"row\">\n<div class=\"col-xl-5 col-lg-5 col-md-6 col-sm-12 col-12\"><img fetchpriority=\"high\" decoding=\"async\" class=\"alignnone size-full wp-image-12104\" src=\"https:\/\/harmoor.com\/wp-content\/uploads\/2024\/02\/table-zigo-3058a-2.webp\" alt=\"Tisch zigo 3058a (1)\" width=\"458\" height=\"315\"><\/div>\n<div class=\"col-xl-7 col-lg-7 col-md-6 col-sm-12 col-12\">\n<h2><span style=\"vertical-align: inherit;\"><span style=\"vertical-align: inherit;\">BRAND<\/span><\/span><\/h2>\n<p>Die reiche Firmengeschichte von Harmoor reicht bis ins Jahr 1998 zur\u00fcck und begann mit einer kleinen M\u00f6belfabrik. Wir er\u00f6ffneten 2018 unsere Fabrik in Vietnam und wurden zu einer der gr\u00f6\u00dften Kunststoffm\u00f6belfabriken in Vietnam. Derzeit ist Harmoor ein Hersteller und Lieferant von Tisch- und Stuhlm\u00f6beln mit vielen f\u00fchrenden Modellen in Vietnam und in der ganzen Welt.<\/p>\n<p><img decoding=\"async\" class=\"mt-4\" src=\"https:\/\/harmoor.com\/wp-content\/uploads\/2023\/07\/single-product.webp\" alt=\"produkt\" width=\"190\" height=\"30\"><\/div>\n<\/div>\n<div class=\"row\">\n<div class=\"col-xl-4 col-lg-4 col-md-4 col-sm-12 col-12 mb-4\">\n<h2><span style=\"vertical-align: inherit;\"><span style=\"vertical-align: inherit;\"><span style=\"vertical-align: inherit;\"><span style=\"vertical-align: inherit;\"><span style=\"vertical-align: inherit;\"><span style=\"vertical-align: inherit;\">PRODUKT INFORMATION<\/span><\/span><\/span><\/span><\/span><\/span><\/h2>\n<ul>\n<li>Produktname: Tisch Zigo 3058A<\/li>\n<li>Material: Kunststoff + Eisen<\/li>\n<li>Design-Stil: Italia<\/li>\n<li>Herkunftsort: Vietnam<\/li>\n<\/ul>\n<\/div>\n<div class=\"col-xl-4 col-lg-4 col-md-4 col-sm-12 col-12 mb-4\">\n<h2><span style=\"vertical-align: inherit;\"><span style=\"vertical-align: inherit;\"><span style=\"vertical-align: inherit;\"><span style=\"vertical-align: inherit;\"><span style=\"vertical-align: inherit;\"><span style=\"vertical-align: inherit;\">GR\u00d6SSE<\/span><\/span><\/span><\/span><\/span><\/span><\/h2>\n<ul>\n<li>Kleiner Gesichtsradius: 30cm<\/li>\n<li>Gro\u00dfer Gesichtsradius: 40cm<\/li>\n<\/ul>\n<\/div>\n<div class=\"col-xl-4 col-lg-4 col-md-4 col-sm-12 col-12 mb-4\">\n<h2><span style=\"vertical-align: inherit;\"><span style=\"vertical-align: inherit;\"><span style=\"vertical-align: inherit;\"><span style=\"vertical-align: inherit;\"><span style=\"vertical-align: inherit;\"><span style=\"vertical-align: inherit;\">BENUTZBARER RAUM<\/span><\/span><\/span><\/span><\/span><\/span><\/h2>\n<ul>\n<li>B\u00fcro<\/li>\n<li>Wohnbereich<\/li>\n<li>Kaffeehaus&#8230;.<\/li>\n<\/ul>\n<\/div>\n<\/div>\n","protected":false},"excerpt":{"rendered":"<p>Der Tisch Zigo 3058A ist ein Meisterwerk der Raffinesse und des Nutzens. Er wurde sorgf\u00e4ltig gefertigt, um als dekorativer Mittelpunkt in Wohnzimmern, B\u00fcros oder Caf\u00e9s zu dienen. Mit seinen hochwertigen Materialien und raffinierten Linien verleiht der Tisch jedem Raum eine luxuri\u00f6se und moderne Ausstrahlung. Die kratzfeste Oberfl\u00e4che garantiert dauerhafte Sch\u00f6nheit und Haltbarkeit. Durch das vielseitige Design und die neutralen Farben l\u00e4sst er sich leicht in verschiedene Stilrichtungen integrieren. Der Tisch Zigo 3058A ist nicht nur ein M\u00f6belst\u00fcck, sondern auch ein Symbol f\u00fcr Eleganz und Innovation, das eine perfekte Mischung aus Form und Funktion f\u00fcr zeitgen\u00f6ssische Innenr\u00e4ume verk\u00f6rpert.<\/p>\n","protected":false},"featured_media":22943,"comment_status":"open","ping_status":"closed","template":"","meta":[],"product_cat":[2072],"product_tag":[2073,1674,1673,2074],"class_list":{"0":"post-23251","1":"product","2":"type-product","3":"status-publish","4":"has-post-thumbnail","6":"product_brand-zigo-de","7":"product_cat-zigo-de","8":"product_tag-buro-tische","9":"product_tag-couchtisch","10":"product_tag-tische","11":"product_tag-wohnzimmer-tische","14":"first","15":"instock","16":"shipping-taxable","17":"product-type-simple"},"_links":{"self":[{"href":"https:\/\/harmoor.com\/de\/wp-json\/wp\/v2\/product\/23251","targetHints":{"allow":["GET"]}}],"collection":[{"href":"https:\/\/harmoor.com\/de\/wp-json\/wp\/v2\/product"}],"about":[{"href":"https:\/\/harmoor.com\/de\/wp-json\/wp\/v2\/types\/product"}],"replies":[{"embeddable":true,"href":"https:\/\/harmoor.com\/de\/wp-json\/wp\/v2\/comments?post=23251"}],"version-history":[{"count":1,"href":"https:\/\/harmoor.com\/de\/wp-json\/wp\/v2\/product\/23251\/revisions"}],"predecessor-version":[{"id":23494,"href":"https:\/\/harmoor.com\/de\/wp-json\/wp\/v2\/product\/23251\/revisions\/23494"}],"wp:featuredmedia":[{"embeddable":true,"href":"https:\/\/harmoor.com\/de\/wp-json\/wp\/v2\/media\/22943"}],"wp:attachment":[{"href":"https:\/\/harmoor.com\/de\/wp-json\/wp\/v2\/media?parent=23251"}],"wp:term":[{"taxonomy":"product_cat","embeddable":true,"href":"https:\/\/harmoor.com\/de\/wp-json\/wp\/v2\/product_cat?post=23251"},{"taxonomy":"product_tag","embeddable":true,"href":"https:\/\/harmoor.com\/de\/wp-json\/wp\/v2\/product_tag?post=23251"}],"curies":[{"name":"wp","href":"https:\/\/api.w.org\/{rel}","templated":true}]}}