{"id":23238,"date":"2024-02-22T16:41:16","date_gmt":"2024-02-22T08:41:16","guid":{"rendered":"https:\/\/harmoor.com\/product\/tabelle-3024\/"},"modified":"2024-03-30T10:45:38","modified_gmt":"2024-03-30T02:45:38","slug":"tabelle-3024","status":"publish","type":"product","link":"https:\/\/harmoor.com\/de\/product\/tabelle-3024\/","title":{"rendered":"Tabelle 3024"},"content":{"rendered":"<div class=\"row\">\n<div class=\"col-xl-5 col-lg-5 col-md-6 col-sm-12 col-12\"><img fetchpriority=\"high\" decoding=\"async\" class=\"alignnone size-full wp-image-12104\" src=\"https:\/\/harmoor.com\/wp-content\/uploads\/2024\/02\/table-3024-6.webp\" alt=\"stuhl amelie 11\" width=\"458\" height=\"315\"><\/div>\n<div class=\"col-xl-7 col-lg-7 col-md-6 col-sm-12 col-12\">\n<h2><span style=\"vertical-align: inherit;\"><span style=\"vertical-align: inherit;\">BRAND<\/span><\/span><\/h2>\n<p>Die reiche Firmengeschichte von Harmoor reicht bis ins Jahr 1998 zur\u00fcck und begann mit einer kleinen M\u00f6belfabrik. Wir er\u00f6ffneten 2018 unsere Fabrik in Vietnam und wurden zu einer der gr\u00f6\u00dften Kunststoffm\u00f6belfabriken in Vietnam. Derzeit ist Harmoor ein Hersteller und Lieferant von Tisch- und Stuhlm\u00f6beln mit vielen f\u00fchrenden Modellen in Vietnam und in der ganzen Welt.<\/p>\n<p><img decoding=\"async\" class=\"mt-4\" src=\"https:\/\/harmoor.com\/wp-content\/uploads\/2023\/07\/single-product.webp\" alt=\"produkt\" width=\"190\" height=\"30\"><\/div>\n<\/div>\n<div class=\"row\">\n<div class=\"col-xl-4 col-lg-4 col-md-4 col-sm-12 col-12 mb-4\">\n<h2><span style=\"vertical-align: inherit;\"><span style=\"vertical-align: inherit;\"><span style=\"vertical-align: inherit;\"><span style=\"vertical-align: inherit;\"><span style=\"vertical-align: inherit;\"><span style=\"vertical-align: inherit;\">PRODUKT INFORMATION<\/span><\/span><\/span><\/span><\/span><\/span><\/h2>\n<ul>\n<li>Produktname: Tisch 3024<\/li>\n<li>Material: Kunststoff<\/li>\n<li>Design-Stil: Italia<\/li>\n<li>Herkunftsort: Vietnam<\/li>\n<\/ul>\n<\/div>\n<div class=\"col-xl-4 col-lg-4 col-md-4 col-sm-12 col-12 mb-4\">\n<h2><span style=\"vertical-align: inherit;\"><span style=\"vertical-align: inherit;\"><span style=\"vertical-align: inherit;\"><span style=\"vertical-align: inherit;\"><span style=\"vertical-align: inherit;\"><span style=\"vertical-align: inherit;\">GR\u00d6SSE<\/span><\/span><\/span><\/span><\/span><\/span><\/h2>\n<ul>\n<li>Durchmesser der Tischplatte: 65 cm<\/li>\n<li>Gesamth\u00f6he: 71 cm<\/li>\n<\/ul>\n<\/div>\n<div class=\"col-xl-4 col-lg-4 col-md-4 col-sm-12 col-12 mb-4\">\n<h2><span style=\"vertical-align: inherit;\"><span style=\"vertical-align: inherit;\"><span style=\"vertical-align: inherit;\"><span style=\"vertical-align: inherit;\"><span style=\"vertical-align: inherit;\"><span style=\"vertical-align: inherit;\">BENUTZBARER RAUM<\/span><\/span><\/span><\/span><\/span><\/span><\/h2>\n<ul>\n<li>Kaffee haus<\/li>\n<li>Restaurant<\/li>\n<li>Speisesaal<\/li>\n<li>Wohnzimmer&#8230;.<\/li>\n<\/ul>\n<\/div>\n<\/div>\n","protected":false},"excerpt":{"rendered":"<p>Der runde Tisch ist mit einer anderen Beinform gestaltet, die Pers\u00f6nlichkeit verleiht und ein Highlight f\u00fcr den genutzten Raum schafft. Der Tisch 3024 besteht aus hochwertigem PP-Kunststoff, ist modern und kompakt und eignet sich sowohl f\u00fcr Innen- als auch f\u00fcr Au\u00dfenbereiche. Der Tisch 3024 scheint Liebe und Schutz zu vermitteln, wenn er mit warmen Farben und einem antiken, nostalgischen Aussehen gestaltet ist.<\/p>\n","protected":false},"featured_media":22825,"comment_status":"open","ping_status":"closed","template":"","meta":[],"product_cat":[2060],"product_tag":[1674,1675,2033,1673,2034],"class_list":{"0":"post-23238","1":"product","2":"type-product","3":"status-publish","4":"has-post-thumbnail","6":"product_brand-table-de","7":"product_cat-tabelle","8":"product_tag-couchtisch","9":"product_tag-esstische","10":"product_tag-restaurant-tische","11":"product_tag-tische","12":"product_tag-tische-fur-drausen","15":"first","16":"instock","17":"shipping-taxable","18":"product-type-simple"},"_links":{"self":[{"href":"https:\/\/harmoor.com\/de\/wp-json\/wp\/v2\/product\/23238","targetHints":{"allow":["GET"]}}],"collection":[{"href":"https:\/\/harmoor.com\/de\/wp-json\/wp\/v2\/product"}],"about":[{"href":"https:\/\/harmoor.com\/de\/wp-json\/wp\/v2\/types\/product"}],"replies":[{"embeddable":true,"href":"https:\/\/harmoor.com\/de\/wp-json\/wp\/v2\/comments?post=23238"}],"version-history":[{"count":1,"href":"https:\/\/harmoor.com\/de\/wp-json\/wp\/v2\/product\/23238\/revisions"}],"predecessor-version":[{"id":23441,"href":"https:\/\/harmoor.com\/de\/wp-json\/wp\/v2\/product\/23238\/revisions\/23441"}],"wp:featuredmedia":[{"embeddable":true,"href":"https:\/\/harmoor.com\/de\/wp-json\/wp\/v2\/media\/22825"}],"wp:attachment":[{"href":"https:\/\/harmoor.com\/de\/wp-json\/wp\/v2\/media?parent=23238"}],"wp:term":[{"taxonomy":"product_cat","embeddable":true,"href":"https:\/\/harmoor.com\/de\/wp-json\/wp\/v2\/product_cat?post=23238"},{"taxonomy":"product_tag","embeddable":true,"href":"https:\/\/harmoor.com\/de\/wp-json\/wp\/v2\/product_tag?post=23238"}],"curies":[{"name":"wp","href":"https:\/\/api.w.org\/{rel}","templated":true}]}}