{"id":23232,"date":"2024-02-22T14:31:11","date_gmt":"2024-02-22T06:31:11","guid":{"rendered":"https:\/\/harmoor.com\/product\/rombi-3003c\/"},"modified":"2024-02-22T14:31:11","modified_gmt":"2024-02-22T06:31:11","slug":"rombi-3003c","status":"publish","type":"product","link":"https:\/\/harmoor.com\/de\/product\/rombi-3003c\/","title":{"rendered":"Rombi 3003c"},"content":{"rendered":"<div class=\"row\">\n<div class=\"col-xl-5 col-lg-5 col-md-6 col-sm-12 col-12\"><img fetchpriority=\"high\" decoding=\"async\" class=\"alignnone size-full wp-image-12104\" src=\"https:\/\/harmoor.com\/wp-content\/uploads\/2024\/02\/chair-rombi-3003c-2.webp\" alt=\"stuhl amelie 11\" width=\"458\" height=\"315\"><\/div>\n<div class=\"col-xl-7 col-lg-7 col-md-6 col-sm-12 col-12\">\n<h2><span style=\"vertical-align: inherit;\"><span style=\"vertical-align: inherit;\">BRAND<\/span><\/span><\/h2>\n<p>Die reiche Firmengeschichte von Harmoor reicht bis ins Jahr 1998 zur\u00fcck und begann mit einer kleinen M\u00f6belfabrik. Wir er\u00f6ffneten 2018 unsere Fabrik in Vietnam und wurden zu einer der gr\u00f6\u00dften Kunststoffm\u00f6belfabriken in Vietnam. Derzeit ist Harmoor ein Hersteller und Lieferant von Tisch- und Stuhlm\u00f6beln mit vielen f\u00fchrenden Modellen in Vietnam und in der ganzen Welt.<\/p>\n<p><img decoding=\"async\" class=\"mt-4\" src=\"https:\/\/harmoor.com\/wp-content\/uploads\/2023\/07\/single-product.webp\" alt=\"produkt\" width=\"190\" height=\"30\"><\/div>\n<\/div>\n<div class=\"row\">\n<div class=\"col-xl-4 col-lg-4 col-md-4 col-sm-12 col-12 mb-4\">\n<h2><span style=\"vertical-align: inherit;\"><span style=\"vertical-align: inherit;\"><span style=\"vertical-align: inherit;\"><span style=\"vertical-align: inherit;\"><span style=\"vertical-align: inherit;\"><span style=\"vertical-align: inherit;\">PRODUKT INFORMATION<\/span><\/span><\/span><\/span><\/span><\/span><\/h2>\n<ul>\n<li>Produktname: Stuhl Rombi 3003C<\/li>\n<li>Material: Kunststoff + Holz + Eisen<\/li>\n<li>Design-Stil: Italia<\/li>\n<li>Herkunftsort: Vietnam<\/li>\n<\/ul>\n<\/div>\n<div class=\"col-xl-4 col-lg-4 col-md-4 col-sm-12 col-12 mb-4\">\n<h2><span style=\"vertical-align: inherit;\"><span style=\"vertical-align: inherit;\"><span style=\"vertical-align: inherit;\"><span style=\"vertical-align: inherit;\"><span style=\"vertical-align: inherit;\"><span style=\"vertical-align: inherit;\">GR\u00d6SSE<\/span><\/span><\/span><\/span><\/span><\/span><\/h2>\n<ul>\n<li>H\u00f6he: 45 cm<\/li>\n<li>Breite: 43 cm<\/li>\n<li>Tiefe: 86 cm<\/li>\n<li>Sitzh\u00f6he: 48 cm<\/li>\n<\/ul>\n<\/div>\n<div class=\"col-xl-4 col-lg-4 col-md-4 col-sm-12 col-12 mb-4\">\n<h2><span style=\"vertical-align: inherit;\"><span style=\"vertical-align: inherit;\"><span style=\"vertical-align: inherit;\"><span style=\"vertical-align: inherit;\"><span style=\"vertical-align: inherit;\"><span style=\"vertical-align: inherit;\">BENUTZBARER RAUM<\/span><\/span><\/span><\/span><\/span><\/span><\/h2>\n<ul>\n<li>Kaffee haus<\/li>\n<li>Restaurant<\/li>\n<li>Speisesaal<\/li>\n<li>Wohnzimmer&#8230;.<\/li>\n<\/ul>\n<\/div>\n<\/div>\n","protected":false},"excerpt":{"rendered":"<p>Der Stuhl Rombi 3003C ist ein formsch\u00f6nes Stuhlmodell mit einer Kombination aus PP-Kunststoffoberfl\u00e4che. Dieses Stuhlmodell eignet sich sehr gut als Stuhl f\u00fcr einen Esstisch, ein Restaurant oder ein Caf\u00e9. Die Oberfl\u00e4che des Stuhls ist aus monolithischem PP-Kunststoff gefertigt. Deshalb entscheiden sich viele Kunden heute vorrangig f\u00fcr Produkte aus diesem Material.<\/p>\n","protected":false},"featured_media":22761,"comment_status":"open","ping_status":"closed","template":"","meta":[],"product_cat":[2050],"product_tag":[1639,1241,1255,1486],"class_list":{"0":"post-23232","1":"product","2":"type-product","3":"status-publish","4":"has-post-thumbnail","6":"product_brand-rombi-de","7":"product_cat-rombi-de","8":"product_tag-esszimmerstuhl-de","9":"product_tag-kaffee-stuhl","10":"product_tag-restaurant-stuhl","11":"product_tag-wohnzimmersessel","14":"first","15":"instock","16":"shipping-taxable","17":"product-type-simple"},"_links":{"self":[{"href":"https:\/\/harmoor.com\/de\/wp-json\/wp\/v2\/product\/23232","targetHints":{"allow":["GET"]}}],"collection":[{"href":"https:\/\/harmoor.com\/de\/wp-json\/wp\/v2\/product"}],"about":[{"href":"https:\/\/harmoor.com\/de\/wp-json\/wp\/v2\/types\/product"}],"replies":[{"embeddable":true,"href":"https:\/\/harmoor.com\/de\/wp-json\/wp\/v2\/comments?post=23232"}],"version-history":[{"count":0,"href":"https:\/\/harmoor.com\/de\/wp-json\/wp\/v2\/product\/23232\/revisions"}],"wp:featuredmedia":[{"embeddable":true,"href":"https:\/\/harmoor.com\/de\/wp-json\/wp\/v2\/media\/22761"}],"wp:attachment":[{"href":"https:\/\/harmoor.com\/de\/wp-json\/wp\/v2\/media?parent=23232"}],"wp:term":[{"taxonomy":"product_cat","embeddable":true,"href":"https:\/\/harmoor.com\/de\/wp-json\/wp\/v2\/product_cat?post=23232"},{"taxonomy":"product_tag","embeddable":true,"href":"https:\/\/harmoor.com\/de\/wp-json\/wp\/v2\/product_tag?post=23232"}],"curies":[{"name":"wp","href":"https:\/\/api.w.org\/{rel}","templated":true}]}}