{"id":23217,"date":"2024-02-22T11:56:10","date_gmt":"2024-02-22T03:56:10","guid":{"rendered":"https:\/\/harmoor.com\/product\/amelie-23\/"},"modified":"2024-02-22T11:56:10","modified_gmt":"2024-02-22T03:56:10","slug":"amelie-23","status":"publish","type":"product","link":"https:\/\/harmoor.com\/de\/product\/amelie-23\/","title":{"rendered":"Amelie 23"},"content":{"rendered":"<div class=\"row\">\n<div class=\"col-xl-5 col-lg-5 col-md-6 col-sm-12 col-12\"><img fetchpriority=\"high\" decoding=\"async\" class=\"alignnone size-full wp-image-12104\" src=\"https:\/\/harmoor.com\/wp-content\/uploads\/2024\/02\/chair-amelie-23-3.webp\" alt=\"stuhl amelie 11\" width=\"458\" height=\"315\"><\/div>\n<div class=\"col-xl-7 col-lg-7 col-md-6 col-sm-12 col-12\">\n<h2><span style=\"vertical-align: inherit;\"><span style=\"vertical-align: inherit;\">BRAND<\/span><\/span><\/h2>\n<p>Die reiche Firmengeschichte von Harmoor reicht bis ins Jahr 1998 zur\u00fcck und begann mit einer kleinen M\u00f6belfabrik. Wir er\u00f6ffneten 2018 unsere Fabrik in Vietnam und wurden zu einer der gr\u00f6\u00dften Kunststoffm\u00f6belfabriken in Vietnam. Derzeit ist Harmoor ein Hersteller und Lieferant von Tisch- und Stuhlm\u00f6beln mit vielen f\u00fchrenden Modellen in Vietnam und in der ganzen Welt.<\/p>\n<p><img decoding=\"async\" class=\"mt-4\" src=\"https:\/\/harmoor.com\/wp-content\/uploads\/2023\/07\/single-product.webp\" alt=\"produkt\" width=\"190\" height=\"30\"><\/div>\n<\/div>\n<div class=\"row\">\n<div class=\"col-xl-4 col-lg-4 col-md-4 col-sm-12 col-12 mb-4\">\n<h2><span style=\"vertical-align: inherit;\"><span style=\"vertical-align: inherit;\"><span style=\"vertical-align: inherit;\"><span style=\"vertical-align: inherit;\"><span style=\"vertical-align: inherit;\"><span style=\"vertical-align: inherit;\">PRODUKT INFORMATION<\/span><\/span><\/span><\/span><\/span><\/span><\/h2>\n<ul>\n<li>Produktname: Stuhl Amelie 23<\/li>\n<li>Material: Stahlrahmen + PP-Kunststoff + Polsterm\u00f6bel<\/li>\n<li>Design-Stil: Italia<\/li>\n<li>Herkunftsort: Vietnam<\/li>\n<\/ul>\n<\/div>\n<div class=\"col-xl-4 col-lg-4 col-md-4 col-sm-12 col-12 mb-4\">\n<h2><span style=\"vertical-align: inherit;\"><span style=\"vertical-align: inherit;\"><span style=\"vertical-align: inherit;\"><span style=\"vertical-align: inherit;\"><span style=\"vertical-align: inherit;\"><span style=\"vertical-align: inherit;\">GR\u00d6SSE<\/span><\/span><\/span><\/span><\/span><\/span><\/h2>\n<ul>\n<li>H\u00f6he: 83cm<\/li>\n<li>Breite: 43cm<\/li>\n<li>Tiefe: 53cm<\/li>\n<\/ul>\n<\/div>\n<div class=\"col-xl-4 col-lg-4 col-md-4 col-sm-12 col-12 mb-4\">\n<h2><span style=\"vertical-align: inherit;\"><span style=\"vertical-align: inherit;\"><span style=\"vertical-align: inherit;\"><span style=\"vertical-align: inherit;\"><span style=\"vertical-align: inherit;\"><span style=\"vertical-align: inherit;\">BENUTZBARER RAUM<\/span><\/span><\/span><\/span><\/span><\/span><\/h2>\n<ul>\n<li>Kaffee haus<\/li>\n<li>Restaurant<\/li>\n<li>Speisesaal<\/li>\n<li>Wohnzimmer&#8230;.<\/li>\n<\/ul>\n<\/div>\n<\/div>\n","protected":false},"excerpt":{"rendered":"<p>Der Stuhl Amelie 23 ist der Inbegriff von Modernit\u00e4t und Komfort. Er zeichnet sich durch ein einzigartiges Design und eine elegante Polsterung aus. Mit seinen weichen Linien und dem strapazierf\u00e4higen Material ist Amelie 23 nicht nur ein Teil der modernen Einrichtung, sondern auch ein perfekter Mittelpunkt f\u00fcr Wohnr\u00e4ume. Die Kombination aus modernem Design und weicher Polsterung schafft ein komfortables und entspannendes Sitzerlebnis. Amelie 23 ist mehr als nur ein Stuhl, er ist ein k\u00fcnstlerisches Meisterwerk, das in jeder Hinsicht durch Raffinesse und Liebe zum Detail besticht.<\/p>\n","protected":false},"featured_media":22633,"comment_status":"open","ping_status":"closed","template":"","meta":[],"product_cat":[1638],"product_tag":[1484,1241,1255,1486],"class_list":{"0":"post-23217","1":"product","2":"type-product","3":"status-publish","4":"has-post-thumbnail","6":"product_brand-amelie-de","7":"product_cat-amelie-de","8":"product_tag-esszimmerstuhl","9":"product_tag-kaffee-stuhl","10":"product_tag-restaurant-stuhl","11":"product_tag-wohnzimmersessel","14":"first","15":"instock","16":"shipping-taxable","17":"product-type-simple"},"_links":{"self":[{"href":"https:\/\/harmoor.com\/de\/wp-json\/wp\/v2\/product\/23217","targetHints":{"allow":["GET"]}}],"collection":[{"href":"https:\/\/harmoor.com\/de\/wp-json\/wp\/v2\/product"}],"about":[{"href":"https:\/\/harmoor.com\/de\/wp-json\/wp\/v2\/types\/product"}],"replies":[{"embeddable":true,"href":"https:\/\/harmoor.com\/de\/wp-json\/wp\/v2\/comments?post=23217"}],"version-history":[{"count":0,"href":"https:\/\/harmoor.com\/de\/wp-json\/wp\/v2\/product\/23217\/revisions"}],"wp:featuredmedia":[{"embeddable":true,"href":"https:\/\/harmoor.com\/de\/wp-json\/wp\/v2\/media\/22633"}],"wp:attachment":[{"href":"https:\/\/harmoor.com\/de\/wp-json\/wp\/v2\/media?parent=23217"}],"wp:term":[{"taxonomy":"product_cat","embeddable":true,"href":"https:\/\/harmoor.com\/de\/wp-json\/wp\/v2\/product_cat?post=23217"},{"taxonomy":"product_tag","embeddable":true,"href":"https:\/\/harmoor.com\/de\/wp-json\/wp\/v2\/product_tag?post=23217"}],"curies":[{"name":"wp","href":"https:\/\/api.w.org\/{rel}","templated":true}]}}