{"id":23210,"date":"2024-02-22T11:14:30","date_gmt":"2024-02-22T03:14:30","guid":{"rendered":"https:\/\/harmoor.com\/product\/newport-3057\/"},"modified":"2024-02-22T11:14:30","modified_gmt":"2024-02-22T03:14:30","slug":"newport-3057","status":"publish","type":"product","link":"https:\/\/harmoor.com\/de\/product\/newport-3057\/","title":{"rendered":"Newport 3057"},"content":{"rendered":"<div class=\"row\">\n<div class=\"col-xl-5 col-lg-5 col-md-6 col-sm-12 col-12\"><img fetchpriority=\"high\" decoding=\"async\" class=\"alignnone size-full wp-image-12104\" src=\"https:\/\/harmoor.com\/wp-content\/uploads\/2024\/02\/newport-3057-2.webp\" alt=\"Tisch 21\" width=\"458\" height=\"315\"><\/div>\n<div class=\"col-xl-7 col-lg-7 col-md-6 col-sm-12 col-12\">\n<h2><span style=\"vertical-align: inherit;\"><span style=\"vertical-align: inherit;\">BRAND<\/span><\/span><\/h2>\n<p>Die reiche Firmengeschichte von Harmoor reicht bis ins Jahr 1998 zur\u00fcck und begann mit einer kleinen M\u00f6belfabrik. Wir er\u00f6ffneten 2018 unsere Fabrik in Vietnam und wurden zu einer der gr\u00f6\u00dften Kunststoffm\u00f6belfabriken in Vietnam. Derzeit ist Harmoor ein Hersteller und Lieferant von Tisch- und Stuhlm\u00f6beln mit vielen f\u00fchrenden Modellen in Vietnam und in der ganzen Welt.<\/p>\n<p><img decoding=\"async\" class=\"mt-4\" src=\"https:\/\/harmoor.com\/wp-content\/uploads\/2023\/07\/single-product.webp\" alt=\"produkt\" width=\"190\" height=\"30\"><\/div>\n<\/div>\n<div class=\"row\">\n<div class=\"col-xl-4 col-lg-4 col-md-4 col-sm-12 col-12 mb-4\">\n<h2><span style=\"vertical-align: inherit;\"><span style=\"vertical-align: inherit;\">PRODUKT INFORMATION<\/span><\/span><\/h2>\n<ul>\n<li>Produktname: Tisch Newport 3057<\/li>\n<li>Tischplatte: <\/li>\n<li>Einrichtung: <\/li>\n<li>Design-Stil: Italien<\/li>\n<li>Herkunftsort: Vietnam<\/li>\n<\/ul>\n<\/div>\n<div class=\"col-xl-4 col-lg-4 col-md-4 col-sm-12 col-12 mb-4\">\n<h2><span style=\"vertical-align: inherit;\"><span style=\"vertical-align: inherit;\">GR\u00d6SSE<\/span><\/span><\/h2>\n<p><strong>Option 1<\/strong><\/p>\n<ul>\n<li>H\u00f6he: 180 cm<\/li>\n<li>Breite: 80 cm<\/li>\n<\/ul>\n<p><strong>Option 2<\/strong><\/p>\n<ul>\n<li>H\u00f6he: 120 cm<\/li>\n<li>Breite: 80 cm<\/li>\n<\/ul>\n<\/div>\n<div class=\"col-xl-4 col-lg-4 col-md-4 col-sm-12 col-12 mb-4\">\n<h2><span style=\"vertical-align: inherit;\"><span style=\"vertical-align: inherit;\">BENUTZBARER RAUM<\/span><\/span><\/h2>\n<ul>\n<li>Restaurant<\/li>\n<li>Speisesaal<\/li>\n<li>Drau\u00dfen<\/li>\n<li>&#8230;.<\/li>\n<\/ul>\n<\/div>\n<\/div>\n","protected":false},"excerpt":{"rendered":"<p>Der Tisch Newport 3057 ist eine Ikone der Modernit\u00e4t und Vielseitigkeit. Sein einzigartiges Design eignet sich sowohl f\u00fcr Innen- als auch f\u00fcr Au\u00dfenbereiche. Mit seinen eleganten Linien und witterungsbest\u00e4ndigen Materialien ist der Tisch nicht nur ein Blickfang f\u00fcr den Au\u00dfenbereich, sondern auch eine perfekte Wahl f\u00fcr moderne Wohnr\u00e4ume. Das flexible Design des Newport 3057 entspricht \u00e4sthetischen Vorlieben und erf\u00fcllt gleichzeitig unterschiedliche Nutzungsanforderungen, so dass es f\u00fcr jeden eine komfortable und angenehme Erfahrung ist.<\/p>\n","protected":false},"featured_media":22606,"comment_status":"open","ping_status":"closed","template":"","meta":[],"product_cat":[2032],"product_tag":[1675,2033,2034],"class_list":{"0":"post-23210","1":"product","2":"type-product","3":"status-publish","4":"has-post-thumbnail","6":"product_brand-newport-de","7":"product_cat-newport-de","8":"product_tag-esstische","9":"product_tag-restaurant-tische","10":"product_tag-tische-fur-drausen","13":"first","14":"instock","15":"shipping-taxable","16":"product-type-simple"},"_links":{"self":[{"href":"https:\/\/harmoor.com\/de\/wp-json\/wp\/v2\/product\/23210","targetHints":{"allow":["GET"]}}],"collection":[{"href":"https:\/\/harmoor.com\/de\/wp-json\/wp\/v2\/product"}],"about":[{"href":"https:\/\/harmoor.com\/de\/wp-json\/wp\/v2\/types\/product"}],"replies":[{"embeddable":true,"href":"https:\/\/harmoor.com\/de\/wp-json\/wp\/v2\/comments?post=23210"}],"version-history":[{"count":0,"href":"https:\/\/harmoor.com\/de\/wp-json\/wp\/v2\/product\/23210\/revisions"}],"wp:featuredmedia":[{"embeddable":true,"href":"https:\/\/harmoor.com\/de\/wp-json\/wp\/v2\/media\/22606"}],"wp:attachment":[{"href":"https:\/\/harmoor.com\/de\/wp-json\/wp\/v2\/media?parent=23210"}],"wp:term":[{"taxonomy":"product_cat","embeddable":true,"href":"https:\/\/harmoor.com\/de\/wp-json\/wp\/v2\/product_cat?post=23210"},{"taxonomy":"product_tag","embeddable":true,"href":"https:\/\/harmoor.com\/de\/wp-json\/wp\/v2\/product_tag?post=23210"}],"curies":[{"name":"wp","href":"https:\/\/api.w.org\/{rel}","templated":true}]}}