{"id":23191,"date":"2024-02-21T12:56:11","date_gmt":"2024-02-21T04:56:11","guid":{"rendered":"https:\/\/harmoor.com\/product\/venus-3061\/"},"modified":"2024-02-21T12:56:11","modified_gmt":"2024-02-21T04:56:11","slug":"venus-3061","status":"publish","type":"product","link":"https:\/\/harmoor.com\/de\/product\/venus-3061\/","title":{"rendered":"Venus 3061"},"content":{"rendered":"<div class=\"row\">\n<div class=\"col-xl-5 col-lg-5 col-md-6 col-sm-12 col-12\"><img fetchpriority=\"high\" decoding=\"async\" class=\"alignnone size-full wp-image-12104\" src=\"https:\/\/harmoor.com\/wp-content\/uploads\/2024\/02\/chair-venus-3061-1.webp\" alt=\"stuhl gaia 53\" width=\"458\" height=\"315\"><\/div>\n<div class=\"col-xl-7 col-lg-7 col-md-6 col-sm-12 col-12\">\n<h2><span style=\"vertical-align: inherit;\"><span style=\"vertical-align: inherit;\">BRAND<\/span><\/span><\/h2>\n<p>Die reiche Firmengeschichte von Harmoor reicht bis ins Jahr 1998 zur\u00fcck und begann mit einer kleinen M\u00f6belfabrik. Wir er\u00f6ffneten 2018 unsere Fabrik in Vietnam und wurden zu einer der gr\u00f6\u00dften Kunststoffm\u00f6belfabriken in Vietnam. Derzeit ist Harmoor ein Hersteller und Lieferant von Tisch- und Stuhlm\u00f6beln mit vielen f\u00fchrenden Modellen in Vietnam und in der ganzen Welt.<\/p>\n<p><img decoding=\"async\" class=\"mt-4\" src=\"https:\/\/harmoor.com\/wp-content\/uploads\/2023\/07\/single-product.webp\" alt=\"produkt\" width=\"190\" height=\"30\"><\/div>\n<\/div>\n<div class=\"row\">\n<div class=\"col-xl-4 col-lg-4 col-md-4 col-sm-12 col-12 mb-4\">\n<h2><span style=\"vertical-align: inherit;\"><span style=\"vertical-align: inherit;\">PRODUKT INFORMATION<\/span><\/span><\/h2>\n<ul>\n<li>Produktname: Stuhl Venus 3061<\/li>\n<li>Sitz und R\u00fcckenlehne: PP<\/li>\n<li>Rahmen: PP<\/li>\n<li>Design-Stil: Italien<\/li>\n<li>Herkunftsort: Vietnam<\/li>\n<\/ul>\n<\/div>\n<div class=\"col-xl-4 col-lg-4 col-md-4 col-sm-12 col-12 mb-4\">\n<h2><span style=\"vertical-align: inherit;\"><span style=\"vertical-align: inherit;\">GR\u00d6SSE<\/span><\/span><\/h2>\n<ul>\n<li>L\u00e4nge: 58,6 cm<\/li>\n<li>Breite: 44,4 cm<\/li>\n<li>H\u00f6he: 81,2 cm<\/li>\n<li>Sitzh\u00f6he: 45cm<\/li>\n<li>Emballage : 4pcs\/ctn<\/li>\n<li>Gewicht: 4,24 kg<\/li>\n<\/ul>\n<\/div>\n<div class=\"col-xl-4 col-lg-4 col-md-4 col-sm-12 col-12 mb-4\">\n<h2><span style=\"vertical-align: inherit;\"><span style=\"vertical-align: inherit;\">BENUTZBARER RAUM<\/span><\/span><\/h2>\n<ul>\n<li>Kaffee haus<\/li>\n<li>Restaurant<\/li>\n<li>Speisesaal<\/li>\n<li>Wohnzimmer&#8230;.<\/li>\n<\/ul>\n<\/div>\n<\/div>\n","protected":false},"excerpt":{"rendered":"<p>Der Stuhl Venus 3061 definiert Eleganz und Komfort durch sein einzigartiges Design und seine Vollkunststoffkonstruktion neu. Dieser mit Pr\u00e4zision gefertigte Stuhl besticht durch seine \u00c4sthetik, die von subtilen Kurven und raffinierten Linien gepr\u00e4gt ist. Das Vollkunststoffmaterial tr\u00e4gt nicht nur zu seiner Sch\u00f6nheit bei, sondern gew\u00e4hrleistet auch Langlebigkeit und einfache Pflege. Der Venus 3061 verbindet nahtlos Form und Funktion und bietet nicht nur eine Sitzl\u00f6sung, sondern auch ein kunstvolles St\u00fcck f\u00fcr jeden Raum. Mit seinem geschmackvollen Design und seiner widerstandsf\u00e4higen Zusammensetzung ist dieser Stuhl ein Symbol f\u00fcr Raffinesse und damit die ideale Wahl f\u00fcr alle, die bei ihren M\u00f6beln sowohl Stil als auch Substanz suchen.<\/p>\n","protected":false},"featured_media":22523,"comment_status":"open","ping_status":"closed","template":"","meta":[],"product_cat":[2020],"product_tag":[1639,1241,1255,1486],"class_list":{"0":"post-23191","1":"product","2":"type-product","3":"status-publish","4":"has-post-thumbnail","6":"product_brand-venus-de","7":"product_cat-venus-de","8":"product_tag-esszimmerstuhl-de","9":"product_tag-kaffee-stuhl","10":"product_tag-restaurant-stuhl","11":"product_tag-wohnzimmersessel","14":"first","15":"instock","16":"shipping-taxable","17":"product-type-simple"},"_links":{"self":[{"href":"https:\/\/harmoor.com\/de\/wp-json\/wp\/v2\/product\/23191","targetHints":{"allow":["GET"]}}],"collection":[{"href":"https:\/\/harmoor.com\/de\/wp-json\/wp\/v2\/product"}],"about":[{"href":"https:\/\/harmoor.com\/de\/wp-json\/wp\/v2\/types\/product"}],"replies":[{"embeddable":true,"href":"https:\/\/harmoor.com\/de\/wp-json\/wp\/v2\/comments?post=23191"}],"version-history":[{"count":0,"href":"https:\/\/harmoor.com\/de\/wp-json\/wp\/v2\/product\/23191\/revisions"}],"wp:featuredmedia":[{"embeddable":true,"href":"https:\/\/harmoor.com\/de\/wp-json\/wp\/v2\/media\/22523"}],"wp:attachment":[{"href":"https:\/\/harmoor.com\/de\/wp-json\/wp\/v2\/media?parent=23191"}],"wp:term":[{"taxonomy":"product_cat","embeddable":true,"href":"https:\/\/harmoor.com\/de\/wp-json\/wp\/v2\/product_cat?post=23191"},{"taxonomy":"product_tag","embeddable":true,"href":"https:\/\/harmoor.com\/de\/wp-json\/wp\/v2\/product_tag?post=23191"}],"curies":[{"name":"wp","href":"https:\/\/api.w.org\/{rel}","templated":true}]}}